{"id":504,"date":"2017-06-20T18:59:43","date_gmt":"2017-06-20T16:59:43","guid":{"rendered":"http:\/\/agora.xtec.cat\/ceipalexandregali\/?page_id=504"},"modified":"2019-09-14T15:47:53","modified_gmt":"2019-09-14T13:47:53","slug":"hort","status":"publish","type":"page","link":"https:\/\/agora.xtec.cat\/ceipalexandregali\/projectes\/hort\/","title":{"rendered":"Hort"},"content":{"rendered":"<p>El treball de l&#8217;hort ecol\u00f2gic a l&#8217;escola, \u00e9s la manera m\u00e9s adient d&#8217;oferir als nostres alumnes una educaci\u00f3 mediambiental, basada en la cura, respecte i defensa de la natura. La utilitzaci\u00f3 de l&#8217;hort motiva i ajuda a l&#8217;assoliment dels continguts d&#8217;una forma globalitzadora i competencial. L&#8217;ensenyament- aprenentatge \u00e9s actiu, participatiu i vivencial. Desperta la curiositat per aprendre des de l&#8217;observaci\u00f3 i la investigaci\u00f3.<\/p>\n<h4><strong>Objectius:\u00a0<\/strong><\/h4>\n<ul style=\"list-style-type: disc;\">\n<li>Observar i experimentar en l&#8217;entorn proper amb curiositat i inter\u00e8s, interpretant-lo i fent-se preguntes que impulsin la comprensi\u00f3 del m\u00f3n natural.<\/li>\n<li>Estructurar el pensament.<\/li>\n<li>Realitzar hip\u00f2tesis i saber transmetre-les als altres.<\/li>\n<li>Observar i recon\u00e8ixer els estris, les plantes i les hortalisses m\u00e9s properes.<\/li>\n<li>Saber explicar el proc\u00e9s de creixement d&#8217;una planta.<\/li>\n<li>Tenir cura de les plantes i dels fruits.<\/li>\n<li>Fomentar l&#8217;autoestima i el treball cooperatiu.<\/li>\n<li>Expressar les experi\u00e8ncies utilitzant el llenguatge oral.<\/li>\n<\/ul>\n","protected":false},"excerpt":{"rendered":"<p>El treball de l&#8217;hort ecol\u00f2gic a l&#8217;escola, \u00e9s la manera m\u00e9s adient d&#8217;oferir als nostres alumnes una educaci\u00f3 mediambiental, basada en la cura, respecte i defensa de la natura. La utilitzaci\u00f3 de l&#8217;hort motiva i ajuda a l&#8217;assoliment dels continguts d&#8217;una forma globalitzadora i competencial.&hellip;  <a href=\"https:\/\/agora.xtec.cat\/ceipalexandregali\/projectes\/hort\/\" title=\"Read Hort\">Llegeix m\u00e9s\u00bb<\/a><\/p>\n","protected":false},"author":1,"featured_media":0,"parent":64,"menu_order":15,"comment_status":"closed","ping_status":"closed","template":"","meta":{"_bbp_topic_count":0,"_bbp_reply_count":0,"_bbp_total_topic_count":0,"_bbp_total_reply_count":0,"_bbp_voice_count":0,"_bbp_anonymous_reply_count":0,"_bbp_topic_count_hidden":0,"_bbp_reply_count_hidden":0,"_bbp_forum_subforum_count":0,"footnotes":""},"class_list":["post-504","page","type-page","status-publish","hentry"],"post_mailing_queue_ids":[],"_links":{"self":[{"href":"https:\/\/agora.xtec.cat\/ceipalexandregali\/wp-json\/wp\/v2\/pages\/504","targetHints":{"allow":["GET"]}}],"collection":[{"href":"https:\/\/agora.xtec.cat\/ceipalexandregali\/wp-json\/wp\/v2\/pages"}],"about":[{"href":"https:\/\/agora.xtec.cat\/ceipalexandregali\/wp-json\/wp\/v2\/types\/page"}],"author":[{"embeddable":true,"href":"https:\/\/agora.xtec.cat\/ceipalexandregali\/wp-json\/wp\/v2\/users\/1"}],"replies":[{"embeddable":true,"href":"https:\/\/agora.xtec.cat\/ceipalexandregali\/wp-json\/wp\/v2\/comments?post=504"}],"version-history":[{"count":2,"href":"https:\/\/agora.xtec.cat\/ceipalexandregali\/wp-json\/wp\/v2\/pages\/504\/revisions"}],"predecessor-version":[{"id":678,"href":"https:\/\/agora.xtec.cat\/ceipalexandregali\/wp-json\/wp\/v2\/pages\/504\/revisions\/678"}],"up":[{"embeddable":true,"href":"https:\/\/agora.xtec.cat\/ceipalexandregali\/wp-json\/wp\/v2\/pages\/64"}],"wp:attachment":[{"href":"https:\/\/agora.xtec.cat\/ceipalexandregali\/wp-json\/wp\/v2\/media?parent=504"}],"curies":[{"name":"wp","href":"https:\/\/api.w.org\/{rel}","templated":true}]}}