{"id":502,"date":"2017-04-19T12:49:08","date_gmt":"2017-04-19T10:49:08","guid":{"rendered":"http:\/\/agora.xtec.cat\/ceipalexandregali\/?page_id=502"},"modified":"2019-09-14T15:47:39","modified_gmt":"2019-09-14T13:47:39","slug":"experiments","status":"publish","type":"page","link":"https:\/\/agora.xtec.cat\/ceipalexandregali\/projectes\/experiments\/","title":{"rendered":"Experiments"},"content":{"rendered":"<div style=\"text-align: justify;\">\n<p><span style=\"font-size: medium;\">El Taller d\u2019Experimentaci\u00f3 \u00e9s una activitat de sisena hora que es va iniciar a la nostra escola el curs 06-07, destinada a realitzar pr\u00e0ctiques cient\u00edfiques a partir dels continguts de Medi Natural de Prim\u00e0ria. Es treballa amb l&#8217;alumnat de Cicle Mitj\u00e0 i Superior, amb una periodicitat quinzenal.<\/span><\/p>\n<\/div>\n<p style=\"text-align: justify;\"><span style=\"font-size: medium;\">Si feu clic a aquest enlla\u00e7 podreu trobar alguns dels experiments que s&#8217;han anat treballant.<br \/>\n<\/span><\/p>\n<div><a href=\"http:\/\/www.xtec.cat\/~jgurrera\/exp\/\" rel=\"nofollow\">http:\/\/www.xtec.cat\/%7Ejgurrera\/exp\/<\/a><\/div>\n<div><\/div>\n<div><\/div>\n<div><\/div>\n<div><\/div>\n<div>Aquest curs, s&#8217;han iniciat experiments a educaci\u00f3 infantil. Aqui teniu una petita mostra:<\/div>\n<div><\/div>\n<div><\/div>\n<div><\/div>\n<div><\/div>\n<div><\/div>\n<div><\/div>\n<div><\/div>\n<div id=\"180ED\" style=\"width: 600px; height: 400px; display: none;\"><img decoding=\"async\" src=\"https:\/\/lh3.googleusercontent.com\/AaQdbul5JMfw3gWUom7tGzve4gGDU1D5lKM8Uu5VGx6xLluIiULDB2ZxvcZwIYP5_kjtSmIKQ8plkVHnifdHUzQnNo2EpiQLr_1z2fFqeUFYNzD7V5tUpB3U6mH3hUurWohaBfi8K2Dn6QQsECx3dFywErFBInhSkaiVQQP4udEGsn-ezhwNbPmnpFN3Ndbmrf4itiDyB-K3HJ2q3CfJ74K3oexbiW7KJsGbqS0lcuKieGCTSCCvtdR3ngb5kMyrXXwpyg__pBE1F8FWWCe2YbjYH79JHDuloCa7ijw8rFIQx_HAZuFcaoHGKg563ZdTeg_DW7CDyq5DLRK9rK5lH2nnz3qBr1b019N6M4ys6gYel0CsPXw73sOPB4JhyBfRmd4VsaYx7YJSruUc70DGx3uZdxzVgKF5AsuJIw3ypE3XCA2luD35IAUifjiBdIOCGlhjKt9jYPhdxXmdsk2x6atdQuKrWRRHKL1Rx3kFAV6nIbyYpehKt2stXTGlKPMsI_V8DkjyMR2RM-QhkGKRnelhX0x7eLpBOM8oXxMESdP68Z_OAmM-w6NAHsAxhe-1m03gMPyEZv92mFeK3A20wiMarkJqUx43JXPXe2sUm6nnXDr0PpNrZOLrPc1vnxo1PRJyV6uO_fcXh9HKa9aCvATRN2fC8JfeiQ=w800-h600-no\" data-link=\"https:\/\/photos.google.com\/share\/AF1QipPfkdH-E2-RgguUWgvY0fPqoxXb7z1yuC9Hv_2GiKyL9RYgy1uzufVYs27NhHcL6Q\/photo\/AF1QipOVpgmx6VgOG7SiwsiL_vCn9qznFZt74NjeCSA?key=eU1TcDZNNWIwVURMLVVUam93cmd0eFE4RG45WlNB\" \/><br \/>\n<img decoding=\"async\" src=\"https:\/\/lh3.googleusercontent.com\/zJIlqSbOeekTfm6UJev8fI0O5W9fvs4QMHBjCIO6iuk-4231QK3zS9exFQD2hJyuXtZPlcZ08YAv9nCMQkZXOr8Y4INdIELSPwmJiNe54hKW75sDL253UEwYtZ4IynOgOnFeXHfV0zmKynDYPD7LmmCmMEqkzftY-btFJapC4bXHpTqxFbRlORiBTwuPkYFaAHhKSVTTQXbu3kLqY5MIhSq2DcMWgUKp9FvAjcSi8eHvzECXmFLqhUnITsz8ZrbbygLdXgGS4bbhswC61cBs8dWncynSkp7p2TyrPKVlNUYrZDPb0bnDlNM0PnTNq_84kS53AnhLJGVhMJ4KJGIS_wuIfjLM6lGTlGIsNxbIcSETyDt9TTrdBshFoqcjmOi9J6LjSdZtxtUGOTl86V6b_Uecdd67rQ3pN4uRM3vnHC2jsNEFirw-0HbHW_zug_TmdLuHMmx_AEqqrILgMBHjFWo-GYLbEbzoAtYdp6egToVd_cidWMIrRG9-OhmmZBH0sbog0RlYZd9oECx5_6ylbgYNiRWp4yhfEDvIymF-y1ftKVE3H6wjx_N9dFP5UHzvoRH6cKu54obc6R52LTdJvE3_-aeP7gnhSjaKOhfUluQ4XQlLTy0fRr1MP0gphSendn9KPRa_K7XCS5xQgQrgdB1CbDXYS-wG3A=w800-h600-no\" data-link=\"https:\/\/photos.google.com\/share\/AF1QipPfkdH-E2-RgguUWgvY0fPqoxXb7z1yuC9Hv_2GiKyL9RYgy1uzufVYs27NhHcL6Q\/photo\/AF1QipM3JIpN-0bYkgvnnejd-_ZU8ByW-gdQjDoejoM?key=eU1TcDZNNWIwVURMLVVUam93cmd0eFE4RG45WlNB\" \/><br \/>\n<img decoding=\"async\" src=\"https:\/\/lh3.googleusercontent.com\/-zuuVcCVqhVL6FxyYwTEocX4Yu2y7TpKWbDgINXDL7q4i5M6RQ0MHbvXvFCvUv1VR4x7YIl_ErlmqYnrfAxILrtQFcSGs0MPV2rtUMWjp5vckkSfhqLBr8Ow9wJYfJSIuzbbSAHsJZGTrkn8sQYRW7ey6-AXbAISYLkAi_vjFn8yn3mu5Ig9GKDSFQEzR7idIIRot9O8EjdJncStL98UmpHxMzmFX8Gd3md4hq9C6DDgtmZ6fTPcETgVIpXRmxYV0DqwgztgiyGkPylKLr5gdmh8Sew66bUrjuTXqBMNZCmEmIeCQPWPlhamXuYyVBe3hnip8pK_Jrnja1M7OaPMwtJtZpncODLciqWxfBejiLhUGdzjMzFa5lWk3KAXvZ8ogsvnGpo6uQnBCsYFHXelBBMXx8k1_Mz30QvaO1VbOpRPOrSjRVIN7A3OxUFA3QoObpcglZM6_JMPIa86C9JDFP2Gcx468PxC-7yr7JPtjnF8n5avXGrKkoXOtemuvMDc10xlGxUwPJoxtAmmcGMAC54NzffrWWb8A_ns6DulHHDk7qxoKjXJH3oJbIwoMoKmM2IVZTW571bNtA_9xfnyyYtZJZYQTVQEDTD3uuw7OfMttrQyTZa0XT8g41oFp55uKD7o4qyiipZ66Ihkv5o6dEiiTSoYpWmf9w=w800-h600-no\" data-link=\"https:\/\/photos.google.com\/share\/AF1QipPfkdH-E2-RgguUWgvY0fPqoxXb7z1yuC9Hv_2GiKyL9RYgy1uzufVYs27NhHcL6Q\/photo\/AF1QipMG8EkERze57zRGuCsQbQPHlGqQveRrqZjFBE4?key=eU1TcDZNNWIwVURMLVVUam93cmd0eFE4RG45WlNB\" \/><br \/>\n<img decoding=\"async\" src=\"https:\/\/lh3.googleusercontent.com\/QdtzjCDstWil5dfRPzC4w5e75jnyhjiYmvBzJbFo0w_WTkBZwFfQjPMRT7jfesyGGGi8nwVLGT-J2TLEiRjKN7IxA0l6VkTPkW8zGH7KikHXxL_zg1-L5zbvKfU8c9rvQ5vsSo2OyGCuOt0lCscwNUXUWhPR0gOCnRvQnrw5oK1nNNwNBzTrD_a_cY3JnduVR1O0lKedl3EDfvdBdv0JJtxng9PrFfCkVmcJUd_C2va_XA4HElXTEdnSuSNoaebBdYFME5onZCL75byFGVmgBfnyLnmDtb_kq_IkTodP2zsEx1zkI9vlevuvGHTy9MoOYN4xRYbAp6RM8x-vjOmDBEm4yWqL0JKwbSdkbzirSP97mHlcc9uIfYtoG5K6t-imF1JSuiww0zFkzWQv8SSnfKviYLlXvIVL0ecKTXW4KghPol2lR1DTkswYWBw9lawXfqqt008eb_gkFWFb55EymglZMaIF-_UT7zcfjAyDDJoDKKAeMZEBc4x64MS1-mxuHuAL6dRplYNRU4QwblDvGuLI4p6X-YWnG5Q5XjLq9aBmPeB4J9zOENdX_OFxP63H-vxWxGZZWAS9eLfAhrJn5YxP7GVABh4kDTyW007NCWr86eThWeOiSDcUcjoDpzd4hYAzVdEBICR6eVM5QD9JLHFG_2Q6QCzhmg=w800-h600-no\" data-link=\"https:\/\/photos.google.com\/share\/AF1QipPfkdH-E2-RgguUWgvY0fPqoxXb7z1yuC9Hv_2GiKyL9RYgy1uzufVYs27NhHcL6Q\/photo\/AF1QipNubE4B4zHpF8bXbe0pSTbZW-dAuM4BJVaAmNI?key=eU1TcDZNNWIwVURMLVVUam93cmd0eFE4RG45WlNB\" \/><br \/>\n<img decoding=\"async\" src=\"https:\/\/lh3.googleusercontent.com\/DxT6x7RtXVs0-vabIGhn5Rj10tSzagdqjbGEFbeLkKp-mwYJgYKKxrPdxwxATPIs4rbkBNbm7rG9MzF7eaYYVOnfe5aRjyBVfbHyAF1LJ3KQUNnP6pGYIwn0S9db0w3rAGczmkr0eAcevezndbJoLJdzJoUM9ostilZbEEJyEk0SfDwaJUcvgKPj_oJ2OroOpjYJX_JWiUxg5YABCJTyxkRSAX5D5jeqz4XaQgHcQ4CJ9wlkuao7twcJKauGCMuAtyVdr9DalGJjJJA60ivMUNJyTqS9YXVcZngSS6EVixcqL7UmJk4qjrfb-y4raXvQdGnQ3q_w6PplwXWNFyN1Xz4rud1sbk8U8doz2Wb4G2o1CQAGF2bqENxQlxa9uJhPQavqfzxxzfxwjEx_bV5sOqKR7bhVe4Ek7KPcz3oG60qlJv_KfpqOce5lk34I9ybZXcqqO958iEzrjiJD5mp7UN7UG_CIlvg3kcnxEsZmEG_IBzVnEWRsypSL1v12vFnjSOYg9109GBiP_DYg2Cx2pdhjEEpuWXR_KVTRgOSBQqwYaDiWhOST26ODeSELTccxNEEXLTgTreXyXIFqA1JV2ehLkby9fcM03usyr2xZej8daLQdQHcbUxf1xxTp8km3oO0xmmvRmokd_wllPsEoQXVeRn2ny9jCBg=w800-h600-no\" data-link=\"https:\/\/photos.google.com\/share\/AF1QipPfkdH-E2-RgguUWgvY0fPqoxXb7z1yuC9Hv_2GiKyL9RYgy1uzufVYs27NhHcL6Q\/photo\/AF1QipPp7JMp3iuNDbAcFSyKntGj90Ru1stBrzroHDo?key=eU1TcDZNNWIwVURMLVVUam93cmd0eFE4RG45WlNB\" \/><br \/>\n<img decoding=\"async\" src=\"https:\/\/lh3.googleusercontent.com\/5YCrcf0WHA2-_LCxUhVQxuZ3j8Zhq741Ff6sGuOdkRD6Hdsb2qlt_TMcKrpsx1pyIOsmxcy8Co5eCaWOBfhkB2LMwAWroSwzMn0AOW9gR61DwpzXc9x_tj-pZvP-cyidLrsyzqoudi3wV18EGoYTGqsLvF4TjYTmNZnmzf0-4DHqgumeWGrUkZgfM72s04UN7kuDVbsCIhH_NkuLhqLZLvLVrBjJHOBTb7zeNu8g2fKKqlxlD6DF2eDW2-bJJiYPnvVcgM7KefsCPYTwYJiY7JY3JsLbu0vLlDzf_Ei4pQ3_f5MrzFSVoKxMVqJajF4HUTgDGYctBDhLa3qEbCWOlwFKksVbNfPARbepbrgekqZhFoxOD3v4G-M7KFWXpHczj5Sz7eWhAWtXli3Bu-EdYvKAoYX6oxtbcFH5X0tsQAPW8rq-3Co6W5X7xmYvnAJtBChYCARi6EYrcrmikgqvnQ6xkgLG07RcDR3HFqGRA4OUiedY3tMT0lHwjy1tgi1vLk4CiymNSJLuLd9HTvWBzT-EZAa9_3C4DNp08yMb7AJB-S7uw6qRppR2eATwrVFCyY3qwCqo8KyOvGUwingEhhO8Dh84aZ5x3uPL7gQ3Hw1h_zxuE0Ke5CLktKuRi0MiRRaUKE5DdC2OikitIy4Tij3vQD9H-TDUDg=w800-h600-no\" data-link=\"https:\/\/photos.google.com\/share\/AF1QipPfkdH-E2-RgguUWgvY0fPqoxXb7z1yuC9Hv_2GiKyL9RYgy1uzufVYs27NhHcL6Q\/photo\/AF1QipObiFMLSSegIBDyoBrsDVR7qRujHSzGw7pw1Is?key=eU1TcDZNNWIwVURMLVVUam93cmd0eFE4RG45WlNB\" \/><br \/>\n<img decoding=\"async\" src=\"https:\/\/lh3.googleusercontent.com\/0Te8K1JLWyfYA52RAfF7lvJ_LTYjJORkd84R6MCt5Gh0qiFxQy7yi3Lercn0bVrgtl09XFzd2kH9uwTRhE1PATXJtFGqCNHE8sn5hnrzc7ivJ4iwZ1U69HvvbY4OuCDp-4Gtg02t-Vgl9fDnkfF-xJ54uOUqBSwC2pe1yK9sm4UcBG4jS68yPUbwD-WOxjClQaey3NmbIS7jJlFHjZhIKK4BVjC1lKJ1vyNbiQWRBT3QQvlUnaZYbGfLig6lAEzldQ5nLLBh3seBg-2kPQrh7P6H_tnL0qwbXEFrPaEZG-LJb6GGg5klUobFuUKmDW0962u7hpwcSc1_PZtADIHffh0BZKtgpZWEp1Gw950x3aryL1gV_JQmQ895cnAs0ObVbefyfugR3nx2Wc1DAocSZ_JNyRpuBQDzHCngUzgDOwNJuS8vKvqwaG6TwH1w3UMwgUR3fKhH-IsYyL1ZZwQey_LPlin_lRKUndQAdo3qnLMYrW8LUxry21ETsxKm3lRa5Yqin_Fq_BPuX2KgUdHAAMx-BF8vWvN6VtU2MhEnMYrM2Uerd3N0l0ChI4DA6puVCdLPsLwCOeOx1-Efl1jK_FCpBeXCZvlXAoiW4eucHBb8GCerGxXwNwTy1ktZHvs5spgdqAwbhUH3JMMrWALCQdwuITc2LW9ImA=w800-h600-no\" data-link=\"https:\/\/photos.google.com\/share\/AF1QipPfkdH-E2-RgguUWgvY0fPqoxXb7z1yuC9Hv_2GiKyL9RYgy1uzufVYs27NhHcL6Q\/photo\/AF1QipOp7ycuSnKl4hCmBxUKgnwydBQWHQqMMhGhG4M?key=eU1TcDZNNWIwVURMLVVUam93cmd0eFE4RG45WlNB\" \/><br \/>\n<img decoding=\"async\" src=\"https:\/\/lh3.googleusercontent.com\/jZxhUuuKIg1A8nC2gJBB3DOCQhpX4Z37iD9Wk-Mx2JZYGidOx7B0vmj6TPGpTsIKjonzzFgOY8v3Nx9fhwLdfxUnho04UmnC60vlAsUn2HzxVoQrN1FP0L2agcNQvEFNP3OK7tL-Nct_qnWEadDifogOMAriFU1DGSWJVoq5WNGDoVkvVKphCZ6G-vWH3klNf59ETKBG2BBFe4UcL2USM37WUSG-KIIIjoCPxYjnjinU9FkCBtb6R_v7ypVVjji3lIP9V2Ri-3KZh9y30L8Y-puvf_gcofAMn7YDYSQrVt5dRENrcJo_gukWoTZ6B8qrsRT39CyIHkOnuDY36VcVywccYmshYwfkTPDw3e3XBje1gIlx23iD11Vx0LGQkn9Jn86MbnyFvdHVvZv8JNgo5GkKXnTidet-6um6YgwmQ2BZ8Eb3aEt2xHFimLrnZqKfCeZRuUinnhV_fc6bJVRQpvyDwp7jp6BygZmpFDOcSBmwdAj095I4GCXKuo19Ay-ENo9jBLNPEtZb7mcHf5_VUOCTplPhOmhE6u7jOZpPkaEgG4b506OE1tXGDTm8gh5_m5u189ATGmSDoi7VH2fYj_IufNPkqR-CYPOoZsQ5hifTO64XiizgUPTWM4jJfHpnZvYJVHKRDtUHbg0vSin2dzb0cfCNXETKAA=w800-h600-no\" data-link=\"https:\/\/photos.google.com\/share\/AF1QipPfkdH-E2-RgguUWgvY0fPqoxXb7z1yuC9Hv_2GiKyL9RYgy1uzufVYs27NhHcL6Q\/photo\/AF1QipOkvNMMxyISK_UTuR2vlB092FEjHnPBFTYn-tQ?key=eU1TcDZNNWIwVURMLVVUam93cmd0eFE4RG45WlNB\" \/><br \/>\n<img decoding=\"async\" src=\"https:\/\/lh3.googleusercontent.com\/_71fVo1dfBNnulrkG33OnBpibNZDNo1HSZs5lgFWGsKwMuRMK5NKvom5-9aXE_vvWnqnZB0KeaDCeaWhfRTXlI8IK5R2T6lqv6WDwK_Wt4hg047o_wAdNAssKMrphEtFuL40iG7A6rSqbXLHvkm8qAn2ql8WgJOXTZov7NRVH3uTZTdgwfmfPW4eEE_B1Q3BLsTovWu97_sQGife2Edzj6tNCjw8J78Ps7HRgpnQMBExKf2z4J_n8fA1G0-aGLEDxk6u4r4SvskGHOGi0DqmFL29WOoqw_Aif3m_CedU_s3wW3Rr_hwxsWbUG5p7uzIhmUye19O2vUjSsRLp0iSr8ELMbP6Gyt8yoG0TYy_GhrF_Juebs57hazUDk5z8KgUcdtHGEGHjq2VU6MSiVpU_PbMrPNMLh1Y6LM2MaStCQevQE5Y4a2Xky1-pYfqSK10Y4Lx75CapH7LvLbi3kljce8CGlJJelhIRsOyYVKdvRJsENwZhd7I-eMPjDDOhAgBJUNt0Cy6gjhtth9H0R8Stz_F0Td6m1awVSpQFxmTSwrERsCvf-YYR7EGUHtTHqTzHUTAY70RXoGfNhwo1oDEd_Ia3lCc_2N0hlkCIEiz_UNqRtUsNF5X_7y2a448_T3029HAil6nGSDUm4r84YnmTc1iC0c5z6gHzWw=w800-h600-no\" data-link=\"https:\/\/photos.google.com\/share\/AF1QipPfkdH-E2-RgguUWgvY0fPqoxXb7z1yuC9Hv_2GiKyL9RYgy1uzufVYs27NhHcL6Q\/photo\/AF1QipPQtTuG8O_EGHe_t3dJkwsTNxAWh7edQWN34gs?key=eU1TcDZNNWIwVURMLVVUam93cmd0eFE4RG45WlNB\" \/><br \/>\n<img decoding=\"async\" src=\"https:\/\/lh3.googleusercontent.com\/fjohe3NuIgfN89TpZydFgZ0MLCkUE8cYS3puZ0kqmT4lCqEAIrmnaTnLZWL5wLTINbwiCrRSnxxgf0zRudX1tak-N_Aa1B_9Kcf_7waumQxV-mvVxSOYOo1Jro6OXZ5-VrMKhV7c1VwV1k00jXRSx-wdrZ6k_Q4fjquxs15TlZVU8xg84PjLilrybXxLbQU81ZEBea2ySd1_rQ3QZf1Zt6Zu05EaLNDjkIIABMjJnhDMd7A8bPWuLd6j-v0wrGrqSc5dHAgtG6wi0vRxTJMiRkr7U4sFZ4qfW24osO3ECHpSH-oWfrcSZd9orm5ctGVJ6RejpxKwtfoMxWUvIuk9JQg21sqV5dqct-DQzxbed93oPRGDd6Rys9jIYPvksA5jmeCYMz1J32b0Okn46zMfJ6UypKKt9ZW8Qf5PD6LcgA-ub7z0Yb6qYcduoEoAAPsvz6kniifvokjU5GFSspvPQ-4FgLrWJ8W3wduddSk2jPfKz7KjiRZRphkm-ADlsntuSR0evzW7KdMYGEhnNWe17SUUgNUN5fHU-d_Cf76iwEU3PenXMrjS6PiALq_ITFzKX_8J8sEPmJohA14xfZnURB0G-7HpnItWiA2kqVjBE_GM-Fa0UYXvuvYry0DE-AIPxaal0RVUm2l4BuwXkgZBplPq3ooQZ1r39w=w800-h600-no\" data-link=\"https:\/\/photos.google.com\/share\/AF1QipPfkdH-E2-RgguUWgvY0fPqoxXb7z1yuC9Hv_2GiKyL9RYgy1uzufVYs27NhHcL6Q\/photo\/AF1QipMCQEIeK-TFQ1wMdWT1SvOaDJ-C6vP_yq6WWoE?key=eU1TcDZNNWIwVURMLVVUam93cmd0eFE4RG45WlNB\" \/><br \/>\n<img decoding=\"async\" src=\"https:\/\/lh3.googleusercontent.com\/rYSZw2nBLOdsK4ClkFzRJdcWKh1_TUbHu0Iht5DRF5Xl-GCC3zwYTdCSdtFElxoBg8jsOUEF-BJmWhETkvSs4Brvhwv4Vrw__C7jC3zTuBbbJApP2eGv5dh8F8r45QsHvT-P2MlEJeqpfkfYIN0x29YX7Q6gGpL-v2_a425Z0gncNgQdbtUTtsOlvuxa99oYhRbeKDhtdxSupbyP9fsM2d0QMXcwm6khjkIfND7poxVLbGuH77jOItc0SfRCpTpylu0F_p1XxdoSvRjiN-d6Gi1zEpyAICDTSuz8K3Bd0N6xswGUW-kNBWii6h38ZsEtDP0Rv9x9vyvYdoMMR6nY76Akyiawhs-v1xzc9RO6vq2Q78bhWYfVxIKKNn9PmhcINMHvik0gMljPwHUn5nOhlBrQ8Enclz0kSEPmBS_a0SSZWxs424dY1iOia1tvYXQzhC69Cvvzqjp3O7ppEWYpNuuem_9omsjXnbJzaPcg-d4ZdUerx-zbRAVKGwkc_mtWAnG-6Q35vt_0TzLnXcVUop2-SGwTVizvgLcTr7qGYj9mADKahgaflhjflbCZH199TuWZWJA3wGs0y_USby_-oUcIK_bnWAVpUKc_fUa65uTFPUIQXRzey6F_0v_6YcWhrUhv6rFgB4a-pn_GxcgmJKBW66WIepPzHw=w800-h600-no\" data-link=\"https:\/\/photos.google.com\/share\/AF1QipPfkdH-E2-RgguUWgvY0fPqoxXb7z1yuC9Hv_2GiKyL9RYgy1uzufVYs27NhHcL6Q\/photo\/AF1QipNtd9kx5vdBndTGWxoc4wcvSyXY6zyWsfJa-ts?key=eU1TcDZNNWIwVURMLVVUam93cmd0eFE4RG45WlNB\" \/><br \/>\n<img decoding=\"async\" src=\"https:\/\/lh3.googleusercontent.com\/LE1R8PswF4Mcsu1BDbfLeFs6X2EjT3-tt3UFdp7RUQCAxIsBc13twJ2iMDsdbs5LaK1jmzHtIicYq0FSAdroSb2ajx9e4lPpELio8ndxKIIzeZwwux9t4BV-RG2-Iu9a7pPX5c2fyJmwmwWAZJUhcZGHl6yj3Jtqfm9iCou9BSzYgWx_hynf4FpFKh8l9XMuvTnalvMSXy6SoZqcav9J2UxAyj-HYc1kA-yWJzo31IwfgEORVPGuQyHy1Jp7uaNr3WtRUp_-v70fjNdDm_OSJAC9T5TDojwkfwuhQDQe_4Wb_QUAMP7TciSdNlRMx3cyAgMDLlwUgWbxsHESqRfqSRBZR6UFeN0fDjVkHn39SUOB9wnb8CzICJC_Ub5aXUS3mLBZKDjkNh_OeaazMQyR65HNZxEk-ggtI17J6ZqttRq_UsDGiZvxXx3_L3B0oR9aR9mOzw_2algoGxEDgcTCk0DvgJEoLQg-K9Ae7bUdnG8LYf2xvRm0q9gp4g2VODxSSj8RhJ6pJkEBSvP3XHHrJDN4IfavMLOCkkFiiFPdYfaLxRb7aqm_rxrJC69YaG6a_9Lk8rQsmN9AuJPAu5uoXVnOBtXrKTF6PP3tb7IUWtvb3rxjugXt7MH-8Phdl8HtZWChRyzAIVDrBRS_w2TJ9VV4EecoA0JFTA=w800-h600-no\" data-link=\"https:\/\/photos.google.com\/share\/AF1QipPfkdH-E2-RgguUWgvY0fPqoxXb7z1yuC9Hv_2GiKyL9RYgy1uzufVYs27NhHcL6Q\/photo\/AF1QipP7EAGjA-LvAxEgBaNwMnJnpkj84rgsTwVK6bs?key=eU1TcDZNNWIwVURMLVVUam93cmd0eFE4RG45WlNB\" \/><br \/>\n<img decoding=\"async\" src=\"https:\/\/lh3.googleusercontent.com\/VOagh4aycVdY6yfwdMj1t1ONYQ0_IW4UFY5Ncrwqbc4Cl5gFaIethirEH3km-RWRV2L83h0DUwhaxhuhtJa9Fct2LCPx_gAb_tLooJoiHnX13inEkztpC7b7haIvqenYU8Xeun2RwbMPIQS6Hs9cu2qfOcevKOUrA0CBxeAS3COn92DSeHCaWF6P8kuc8CTvWGfHlpwjmXlRe4ZrXWLN9F_UP_5K_vdE858Y6vEAITYuzCD8dQzpZJpaQLpkZ7nMgq7uXroR_jWuGhS7ncjVQiqb3nKQS6uFZg5mRUuboNvWcORO_KN_duF9RGaxS9_DDA8DXYWJzFnIPc4q_3YhioVVpbp-mmRjtJ7CHFA6dbbmK2UrH-E1VvzJ552VDxko93ahF38vInmSAaHN_POHLmUHOIAL5A1W5yv1LhtU4pfw1v73c1IcZvwbYfk1Sbyt2D7AbcCuCg_CQyNLGKranomULn12gmtbyc4R2wCvOuUiwCftHKcDwPFegP2wefoyWJgOVcEYoG45VZj4gBGoSWdpoihjExw_6xkz4kM_PB94gYhgaow7046WnmBNj8P4VSLo_1SpD2xXgI7_HRW0Z5caRcfoEQ767gr3AHUGBJ4uy9iL1N5SbWxuZyfTjsbplOCBD4aEw3w6y1yYZeNafCXapKk6hXncmQ=w800-h600-no\" data-link=\"https:\/\/photos.google.com\/share\/AF1QipPfkdH-E2-RgguUWgvY0fPqoxXb7z1yuC9Hv_2GiKyL9RYgy1uzufVYs27NhHcL6Q\/photo\/AF1QipMdqmbrHVgJxZPZd9g9Fk3hcGNL2df9IhmAMls?key=eU1TcDZNNWIwVURMLVVUam93cmd0eFE4RG45WlNB\" \/><\/div>\n<p><script src=\"https:\/\/cdn.jsdelivr.net\/jquery\/1.12.3\/jquery.min.js\" type=\"text\/javascript\"><\/script><script>\/\/ <![CDATA[ (MyGalleries=(typeof MyGalleries === 'undefined' ? [] : MyGalleries)).push({gallId:'#180ED',autoplay:true,lightbox:true,popupLinks:true}); if(typeof GalleryLoaded === 'undefined'){ GalleryLoaded = jQuery(function(){ jQuery.ajax({url:'https:\/\/cdn.jsdelivr.net\/galleria\/1.4.2\/galleria.min.js',dataType:'script',cache:true}).done(function(){ Galleria.loadTheme('https:\/\/cdn.jsdelivr.net\/galleria\/1.4.2\/themes\/classic\/galleria.classic.js'); for(var n in MyGalleries){Galleria.run(MyGalleries[n].gallId, MyGalleries[n]);jQuery(MyGalleries[n].gallId).css('display','block');} }); }); } \/\/ ]]><\/script><\/p>\n","protected":false},"excerpt":{"rendered":"<p>El Taller d\u2019Experimentaci\u00f3 \u00e9s una activitat de sisena hora que es va iniciar a la nostra escola el curs 06-07, destinada a realitzar pr\u00e0ctiques cient\u00edfiques a partir dels continguts de Medi Natural de Prim\u00e0ria. Es treballa amb l&#8217;alumnat de Cicle Mitj\u00e0 i Superior, amb una&hellip;  <a href=\"https:\/\/agora.xtec.cat\/ceipalexandregali\/projectes\/experiments\/\" title=\"Read Experiments\">Llegeix m\u00e9s\u00bb<\/a><\/p>\n","protected":false},"author":1,"featured_media":0,"parent":64,"menu_order":10,"comment_status":"closed","ping_status":"closed","template":"","meta":{"_bbp_topic_count":0,"_bbp_reply_count":0,"_bbp_total_topic_count":0,"_bbp_total_reply_count":0,"_bbp_voice_count":0,"_bbp_anonymous_reply_count":0,"_bbp_topic_count_hidden":0,"_bbp_reply_count_hidden":0,"_bbp_forum_subforum_count":0,"footnotes":""},"class_list":["post-502","page","type-page","status-publish","hentry"],"post_mailing_queue_ids":[],"_links":{"self":[{"href":"https:\/\/agora.xtec.cat\/ceipalexandregali\/wp-json\/wp\/v2\/pages\/502","targetHints":{"allow":["GET"]}}],"collection":[{"href":"https:\/\/agora.xtec.cat\/ceipalexandregali\/wp-json\/wp\/v2\/pages"}],"about":[{"href":"https:\/\/agora.xtec.cat\/ceipalexandregali\/wp-json\/wp\/v2\/types\/page"}],"author":[{"embeddable":true,"href":"https:\/\/agora.xtec.cat\/ceipalexandregali\/wp-json\/wp\/v2\/users\/1"}],"replies":[{"embeddable":true,"href":"https:\/\/agora.xtec.cat\/ceipalexandregali\/wp-json\/wp\/v2\/comments?post=502"}],"version-history":[{"count":2,"href":"https:\/\/agora.xtec.cat\/ceipalexandregali\/wp-json\/wp\/v2\/pages\/502\/revisions"}],"predecessor-version":[{"id":1366,"href":"https:\/\/agora.xtec.cat\/ceipalexandregali\/wp-json\/wp\/v2\/pages\/502\/revisions\/1366"}],"up":[{"embeddable":true,"href":"https:\/\/agora.xtec.cat\/ceipalexandregali\/wp-json\/wp\/v2\/pages\/64"}],"wp:attachment":[{"href":"https:\/\/agora.xtec.cat\/ceipalexandregali\/wp-json\/wp\/v2\/media?parent=502"}],"curies":[{"name":"wp","href":"https:\/\/api.w.org\/{rel}","templated":true}]}}