{"id":497,"date":"2017-06-20T18:30:29","date_gmt":"2017-06-20T16:30:29","guid":{"rendered":"http:\/\/agora.xtec.cat\/ceipalexandregali\/?page_id=497"},"modified":"2019-09-14T15:47:17","modified_gmt":"2019-09-14T13:47:17","slug":"padrins-lectors","status":"publish","type":"page","link":"https:\/\/agora.xtec.cat\/ceipalexandregali\/projectes\/padrins-lectors\/","title":{"rendered":"Padrins lectors"},"content":{"rendered":"<p><span lang=\"CA\"><span style=\"font-family: arial, sans-serif;\">\u00a0L&#8217;apadrinament lector \u00e9s una activitat que consisteix a fer que els alumnes m\u00e9s grans siguin padrins de lectura d&#8217;alumnes de P5 que encara no tenen assolida la lectoescriptura, als quals\u00a0<\/span><\/span><span lang=\"CA\">anomenarem fillols i filloles.<\/span><\/p>\n<p>Aix\u00f2 vol dir que cada padr\u00ed es compromet a ajudar a aprendre a llegir al seu fillol\/a o millorar la seva habilitat lectora, al mateix temps que l&#8217;engresca i li encomana\u00a0el gust per la lectura.<\/p>\n<p><span style=\"font-family: arial, sans-serif;\">\u00c9s un projecte molt interessant, tot s\u00f3n avantatges, els m\u00e9s grans (alumnes de Cicle Superior) se senten responsables de fer de mestres: els m\u00e9s petits (P5) reben l&#8217;ajuda d&#8217;un alumne com ell\/a,<\/span>que per ser m\u00e9s gran que ell\/a,\u00a0sap una mica m\u00e9s. \u00c9s una tasca motivadora per ambdues parts.<\/p>\n<div id=\"29709\" style=\"width: 600px; height: 400px; display: none;\"><img decoding=\"async\" src=\"https:\/\/lh3.googleusercontent.com\/Ee20E7rZH5ouy9RCJJverwt81RfLzzNm6HAAFin3IsDie665HZpSx0_AXVxAhYIjQl7yFLbC1Pjk1bkCuVBx4z8SHEWIAN2O6Adg0ipReCEsiN0yTOs3ZVacWsr2dqgaskeYoFTqDXCeC-Hoir0XwSB6gS0sYnpYPZxD9gC1l-YUWArsun1nFEnG0TxEwn-sw9LbXAkcvOfwCXYAsNImsm7oboD_hBZ8yH_oYv1GInVHxtlVNQl-qs5IDR34aWURjaW61mW1Qmw6tb6NbFY3xXJCxVwiGwcHq19msyfZmvx0rsmrvK4ZhG4rISBW9hn2oF1leX5kEobmp0gh44-T8VA8XyzvqpEbK4NBjWJ2z4NA8lv7PgJXTA0pbEGhYWaF93qdq9m6yiijukgiEDluS70yf_j61M6L1ljZ0lrAI92V9vVfPeADX_nhif7vPq6x5MtK6gusYWPc6vtvbMvXSnnTWbtiveyVZJkpFA0A6r1INuDEH0VR2gbn4qM40k5-_HI1cAbxjDlLttasnWd3fh1oRHsq5vo1YDPzuAqZdxj5YbN9BzbhfDn0uTnlqyUpKyRT_hT2feTZ2ArIuftKEod5j1hoMJ1il6XDtVCNI4nw=w800-h600-no\" data-link=\"https:\/\/photos.google.com\/album\/AF1QipNTNwASVX2wIqWpPawXWu-B3yR8f_1GYRsij4Y\/photo\/AF1QipOgnpm9WToyo5VG2mvqIEKn6bJCARLBN7Lctxw\" \/><br \/>\n<img decoding=\"async\" src=\"https:\/\/lh3.googleusercontent.com\/1MKn_hwSrs9LeIp21XzQ7RXh32glsGri87lgkUkEdCo5_ncIswGX6bvjdXyxf0UlJ0d4s1m9vGf-0WJcpNfrFgMIti8JgYquN8o2kl0g1BTsN3QQ6ZUovVM1DxZ0F2hx4-XXHOSP-QXz6yzmI_1e46iGX5O_bXHX0XoGoX-tc7utldQMSX58q0xr2XVP4eHXCT6kvUTh2IZ0aYmO63eVOltUqDhszJbiIyBzWpkZI5JaojaBMsMsNXKhTkY13fNTestqh9pSLJn7fTNtskXZwkRveqrkV-SyK9iIdI3bx4mE3CkR6jdYYKYt1fvI10EmjUBLiuHtz7lEqNzz0PyeZj3HJKvIApAb53kYpzIatkGRKVB_WUcNxrL414MK1dAzKmflE5A7RTL0rKdRlKGgI1YBCWLFdOUFVBy5IqTbg1eE4Uz5pZiqkbS1Q9rLa1gO-gnQZ7Mzfhqv7-JJrjek3oez3QeW26X5cuxE5AMeRrvTCwa0F6zhth3dQrijzMG2T9tDYdWKYKNcTDSf8_hwMupf7ZARMGbWLAooMHU6UyRoXD9CIo0VWvMv5BgN6hN8jrJN1X_D-GStdSVWF0r0983el3SyMQUauga5exE0pQf4=w800-h600-no\" data-link=\"https:\/\/photos.google.com\/album\/AF1QipNTNwASVX2wIqWpPawXWu-B3yR8f_1GYRsij4Y\/photo\/AF1QipOZfJf4Yc29025t6m55WfnzCe_lhvPmZYrsesE\" \/><br \/>\n<img decoding=\"async\" src=\"https:\/\/lh3.googleusercontent.com\/aT-wveL6wQob7Sfz-zXWGmXApK-sJVYcLHnZrZOo7fiGprPBOi152nRMioqqBNmIDAOWjB3jsOKn3ObnwhjjZLJ6GM9HO_oOTuO7t5X3zBfOPZt3U8Xbxsod0nR-_zjuP0pgQCrmxCAZ7maptltmQSkjeEuXIhmomdsKNpMsT8oVwvjiUwrIvPMr_8j82Cpx4PMk-B6HhOQKwxnThO78qQ5qLgEgGznIEiqneAuqtzPbVpM8PVXW9ewPtuLfNzar0MTm6_xvyWFcUm1szLmG4-P7860oEFc_UpP7fG9C1iZVOIeStAyzBLb32IDOj2GhTFn1O8sOeh_Mx1IZcAZar3mk38D0uRjIqkAKf9P4UhUoj1lNOEz8hQL_XJWxAQy8dCRYTXKED7mrORGQYykJRlmcU3ZvilGJJptVUJjUukPAbW23bL2RgGoek8FMmAiuXz_H6sA3AhMAR1tP0frUr8B3Lq8V-CCDBKX8WGukvALC0QlgCUvink2WLimlDDg5tfsaHZd5ltVG9qZDOgUImbIy2E3ntra1uWTL7ZiKa4rRGkhw0Rqv74RTrxEsLpqiRxEHoLr0wrVPKcLDBbcB9PUjynPL1zLKakw0n_Io_tO7=w800-h600-no\" data-link=\"https:\/\/photos.google.com\/album\/AF1QipNTNwASVX2wIqWpPawXWu-B3yR8f_1GYRsij4Y\/photo\/AF1QipNmCbA8UxSJ3oE3yVby1vi8RXsprHORK3zaRzA\" \/><\/div>\n<p><script type=\"text\/javascript\" src=\"https:\/\/cdn.jsdelivr.net\/jquery\/1.12.3\/jquery.min.js\"><\/script><script>\n(MyGalleries=(typeof MyGalleries === 'undefined' ? [] : MyGalleries)).push({gallId:'#29709',autoplay:true,lightbox:true,popupLinks:true});\nif(typeof GalleryLoaded === 'undefined'){\n GalleryLoaded = jQuery(function(){\n  jQuery.ajax({url:'https:\/\/cdn.jsdelivr.net\/galleria\/1.4.2\/galleria.min.js',dataType:'script',cache:true}).done(function(){\n   Galleria.loadTheme('https:\/\/cdn.jsdelivr.net\/galleria\/1.4.2\/themes\/classic\/galleria.classic.js');\n   for(var n in MyGalleries){Galleria.run(MyGalleries[n].gallId, MyGalleries[n]);jQuery(MyGalleries[n].gallId).css('display','block');}\n  });\n });\n}\n<\/script><\/p>\n","protected":false},"excerpt":{"rendered":"<p>\u00a0L&#8217;apadrinament lector \u00e9s una activitat que consisteix a fer que els alumnes m\u00e9s grans siguin padrins de lectura d&#8217;alumnes de P5 que encara no tenen assolida la lectoescriptura, als quals\u00a0anomenarem fillols i filloles.<br \/>\nAix\u00f2 vol dir que cada padr\u00ed es compromet a ajudar a aprendre a&hellip;  <a href=\"https:\/\/agora.xtec.cat\/ceipalexandregali\/projectes\/padrins-lectors\/\" title=\"Read Padrins lectors\">Llegeix m\u00e9s\u00bb<\/a><\/p>\n","protected":false},"author":1,"featured_media":0,"parent":64,"menu_order":0,"comment_status":"closed","ping_status":"closed","template":"","meta":{"_bbp_topic_count":0,"_bbp_reply_count":0,"_bbp_total_topic_count":0,"_bbp_total_reply_count":0,"_bbp_voice_count":0,"_bbp_anonymous_reply_count":0,"_bbp_topic_count_hidden":0,"_bbp_reply_count_hidden":0,"_bbp_forum_subforum_count":0,"footnotes":""},"class_list":["post-497","page","type-page","status-publish","hentry"],"post_mailing_queue_ids":[],"_links":{"self":[{"href":"https:\/\/agora.xtec.cat\/ceipalexandregali\/wp-json\/wp\/v2\/pages\/497","targetHints":{"allow":["GET"]}}],"collection":[{"href":"https:\/\/agora.xtec.cat\/ceipalexandregali\/wp-json\/wp\/v2\/pages"}],"about":[{"href":"https:\/\/agora.xtec.cat\/ceipalexandregali\/wp-json\/wp\/v2\/types\/page"}],"author":[{"embeddable":true,"href":"https:\/\/agora.xtec.cat\/ceipalexandregali\/wp-json\/wp\/v2\/users\/1"}],"replies":[{"embeddable":true,"href":"https:\/\/agora.xtec.cat\/ceipalexandregali\/wp-json\/wp\/v2\/comments?post=497"}],"version-history":[{"count":3,"href":"https:\/\/agora.xtec.cat\/ceipalexandregali\/wp-json\/wp\/v2\/pages\/497\/revisions"}],"predecessor-version":[{"id":3215,"href":"https:\/\/agora.xtec.cat\/ceipalexandregali\/wp-json\/wp\/v2\/pages\/497\/revisions\/3215"}],"up":[{"embeddable":true,"href":"https:\/\/agora.xtec.cat\/ceipalexandregali\/wp-json\/wp\/v2\/pages\/64"}],"wp:attachment":[{"href":"https:\/\/agora.xtec.cat\/ceipalexandregali\/wp-json\/wp\/v2\/media?parent=497"}],"curies":[{"name":"wp","href":"https:\/\/api.w.org\/{rel}","templated":true}]}}