{"id":26,"date":"2014-09-18T12:24:32","date_gmt":"2014-09-18T11:24:32","guid":{"rendered":"http:\/\/agora.xtec.cat\/ceipalexandregali\/?page_id=26"},"modified":"2017-11-05T10:28:09","modified_gmt":"2017-11-05T09:28:09","slug":"historia","status":"publish","type":"page","link":"https:\/\/agora.xtec.cat\/ceipalexandregali\/lescola\/historia\/","title":{"rendered":"Hist\u00f2ria"},"content":{"rendered":"<figure class=\"figure wp-caption alignleft\"><img loading=\"lazy\" decoding=\"async\" src=\"http:\/\/www.enciclopedia.cat\/sites\/default\/files\/media\/FOTO\/A068997.jpg\" width=\"208\" height=\"370\" \/><figcaption class=\"wp-caption-text\">Alexandre Gal\u00ed<\/figcaption><\/figure>\n<p style=\"text-align: justify;\"><b>Alexandre Gal\u00ed i Coll<\/b>\u00a0(<a title=\"Camprodon\" href=\"http:\/\/ca.wikipedia.org\/wiki\/Camprodon\" rel=\"nofollow\">Camprodon<\/a>,\u00a0<a title=\"Ripoll\u00e8s\" href=\"http:\/\/ca.wikipedia.org\/wiki\/Ripoll%C3%A8s\" rel=\"nofollow\">Ripoll\u00e8s<\/a>,\u00a0<a title=\"1886\" href=\"http:\/\/ca.wikipedia.org\/wiki\/1886\" rel=\"nofollow\">1886<\/a>\u00a0&#8211;\u00a0<a title=\"Barcelona\" href=\"http:\/\/ca.wikipedia.org\/wiki\/Barcelona\" rel=\"nofollow\">Barcelona<\/a>,\u00a0<a title=\"1969\" href=\"http:\/\/ca.wikipedia.org\/wiki\/1969\" rel=\"nofollow\">1969<\/a>) fou un\u00a0<a title=\"Pedagog\" href=\"http:\/\/ca.wikipedia.org\/wiki\/Pedagog\" rel=\"nofollow\">pedagog<\/a>,\u00a0<a title=\"Ling\u00fcista\" href=\"http:\/\/ca.wikipedia.org\/wiki\/Ling%C3%BCista\" rel=\"nofollow\">ling\u00fcista<\/a>\u00a0i\u00a0<a title=\"Historiador\" href=\"http:\/\/ca.wikipedia.org\/wiki\/Historiador\" rel=\"nofollow\">historiador<\/a>\u00a0<a title=\"Catalunya\" href=\"http:\/\/ca.wikipedia.org\/wiki\/Catalunya\" rel=\"nofollow\">catal\u00e0<\/a>. Pare del pedagog\u00a0<a title=\"Jordi Gal\u00ed i Herrera\" href=\"http:\/\/ca.wikipedia.org\/wiki\/Jordi_Gal%C3%AD_i_Herrera\" rel=\"nofollow\">Jordi Gal\u00ed i Herrera<\/a>, de la pianista\u00a0<a title=\"Maria Gal\u00ed i Herrera (encara no existeix)\" href=\"http:\/\/ca.wikipedia.org\/w\/index.php?title=Maria_Gal%C3%AD_i_Herrera&amp;action=edit&amp;redlink=1\" rel=\"nofollow\">Maria Gal\u00ed i Herrera<\/a>, del pintor\u00a0<a title=\"Francesc Gal\u00ed i Herrera (encara no existeix)\" href=\"http:\/\/ca.wikipedia.org\/w\/index.php?title=Francesc_Gal%C3%AD_i_Herrera&amp;action=edit&amp;redlink=1\" rel=\"nofollow\">Francesc Gal\u00ed i Herrera<\/a>\u00a0i de l&#8217;escriptor\u00a0<a title=\"Raimon Gal\u00ed i Herrera\" href=\"http:\/\/ca.wikipedia.org\/wiki\/Raimon_Gal%C3%AD_i_Herrera\" rel=\"nofollow\">Raimon Gal\u00ed i Herrera<\/a>.<\/p>\n<p style=\"text-align: justify;\">L\u2019any 1915 comen\u00e7a la seva traject\u00f2ria com a funcionari del Consell d\u2019Investigaci\u00f3 Pedag\u00f2gica, conegut m\u00e9s endavant com a Consell de Pedagogia, del qual va ser secretari entre el 1916 i el 1923.<\/p>\n<p style=\"text-align: justify;\">\u00c9s administrador general de l\u2019<a title=\"Escola Industrial\" href=\"http:\/\/ca.wikipedia.org\/wiki\/Escola_Industrial\" rel=\"nofollow\">Escola Industrial<\/a>\u00a0(1917), dirigeix els estudis normals de la\u00a0<a title=\"Mancomunitat de Catalunya\" href=\"http:\/\/ca.wikipedia.org\/wiki\/Mancomunitat_de_Catalunya\" rel=\"nofollow\">Mancomunitat de Catalunya<\/a>\u00a0(1920) i l\u2019<a title=\"Escola Montessori\" href=\"http:\/\/ca.wikipedia.org\/wiki\/Escola_Montessori\" rel=\"nofollow\">Escola Montessori<\/a>\u00a0(1922). Publica articles a\u00a0<a title=\"Quaderns d'Estudi\" href=\"http:\/\/ca.wikipedia.org\/wiki\/Quaderns_d%27Estudi\" rel=\"nofollow\">Quaderns d&#8217;Estudi<\/a>i \u00e9s president de la comissi\u00f3 t\u00e8cnica de l\u2019<a title=\"Associaci\u00f3 Protectora de l\u2019Ensenyan\u00e7a Catalana\" href=\"http:\/\/ca.wikipedia.org\/wiki\/Associaci%C3%B3_Protectora_de_l%E2%80%99Ensenyan%C3%A7a_Catalana\" rel=\"nofollow\">Associaci\u00f3 Protectora de l\u2019Ensenyan\u00e7a Catalana<\/a>.<\/p>\n<p style=\"text-align: justify;\">L\u2019any 1924 es trenca la seva traject\u00f2ria com a funcionari i, junt amb un grup de mestres i alumnes de la clausurada Escola Montessori, funda la\u00a0<a title=\"M\u00fatua Escolar Blanquerna\" href=\"http:\/\/ca.wikipedia.org\/wiki\/M%C3%BAtua_Escolar_Blanquerna\" rel=\"nofollow\">M\u00fatua Escolar Blanquerna<\/a>, que experimenta m\u00e8todes de l\u2019escola activa.<\/p>\n<p style=\"text-align: justify;\">Fou deixeble del seu oncle\u00a0<a title=\"Bartomeu Gal\u00ed i Claret (encara no existeix)\" href=\"http:\/\/ca.wikipedia.org\/w\/index.php?title=Bartomeu_Gal%C3%AD_i_Claret&amp;action=edit&amp;redlink=1\" rel=\"nofollow\">Bartomeu Gal\u00ed i Claret<\/a>\u00a0(1850-1902) i de\u00a0<a title=\"Pompeu Fabra\" href=\"http:\/\/ca.wikipedia.org\/wiki\/Pompeu_Fabra\" rel=\"nofollow\">Pompeu Fabra<\/a>\u00a0fins a catorze anys. M\u00e9s tard, complet\u00e0 la seva formaci\u00f3 de manera autodid\u00e0ctica (vinculant-se a l&#8217;obra i l&#8217;ideari de l&#8217;<a title=\"Institut Jean-Jacques Rousseau\" href=\"http:\/\/ca.wikipedia.org\/wiki\/Institut_Jean-Jacques_Rousseau\" rel=\"nofollow\">Institut Rousseau<\/a>\u00a0de Ginebra) i treball\u00e0 de comptable fins al 1909. Aquell any, i sense tenir encara el t\u00edtol de mestre, va iniciar la seva tasca pedag\u00f2gica a l&#8217;Escola de Mestres de\u00a0<a title=\"Joan Bardina\" href=\"http:\/\/ca.wikipedia.org\/wiki\/Joan_Bardina\" rel=\"nofollow\">Joan Bardina<\/a>. En paraules textuals d&#8217;Alexandre Gal\u00ed:<\/p>\n<p style=\"text-align: justify;\"><i>Als 23 anys em va temptar l&#8217;Escola de Mestres de Joan Bardina. M&#8217;hi vaig presentar perqu\u00e8 m&#8217;accept\u00e9s com a alumne. Vam tenir una petita conversa i em va proposar d&#8217;entrar a l&#8217;escola no com a alumne sin\u00f3 com a professor de Gram\u00e0tica i Literatura castellanes i ho vaig acceptar. Aquesta va \u00e9sser la meva entrada a l&#8217;ensenyament.<\/i><\/p>\n<p style=\"text-align: justify;\">La seva activitat educativa abra\u00e7\u00e0 diversos camps (mestre de minyons, mestre de mestres, promotor d&#8217;iniciatives culturals i escolars, ling\u00fcista, te\u00f2ric de l&#8217;educaci\u00f3, historiador de la cultura&#8230;) i assol\u00ed en cada un d&#8217;ells un alt nivell.<\/p>\n<p>Fonts:<\/p>\n<p>&#8211; Imatge extreta de www.enciclopedia.cat<\/p>\n<p>&#8211; Text extret de Viquip\u00e8dia<\/p>\n","protected":false},"excerpt":{"rendered":"<p>Alexandre Gal\u00ed<br \/>\nAlexandre Gal\u00ed i Coll\u00a0(<a title=\"Camprodon\" href=\"http:\/\/ca.wikipedia.org\/wiki\/Camprodon\" rel=\"nofollow\">Camprodon<\/a>,\u00a0<a title=\"Ripoll\u00e8s\" href=\"http:\/\/ca.wikipedia.org\/wiki\/Ripoll%C3%A8s\" rel=\"nofollow\">Ripoll\u00e8s<\/a>,\u00a0<a title=\"1886\" href=\"http:\/\/ca.wikipedia.org\/wiki\/1886\" rel=\"nofollow\">1886<\/a>\u00a0&#8211;\u00a0<a title=\"Barcelona\" href=\"http:\/\/ca.wikipedia.org\/wiki\/Barcelona\" rel=\"nofollow\">Barcelona<\/a>,\u00a0<a title=\"1969\" href=\"http:\/\/ca.wikipedia.org\/wiki\/1969\" rel=\"nofollow\">1969<\/a>) fou un\u00a0<a title=\"Pedagog\" href=\"http:\/\/ca.wikipedia.org\/wiki\/Pedagog\" rel=\"nofollow\">pedagog<\/a>,\u00a0<a title=\"Ling\u00fcista\" href=\"http:\/\/ca.wikipedia.org\/wiki\/Ling%C3%BCista\" rel=\"nofollow\">ling\u00fcista<\/a>\u00a0i\u00a0<a title=\"Historiador\" href=\"http:\/\/ca.wikipedia.org\/wiki\/Historiador\" rel=\"nofollow\">historiador<\/a>\u00a0<a title=\"Catalunya\" href=\"http:\/\/ca.wikipedia.org\/wiki\/Catalunya\" rel=\"nofollow\">catal\u00e0<\/a>. Pare del pedagog\u00a0<a title=\"Jordi Gal\u00ed i Herrera\" href=\"http:\/\/ca.wikipedia.org\/wiki\/Jordi_Gal%C3%AD_i_Herrera\" rel=\"nofollow\">Jordi Gal\u00ed i&hellip;  <a href=\"https:\/\/agora.xtec.cat\/ceipalexandregali\/lescola\/historia\/\" title=\"Read Hist\u00f2ria\">Llegeix m\u00e9s\u00bb<\/a><\/p>\n","protected":false},"author":1,"featured_media":0,"parent":22,"menu_order":10,"comment_status":"closed","ping_status":"closed","template":"page-templates\/side-menu.php","meta":{"_bbp_topic_count":0,"_bbp_reply_count":0,"_bbp_total_topic_count":0,"_bbp_total_reply_count":0,"_bbp_voice_count":0,"_bbp_anonymous_reply_count":0,"_bbp_topic_count_hidden":0,"_bbp_reply_count_hidden":0,"_bbp_forum_subforum_count":0,"footnotes":""},"class_list":["post-26","page","type-page","status-publish","hentry"],"post_mailing_queue_ids":[],"_links":{"self":[{"href":"https:\/\/agora.xtec.cat\/ceipalexandregali\/wp-json\/wp\/v2\/pages\/26","targetHints":{"allow":["GET"]}}],"collection":[{"href":"https:\/\/agora.xtec.cat\/ceipalexandregali\/wp-json\/wp\/v2\/pages"}],"about":[{"href":"https:\/\/agora.xtec.cat\/ceipalexandregali\/wp-json\/wp\/v2\/types\/page"}],"author":[{"embeddable":true,"href":"https:\/\/agora.xtec.cat\/ceipalexandregali\/wp-json\/wp\/v2\/users\/1"}],"replies":[{"embeddable":true,"href":"https:\/\/agora.xtec.cat\/ceipalexandregali\/wp-json\/wp\/v2\/comments?post=26"}],"version-history":[{"count":3,"href":"https:\/\/agora.xtec.cat\/ceipalexandregali\/wp-json\/wp\/v2\/pages\/26\/revisions"}],"predecessor-version":[{"id":463,"href":"https:\/\/agora.xtec.cat\/ceipalexandregali\/wp-json\/wp\/v2\/pages\/26\/revisions\/463"}],"up":[{"embeddable":true,"href":"https:\/\/agora.xtec.cat\/ceipalexandregali\/wp-json\/wp\/v2\/pages\/22"}],"wp:attachment":[{"href":"https:\/\/agora.xtec.cat\/ceipalexandregali\/wp-json\/wp\/v2\/media?parent=26"}],"curies":[{"name":"wp","href":"https:\/\/api.w.org\/{rel}","templated":true}]}}