{"id":73,"date":"2014-09-18T14:01:51","date_gmt":"2014-09-18T14:01:51","guid":{"rendered":"http:\/\/agora.xtec.cat\/ceipalcano\/?page_id=73"},"modified":"2025-07-27T10:25:11","modified_gmt":"2025-07-27T08:25:11","slug":"menjador-escolar","status":"publish","type":"page","link":"https:\/\/agora.xtec.cat\/ceipalcano\/serveis\/menjador-escolar\/","title":{"rendered":"Menjador escolar"},"content":{"rendered":"<p style=\"text-align: left;\">L&#8217;escola disposa de servei de menjador escolar. L&#8217;empresa encarregada de subministrar el menjar \u00e9s ARAMARK, l\u00ednia calenta.<\/p>\n<p style=\"text-align: left;\">El menjador escolar \u00e9s un espai educatiu m\u00e9s de l&#8217;escola i les monitora vetllen per promoure valors com el respecte, la conviv\u00e8ncia, \u00a0el bon comportament i tamb\u00e9 promoure uns bons h\u00e0bits de salut i higiene.<\/p>\n<p>Podeu consultar el men\u00fa mensual si us enregistreu a la p\u00e0gina <strong><a href=\"https:\/\/www.elgustdecreixer.cat\/\" target=\"_blank\" rel=\"noopener\">el gust de cr\u00e9ixer<\/a><\/strong> . Bon Profit!<\/p>\n<p><a href=\"http:\/\/agora.xtec.cat\/ceipalcano\/wp-content\/uploads\/usu402\/2017\/02\/menjador.jpg\"><img loading=\"lazy\" decoding=\"async\" class=\"alignnone size-medium wp-image-616\" src=\"http:\/\/agora.xtec.cat\/ceipalcano\/wp-content\/uploads\/usu402\/2017\/02\/menjador-169x300.jpg\" alt=\"menjador\" width=\"169\" height=\"300\" srcset=\"https:\/\/agora.xtec.cat\/ceipalcano\/wp-content\/uploads\/usu402\/2017\/02\/menjador-169x300.jpg 169w, https:\/\/agora.xtec.cat\/ceipalcano\/wp-content\/uploads\/usu402\/2017\/02\/menjador.jpg 375w\" sizes=\"auto, (max-width: 169px) 100vw, 169px\" \/><\/a>\u00a0 \u00a0 \u00a0<a href=\"http:\/\/agora.xtec.cat\/ceipalcano\/wp-content\/uploads\/usu402\/2017\/02\/menjador1.jpg\"><img loading=\"lazy\" decoding=\"async\" class=\"alignnone size-medium wp-image-617\" src=\"http:\/\/agora.xtec.cat\/ceipalcano\/wp-content\/uploads\/usu402\/2017\/02\/menjador1-169x300.jpg\" alt=\"menjador1\" width=\"169\" height=\"300\" srcset=\"https:\/\/agora.xtec.cat\/ceipalcano\/wp-content\/uploads\/usu402\/2017\/02\/menjador1-169x300.jpg 169w, https:\/\/agora.xtec.cat\/ceipalcano\/wp-content\/uploads\/usu402\/2017\/02\/menjador1.jpg 375w\" sizes=\"auto, (max-width: 169px) 100vw, 169px\" \/><\/a><a href=\"http:\/\/agora.xtec.cat\/ceipalcano\/wp-content\/uploads\/usu402\/2017\/02\/menjador2.jpg\">\u00a0 \u00a0 \u00a0<img loading=\"lazy\" decoding=\"async\" class=\"alignnone size-medium wp-image-618\" src=\"http:\/\/agora.xtec.cat\/ceipalcano\/wp-content\/uploads\/usu402\/2017\/02\/menjador2-169x300.jpg\" alt=\"menjador2\" width=\"169\" height=\"300\" srcset=\"https:\/\/agora.xtec.cat\/ceipalcano\/wp-content\/uploads\/usu402\/2017\/02\/menjador2-169x300.jpg 169w, https:\/\/agora.xtec.cat\/ceipalcano\/wp-content\/uploads\/usu402\/2017\/02\/menjador2.jpg 375w\" sizes=\"auto, (max-width: 169px) 100vw, 169px\" \/><\/a><\/p>\n","protected":false},"excerpt":{"rendered":"<p>L&#8217;escola disposa de servei de menjador escolar. L&#8217;empresa encarregada de subministrar el menjar \u00e9s ARAMARK, l\u00ednia calenta. El menjador escolar \u00e9s un espai educatiu m\u00e9s de l&#8217;escola i les monitora vetllen per promoure valors com el respecte, la conviv\u00e8ncia, \u00a0el bon comportament i tamb\u00e9 promoure uns bons h\u00e0bits de salut i higiene. Podeu consultar el [&hellip;]<\/p>\n","protected":false},"author":2,"featured_media":0,"parent":66,"menu_order":30,"comment_status":"closed","ping_status":"closed","template":"","meta":{"_bbp_topic_count":0,"_bbp_reply_count":0,"_bbp_total_topic_count":0,"_bbp_total_reply_count":0,"_bbp_voice_count":0,"_bbp_anonymous_reply_count":0,"_bbp_topic_count_hidden":0,"_bbp_reply_count_hidden":0,"_bbp_forum_subforum_count":0,"site-sidebar-layout":"left-sidebar","site-content-layout":"","ast-site-content-layout":"normal-width-container","site-content-style":"boxed","site-sidebar-style":"default","ast-global-header-display":"","ast-banner-title-visibility":"","ast-main-header-display":"","ast-hfb-above-header-display":"","ast-hfb-below-header-display":"","ast-hfb-mobile-header-display":"","site-post-title":"","ast-breadcrumbs-content":"","ast-featured-img":"","footer-sml-layout":"","theme-transparent-header-meta":"default","adv-header-id-meta":"","stick-header-meta":"","header-above-stick-meta":"","header-main-stick-meta":"","header-below-stick-meta":"","astra-migrate-meta-layouts":"set","ast-page-background-enabled":"default","ast-page-background-meta":{"desktop":{"background-color":"var(--ast-global-color-4)","background-image":"","background-repeat":"repeat","background-position":"center center","background-size":"auto","background-attachment":"scroll","background-type":"","background-media":"","overlay-type":"","overlay-color":"","overlay-opacity":"","overlay-gradient":""},"tablet":{"background-color":"","background-image":"","background-repeat":"repeat","background-position":"center center","background-size":"auto","background-attachment":"scroll","background-type":"","background-media":"","overlay-type":"","overlay-color":"","overlay-opacity":"","overlay-gradient":""},"mobile":{"background-color":"","background-image":"","background-repeat":"repeat","background-position":"center center","background-size":"auto","background-attachment":"scroll","background-type":"","background-media":"","overlay-type":"","overlay-color":"","overlay-opacity":"","overlay-gradient":""}},"ast-content-background-meta":{"desktop":{"background-color":"var(--ast-global-color-5)","background-image":"","background-repeat":"repeat","background-position":"center center","background-size":"auto","background-attachment":"scroll","background-type":"","background-media":"","overlay-type":"","overlay-color":"","overlay-opacity":"","overlay-gradient":""},"tablet":{"background-color":"var(--ast-global-color-5)","background-image":"","background-repeat":"repeat","background-position":"center center","background-size":"auto","background-attachment":"scroll","background-type":"","background-media":"","overlay-type":"","overlay-color":"","overlay-opacity":"","overlay-gradient":""},"mobile":{"background-color":"var(--ast-global-color-5)","background-image":"","background-repeat":"repeat","background-position":"center center","background-size":"auto","background-attachment":"scroll","background-type":"","background-media":"","overlay-type":"","overlay-color":"","overlay-opacity":"","overlay-gradient":""}},"footnotes":""},"class_list":["post-73","page","type-page","status-publish","hentry"],"post_mailing_queue_ids":[],"_links":{"self":[{"href":"https:\/\/agora.xtec.cat\/ceipalcano\/wp-json\/wp\/v2\/pages\/73","targetHints":{"allow":["GET"]}}],"collection":[{"href":"https:\/\/agora.xtec.cat\/ceipalcano\/wp-json\/wp\/v2\/pages"}],"about":[{"href":"https:\/\/agora.xtec.cat\/ceipalcano\/wp-json\/wp\/v2\/types\/page"}],"author":[{"embeddable":true,"href":"https:\/\/agora.xtec.cat\/ceipalcano\/wp-json\/wp\/v2\/users\/2"}],"replies":[{"embeddable":true,"href":"https:\/\/agora.xtec.cat\/ceipalcano\/wp-json\/wp\/v2\/comments?post=73"}],"version-history":[{"count":4,"href":"https:\/\/agora.xtec.cat\/ceipalcano\/wp-json\/wp\/v2\/pages\/73\/revisions"}],"predecessor-version":[{"id":2142,"href":"https:\/\/agora.xtec.cat\/ceipalcano\/wp-json\/wp\/v2\/pages\/73\/revisions\/2142"}],"up":[{"embeddable":true,"href":"https:\/\/agora.xtec.cat\/ceipalcano\/wp-json\/wp\/v2\/pages\/66"}],"wp:attachment":[{"href":"https:\/\/agora.xtec.cat\/ceipalcano\/wp-json\/wp\/v2\/media?parent=73"}],"curies":[{"name":"wp","href":"https:\/\/api.w.org\/{rel}","templated":true}]}}