{"id":3697,"date":"2025-09-01T12:34:53","date_gmt":"2025-09-01T10:34:53","guid":{"rendered":"http:\/\/agora.xtec.cat\/ceipalbirka\/?page_id=3697"},"modified":"2025-09-10T09:53:30","modified_gmt":"2025-09-10T07:53:30","slug":"equip-huma","status":"publish","type":"page","link":"https:\/\/agora.xtec.cat\/ceipalbirka\/lescola\/equip-huma\/","title":{"rendered":"Equip hum\u00e0 2025\/26"},"content":{"rendered":"<p><span style=\"text-decoration: underline;\">Professorat<\/span><\/p>\n<ul>\n<li>Tutoria Infantil 3 anys: <strong>Maribel Navas. <\/strong>Secret\u00e0ria<strong>. <\/strong>Coordinadora riscos laborals.<\/li>\n<li>Tutoria Infantil 4 anys:<strong> Marta Vall\u00e9s. <\/strong>Coordinadora d\u2019educaci\u00f3 infantil.<\/li>\n<li>Tutoria Infantil 5 anys: <strong>Cristina Mart\u00ed.\u00a0<\/strong><\/li>\n<li>Mestra de suport ed. infantil: <b>Norma Pons. <\/b>Cap d&#8217;estudis<\/li>\n<li>Mestra de suport ed. infantil: <b>M\u00f2nica L\u00f3pez<\/b><\/li>\n<li>Tutoria de primer de prim\u00e0ria: <strong>Xavier Mitjans<\/strong><\/li>\n<li>Tutoria de segon de prim\u00e0ria: <b>Maria Balcells<\/b><\/li>\n<li>Mestre de suport a cicle inicial: <strong>Oriol Duch<\/strong><\/li>\n<li>Tutoria de tercer de prim\u00e0ria<strong>: Toni Mateus<\/strong><\/li>\n<li>Tutoria de quart de prim\u00e0ria:\u00a0<strong>Montse Escol\u00e0.<\/strong> Coordinadora Cicle Mitj\u00e0.<\/li>\n<li>Tutoria de cinqu\u00e8 de prim\u00e0ria: <strong>Ester \u00c0lvarez.\u00a0<\/strong>Coordinadora de Cicle Superior.<\/li>\n<li>Tutoria de sis\u00e8 de prim\u00e0ria: <strong>\u00c0ngels Sala.\u00a0<\/strong><\/li>\n<li>Especialista en ed. f\u00edsica: <strong>Marc Garcia.<\/strong> Coordinador digital.<\/li>\n<li>Especialista en llengua anglesa: <strong>Margarida Cambray<\/strong><\/li>\n<li>Especialista en educaci\u00f3 especial: <strong>Dolors Gri\u00f1\u00f3.<\/strong> Coordinadora Cicle Inicial.<\/li>\n<li>Especialista en ed. musical: <strong>Nel<\/strong>.<strong>la Armengol<\/strong>. Directora.<\/li>\n<li>Mestra aula d&#8217;acollida: <strong>Anna Alsina. <\/strong>Coordinadora LIC<\/li>\n<li>Mestra de religi\u00f3: <strong>Ana\u00efs Egea. <\/strong>Coordinadora de Biblioteca.<\/li>\n<li>Auxiliar d\u2019educaci\u00f3 especial: <strong>A determinar<\/strong><\/li>\n<\/ul>\n<p><span style=\"text-decoration: underline;\">Auxiliar administrativa<\/span><\/p>\n<ul style=\"list-style-type: disc;\">\n<li><strong style=\"font-family: inherit; font-size: 1em;\">M. Rosa Bold\u00fa<\/strong><\/li>\n<\/ul>\n<p><span style=\"text-decoration: underline;\">Personal de cuina<\/span><\/p>\n<ul>\n<li>Cuinera: <strong>Merc\u00e8 Mart\u00ednez<\/strong><\/li>\n<li>Ajudant de cuina \/ monitora: <strong>Merc\u00e8 Abad<\/strong>.<\/li>\n<li>Monitores: <strong>Nati Sola, Milva Vilalta, Llu\u00efsa Tarr\u00f3s i Teresa Motll\u00f3.<\/strong><\/li>\n<\/ul>\n","protected":false},"excerpt":{"rendered":"<p>Professorat<\/p>\n<ul>\n<li>Tutoria Infantil 3 anys: Maribel Navas. Secret\u00e0ria. Coordinadora riscos laborals.<\/li>\n<li>Tutoria Infantil 4 anys: Marta Vall\u00e9s. Coordinadora d\u2019educaci\u00f3 infantil.<\/li>\n<li>Tutoria Infantil 5 anys: Cristina Mart\u00ed.\u00a0<\/li>\n<li>Mestra de suport ed. infantil: Norma Pons. Cap d&#8217;estudis<\/li>\n<li>Mestra de suport ed. infantil: M\u00f2nica L\u00f3pez<\/li>\n<li>Tutoria de primer de prim\u00e0ria: Xavier Mitjans<\/li>\n<li>Tutoria de segon&hellip;  <a href=\"https:\/\/agora.xtec.cat\/ceipalbirka\/lescola\/equip-huma\/\" title=\"Read Equip hum\u00e0 2025\/26\">Llegeix m\u00e9s\u00bb<\/a><br \/>\n","protected":false},"author":3,"featured_media":0,"parent":22,"menu_order":40,"comment_status":"closed","ping_status":"closed","template":"page-templates\/side-menu.php","meta":{"_bbp_topic_count":0,"_bbp_reply_count":0,"_bbp_total_topic_count":0,"_bbp_total_reply_count":0,"_bbp_voice_count":0,"_bbp_anonymous_reply_count":0,"_bbp_topic_count_hidden":0,"_bbp_reply_count_hidden":0,"_bbp_forum_subforum_count":0,"footnotes":""},"class_list":["post-3697","page","type-page","status-publish","hentry"],"post_mailing_queue_ids":[],"_links":{"self":[{"href":"https:\/\/agora.xtec.cat\/ceipalbirka\/wp-json\/wp\/v2\/pages\/3697","targetHints":{"allow":["GET"]}}],"collection":[{"href":"https:\/\/agora.xtec.cat\/ceipalbirka\/wp-json\/wp\/v2\/pages"}],"about":[{"href":"https:\/\/agora.xtec.cat\/ceipalbirka\/wp-json\/wp\/v2\/types\/page"}],"author":[{"embeddable":true,"href":"https:\/\/agora.xtec.cat\/ceipalbirka\/wp-json\/wp\/v2\/users\/3"}],"replies":[{"embeddable":true,"href":"https:\/\/agora.xtec.cat\/ceipalbirka\/wp-json\/wp\/v2\/comments?post=3697"}],"version-history":[{"count":6,"href":"https:\/\/agora.xtec.cat\/ceipalbirka\/wp-json\/wp\/v2\/pages\/3697\/revisions"}],"predecessor-version":[{"id":11141,"href":"https:\/\/agora.xtec.cat\/ceipalbirka\/wp-json\/wp\/v2\/pages\/3697\/revisions\/11141"}],"up":[{"embeddable":true,"href":"https:\/\/agora.xtec.cat\/ceipalbirka\/wp-json\/wp\/v2\/pages\/22"}],"wp:attachment":[{"href":"https:\/\/agora.xtec.cat\/ceipalbirka\/wp-json\/wp\/v2\/media?parent=3697"}],"curies":[{"name":"wp","href":"https:\/\/api.w.org\/{rel}","templated":true}]}}