{"id":232,"date":"2015-11-06T09:50:39","date_gmt":"2015-11-06T08:50:39","guid":{"rendered":"http:\/\/agora.xtec.cat\/ceipalbirka\/?page_id=232"},"modified":"2025-12-05T15:52:05","modified_gmt":"2025-12-05T14:52:05","slug":"altres","status":"publish","type":"page","link":"https:\/\/agora.xtec.cat\/ceipalbirka\/secretaria\/altres\/","title":{"rendered":"Documents i circulars"},"content":{"rendered":"<p>Us facilitem diversos models que poden ser de la vostra utilitat, aix\u00ed com tamb\u00e9 les circulars enviades per correu electr\u00f2nic.<\/p>\n<p>Fent clic al nom del model el podreu descarregar directament:<\/p>\n<h4><strong>Circulars del centre:<\/strong><\/h4>\n<ul>\n<li><a href=\"https:\/\/drive.google.com\/file\/d\/1WHAaJ6egZKp-QW_SZ8ZAwoVAfPk843xy\/view?usp=sharing\">Butllet\u00ed d&#8217;inici de curs 2025-26<\/a><\/li>\n<\/ul>\n<h4><strong>Documents generals<\/strong><\/h4>\n<ul>\n<li><a href=\"https:\/\/drive.google.com\/file\/d\/0B4GUId2Tk98tYmE3ZmYxZmUtMTM0OC00MmMxLWJjYmEtZjA1YzcyNGVkZTg3\/view?usp=sharing&amp;resourcekey=0-xwyeuX5HrFA7MliSNyCVrA\">Autoritzaci\u00f3 administraci\u00f3 medicaments.<\/a><\/li>\n<li><a href=\"https:\/\/drive.google.com\/file\/d\/1aKCacRZTrpxB5iSldHgG07MIf4Ai1dZQ\/view?usp=sharing\">Fitxa personal de l&#8217;alumnat. (al\u00b7l\u00e8rgies, intoler\u00e0ncies aliment\u00e0ries, &#8230;)<\/a><\/li>\n<\/ul>\n","protected":false},"excerpt":{"rendered":"<p>Us facilitem diversos models que poden ser de la vostra utilitat, aix\u00ed com tamb\u00e9 les circulars enviades per correu electr\u00f2nic.<br \/>\nFent clic al nom del model el podreu descarregar directament:<br \/>\nCirculars del centre:<\/p>\n<ul>\n<li><a href=\"https:\/\/drive.google.com\/file\/d\/1WHAaJ6egZKp-QW_SZ8ZAwoVAfPk843xy\/view?usp=sharing\">Butllet\u00ed d&#8217;inici de curs 2025-26<\/a><\/li>\n<\/ul>\n<p>Documents generals<\/p>\n<ul>\n<li><a href=\"https:\/\/drive.google.com\/file\/d\/0B4GUId2Tk98tYmE3ZmYxZmUtMTM0OC00MmMxLWJjYmEtZjA1YzcyNGVkZTg3\/view?usp=sharing&amp;resourcekey=0-xwyeuX5HrFA7MliSNyCVrA\">Autoritzaci\u00f3 administraci\u00f3 medicaments.<\/a><\/li>\n<li><a href=\"https:\/\/drive.google.com\/file\/d\/1aKCacRZTrpxB5iSldHgG07MIf4Ai1dZQ\/view?usp=sharing\">Fitxa personal de l&#8217;alumnat. (al\u00b7l\u00e8rgies,&hellip;  <a href=\"https:\/\/agora.xtec.cat\/ceipalbirka\/secretaria\/altres\/\" title=\"Read Documents i circulars\">Llegeix m\u00e9s\u00bb<\/a><br \/>\n","protected":false},"author":3,"featured_media":0,"parent":226,"menu_order":30,"comment_status":"closed","ping_status":"closed","template":"page-templates\/side-menu.php","meta":{"_bbp_topic_count":0,"_bbp_reply_count":0,"_bbp_total_topic_count":0,"_bbp_total_reply_count":0,"_bbp_voice_count":0,"_bbp_anonymous_reply_count":0,"_bbp_topic_count_hidden":0,"_bbp_reply_count_hidden":0,"_bbp_forum_subforum_count":0,"footnotes":""},"class_list":["post-232","page","type-page","status-publish","hentry"],"post_mailing_queue_ids":[],"_links":{"self":[{"href":"https:\/\/agora.xtec.cat\/ceipalbirka\/wp-json\/wp\/v2\/pages\/232","targetHints":{"allow":["GET"]}}],"collection":[{"href":"https:\/\/agora.xtec.cat\/ceipalbirka\/wp-json\/wp\/v2\/pages"}],"about":[{"href":"https:\/\/agora.xtec.cat\/ceipalbirka\/wp-json\/wp\/v2\/types\/page"}],"author":[{"embeddable":true,"href":"https:\/\/agora.xtec.cat\/ceipalbirka\/wp-json\/wp\/v2\/users\/3"}],"replies":[{"embeddable":true,"href":"https:\/\/agora.xtec.cat\/ceipalbirka\/wp-json\/wp\/v2\/comments?post=232"}],"version-history":[{"count":7,"href":"https:\/\/agora.xtec.cat\/ceipalbirka\/wp-json\/wp\/v2\/pages\/232\/revisions"}],"predecessor-version":[{"id":11257,"href":"https:\/\/agora.xtec.cat\/ceipalbirka\/wp-json\/wp\/v2\/pages\/232\/revisions\/11257"}],"up":[{"embeddable":true,"href":"https:\/\/agora.xtec.cat\/ceipalbirka\/wp-json\/wp\/v2\/pages\/226"}],"wp:attachment":[{"href":"https:\/\/agora.xtec.cat\/ceipalbirka\/wp-json\/wp\/v2\/media?parent=232"}],"curies":[{"name":"wp","href":"https:\/\/api.w.org\/{rel}","templated":true}]}}