{"id":226,"date":"2015-05-27T19:44:26","date_gmt":"2015-05-27T18:44:26","guid":{"rendered":"http:\/\/agora.xtec.cat\/ceipalbirka\/?page_id=226"},"modified":"2026-03-03T16:11:19","modified_gmt":"2026-03-03T15:11:19","slug":"secretaria","status":"publish","type":"page","link":"https:\/\/agora.xtec.cat\/ceipalbirka\/secretaria\/","title":{"rendered":"Secretaria"},"content":{"rendered":"<p><strong>Secret\u00e0ria:<\/strong> Maribel Navas<br \/>\n<strong>Administrativa:<\/strong> M. Rosa Bold\u00fa<\/p>\n<p>L\u2019horari d\u2019atenci\u00f3 al p\u00fablic de secretaria \u00e9s:<\/p>\n<p>De 9 a 14h i de 15 a 16:30h<\/p>\n<p>Per realitzar qualsevol petici\u00f3 o consulta podeu trucar als tel\u00e8fons 973160067 i 634 77 00 23 (preguntant per secretaria) o enviar un correu electr\u00f2nic a ceipalbirka@xtec.cat indicant la vostra consulta.<\/p>\n<p><em>HORARI D\u2019ESTIU: de 8h a 15h\u00a0<\/em><\/p>\n","protected":false},"excerpt":{"rendered":"<p>Secret\u00e0ria: Maribel Navas<br \/>\nAdministrativa: M. Rosa Bold\u00fa<br \/>\nL\u2019horari d\u2019atenci\u00f3 al p\u00fablic de secretaria \u00e9s:<br \/>\nDe 9 a 14h i de 15 a 16:30h<br \/>\nPer realitzar qualsevol petici\u00f3 o consulta podeu trucar als tel\u00e8fons 973160067 i 634 77 00 23 (preguntant per secretaria) o enviar un correu electr\u00f2nic a ceipalbirka@xtec.cat&hellip;  <a href=\"https:\/\/agora.xtec.cat\/ceipalbirka\/secretaria\/\" title=\"Read Secretaria\">Llegeix m\u00e9s\u00bb<\/a><\/p>\n","protected":false},"author":3,"featured_media":0,"parent":0,"menu_order":0,"comment_status":"closed","ping_status":"closed","template":"page-templates\/side-menu.php","meta":{"_bbp_topic_count":0,"_bbp_reply_count":0,"_bbp_total_topic_count":0,"_bbp_total_reply_count":0,"_bbp_voice_count":0,"_bbp_anonymous_reply_count":0,"_bbp_topic_count_hidden":0,"_bbp_reply_count_hidden":0,"_bbp_forum_subforum_count":0,"footnotes":""},"class_list":["post-226","page","type-page","status-publish","hentry"],"post_mailing_queue_ids":[],"_links":{"self":[{"href":"https:\/\/agora.xtec.cat\/ceipalbirka\/wp-json\/wp\/v2\/pages\/226","targetHints":{"allow":["GET"]}}],"collection":[{"href":"https:\/\/agora.xtec.cat\/ceipalbirka\/wp-json\/wp\/v2\/pages"}],"about":[{"href":"https:\/\/agora.xtec.cat\/ceipalbirka\/wp-json\/wp\/v2\/types\/page"}],"author":[{"embeddable":true,"href":"https:\/\/agora.xtec.cat\/ceipalbirka\/wp-json\/wp\/v2\/users\/3"}],"replies":[{"embeddable":true,"href":"https:\/\/agora.xtec.cat\/ceipalbirka\/wp-json\/wp\/v2\/comments?post=226"}],"version-history":[{"count":6,"href":"https:\/\/agora.xtec.cat\/ceipalbirka\/wp-json\/wp\/v2\/pages\/226\/revisions"}],"predecessor-version":[{"id":11501,"href":"https:\/\/agora.xtec.cat\/ceipalbirka\/wp-json\/wp\/v2\/pages\/226\/revisions\/11501"}],"wp:attachment":[{"href":"https:\/\/agora.xtec.cat\/ceipalbirka\/wp-json\/wp\/v2\/media?parent=226"}],"curies":[{"name":"wp","href":"https:\/\/api.w.org\/{rel}","templated":true}]}}