{"id":77,"date":"2014-09-18T14:05:08","date_gmt":"2014-09-18T13:05:08","guid":{"rendered":"http:\/\/agora.xtec.cat\/ceipalber\/?page_id=77"},"modified":"2018-10-17T11:04:23","modified_gmt":"2018-10-17T09:04:23","slug":"acollida","status":"publish","type":"page","link":"https:\/\/agora.xtec.cat\/ceipalber\/serveis\/acollida\/","title":{"rendered":"Acollida"},"content":{"rendered":"<p>La nostra escola compta amb un <strong>pla d&#8217;acollida per als nous mestres<\/strong> i tamb\u00e9 per als <strong>alumnes nouvinguts d&#8217;altres nacionalitats.<\/strong><\/p>\n<h3>Justificaci\u00f3 del Pla d\u2019acollida<\/h3>\n<p>Amb motiu de l\u2019augment de poblaci\u00f3 de diferents \u00e8tnies que arriba a l\u2019escola amb trets diferencials com ho s\u00f3n la llengua i la cultura, es va creure convenient donar resposta a les necessitats que planteja aquesta nova realitat i es va elaborar el\u00a0 Pla d\u2019acollida per als alumnes d\u2019incorporaci\u00f3 tardana o estrangers.<\/p>\n<h3>Objectius:<\/h3>\n<p>&#8211; Aconseguir una bona escolaritzaci\u00f3, encaminada a assolir el seu \u00e8xit escolar.<br \/>\n&#8211; Incorporar-los en la descoberta i coneixement del m\u00f3n cultural en el que ara viuen.<br \/>\n&#8211; Buscar estrat\u00e8gies i metodologies adequades per aconseguir una adaptaci\u00f3 global als companys, als professors i a les tasques habituals i normes pr\u00f2pies del centre educatiu.<br \/>\n&#8211; Interessar-se per la seva realitat cultural per tal de donar-la a con\u00e8ixer als altres alumnes i poder potenciar l\u2019autoestima.<\/p>\n<h3>Aquests objectius generals s\u2019aconseguiran a trav\u00e9s de:<\/h3>\n<p>&#8211; Assegurar un bon acolliment a l\u2019aula i al centre.<br \/>\n&#8211; Potenciar situacions d\u2019interrelaci\u00f3 amb els companys.<br \/>\n&#8211; Donar prioritat als continguts de llengua en situaci\u00f3 comunicativa ja que l\u2019alumne ha d\u2019anar adquirint domini de la llengua catalana.<br \/>\n&#8211; Fer les adaptacions necess\u00e0ries en les diferents \u00e0rees per a qu\u00e8 l\u2019alumne aprengui la llengua en totes les activitats que realitzi.<br \/>\n&#8211; Assegurar el coneixement i l\u2019adquisici\u00f3 progressiva dels h\u00e0bits i normes de l\u2019escola.<\/p>\n","protected":false},"excerpt":{"rendered":"<p>La nostra escola compta amb un pla d&#8217;acollida per als nous mestres i tamb\u00e9 per als alumnes nouvinguts d&#8217;altres nacionalitats. Justificaci\u00f3 del Pla d\u2019acollida Amb motiu de l\u2019augment de poblaci\u00f3 de diferents \u00e8tnies que arriba a l\u2019escola amb trets diferencials com ho s\u00f3n la llengua i la cultura, es va creure convenient donar resposta a [&hellip;]<\/p>\n","protected":false},"author":1,"featured_media":0,"parent":66,"menu_order":20,"comment_status":"closed","ping_status":"closed","template":"page-templates\/side-menu.php","meta":{"_bbp_topic_count":0,"_bbp_reply_count":0,"_bbp_total_topic_count":0,"_bbp_total_reply_count":0,"_bbp_voice_count":0,"_bbp_anonymous_reply_count":0,"_bbp_topic_count_hidden":0,"_bbp_reply_count_hidden":0,"_bbp_forum_subforum_count":0,"site-sidebar-layout":"default","site-content-layout":"","ast-site-content-layout":"","site-content-style":"default","site-sidebar-style":"default","ast-global-header-display":"","ast-banner-title-visibility":"","ast-main-header-display":"","ast-hfb-above-header-display":"","ast-hfb-below-header-display":"","ast-hfb-mobile-header-display":"","site-post-title":"","ast-breadcrumbs-content":"","ast-featured-img":"","footer-sml-layout":"","theme-transparent-header-meta":"","adv-header-id-meta":"","stick-header-meta":"","header-above-stick-meta":"","header-main-stick-meta":"","header-below-stick-meta":"","astra-migrate-meta-layouts":"default","ast-page-background-enabled":"default","ast-page-background-meta":{"desktop":{"background-color":"var(--ast-global-color-4)","background-image":"","background-repeat":"repeat","background-position":"center center","background-size":"auto","background-attachment":"scroll","background-type":"","background-media":"","overlay-type":"","overlay-color":"","overlay-opacity":"","overlay-gradient":""},"tablet":{"background-color":"","background-image":"","background-repeat":"repeat","background-position":"center center","background-size":"auto","background-attachment":"scroll","background-type":"","background-media":"","overlay-type":"","overlay-color":"","overlay-opacity":"","overlay-gradient":""},"mobile":{"background-color":"","background-image":"","background-repeat":"repeat","background-position":"center center","background-size":"auto","background-attachment":"scroll","background-type":"","background-media":"","overlay-type":"","overlay-color":"","overlay-opacity":"","overlay-gradient":""}},"ast-content-background-meta":{"desktop":{"background-color":"var(--ast-global-color-5)","background-image":"","background-repeat":"repeat","background-position":"center center","background-size":"auto","background-attachment":"scroll","background-type":"","background-media":"","overlay-type":"","overlay-color":"","overlay-opacity":"","overlay-gradient":""},"tablet":{"background-color":"var(--ast-global-color-5)","background-image":"","background-repeat":"repeat","background-position":"center center","background-size":"auto","background-attachment":"scroll","background-type":"","background-media":"","overlay-type":"","overlay-color":"","overlay-opacity":"","overlay-gradient":""},"mobile":{"background-color":"var(--ast-global-color-5)","background-image":"","background-repeat":"repeat","background-position":"center center","background-size":"auto","background-attachment":"scroll","background-type":"","background-media":"","overlay-type":"","overlay-color":"","overlay-opacity":"","overlay-gradient":""}},"footnotes":""},"class_list":["post-77","page","type-page","status-publish","hentry"],"post_mailing_queue_ids":[],"_links":{"self":[{"href":"https:\/\/agora.xtec.cat\/ceipalber\/wp-json\/wp\/v2\/pages\/77","targetHints":{"allow":["GET"]}}],"collection":[{"href":"https:\/\/agora.xtec.cat\/ceipalber\/wp-json\/wp\/v2\/pages"}],"about":[{"href":"https:\/\/agora.xtec.cat\/ceipalber\/wp-json\/wp\/v2\/types\/page"}],"author":[{"embeddable":true,"href":"https:\/\/agora.xtec.cat\/ceipalber\/wp-json\/wp\/v2\/users\/1"}],"replies":[{"embeddable":true,"href":"https:\/\/agora.xtec.cat\/ceipalber\/wp-json\/wp\/v2\/comments?post=77"}],"version-history":[{"count":3,"href":"https:\/\/agora.xtec.cat\/ceipalber\/wp-json\/wp\/v2\/pages\/77\/revisions"}],"predecessor-version":[{"id":544,"href":"https:\/\/agora.xtec.cat\/ceipalber\/wp-json\/wp\/v2\/pages\/77\/revisions\/544"}],"up":[{"embeddable":true,"href":"https:\/\/agora.xtec.cat\/ceipalber\/wp-json\/wp\/v2\/pages\/66"}],"wp:attachment":[{"href":"https:\/\/agora.xtec.cat\/ceipalber\/wp-json\/wp\/v2\/media?parent=77"}],"curies":[{"name":"wp","href":"https:\/\/api.w.org\/{rel}","templated":true}]}}