{"id":73,"date":"2014-09-18T14:01:51","date_gmt":"2014-09-18T13:01:51","guid":{"rendered":"http:\/\/agora.xtec.cat\/ceipalber\/?page_id=73"},"modified":"2018-01-22T13:02:22","modified_gmt":"2018-01-22T12:02:22","slug":"menjador-escolar","status":"publish","type":"page","link":"https:\/\/agora.xtec.cat\/ceipalber\/serveis\/menjador-escolar\/","title":{"rendered":"Menjador escolar"},"content":{"rendered":"<p><strong>1.- CONTEXT<\/strong><\/p>\n<p>L\u2019escola L\u2019\u00c0lber est\u00e0 ubicada al poble d\u2019Albesa, a la comarca de La Noguera. L\u2019escola \u00e9s d\u2019una l\u00ednia, i consta de 15\u00a0docents\u00a0i 130 alumnes, la majoria dels quals s\u00f3n del poble; no hi ha transport escolar per\u00f2 s\u00ed menjador escolar.<\/p>\n<p>&nbsp;<\/p>\n<p><strong>2.-GESTI\u00d3 I MODALITAT DEL MENJADOR<\/strong><\/p>\n<p>L&#8217; AMPA \u00e9s qui gestiona i es fa responsable d\u2019aquest servei i ho fan sota la responsabilitat del centre.<\/p>\n<p>Aquesta escola no disposa de cuina, per tant, s\u2019utilitza un c\u00e0tering amb la modalitat de l\u00ednia calenta; actualment l&#8217;empresa responsable \u00e9s PLAT NEGRE, SL.<\/p>\n<p><strong>3.-ESPAIS I INSTAL\u00b7LACIONS PER AL SERVEI<\/strong><\/p>\n<p>L\u2019espai de qu\u00e8 disposem no \u00e9s molt gran i est\u00e0 apartat del centre, t\u00e9\u00a0all\u00f2\u00a0necessari, comptem amb un pati petit al davant i tamb\u00e9 una sala al cant\u00f3 on poden jugar els alumnes els dies de pluja. Quan no plou tamb\u00e9 disposem del pati de l\u2019escola.<\/p>\n<p>La capacitat m\u00e0xima \u00e9s de 45 alumnes.<\/p>\n<p><strong>4.-USUARIS<\/strong><\/p>\n<p>Utilitzen\u00a0el menjador una mitjana aproximada d\u2019uns 25-30 alumnes, s\u00f3n pocs els dies que se superen aquests n\u00fameros; com m\u00e9s grans s\u00f3n els alumnes menys en fan \u00fas.<\/p>\n<p>Nom\u00e9s es realitza un torn de menjador, ja que tots els alumnes surten a la mateixa hora, est\u00e0 en funcionament des de les 12:30 hores fins a les 15:00.<\/p>\n<p><strong>5.-PERSONAL.<\/strong><\/p>\n<p>Hi ha dues monitores qualificades i contractades per PLAT NEGRE, SL. Totes dues tenen el t\u00edtol de monitores de menjador i el carnet de manipuladores d\u2019aliments, amb una jornada de 2,5 hores di\u00e0ries, de dilluns a divendres.<\/p>\n<p><strong>6.-ASPECTES EDUCATIUS I CRITERIS ALIMENTARIS.<\/strong><\/p>\n<p>Els aspectes educatius que es treballen s\u00f3n:<\/p>\n<ul>\n<li>Comportament correcte a la taula.<\/li>\n<li>Agafar correctament els estris.<\/li>\n<li>Menjar varietat d\u2019aliments, amb m\u00e9s o menys quantitat.<\/li>\n<li>Acabar-se els plats que se\u2019ls hi posa.<\/li>\n<li>Compartir l\u2019espai de joc i els materials sense que hi hagi cap conflicte.<\/li>\n<\/ul>\n<p>Durant les estones de lleure, normalment es\u00a0 fan activitats on els alumnes juguen per edats o b\u00e9 tots junts, lliurement,\u00a0vigilant que no hi hagi conflictes i que tinguin una bona relaci\u00f3 entre ells i en el joc.<\/p>\n","protected":false},"excerpt":{"rendered":"<p>1.- CONTEXT L\u2019escola L\u2019\u00c0lber est\u00e0 ubicada al poble d\u2019Albesa, a la comarca de La Noguera. L\u2019escola \u00e9s d\u2019una l\u00ednia, i consta de 15\u00a0docents\u00a0i 130 alumnes, la majoria dels quals s\u00f3n del poble; no hi ha transport escolar per\u00f2 s\u00ed menjador escolar. &nbsp; 2.-GESTI\u00d3 I MODALITAT DEL MENJADOR L&#8217; AMPA \u00e9s qui gestiona i es fa [&hellip;]<\/p>\n","protected":false},"author":1,"featured_media":0,"parent":66,"menu_order":30,"comment_status":"closed","ping_status":"closed","template":"page-templates\/side-menu.php","meta":{"_bbp_topic_count":0,"_bbp_reply_count":0,"_bbp_total_topic_count":0,"_bbp_total_reply_count":0,"_bbp_voice_count":0,"_bbp_anonymous_reply_count":0,"_bbp_topic_count_hidden":0,"_bbp_reply_count_hidden":0,"_bbp_forum_subforum_count":0,"site-sidebar-layout":"default","site-content-layout":"","ast-site-content-layout":"","site-content-style":"default","site-sidebar-style":"default","ast-global-header-display":"","ast-banner-title-visibility":"","ast-main-header-display":"","ast-hfb-above-header-display":"","ast-hfb-below-header-display":"","ast-hfb-mobile-header-display":"","site-post-title":"","ast-breadcrumbs-content":"","ast-featured-img":"","footer-sml-layout":"","theme-transparent-header-meta":"","adv-header-id-meta":"","stick-header-meta":"","header-above-stick-meta":"","header-main-stick-meta":"","header-below-stick-meta":"","astra-migrate-meta-layouts":"default","ast-page-background-enabled":"default","ast-page-background-meta":{"desktop":{"background-color":"var(--ast-global-color-4)","background-image":"","background-repeat":"repeat","background-position":"center center","background-size":"auto","background-attachment":"scroll","background-type":"","background-media":"","overlay-type":"","overlay-color":"","overlay-opacity":"","overlay-gradient":""},"tablet":{"background-color":"","background-image":"","background-repeat":"repeat","background-position":"center center","background-size":"auto","background-attachment":"scroll","background-type":"","background-media":"","overlay-type":"","overlay-color":"","overlay-opacity":"","overlay-gradient":""},"mobile":{"background-color":"","background-image":"","background-repeat":"repeat","background-position":"center center","background-size":"auto","background-attachment":"scroll","background-type":"","background-media":"","overlay-type":"","overlay-color":"","overlay-opacity":"","overlay-gradient":""}},"ast-content-background-meta":{"desktop":{"background-color":"var(--ast-global-color-5)","background-image":"","background-repeat":"repeat","background-position":"center center","background-size":"auto","background-attachment":"scroll","background-type":"","background-media":"","overlay-type":"","overlay-color":"","overlay-opacity":"","overlay-gradient":""},"tablet":{"background-color":"var(--ast-global-color-5)","background-image":"","background-repeat":"repeat","background-position":"center center","background-size":"auto","background-attachment":"scroll","background-type":"","background-media":"","overlay-type":"","overlay-color":"","overlay-opacity":"","overlay-gradient":""},"mobile":{"background-color":"var(--ast-global-color-5)","background-image":"","background-repeat":"repeat","background-position":"center center","background-size":"auto","background-attachment":"scroll","background-type":"","background-media":"","overlay-type":"","overlay-color":"","overlay-opacity":"","overlay-gradient":""}},"footnotes":""},"class_list":["post-73","page","type-page","status-publish","hentry"],"post_mailing_queue_ids":[],"_links":{"self":[{"href":"https:\/\/agora.xtec.cat\/ceipalber\/wp-json\/wp\/v2\/pages\/73","targetHints":{"allow":["GET"]}}],"collection":[{"href":"https:\/\/agora.xtec.cat\/ceipalber\/wp-json\/wp\/v2\/pages"}],"about":[{"href":"https:\/\/agora.xtec.cat\/ceipalber\/wp-json\/wp\/v2\/types\/page"}],"author":[{"embeddable":true,"href":"https:\/\/agora.xtec.cat\/ceipalber\/wp-json\/wp\/v2\/users\/1"}],"replies":[{"embeddable":true,"href":"https:\/\/agora.xtec.cat\/ceipalber\/wp-json\/wp\/v2\/comments?post=73"}],"version-history":[{"count":3,"href":"https:\/\/agora.xtec.cat\/ceipalber\/wp-json\/wp\/v2\/pages\/73\/revisions"}],"predecessor-version":[{"id":446,"href":"https:\/\/agora.xtec.cat\/ceipalber\/wp-json\/wp\/v2\/pages\/73\/revisions\/446"}],"up":[{"embeddable":true,"href":"https:\/\/agora.xtec.cat\/ceipalber\/wp-json\/wp\/v2\/pages\/66"}],"wp:attachment":[{"href":"https:\/\/agora.xtec.cat\/ceipalber\/wp-json\/wp\/v2\/media?parent=73"}],"curies":[{"name":"wp","href":"https:\/\/api.w.org\/{rel}","templated":true}]}}