{"id":309,"date":"2016-07-08T09:59:09","date_gmt":"2016-07-08T08:59:09","guid":{"rendered":"http:\/\/agora.xtec.cat\/ceipalber\/?page_id=309"},"modified":"2025-09-19T11:31:22","modified_gmt":"2025-09-19T09:31:22","slug":"menjador","status":"publish","type":"page","link":"https:\/\/agora.xtec.cat\/ceipalber\/ampa\/menjador\/","title":{"rendered":"Menjador escolar"},"content":{"rendered":"<p>L\u2019AFA ha delegat la gesti\u00f3 d\u2019aquest servei a l&#8217;empresa <strong>FUNDESPLAI<\/strong>.<\/p>\n<p><strong style=\"font-family: inherit; font-size: 1em;\">1.- CONTEXT<\/strong><\/p>\n<div class=\"entry-content\">\n<p>L\u2019escola L\u2019\u00c0lber est\u00e0 ubicada al poble d\u2019Albesa, a la comarca de La Noguera. L\u2019escola \u00e9s d\u2019una l\u00ednia, i consta d&#8217;uns 15 docents i 110 alumnes. No hi ha transport escolar per\u00f2 s\u00ed menjador escolar.<\/p>\n<p><strong>2.-GESTI\u00d3 I MODALITAT DEL MENJADOR<\/strong><\/p>\n<p>L\u2019 AFA \u00e9s qui gestiona i es fa responsable d\u2019aquest servei i ho fan sota la responsabilitat del centre.<\/p>\n<p>L&#8217;escola disposa de cuina equipada i cuinera pr\u00f2pia, l\u2019empresa responsable \u00e9s <strong>FUNDESPLAI<\/strong>.<\/p>\n<p><strong>3.-ESPAIS I INSTAL\u00b7LACIONS PER AL SERVEI<\/strong><\/p>\n<p>L\u2019espai de qu\u00e8 disposem no \u00e9s molt gran i es troba dins del centre. Comptem amb un pati petit al davant i tamb\u00e9 una sala al cant\u00f3 on poden jugar els alumnes els dies de pluja. Quan no plou tamb\u00e9 disposem del pati de l\u2019escola.<\/p>\n<p><strong>4.-USUARIS<\/strong><\/p>\n<p>Utilitzen el menjador una mitjana aproximada d\u2019uns 45 alumnes,\u00a0 com m\u00e9s grans s\u00f3n els alumnes menys en fan \u00fas.<\/p>\n<p>Nom\u00e9s es realitza un torn de menjador, ja que tots els alumnes surten a la mateixa hora, est\u00e0 en funcionament des de les 12:30 hores fins a les 15:00.<\/p>\n<p><strong>5.-PERSONAL.<\/strong><\/p>\n<p>Hi ha tres monitores qualificades i contractades per FUNDESPLAI. Totes dues tenen el t\u00edtol de monitores de menjador i el carnet de manipuladores d\u2019aliments, amb una jornada de 2 (1 monitora) o 3 hores di\u00e0ries (2 monitores), de dilluns a divendres. Tamb\u00e9 hi ha una cuinera qualificada contractada per <strong>FUNDESPLAI\u00a0<\/strong>amb una jornada de 6 hores.<\/p>\n<p><strong>6.-ASPECTES EDUCATIUS I CRITERIS ALIMENTARIS.<\/strong><\/p>\n<p>Els aspectes educatius que es treballen s\u00f3n:<\/p>\n<ul>\n<li>Comportament correcte a la taula.<\/li>\n<li>Agafar correctament els estris.<\/li>\n<li>Menjar varietat d\u2019aliments, amb m\u00e9s o menys quantitat.<\/li>\n<li>Acabar-se els plats que se\u2019ls hi posa.<\/li>\n<li>Compartir l\u2019espai de joc i els materials sense que hi hagi cap conflicte.<\/li>\n<\/ul>\n<p>Durant les estones de lleure, normalment es\u00a0 fan activitats on els alumnes juguen per edats o b\u00e9 tots junts, lliurement,\u00a0vigilant que no hi hagi conflictes i que tinguin una bona relaci\u00f3 entre ells i en el joc.<\/p>\n<\/div>\n<p><strong>7.-NORMATIVA<\/strong><\/p>\n<p>Contemplada al <strong>Pla de funcionament del menjador<\/strong>, aprovat pel Consell Escolar del centre.<\/p>\n","protected":false},"excerpt":{"rendered":"<p>L\u2019AFA ha delegat la gesti\u00f3 d\u2019aquest servei a l&#8217;empresa FUNDESPLAI. 1.- CONTEXT L\u2019escola L\u2019\u00c0lber est\u00e0 ubicada al poble d\u2019Albesa, a la comarca de La Noguera. L\u2019escola \u00e9s d\u2019una l\u00ednia, i consta d&#8217;uns 15 docents i 110 alumnes. No hi ha transport escolar per\u00f2 s\u00ed menjador escolar. 2.-GESTI\u00d3 I MODALITAT DEL MENJADOR L\u2019 AFA \u00e9s qui [&hellip;]<\/p>\n","protected":false},"author":1,"featured_media":0,"parent":303,"menu_order":0,"comment_status":"closed","ping_status":"closed","template":"page-templates\/side-menu.php","meta":{"_bbp_topic_count":0,"_bbp_reply_count":0,"_bbp_total_topic_count":0,"_bbp_total_reply_count":0,"_bbp_voice_count":0,"_bbp_anonymous_reply_count":0,"_bbp_topic_count_hidden":0,"_bbp_reply_count_hidden":0,"_bbp_forum_subforum_count":0,"site-sidebar-layout":"default","site-content-layout":"","ast-site-content-layout":"","site-content-style":"default","site-sidebar-style":"default","ast-global-header-display":"","ast-banner-title-visibility":"","ast-main-header-display":"","ast-hfb-above-header-display":"","ast-hfb-below-header-display":"","ast-hfb-mobile-header-display":"","site-post-title":"","ast-breadcrumbs-content":"","ast-featured-img":"","footer-sml-layout":"","theme-transparent-header-meta":"","adv-header-id-meta":"","stick-header-meta":"","header-above-stick-meta":"","header-main-stick-meta":"","header-below-stick-meta":"","astra-migrate-meta-layouts":"default","ast-page-background-enabled":"default","ast-page-background-meta":{"desktop":{"background-color":"var(--ast-global-color-4)","background-image":"","background-repeat":"repeat","background-position":"center center","background-size":"auto","background-attachment":"scroll","background-type":"","background-media":"","overlay-type":"","overlay-color":"","overlay-opacity":"","overlay-gradient":""},"tablet":{"background-color":"","background-image":"","background-repeat":"repeat","background-position":"center center","background-size":"auto","background-attachment":"scroll","background-type":"","background-media":"","overlay-type":"","overlay-color":"","overlay-opacity":"","overlay-gradient":""},"mobile":{"background-color":"","background-image":"","background-repeat":"repeat","background-position":"center center","background-size":"auto","background-attachment":"scroll","background-type":"","background-media":"","overlay-type":"","overlay-color":"","overlay-opacity":"","overlay-gradient":""}},"ast-content-background-meta":{"desktop":{"background-color":"var(--ast-global-color-5)","background-image":"","background-repeat":"repeat","background-position":"center center","background-size":"auto","background-attachment":"scroll","background-type":"","background-media":"","overlay-type":"","overlay-color":"","overlay-opacity":"","overlay-gradient":""},"tablet":{"background-color":"var(--ast-global-color-5)","background-image":"","background-repeat":"repeat","background-position":"center center","background-size":"auto","background-attachment":"scroll","background-type":"","background-media":"","overlay-type":"","overlay-color":"","overlay-opacity":"","overlay-gradient":""},"mobile":{"background-color":"var(--ast-global-color-5)","background-image":"","background-repeat":"repeat","background-position":"center center","background-size":"auto","background-attachment":"scroll","background-type":"","background-media":"","overlay-type":"","overlay-color":"","overlay-opacity":"","overlay-gradient":""}},"footnotes":""},"class_list":["post-309","page","type-page","status-publish","hentry"],"post_mailing_queue_ids":[],"_links":{"self":[{"href":"https:\/\/agora.xtec.cat\/ceipalber\/wp-json\/wp\/v2\/pages\/309","targetHints":{"allow":["GET"]}}],"collection":[{"href":"https:\/\/agora.xtec.cat\/ceipalber\/wp-json\/wp\/v2\/pages"}],"about":[{"href":"https:\/\/agora.xtec.cat\/ceipalber\/wp-json\/wp\/v2\/types\/page"}],"author":[{"embeddable":true,"href":"https:\/\/agora.xtec.cat\/ceipalber\/wp-json\/wp\/v2\/users\/1"}],"replies":[{"embeddable":true,"href":"https:\/\/agora.xtec.cat\/ceipalber\/wp-json\/wp\/v2\/comments?post=309"}],"version-history":[{"count":6,"href":"https:\/\/agora.xtec.cat\/ceipalber\/wp-json\/wp\/v2\/pages\/309\/revisions"}],"predecessor-version":[{"id":2142,"href":"https:\/\/agora.xtec.cat\/ceipalber\/wp-json\/wp\/v2\/pages\/309\/revisions\/2142"}],"up":[{"embeddable":true,"href":"https:\/\/agora.xtec.cat\/ceipalber\/wp-json\/wp\/v2\/pages\/303"}],"wp:attachment":[{"href":"https:\/\/agora.xtec.cat\/ceipalber\/wp-json\/wp\/v2\/media?parent=309"}],"curies":[{"name":"wp","href":"https:\/\/api.w.org\/{rel}","templated":true}]}}