{"id":283,"date":"2016-07-08T09:55:04","date_gmt":"2016-07-08T08:55:04","guid":{"rendered":"http:\/\/agora.xtec.cat\/ceipalber\/?page_id=283"},"modified":"2024-10-16T09:50:03","modified_gmt":"2024-10-16T07:50:03","slug":"apadrinament-lector","status":"publish","type":"page","link":"https:\/\/agora.xtec.cat\/ceipalber\/apadrinament-lector\/","title":{"rendered":"Apadrinament Lector"},"content":{"rendered":"<p>Des de fa ja uns quants cursos, per tal de dinamitzar l&#8217;aprenentatge de la lectura realitzem l\u2019activitat de l\u2019<strong>apadrinament lector<\/strong>. Es tracta d\u2019una <strong>activitat cooperativa<\/strong> que es realitza en parelles formades per alumnes de <strong>cicle superior<\/strong> que fan de <strong>padrins<\/strong> de lectura i alumnes de <strong>cicle inicial<\/strong> de prim\u00e0ria que fan de <strong>fillols<\/strong>. Els padrins adquireixen el comprom\u00eds principal de vetllar per l&#8217;aprenentatge lector del seu fillol: els ajuden a aprendre a llegir, els corregeixen i els motiven per tal d&#8217;encomanar-los el gust per la lectura. A m\u00e9s a m\u00e9s, un cop han acabat de llegir i per tal de fer m\u00e9s atractiva l\u2019activitat, els padrins proposen als seus fillols fer una s\u00e8rie d\u2019exercicis relacionats amb la lectura o amb paraules que hi apareixen: petits dictats, buscar paraules segons diferents criteris, joc del \u201cpenjat\u201d, etc. Finalment, cada parella disposa d\u2019un quadern lector on cada sessi\u00f3 hi queda reflectida i on el mateix padr\u00ed fa una valoraci\u00f3 sobre com s\u2019ha desenvolupat la sessi\u00f3 seguint una s\u00e8rie de criteris (inter\u00e8s, comprensi\u00f3, comportament&#8230;).<\/p>\n<p><a href=\"https:\/\/agora.xtec.cat\/ceipalber\/wp-content\/uploads\/usu666\/2024\/10\/Estel-tutors.jpg\"><img loading=\"lazy\" decoding=\"async\" class=\"alignnone  wp-image-1791\" src=\"https:\/\/agora.xtec.cat\/ceipalber\/wp-content\/uploads\/usu666\/2024\/10\/Estel-tutors-1024x768.jpg\" alt=\"\" width=\"539\" height=\"404\" srcset=\"https:\/\/agora.xtec.cat\/ceipalber\/wp-content\/uploads\/usu666\/2024\/10\/Estel-tutors-1024x768.jpg 1024w, https:\/\/agora.xtec.cat\/ceipalber\/wp-content\/uploads\/usu666\/2024\/10\/Estel-tutors-300x225.jpg 300w, https:\/\/agora.xtec.cat\/ceipalber\/wp-content\/uploads\/usu666\/2024\/10\/Estel-tutors-768x576.jpg 768w, https:\/\/agora.xtec.cat\/ceipalber\/wp-content\/uploads\/usu666\/2024\/10\/Estel-tutors-1536x1152.jpg 1536w, https:\/\/agora.xtec.cat\/ceipalber\/wp-content\/uploads\/usu666\/2024\/10\/Estel-tutors-200x150.jpg 200w, https:\/\/agora.xtec.cat\/ceipalber\/wp-content\/uploads\/usu666\/2024\/10\/Estel-tutors.jpg 2000w\" sizes=\"auto, (max-width: 539px) 100vw, 539px\" \/><\/a><\/p>\n<p><strong>La valoraci\u00f3 que fem de l\u2019apadrinament lector \u00e9s molt positiva<\/strong>, ja que es tracta d\u2019una activitat intercicle on els infants no nom\u00e9s adquireixen coneixements i milloren les compet\u00e8ncies ling\u00fc\u00edstiques, sin\u00f3 que tamb\u00e9 es treballen actituds i valors individuals. Els padrins milloren els seus aprenentatges especialment en la lectura i domini del codi, i tamb\u00e9 adquireixen m\u00e9s responsabilitat personal tot ajudant i cooperant m\u00e9s enll\u00e0 de la seva pr\u00f2pia aula.<\/p>\n<p><a href=\"https:\/\/agora.xtec.cat\/ceipalber\/wp-content\/uploads\/usu666\/2024\/10\/moha_tutors.png\"><img loading=\"lazy\" decoding=\"async\" class=\"alignnone  wp-image-1790\" src=\"https:\/\/agora.xtec.cat\/ceipalber\/wp-content\/uploads\/usu666\/2024\/10\/moha_tutors-1024x472.png\" alt=\"\" width=\"549\" height=\"253\" srcset=\"https:\/\/agora.xtec.cat\/ceipalber\/wp-content\/uploads\/usu666\/2024\/10\/moha_tutors-1024x472.png 1024w, https:\/\/agora.xtec.cat\/ceipalber\/wp-content\/uploads\/usu666\/2024\/10\/moha_tutors-300x138.png 300w, https:\/\/agora.xtec.cat\/ceipalber\/wp-content\/uploads\/usu666\/2024\/10\/moha_tutors-768x354.png 768w, https:\/\/agora.xtec.cat\/ceipalber\/wp-content\/uploads\/usu666\/2024\/10\/moha_tutors.png 1450w\" sizes=\"auto, (max-width: 549px) 100vw, 549px\" \/><\/a><\/p>\n","protected":false},"excerpt":{"rendered":"<p>Des de fa ja uns quants cursos, per tal de dinamitzar l&#8217;aprenentatge de la lectura realitzem l\u2019activitat de l\u2019apadrinament lector. Es tracta d\u2019una activitat cooperativa que es realitza en parelles formades per alumnes de cicle superior que fan de padrins de lectura i alumnes de cicle inicial de prim\u00e0ria que fan de fillols. Els padrins [&hellip;]<\/p>\n","protected":false},"author":1,"featured_media":0,"parent":0,"menu_order":0,"comment_status":"closed","ping_status":"closed","template":"","meta":{"_bbp_topic_count":0,"_bbp_reply_count":0,"_bbp_total_topic_count":0,"_bbp_total_reply_count":0,"_bbp_voice_count":0,"_bbp_anonymous_reply_count":0,"_bbp_topic_count_hidden":0,"_bbp_reply_count_hidden":0,"_bbp_forum_subforum_count":0,"site-sidebar-layout":"default","site-content-layout":"","ast-site-content-layout":"","site-content-style":"default","site-sidebar-style":"default","ast-global-header-display":"","ast-banner-title-visibility":"","ast-main-header-display":"","ast-hfb-above-header-display":"","ast-hfb-below-header-display":"","ast-hfb-mobile-header-display":"","site-post-title":"","ast-breadcrumbs-content":"","ast-featured-img":"","footer-sml-layout":"","theme-transparent-header-meta":"","adv-header-id-meta":"","stick-header-meta":"","header-above-stick-meta":"","header-main-stick-meta":"","header-below-stick-meta":"","astra-migrate-meta-layouts":"default","ast-page-background-enabled":"default","ast-page-background-meta":{"desktop":{"background-color":"var(--ast-global-color-4)","background-image":"","background-repeat":"repeat","background-position":"center center","background-size":"auto","background-attachment":"scroll","background-type":"","background-media":"","overlay-type":"","overlay-color":"","overlay-opacity":"","overlay-gradient":""},"tablet":{"background-color":"","background-image":"","background-repeat":"repeat","background-position":"center center","background-size":"auto","background-attachment":"scroll","background-type":"","background-media":"","overlay-type":"","overlay-color":"","overlay-opacity":"","overlay-gradient":""},"mobile":{"background-color":"","background-image":"","background-repeat":"repeat","background-position":"center center","background-size":"auto","background-attachment":"scroll","background-type":"","background-media":"","overlay-type":"","overlay-color":"","overlay-opacity":"","overlay-gradient":""}},"ast-content-background-meta":{"desktop":{"background-color":"var(--ast-global-color-5)","background-image":"","background-repeat":"repeat","background-position":"center center","background-size":"auto","background-attachment":"scroll","background-type":"","background-media":"","overlay-type":"","overlay-color":"","overlay-opacity":"","overlay-gradient":""},"tablet":{"background-color":"var(--ast-global-color-5)","background-image":"","background-repeat":"repeat","background-position":"center center","background-size":"auto","background-attachment":"scroll","background-type":"","background-media":"","overlay-type":"","overlay-color":"","overlay-opacity":"","overlay-gradient":""},"mobile":{"background-color":"var(--ast-global-color-5)","background-image":"","background-repeat":"repeat","background-position":"center center","background-size":"auto","background-attachment":"scroll","background-type":"","background-media":"","overlay-type":"","overlay-color":"","overlay-opacity":"","overlay-gradient":""}},"footnotes":""},"class_list":["post-283","page","type-page","status-publish","hentry"],"post_mailing_queue_ids":[],"_links":{"self":[{"href":"https:\/\/agora.xtec.cat\/ceipalber\/wp-json\/wp\/v2\/pages\/283","targetHints":{"allow":["GET"]}}],"collection":[{"href":"https:\/\/agora.xtec.cat\/ceipalber\/wp-json\/wp\/v2\/pages"}],"about":[{"href":"https:\/\/agora.xtec.cat\/ceipalber\/wp-json\/wp\/v2\/types\/page"}],"author":[{"embeddable":true,"href":"https:\/\/agora.xtec.cat\/ceipalber\/wp-json\/wp\/v2\/users\/1"}],"replies":[{"embeddable":true,"href":"https:\/\/agora.xtec.cat\/ceipalber\/wp-json\/wp\/v2\/comments?post=283"}],"version-history":[{"count":5,"href":"https:\/\/agora.xtec.cat\/ceipalber\/wp-json\/wp\/v2\/pages\/283\/revisions"}],"predecessor-version":[{"id":1792,"href":"https:\/\/agora.xtec.cat\/ceipalber\/wp-json\/wp\/v2\/pages\/283\/revisions\/1792"}],"wp:attachment":[{"href":"https:\/\/agora.xtec.cat\/ceipalber\/wp-json\/wp\/v2\/media?parent=283"}],"curies":[{"name":"wp","href":"https:\/\/api.w.org\/{rel}","templated":true}]}}