{"id":275,"date":"2016-07-08T09:53:32","date_gmt":"2016-07-08T08:53:32","guid":{"rendered":"http:\/\/agora.xtec.cat\/ceipalber\/?page_id=275"},"modified":"2024-10-17T09:23:47","modified_gmt":"2024-10-17T07:23:47","slug":"apadrinament-de-monuments","status":"publish","type":"page","link":"https:\/\/agora.xtec.cat\/ceipalber\/apadrinament-de-monuments\/","title":{"rendered":"Apadrinament de monuments a Cicle Superior: El Romeral"},"content":{"rendered":"<p>&#8220;El Romeral&#8221; s\u00f3n unes restes arqueol\u00f2giques de l&#8217;\u00e8poca romana datades entre els segles I i IV dC. Es tracta d&#8217;una vil\u00b7la romana que fa molt anys que estudien els arque\u00f2legs i on s&#8217;hi duen a terme diferents excavacions i millores. La gent del poble i els nens i nenes de l&#8217;escola ja la identifiquen com el seu monument m\u00e9s important i emblem\u00e0tic; les restes d&#8217;un font de pedra en forma de medusa han esdevingut tot un s\u00edmbol.<\/p>\n<p><a href=\"https:\/\/www.albesa.cat\/el-municipi\/patrimomi\/vil-la-romana-del-romeral\" target=\"_blank\" rel=\"noopener\"><img loading=\"lazy\" decoding=\"async\" class=\"alignnone wp-image-560\" src=\"https:\/\/agora.xtec.cat\/ceipalber\/wp-content\/uploads\/usu666\/2018\/11\/romeral_vista-1024x576.jpg\" alt=\"\" width=\"627\" height=\"353\" srcset=\"https:\/\/agora.xtec.cat\/ceipalber\/wp-content\/uploads\/usu666\/2018\/11\/romeral_vista-1024x576.jpg 1024w, https:\/\/agora.xtec.cat\/ceipalber\/wp-content\/uploads\/usu666\/2018\/11\/romeral_vista-300x169.jpg 300w, https:\/\/agora.xtec.cat\/ceipalber\/wp-content\/uploads\/usu666\/2018\/11\/romeral_vista-768x432.jpg 768w\" sizes=\"auto, (max-width: 627px) 100vw, 627px\" \/><\/a><\/p>\n<p>El projecte comen\u00e7a a partir d\u2019all\u00f2 que saben els alumnes de l\u2019\u00e8poca romana i, m\u00e9s concretament, de la \u201cVil\u00b7la Romana del Romeral\u201d. A partir d\u2019aqu\u00ed, a trav\u00e9s de diferents fonts d\u2019informaci\u00f3 (Internet, llibres publicats sobre \u201cEl Romeral\u201d, la visita amb l\u2019arque\u00f2leg&#8230;) els alumnes van construint el seu aprenentatge sobre el aquestes restes romanes. Per tant, la finalitat del projecte seria con\u00e8ixer i donar a con\u00e8ixer les caracter\u00edstiques de la vil\u00b7la romana i, de retruc, del m\u00f3n rom\u00e0 de des diferents vessants o disciplines.<\/p>\n<h3>Objectius del projecte<\/h3>\n<p>1. Situar la vil\u00b7la en el context hist\u00f2ric i social de refer\u00e8ncia.<\/p>\n<p>2. Concretar els aspectes formals, est\u00e8tics i de context.<\/p>\n<p>3. Con\u00e8ixer i valorar la import\u00e0ncia de la vil\u2022la romana per a la poblaci\u00f3 d\u2019Albesa<\/p>\n<p>4.Con\u00e8ixer aspectes hist\u00f2rics i de cronologia sobre la vil\u2022la<\/p>\n<p>5.Utilitzar les TAC per tal d\u2019elaborar un tr\u00edptic triling\u00fce sobre la vil\u00b7la<\/p>\n<p>6.Desenvolupar les compet\u00e8ncies art\u00edstiques per elaborar un mosaic amb tessel\u2022les recreant-ne algun dels que hi ha a la vil\u2022la.<\/p>\n<p>7. Organitzar una visita guiada per a diferents grups (escoles, fam\u00edlies&#8230;).<\/p>\n<h2><a href=\"https:\/\/agora.xtec.cat\/ceipalber\/general\/visita-a-la-villa-romana-de-cs\/\" target=\"_blank\" rel=\"noopener\">Enlla\u00e7 a la darrera visita al Romeral per part de CS<\/a><\/h2>\n","protected":false},"excerpt":{"rendered":"<p>&#8220;El Romeral&#8221; s\u00f3n unes restes arqueol\u00f2giques de l&#8217;\u00e8poca romana datades entre els segles I i IV dC. Es tracta d&#8217;una vil\u00b7la romana que fa molt anys que estudien els arque\u00f2legs i on s&#8217;hi duen a terme diferents excavacions i millores. La gent del poble i els nens i nenes de l&#8217;escola ja la identifiquen com [&hellip;]<\/p>\n","protected":false},"author":1,"featured_media":0,"parent":0,"menu_order":0,"comment_status":"closed","ping_status":"closed","template":"page-templates\/side-menu.php","meta":{"_bbp_topic_count":0,"_bbp_reply_count":0,"_bbp_total_topic_count":0,"_bbp_total_reply_count":0,"_bbp_voice_count":0,"_bbp_anonymous_reply_count":0,"_bbp_topic_count_hidden":0,"_bbp_reply_count_hidden":0,"_bbp_forum_subforum_count":0,"site-sidebar-layout":"default","site-content-layout":"","ast-site-content-layout":"","site-content-style":"default","site-sidebar-style":"default","ast-global-header-display":"","ast-banner-title-visibility":"","ast-main-header-display":"","ast-hfb-above-header-display":"","ast-hfb-below-header-display":"","ast-hfb-mobile-header-display":"","site-post-title":"","ast-breadcrumbs-content":"","ast-featured-img":"","footer-sml-layout":"","theme-transparent-header-meta":"","adv-header-id-meta":"","stick-header-meta":"","header-above-stick-meta":"","header-main-stick-meta":"","header-below-stick-meta":"","astra-migrate-meta-layouts":"default","ast-page-background-enabled":"default","ast-page-background-meta":{"desktop":{"background-color":"var(--ast-global-color-4)","background-image":"","background-repeat":"repeat","background-position":"center center","background-size":"auto","background-attachment":"scroll","background-type":"","background-media":"","overlay-type":"","overlay-color":"","overlay-opacity":"","overlay-gradient":""},"tablet":{"background-color":"","background-image":"","background-repeat":"repeat","background-position":"center center","background-size":"auto","background-attachment":"scroll","background-type":"","background-media":"","overlay-type":"","overlay-color":"","overlay-opacity":"","overlay-gradient":""},"mobile":{"background-color":"","background-image":"","background-repeat":"repeat","background-position":"center center","background-size":"auto","background-attachment":"scroll","background-type":"","background-media":"","overlay-type":"","overlay-color":"","overlay-opacity":"","overlay-gradient":""}},"ast-content-background-meta":{"desktop":{"background-color":"var(--ast-global-color-5)","background-image":"","background-repeat":"repeat","background-position":"center center","background-size":"auto","background-attachment":"scroll","background-type":"","background-media":"","overlay-type":"","overlay-color":"","overlay-opacity":"","overlay-gradient":""},"tablet":{"background-color":"var(--ast-global-color-5)","background-image":"","background-repeat":"repeat","background-position":"center center","background-size":"auto","background-attachment":"scroll","background-type":"","background-media":"","overlay-type":"","overlay-color":"","overlay-opacity":"","overlay-gradient":""},"mobile":{"background-color":"var(--ast-global-color-5)","background-image":"","background-repeat":"repeat","background-position":"center center","background-size":"auto","background-attachment":"scroll","background-type":"","background-media":"","overlay-type":"","overlay-color":"","overlay-opacity":"","overlay-gradient":""}},"footnotes":""},"class_list":["post-275","page","type-page","status-publish","hentry"],"post_mailing_queue_ids":[],"_links":{"self":[{"href":"https:\/\/agora.xtec.cat\/ceipalber\/wp-json\/wp\/v2\/pages\/275","targetHints":{"allow":["GET"]}}],"collection":[{"href":"https:\/\/agora.xtec.cat\/ceipalber\/wp-json\/wp\/v2\/pages"}],"about":[{"href":"https:\/\/agora.xtec.cat\/ceipalber\/wp-json\/wp\/v2\/types\/page"}],"author":[{"embeddable":true,"href":"https:\/\/agora.xtec.cat\/ceipalber\/wp-json\/wp\/v2\/users\/1"}],"replies":[{"embeddable":true,"href":"https:\/\/agora.xtec.cat\/ceipalber\/wp-json\/wp\/v2\/comments?post=275"}],"version-history":[{"count":5,"href":"https:\/\/agora.xtec.cat\/ceipalber\/wp-json\/wp\/v2\/pages\/275\/revisions"}],"predecessor-version":[{"id":1854,"href":"https:\/\/agora.xtec.cat\/ceipalber\/wp-json\/wp\/v2\/pages\/275\/revisions\/1854"}],"wp:attachment":[{"href":"https:\/\/agora.xtec.cat\/ceipalber\/wp-json\/wp\/v2\/media?parent=275"}],"curies":[{"name":"wp","href":"https:\/\/api.w.org\/{rel}","templated":true}]}}