{"id":256,"date":"2016-07-08T09:37:10","date_gmt":"2016-07-08T08:37:10","guid":{"rendered":"http:\/\/agora.xtec.cat\/ceipalber\/?page_id=256"},"modified":"2026-03-27T09:26:37","modified_gmt":"2026-03-27T08:26:37","slug":"claustre","status":"publish","type":"page","link":"https:\/\/agora.xtec.cat\/ceipalber\/lescola\/claustre\/","title":{"rendered":"Claustre curs 25-26"},"content":{"rendered":"<p>&nbsp;<\/p>\n<table style=\"height: 1606px; background-color: #ced4d6; width: 86.5686%;\" width=\"86.5686%\">\n<tbody>\n<tr style=\"border-color: #648fcc; background-color: #6f8abf;\">\n<td style=\"width: 30.7453%; text-align: center; height: 118px;\">\n<h2><span style=\"color: #ff0000;\"><strong>Mestre\/a<\/strong><\/span><\/h2>\n<\/td>\n<td style=\"width: 26.2422%; text-align: center; height: 118px;\">\n<h2><span style=\"color: #ff0000;\"><strong>Especialitat<\/strong><\/span><\/h2>\n<\/td>\n<td style=\"width: 12.2671%; text-align: center; height: 118px;\">\n<h2><span style=\"color: #ff0000;\"><strong>Curs<\/strong><\/span><\/h2>\n<\/td>\n<td style=\"width: 28.882%; text-align: center; height: 118px;\">\n<h2><span style=\"color: #ff0000;\"><strong>C\u00e0rrec<\/strong><\/span><\/h2>\n<\/td>\n<\/tr>\n<tr style=\"height: 89px;\">\n<td style=\"width: 30.7453%; height: 89px;\">\n<h4>Valls Tarrag\u00f3, Mireia<\/h4>\n<\/td>\n<td style=\"width: 26.2422%; height: 89px;\">Infantil<\/td>\n<td style=\"width: 12.2671%; text-align: center; height: 89px;\">I3<\/td>\n<td style=\"width: 28.882%; height: 89px;\"><\/td>\n<\/tr>\n<tr style=\"height: 89px;\">\n<td style=\"width: 30.7453%; height: 89px;\">\n<h4>Sol\u00e9 Escol\u00e0, Berta<\/h4>\n<\/td>\n<td style=\"width: 26.2422%; height: 89px;\">Infantil<\/td>\n<td style=\"width: 12.2671%; text-align: center; height: 89px;\">I4<\/td>\n<td style=\"width: 28.882%; height: 89px;\"><\/td>\n<\/tr>\n<tr style=\"height: 125px;\">\n<td style=\"width: 30.7453%; height: 125px;\">\n<h4>Arbon\u00e9s S\u00e1nchez, Anna<\/h4>\n<\/td>\n<td style=\"width: 26.2422%; height: 125px;\">Infantil<\/td>\n<td style=\"width: 12.2671%; text-align: center; height: 125px;\">I5<\/td>\n<td style=\"width: 28.882%; height: 125px;\">Coordinadora Ed. Infantil<\/td>\n<\/tr>\n<tr style=\"height: 89px;\">\n<td style=\"width: 30.7453%; height: 89px;\">\n<h4>\u00a0Terr\u00e9 Baldom\u00e0, Joana<\/h4>\n<\/td>\n<td style=\"width: 26.2422%; height: 89px;\">Prim\u00e0ria<\/td>\n<td style=\"width: 12.2671%; text-align: center; height: 89px;\">1r<\/td>\n<td style=\"width: 28.882%; height: 89px;\">Coordinadora inform\u00e0tica<\/td>\n<\/tr>\n<tr style=\"height: 89px;\">\n<td style=\"width: 30.7453%; height: 89px;\">\n<h4 style=\"background-color: #ced4d6;\">Torreguitart Docel, Sebasti\u00e0<\/h4>\n<\/td>\n<td style=\"width: 26.2422%; height: 89px;\">Prim\u00e0ria<\/td>\n<td style=\"width: 12.2671%; text-align: center; height: 89px;\">2n<\/td>\n<td style=\"width: 28.882%; height: 89px;\">Coordinadora CI<\/td>\n<\/tr>\n<tr style=\"height: 125px;\">\n<td style=\"width: 30.7453%; height: 125px;\">\n<h4>Buend\u00eda Razola, Arantxa<\/h4>\n<\/td>\n<td style=\"width: 26.2422%; height: 125px;\">Prim\u00e0ria<\/td>\n<td style=\"width: 12.2671%; text-align: center; height: 125px;\">3r<\/td>\n<td style=\"width: 28.882%; height: 125px;\">Coordinador CM<\/p>\n<p>Coordinadora Riscos<\/td>\n<\/tr>\n<tr style=\"height: 89px;\">\n<td style=\"width: 30.7453%; height: 89px;\">\n<h4>Alegre Mayoral, Eva<\/h4>\n<\/td>\n<td style=\"width: 26.2422%; height: 89px;\">Prim\u00e0ria<\/td>\n<td style=\"width: 12.2671%; text-align: center; height: 89px;\">4t<\/td>\n<td style=\"width: 28.882%; height: 89px;\"><\/td>\n<\/tr>\n<tr style=\"height: 62px;\">\n<td style=\"width: 30.7453%; height: 62px;\">\n<h4><strong><span style=\"background-color: #f9f9f9; font-size: 1.125em;\">Xim\u00e9nez Padilla, Ester<\/span><\/strong><\/h4>\n<\/td>\n<td style=\"width: 26.2422%; height: 62px;\">Prim\u00e0ria \/angl\u00e8s<\/td>\n<td style=\"width: 12.2671%; text-align: center; height: 62px;\">5\u00e8<\/td>\n<td style=\"width: 28.882%; height: 62px;\">Coordinadora Prim\u00e0ria<\/td>\n<\/tr>\n<tr style=\"height: 125px;\">\n<td style=\"width: 30.7453%; height: 125px;\">\n<h4 style=\"background-color: #ced4d6;\"><span style=\"background-color: #f9f9f9;\">Gasulla Fern\u00e1ndez, Anna<\/span><\/h4>\n<\/td>\n<td style=\"width: 26.2422%; height: 125px;\">Prim\u00e0ria<\/td>\n<td style=\"width: 12.2671%; text-align: center; height: 125px;\">6\u00e8<\/td>\n<td style=\"width: 28.882%; height: 125px;\"><span style=\"background-color: #d6cece;\">Coordinadora de cicle<\/span><\/p>\n<p>Coordinadora LIC<\/td>\n<\/tr>\n<tr style=\"height: 125px;\">\n<td style=\"width: 30.7453%; height: 125px;\">\n<h4><span style=\"background-color: #d6cece;\">V\u00e1zquez Casta\u00f1o, Meritxell<\/span><\/h4>\n<\/td>\n<td style=\"width: 26.2422%; height: 125px;\">Educaci\u00f3 Especial<\/td>\n<td style=\"width: 12.2671%; text-align: center; height: 125px;\">&#8212;<\/td>\n<td style=\"width: 28.882%; height: 125px;\">Coordinadora COCOBE\/CAEI<\/td>\n<\/tr>\n<tr style=\"height: 125px;\">\n<td style=\"width: 30.7453%; height: 125px;\">\n<h4>Ribes Carmona, Patr\u00edcia<\/h4>\n<\/td>\n<td style=\"width: 26.2422%; height: 125px;\">M\u00fasica<\/td>\n<td style=\"width: 12.2671%; text-align: center; height: 125px;\">&#8212;<\/td>\n<td style=\"width: 28.882%; height: 125px;\"><\/td>\n<\/tr>\n<tr style=\"height: 89px;\">\n<td style=\"width: 30.7453%; height: 89px;\">\n<h4>Pons Serra, Carme<\/h4>\n<\/td>\n<td style=\"width: 26.2422%; height: 89px;\">Angl\u00e8s \/ Pl\u00e0stica<\/td>\n<td style=\"width: 12.2671%; text-align: center; height: 89px;\">&#8212;<\/td>\n<td style=\"width: 28.882%; height: 89px;\">Directora<\/td>\n<\/tr>\n<tr style=\"height: 89px;\">\n<td style=\"width: 30.7453%; height: 89px;\">\n<h4>Farr\u00e9s Domingo, Vanessa<\/h4>\n<\/td>\n<td style=\"width: 26.2422%; height: 89px;\">Refor\u00e7, tecnologia<\/td>\n<td style=\"width: 12.2671%; text-align: center; height: 89px;\">&#8212;<\/td>\n<td style=\"width: 28.882%; height: 89px;\">Secret\u00e0ria<\/td>\n<\/tr>\n<tr style=\"height: 89px;\">\n<td style=\"width: 30.7453%; height: 89px;\">\n<h4>Olivart Fabregat, Xavier<\/h4>\n<\/td>\n<td style=\"width: 26.2422%; height: 89px;\">Ed. F\u00edsica<\/td>\n<td style=\"width: 12.2671%; text-align: center; height: 89px;\">&#8212;<\/td>\n<td style=\"width: 28.882%; height: 89px;\">Cap d\u2019estudis<\/td>\n<\/tr>\n<tr>\n<td style=\"width: 30.7453%;\">\n<h4>Cemeli Castillo, Marta<\/h4>\n<\/td>\n<td style=\"width: 26.2422%;\">Aula d&#8217;acollida<\/td>\n<td style=\"width: 12.2671%; text-align: center;\"><\/td>\n<td style=\"width: 28.882%;\"><\/td>\n<\/tr>\n<tr style=\"height: 89px;\">\n<td style=\"width: 30.7453%; height: 89px;\">\n<h4>Panavera Mor, Arnau<\/h4>\n<\/td>\n<td style=\"width: 26.2422%; height: 89px;\">Religi\u00f3<\/td>\n<td style=\"width: 12.2671%; text-align: center; height: 89px;\">&#8212;<\/td>\n<td style=\"width: 28.882%; height: 89px;\"><\/td>\n<\/tr>\n<\/tbody>\n<\/table>\n","protected":false},"excerpt":{"rendered":"<p>&nbsp; Mestre\/a Especialitat Curs C\u00e0rrec Valls Tarrag\u00f3, Mireia Infantil I3 Sol\u00e9 Escol\u00e0, Berta Infantil I4 Arbon\u00e9s S\u00e1nchez, Anna Infantil I5 Coordinadora Ed. Infantil \u00a0Terr\u00e9 Baldom\u00e0, Joana Prim\u00e0ria 1r Coordinadora inform\u00e0tica Torreguitart Docel, Sebasti\u00e0 Prim\u00e0ria 2n Coordinadora CI Buend\u00eda Razola, Arantxa Prim\u00e0ria 3r Coordinador CM Coordinadora Riscos Alegre Mayoral, Eva Prim\u00e0ria 4t Xim\u00e9nez Padilla, Ester Prim\u00e0ria [&hellip;]<\/p>\n","protected":false},"author":1,"featured_media":0,"parent":22,"menu_order":0,"comment_status":"closed","ping_status":"closed","template":"","meta":{"_bbp_topic_count":0,"_bbp_reply_count":0,"_bbp_total_topic_count":0,"_bbp_total_reply_count":0,"_bbp_voice_count":0,"_bbp_anonymous_reply_count":0,"_bbp_topic_count_hidden":0,"_bbp_reply_count_hidden":0,"_bbp_forum_subforum_count":0,"site-sidebar-layout":"default","site-content-layout":"","ast-site-content-layout":"default","site-content-style":"default","site-sidebar-style":"default","ast-global-header-display":"","ast-banner-title-visibility":"","ast-main-header-display":"","ast-hfb-above-header-display":"","ast-hfb-below-header-display":"","ast-hfb-mobile-header-display":"","site-post-title":"","ast-breadcrumbs-content":"","ast-featured-img":"","footer-sml-layout":"","theme-transparent-header-meta":"default","adv-header-id-meta":"","stick-header-meta":"","header-above-stick-meta":"","header-main-stick-meta":"","header-below-stick-meta":"","astra-migrate-meta-layouts":"set","ast-page-background-enabled":"default","ast-page-background-meta":{"desktop":{"background-color":"var(--ast-global-color-4)","background-image":"","background-repeat":"repeat","background-position":"center center","background-size":"auto","background-attachment":"scroll","background-type":"","background-media":"","overlay-type":"","overlay-color":"","overlay-opacity":"","overlay-gradient":""},"tablet":{"background-color":"","background-image":"","background-repeat":"repeat","background-position":"center center","background-size":"auto","background-attachment":"scroll","background-type":"","background-media":"","overlay-type":"","overlay-color":"","overlay-opacity":"","overlay-gradient":""},"mobile":{"background-color":"","background-image":"","background-repeat":"repeat","background-position":"center center","background-size":"auto","background-attachment":"scroll","background-type":"","background-media":"","overlay-type":"","overlay-color":"","overlay-opacity":"","overlay-gradient":""}},"ast-content-background-meta":{"desktop":{"background-color":"var(--ast-global-color-5)","background-image":"","background-repeat":"repeat","background-position":"center center","background-size":"auto","background-attachment":"scroll","background-type":"","background-media":"","overlay-type":"","overlay-color":"","overlay-opacity":"","overlay-gradient":""},"tablet":{"background-color":"var(--ast-global-color-5)","background-image":"","background-repeat":"repeat","background-position":"center center","background-size":"auto","background-attachment":"scroll","background-type":"","background-media":"","overlay-type":"","overlay-color":"","overlay-opacity":"","overlay-gradient":""},"mobile":{"background-color":"var(--ast-global-color-5)","background-image":"","background-repeat":"repeat","background-position":"center center","background-size":"auto","background-attachment":"scroll","background-type":"","background-media":"","overlay-type":"","overlay-color":"","overlay-opacity":"","overlay-gradient":""}},"footnotes":""},"class_list":["post-256","page","type-page","status-publish","hentry"],"post_mailing_queue_ids":[],"_links":{"self":[{"href":"https:\/\/agora.xtec.cat\/ceipalber\/wp-json\/wp\/v2\/pages\/256","targetHints":{"allow":["GET"]}}],"collection":[{"href":"https:\/\/agora.xtec.cat\/ceipalber\/wp-json\/wp\/v2\/pages"}],"about":[{"href":"https:\/\/agora.xtec.cat\/ceipalber\/wp-json\/wp\/v2\/types\/page"}],"author":[{"embeddable":true,"href":"https:\/\/agora.xtec.cat\/ceipalber\/wp-json\/wp\/v2\/users\/1"}],"replies":[{"embeddable":true,"href":"https:\/\/agora.xtec.cat\/ceipalber\/wp-json\/wp\/v2\/comments?post=256"}],"version-history":[{"count":6,"href":"https:\/\/agora.xtec.cat\/ceipalber\/wp-json\/wp\/v2\/pages\/256\/revisions"}],"predecessor-version":[{"id":2396,"href":"https:\/\/agora.xtec.cat\/ceipalber\/wp-json\/wp\/v2\/pages\/256\/revisions\/2396"}],"up":[{"embeddable":true,"href":"https:\/\/agora.xtec.cat\/ceipalber\/wp-json\/wp\/v2\/pages\/22"}],"wp:attachment":[{"href":"https:\/\/agora.xtec.cat\/ceipalber\/wp-json\/wp\/v2\/media?parent=256"}],"curies":[{"name":"wp","href":"https:\/\/api.w.org\/{rel}","templated":true}]}}