{"id":254,"date":"2016-07-08T09:36:53","date_gmt":"2016-07-08T08:36:53","guid":{"rendered":"http:\/\/agora.xtec.cat\/ceipalber\/?page_id=254"},"modified":"2025-09-24T09:26:38","modified_gmt":"2025-09-24T07:26:38","slug":"consell-escolar","status":"publish","type":"page","link":"https:\/\/agora.xtec.cat\/ceipalber\/consell-escolar\/","title":{"rendered":"Consell Escolar 25-26"},"content":{"rendered":"<h1 style=\"text-align: left;\"><strong>Membres actuals del Consell Escolar<\/strong><\/h1>\n<table style=\"height: 768px; border-color: #000000;\" width=\"610\">\n<tbody>\n<tr style=\"height: 55px;\">\n<td style=\"width: 323px; height: 55px;\">\n<h3><strong>Nom i cognoms<\/strong><\/h3>\n<\/td>\n<td style=\"width: 279px; height: 55px;\">\n<h3><strong>Representant<\/strong><\/h3>\n<\/td>\n<\/tr>\n<tr style=\"height: 55px;\">\n<td style=\"width: 323px; height: 55px;\">Sra. M. Carme Pons Serra<\/td>\n<td style=\"width: 279px; height: 55px;\">President (directora)<\/td>\n<\/tr>\n<tr style=\"height: 55px;\">\n<td style=\"width: 323px; height: 55px;\">Sr. Xavier Olivart Fabregat<\/td>\n<td style=\"width: 279px; height: 55px;\">Cap d\u2019Estudis<\/td>\n<\/tr>\n<tr style=\"height: 55px;\">\n<td style=\"width: 323px; height: 55px;\">Sra. Berta Sol\u00e9 Escol\u00e0<\/td>\n<td style=\"width: 279px; height: 55px;\">Representant professors<\/td>\n<\/tr>\n<tr style=\"height: 55px;\">\n<td style=\"width: 323px; height: 55px;\">Sra. Anna Gasulla Fern\u00e1ndez<\/td>\n<td style=\"width: 279px; height: 55px;\">Representant professors<\/td>\n<\/tr>\n<tr style=\"height: 55px;\">\n<td style=\"width: 323px; height: 55px;\">Sra. Joana Terr\u00e9 Baldom\u00e0<\/td>\n<td style=\"width: 279px; height: 55px;\">Representant professors<\/td>\n<\/tr>\n<tr style=\"height: 55px;\">\n<td style=\"width: 323px; height: 55px;\">Sra. Maria Sogues Sabat\u00e9 Mitjans<\/td>\n<td style=\"width: 279px; height: 55px;\">Representant professors<\/td>\n<\/tr>\n<tr style=\"height: 53px;\">\n<td style=\"width: 323px; height: 53px;\">Sr. Arantxa Buend\u00eda Razola<\/td>\n<td style=\"width: 279px; height: 53px;\">Representant professors<\/td>\n<\/tr>\n<tr style=\"height: 55px;\">\n<td style=\"width: 323px; height: 55px;\">Sra. Ester Melet<\/td>\n<td style=\"width: 279px; height: 55px;\">Representant ajuntament<\/td>\n<\/tr>\n<tr style=\"height: 55px;\">\n<td style=\"width: 323px; height: 55px;\">Sra. Cl\u00e0udia Casanova<\/td>\n<td style=\"width: 279px; height: 55px;\">Representant AFA<\/td>\n<\/tr>\n<tr style=\"height: 55px;\">\n<td style=\"width: 323px; height: 55px;\">Sra. \u00c0ngels Parial Clavel<\/td>\n<td style=\"width: 279px; height: 55px;\">Representant pares\/mares<\/td>\n<\/tr>\n<tr>\n<td style=\"width: 323px;\">Sra. Ester Parial Clavel<\/td>\n<td style=\"width: 279px;\">Representant pares\/mares<\/td>\n<\/tr>\n<tr style=\"height: 55px;\">\n<td style=\"width: 323px; height: 55px;\">Sr. Carles Comas Rodr\u00edguez<\/td>\n<td style=\"width: 279px; height: 55px;\">Representant pares\/mares<\/td>\n<\/tr>\n<tr>\n<td style=\"width: 323px;\">Sra. Jordina Santamar\u00eda Hern\u00e1ndez<\/td>\n<td style=\"width: 279px;\">Representant pares\/mares<\/td>\n<\/tr>\n<tr style=\"height: 55px;\">\n<td style=\"width: 323px; height: 55px;\">Sra. Elisabet Nolla Vilagrasa<\/td>\n<td style=\"width: 279px; height: 55px;\">Representant PAS<\/td>\n<\/tr>\n<tr style=\"height: 55px;\">\n<td style=\"width: 323px; height: 55px;\">Sra. Vanessa Farr\u00e9s Domingo<\/td>\n<td style=\"width: 279px; height: 55px;\">Secret\u00e0ria (Secret\u00e0ria del centre)<\/td>\n<\/tr>\n<\/tbody>\n<\/table>\n<p>&nbsp;<\/p>\n","protected":false},"excerpt":{"rendered":"<p>Membres actuals del Consell Escolar Nom i cognoms Representant Sra. M. Carme Pons Serra President (directora) Sr. Xavier Olivart Fabregat Cap d\u2019Estudis Sra. Berta Sol\u00e9 Escol\u00e0 Representant professors Sra. Anna Gasulla Fern\u00e1ndez Representant professors Sra. Joana Terr\u00e9 Baldom\u00e0 Representant professors Sra. Maria Sogues Sabat\u00e9 Mitjans Representant professors Sr. Arantxa Buend\u00eda Razola Representant professors Sra. Ester [&hellip;]<\/p>\n","protected":false},"author":1,"featured_media":0,"parent":0,"menu_order":0,"comment_status":"closed","ping_status":"closed","template":"","meta":{"_bbp_topic_count":0,"_bbp_reply_count":0,"_bbp_total_topic_count":0,"_bbp_total_reply_count":0,"_bbp_voice_count":0,"_bbp_anonymous_reply_count":0,"_bbp_topic_count_hidden":0,"_bbp_reply_count_hidden":0,"_bbp_forum_subforum_count":0,"site-sidebar-layout":"default","site-content-layout":"","ast-site-content-layout":"","site-content-style":"default","site-sidebar-style":"default","ast-global-header-display":"","ast-banner-title-visibility":"","ast-main-header-display":"","ast-hfb-above-header-display":"","ast-hfb-below-header-display":"","ast-hfb-mobile-header-display":"","site-post-title":"","ast-breadcrumbs-content":"","ast-featured-img":"","footer-sml-layout":"","theme-transparent-header-meta":"","adv-header-id-meta":"","stick-header-meta":"","header-above-stick-meta":"","header-main-stick-meta":"","header-below-stick-meta":"","astra-migrate-meta-layouts":"default","ast-page-background-enabled":"default","ast-page-background-meta":{"desktop":{"background-color":"var(--ast-global-color-4)","background-image":"","background-repeat":"repeat","background-position":"center center","background-size":"auto","background-attachment":"scroll","background-type":"","background-media":"","overlay-type":"","overlay-color":"","overlay-opacity":"","overlay-gradient":""},"tablet":{"background-color":"","background-image":"","background-repeat":"repeat","background-position":"center center","background-size":"auto","background-attachment":"scroll","background-type":"","background-media":"","overlay-type":"","overlay-color":"","overlay-opacity":"","overlay-gradient":""},"mobile":{"background-color":"","background-image":"","background-repeat":"repeat","background-position":"center center","background-size":"auto","background-attachment":"scroll","background-type":"","background-media":"","overlay-type":"","overlay-color":"","overlay-opacity":"","overlay-gradient":""}},"ast-content-background-meta":{"desktop":{"background-color":"var(--ast-global-color-5)","background-image":"","background-repeat":"repeat","background-position":"center center","background-size":"auto","background-attachment":"scroll","background-type":"","background-media":"","overlay-type":"","overlay-color":"","overlay-opacity":"","overlay-gradient":""},"tablet":{"background-color":"var(--ast-global-color-5)","background-image":"","background-repeat":"repeat","background-position":"center center","background-size":"auto","background-attachment":"scroll","background-type":"","background-media":"","overlay-type":"","overlay-color":"","overlay-opacity":"","overlay-gradient":""},"mobile":{"background-color":"var(--ast-global-color-5)","background-image":"","background-repeat":"repeat","background-position":"center center","background-size":"auto","background-attachment":"scroll","background-type":"","background-media":"","overlay-type":"","overlay-color":"","overlay-opacity":"","overlay-gradient":""}},"footnotes":""},"class_list":["post-254","page","type-page","status-publish","hentry"],"post_mailing_queue_ids":[],"_links":{"self":[{"href":"https:\/\/agora.xtec.cat\/ceipalber\/wp-json\/wp\/v2\/pages\/254","targetHints":{"allow":["GET"]}}],"collection":[{"href":"https:\/\/agora.xtec.cat\/ceipalber\/wp-json\/wp\/v2\/pages"}],"about":[{"href":"https:\/\/agora.xtec.cat\/ceipalber\/wp-json\/wp\/v2\/types\/page"}],"author":[{"embeddable":true,"href":"https:\/\/agora.xtec.cat\/ceipalber\/wp-json\/wp\/v2\/users\/1"}],"replies":[{"embeddable":true,"href":"https:\/\/agora.xtec.cat\/ceipalber\/wp-json\/wp\/v2\/comments?post=254"}],"version-history":[{"count":7,"href":"https:\/\/agora.xtec.cat\/ceipalber\/wp-json\/wp\/v2\/pages\/254\/revisions"}],"predecessor-version":[{"id":2140,"href":"https:\/\/agora.xtec.cat\/ceipalber\/wp-json\/wp\/v2\/pages\/254\/revisions\/2140"}],"wp:attachment":[{"href":"https:\/\/agora.xtec.cat\/ceipalber\/wp-json\/wp\/v2\/media?parent=254"}],"curies":[{"name":"wp","href":"https:\/\/api.w.org\/{rel}","templated":true}]}}