{"id":1882,"date":"2024-10-24T11:48:27","date_gmt":"2024-10-24T09:48:27","guid":{"rendered":"https:\/\/agora.xtec.cat\/ceipalber\/?page_id=1882"},"modified":"2026-02-27T10:11:59","modified_gmt":"2026-02-27T09:11:59","slug":"steam-cat","status":"publish","type":"page","link":"https:\/\/agora.xtec.cat\/ceipalber\/steam-cat\/","title":{"rendered":"STEAM.CAT"},"content":{"rendered":"<h1><b>Programa d\u2019innovaci\u00f3 <a href=\"https:\/\/projectes.xtec.cat\/steamcat\/\" target=\"_blank\" rel=\"noopener\"><span style=\"color: #ff6600;\">STEAMcat<\/span><\/a><\/b><\/h1>\n<h2>Curs 25-26<\/h2>\n<h3>1a Comunitat Territorial als SSTT d&#8217;Educaci\u00f3 a Lleida (8-10-2025) &gt; Veure <a href=\"https:\/\/agora.xtec.cat\/ceipalber\/?p=2155&amp;preview=true\" target=\"_blank\" rel=\"noopener\">article<\/a><\/h3>\n<h3><a href=\"https:\/\/projectes.xtec.cat\/steamcat\/comunitat-24-27\/steamxaprendre\/\" target=\"_blank\" rel=\"noopener\">2a Comunitat territorial<\/a> a Espai Bital \u2013\u00a0<a href=\"https:\/\/www.google.com\/maps\/place\/\/data=!4m2!3m1!1s0x12a49995dc2fe09d:0x226f0bedabf03b8d?sa=X&amp;ved=1t:8290&amp;ictx=111\">C. de Jos\u00e9 Agust\u00edn Goytisolo, 22, 28, 08908 L\u2019Hospitalet de Llobregat, Barcelona<\/a><\/h3>\n<p>Dos membres del nucli impulsor hi hem participat: hem realitzat els tallers d&#8217;iniciaci\u00f3 a la <strong>impressi\u00f3 3D maker<\/strong> i el de d\u2019<strong>indagaci\u00f3<\/strong>\u00a0basat en les <strong>caixes Mystery Boxes<\/strong>.<\/p>\n<p>Dos membres de l&#8217;equip impulsor realitzem un <a href=\"https:\/\/sites.google.com\/xtec.cat\/fabricaciodigitalmaker\/fabricaci%C3%B3-digital-amb-sentit-i-aplicaci%C3%B3-a-laula\" target=\"_blank\" rel=\"noopener\">curs d&#8217;eines maker<\/a> (talladora l\u00e0ser i impressora 3D) al CRP de la Noguera.<\/p>\n<h3>3a Comunitat territorial a l&#8217;<a href=\"https:\/\/www.paeria.cat\/ca\/actualitat\/noticies\/espai-ciencia-06-un-nou-espai-educatiu-de-la-ciutat-al-museu-de-l2019aigua\" target=\"_blank\" rel=\"noopener\">Espai Ci\u00e8ncia 06<\/a> de Lleida<\/h3>\n<p>Dos membres de l&#8217;equip impulsor participen a la trobada de la comunitat STEAM del dia 21 de gener a Espai Ci\u00e8ncia 0-6 Lleida (Museu de l&#8217;aigua), un espai d\u2019innovaci\u00f3 educativa on, mitjan\u00e7ant diverses propostes educatives i el joc, els infants de 0 a 6 anys poden descobrir fen\u00f2mens cient\u00edfics, observar i indagar.<\/p>\n<p><a href=\"https:\/\/agora.xtec.cat\/ceipalber\/wp-content\/uploads\/usu666\/2026\/01\/espai_ciencia-1.jpg\"><img loading=\"lazy\" decoding=\"async\" class=\"alignnone wp-image-2267\" src=\"https:\/\/agora.xtec.cat\/ceipalber\/wp-content\/uploads\/usu666\/2026\/01\/espai_ciencia-1.jpg\" alt=\"\" width=\"645\" height=\"356\" srcset=\"https:\/\/agora.xtec.cat\/ceipalber\/wp-content\/uploads\/usu666\/2026\/01\/espai_ciencia-1.jpg 1024w, https:\/\/agora.xtec.cat\/ceipalber\/wp-content\/uploads\/usu666\/2026\/01\/espai_ciencia-1-300x166.jpg 300w, https:\/\/agora.xtec.cat\/ceipalber\/wp-content\/uploads\/usu666\/2026\/01\/espai_ciencia-1-768x424.jpg 768w\" sizes=\"auto, (max-width: 645px) 100vw, 645px\" \/><\/a><a href=\"https:\/\/agora.xtec.cat\/ceipalber\/wp-content\/uploads\/usu666\/2026\/01\/Vane_Joana-1.jpg\"><img loading=\"lazy\" decoding=\"async\" class=\"alignnone wp-image-2268\" src=\"https:\/\/agora.xtec.cat\/ceipalber\/wp-content\/uploads\/usu666\/2026\/01\/Vane_Joana-1.jpg\" alt=\"\" width=\"234\" height=\"355\" srcset=\"https:\/\/agora.xtec.cat\/ceipalber\/wp-content\/uploads\/usu666\/2026\/01\/Vane_Joana-1.jpg 335w, https:\/\/agora.xtec.cat\/ceipalber\/wp-content\/uploads\/usu666\/2026\/01\/Vane_Joana-1-198x300.jpg 198w\" sizes=\"auto, (max-width: 234px) 100vw, 234px\" \/><\/a><\/p>\n<p>&nbsp;<\/p>\n<h3>4a Comunitat gran a l&#8217;<a href=\"https:\/\/tabaris.net\/\" target=\"_blank\" rel=\"noopener\">Espai Tabaris<\/a> de Coma-Ruga (El Vendrell).<\/h3>\n<p>Dos membres de l&#8217;equip impulsor participen a la trobada de la comunitat STEAM gran el dia 25 de febrer a l&#8217;<a href=\"https:\/\/tabaris.net\/\" target=\"_blank\" rel=\"noopener\">Espai Tabaris<\/a>.<\/p>\n<p><a href=\"https:\/\/projectes.xtec.cat\/steamcat\/construint-pensament-critic\/\" target=\"_blank\" rel=\"noopener\"><img loading=\"lazy\" decoding=\"async\" class=\"alignnone size-full wp-image-2346\" src=\"https:\/\/agora.xtec.cat\/ceipalber\/wp-content\/uploads\/usu666\/2026\/02\/Tabaris.jpg\" alt=\"\" width=\"878\" height=\"250\" srcset=\"https:\/\/agora.xtec.cat\/ceipalber\/wp-content\/uploads\/usu666\/2026\/02\/Tabaris.jpg 878w, https:\/\/agora.xtec.cat\/ceipalber\/wp-content\/uploads\/usu666\/2026\/02\/Tabaris-300x85.jpg 300w, https:\/\/agora.xtec.cat\/ceipalber\/wp-content\/uploads\/usu666\/2026\/02\/Tabaris-768x219.jpg 768w\" sizes=\"auto, (max-width: 878px) 100vw, 878px\" \/><\/a><\/p>\n<h5>Veure l&#8217;<a href=\"https:\/\/agora.xtec.cat\/ceipalber\/general\/steamcat-i-pensament-critic\/\" target=\"_blank\" rel=\"noopener\">article publicat<\/a> on fem refer\u00e8ncia aquesta Jornada STEAM.<\/h5>\n<p>&nbsp;<\/p>\n<h2><span style=\"color: #0000ff;\"><span style=\"color: #808080;\">** Treball dels diferents cicles &gt;<\/span> <a href=\"https:\/\/sites.google.com\/xtec.cat\/escolalalber?usp=sharing\" target=\"_blank\" rel=\"noopener\">Enlla\u00e7 al site\u00a0<\/a><\/span><\/h2>\n<h3><\/h3>\n<h3><b>Qu\u00e8 pret\u00e9n el Programa d\u2019Innovaci\u00f3 <a href=\"https:\/\/projectes.xtec.cat\/steamcat\/\" target=\"_blank\" rel=\"noopener\"><span style=\"color: #ff6600;\">STEAMcat<\/span><\/a>?<\/b><\/h3>\n<p><a href=\"https:\/\/projectes.xtec.cat\/steamcat\/\" target=\"_blank\" rel=\"noopener\"><img loading=\"lazy\" decoding=\"async\" class=\"alignnone wp-image-1886\" src=\"https:\/\/agora.xtec.cat\/ceipalber\/wp-content\/uploads\/usu666\/2024\/10\/steam_logo.png\" alt=\"\" width=\"397\" height=\"298\" srcset=\"https:\/\/agora.xtec.cat\/ceipalber\/wp-content\/uploads\/usu666\/2024\/10\/steam_logo.png 960w, https:\/\/agora.xtec.cat\/ceipalber\/wp-content\/uploads\/usu666\/2024\/10\/steam_logo-300x225.png 300w, https:\/\/agora.xtec.cat\/ceipalber\/wp-content\/uploads\/usu666\/2024\/10\/steam_logo-768x576.png 768w, https:\/\/agora.xtec.cat\/ceipalber\/wp-content\/uploads\/usu666\/2024\/10\/steam_logo-200x150.png 200w\" sizes=\"auto, (max-width: 397px) 100vw, 397px\" \/><\/a><\/p>\n<p><span style=\"font-weight: 400;\">Generar i potenciar l\u2019inter\u00e8s de l\u2019alumnat d\u2019Educaci\u00f3 B\u00e0sica cap a:\u00a0<\/span><\/p>\n<ul>\n<li style=\"font-weight: 400;\" aria-level=\"1\"><span style=\"font-weight: 400;\">les <\/span><b>ci\u00e8ncies<\/b><\/li>\n<li style=\"font-weight: 400;\" aria-level=\"1\"><span style=\"font-weight: 400;\">la <\/span><b>tecnologia<\/b><\/li>\n<li style=\"font-weight: 400;\" aria-level=\"1\"><span style=\"font-weight: 400;\">l\u2019<\/span><b>enginyeria<\/b><\/li>\n<li style=\"font-weight: 400;\" aria-level=\"1\"><span style=\"font-weight: 400;\">les <\/span><b>matem\u00e0tiques\u00a0<\/b><\/li>\n<\/ul>\n<p><span style=\"font-weight: 400;\">i la <\/span><b>creativitat<\/b> <span style=\"font-weight: 400;\">en aquests \u00e0mbits, a trav\u00e9s del<\/span> <b>disseny<\/b><span style=\"font-weight: 400;\"> i l<\/span><b>\u2019<\/b><b>art<\/b><b>, <\/b><span style=\"font-weight: 400;\">fomentant el<\/span> <b>pensament cr\u00edtic<\/b><b>, <\/b><span style=\"font-weight: 400;\">promovent l<\/span><b>\u2019<\/b><b>equitat de g\u00e8nere<\/b><span style=\"font-weight: 400;\"> i<\/span> <b>social<\/b><b>.<\/b><\/p>\n<p><span style=\"font-weight: 400;\">I<\/span><span style=\"font-weight: 400;\">mpuls de les vocacions cient\u00edfiques, tecnol\u00f2giques, en enginyeria i matem\u00e0tiques<\/span><\/p>\n<p>Enlla\u00e7 a la <a href=\"https:\/\/projectes.xtec.cat\/steamcat\/\" target=\"_blank\" rel=\"noopener\">web STEAM.CAT<\/a><\/p>\n<p>&nbsp;<\/p>\n","protected":false},"excerpt":{"rendered":"<p>Programa d\u2019innovaci\u00f3 STEAMcat Curs 25-26 1a Comunitat Territorial als SSTT d&#8217;Educaci\u00f3 a Lleida (8-10-2025) &gt; Veure article 2a Comunitat territorial a Espai Bital \u2013\u00a0C. de Jos\u00e9 Agust\u00edn Goytisolo, 22, 28, 08908 L\u2019Hospitalet de Llobregat, Barcelona Dos membres del nucli impulsor hi hem participat: hem realitzat els tallers d&#8217;iniciaci\u00f3 a la impressi\u00f3 3D maker i el [&hellip;]<\/p>\n","protected":false},"author":1,"featured_media":0,"parent":0,"menu_order":0,"comment_status":"closed","ping_status":"closed","template":"","meta":{"_bbp_topic_count":0,"_bbp_reply_count":0,"_bbp_total_topic_count":0,"_bbp_total_reply_count":0,"_bbp_voice_count":0,"_bbp_anonymous_reply_count":0,"_bbp_topic_count_hidden":0,"_bbp_reply_count_hidden":0,"_bbp_forum_subforum_count":0,"site-sidebar-layout":"default","site-content-layout":"","ast-site-content-layout":"default","site-content-style":"default","site-sidebar-style":"default","ast-global-header-display":"","ast-banner-title-visibility":"","ast-main-header-display":"","ast-hfb-above-header-display":"","ast-hfb-below-header-display":"","ast-hfb-mobile-header-display":"","site-post-title":"","ast-breadcrumbs-content":"","ast-featured-img":"","footer-sml-layout":"","theme-transparent-header-meta":"default","adv-header-id-meta":"","stick-header-meta":"","header-above-stick-meta":"","header-main-stick-meta":"","header-below-stick-meta":"","astra-migrate-meta-layouts":"set","ast-page-background-enabled":"default","ast-page-background-meta":{"desktop":{"background-color":"var(--ast-global-color-4)","background-image":"","background-repeat":"repeat","background-position":"center center","background-size":"auto","background-attachment":"scroll","background-type":"","background-media":"","overlay-type":"","overlay-color":"","overlay-opacity":"","overlay-gradient":""},"tablet":{"background-color":"","background-image":"","background-repeat":"repeat","background-position":"center center","background-size":"auto","background-attachment":"scroll","background-type":"","background-media":"","overlay-type":"","overlay-color":"","overlay-opacity":"","overlay-gradient":""},"mobile":{"background-color":"","background-image":"","background-repeat":"repeat","background-position":"center center","background-size":"auto","background-attachment":"scroll","background-type":"","background-media":"","overlay-type":"","overlay-color":"","overlay-opacity":"","overlay-gradient":""}},"ast-content-background-meta":{"desktop":{"background-color":"var(--ast-global-color-5)","background-image":"","background-repeat":"repeat","background-position":"center center","background-size":"auto","background-attachment":"scroll","background-type":"","background-media":"","overlay-type":"","overlay-color":"","overlay-opacity":"","overlay-gradient":""},"tablet":{"background-color":"var(--ast-global-color-5)","background-image":"","background-repeat":"repeat","background-position":"center center","background-size":"auto","background-attachment":"scroll","background-type":"","background-media":"","overlay-type":"","overlay-color":"","overlay-opacity":"","overlay-gradient":""},"mobile":{"background-color":"var(--ast-global-color-5)","background-image":"","background-repeat":"repeat","background-position":"center center","background-size":"auto","background-attachment":"scroll","background-type":"","background-media":"","overlay-type":"","overlay-color":"","overlay-opacity":"","overlay-gradient":""}},"footnotes":""},"class_list":["post-1882","page","type-page","status-publish","hentry"],"post_mailing_queue_ids":[],"_links":{"self":[{"href":"https:\/\/agora.xtec.cat\/ceipalber\/wp-json\/wp\/v2\/pages\/1882","targetHints":{"allow":["GET"]}}],"collection":[{"href":"https:\/\/agora.xtec.cat\/ceipalber\/wp-json\/wp\/v2\/pages"}],"about":[{"href":"https:\/\/agora.xtec.cat\/ceipalber\/wp-json\/wp\/v2\/types\/page"}],"author":[{"embeddable":true,"href":"https:\/\/agora.xtec.cat\/ceipalber\/wp-json\/wp\/v2\/users\/1"}],"replies":[{"embeddable":true,"href":"https:\/\/agora.xtec.cat\/ceipalber\/wp-json\/wp\/v2\/comments?post=1882"}],"version-history":[{"count":6,"href":"https:\/\/agora.xtec.cat\/ceipalber\/wp-json\/wp\/v2\/pages\/1882\/revisions"}],"predecessor-version":[{"id":2160,"href":"https:\/\/agora.xtec.cat\/ceipalber\/wp-json\/wp\/v2\/pages\/1882\/revisions\/2160"}],"wp:attachment":[{"href":"https:\/\/agora.xtec.cat\/ceipalber\/wp-json\/wp\/v2\/media?parent=1882"}],"curies":[{"name":"wp","href":"https:\/\/api.w.org\/{rel}","templated":true}]}}