{"id":8951,"date":"2018-06-13T11:36:49","date_gmt":"2018-06-13T09:36:49","guid":{"rendered":"http:\/\/agora.xtec.cat\/ceipalba\/?page_id=8951"},"modified":"2018-06-13T11:36:49","modified_gmt":"2018-06-13T09:36:49","slug":"informe-seguiment-menu-escolar","status":"publish","type":"page","link":"https:\/\/agora.xtec.cat\/ceipalba\/serveis\/menjador-escolar\/informe-seguiment-menu-escolar\/","title":{"rendered":"INFORME SEGUIMENT MEN\u00da ESCOLAR"},"content":{"rendered":"<p>Informe de l&#8217;Ag\u00e8ncia de Salut P\u00fablica de Catalunya.<\/p>\n<p><a href=\"http:\/\/agora.xtec.cat\/ceipalba\/wp-content\/uploads\/usu598\/2018\/06\/revisi\u00f3-dels-men\u00fas-2018-ESCOLA-ALBA-1.pdf\">revisi\u00f3 dels men\u00fas 2018 ESCOLA ALBA (1)<\/a><\/p>\n<p><a href=\"http:\/\/agora.xtec.cat\/ceipalba\/wp-content\/uploads\/usu598\/2018\/06\/0001-30.jpg\"><img loading=\"lazy\" decoding=\"async\" class=\"alignleft size-large wp-image-8953\" src=\"http:\/\/agora.xtec.cat\/ceipalba\/wp-content\/uploads\/usu598\/2018\/06\/0001-30-724x1024.jpg\" alt=\"\" width=\"724\" height=\"1024\" srcset=\"https:\/\/agora.xtec.cat\/ceipalba\/wp-content\/uploads\/usu598\/2018\/06\/0001-30-724x1024.jpg 724w, https:\/\/agora.xtec.cat\/ceipalba\/wp-content\/uploads\/usu598\/2018\/06\/0001-30-212x300.jpg 212w, https:\/\/agora.xtec.cat\/ceipalba\/wp-content\/uploads\/usu598\/2018\/06\/0001-30-768x1086.jpg 768w\" sizes=\"auto, (max-width: 724px) 100vw, 724px\" \/><\/a><\/p>\n<p><a href=\"http:\/\/agora.xtec.cat\/ceipalba\/wp-content\/uploads\/usu598\/2018\/06\/0002-1.jpg\"><img loading=\"lazy\" decoding=\"async\" class=\"alignleft size-large wp-image-8954\" src=\"http:\/\/agora.xtec.cat\/ceipalba\/wp-content\/uploads\/usu598\/2018\/06\/0002-1-724x1024.jpg\" alt=\"\" width=\"724\" height=\"1024\" srcset=\"https:\/\/agora.xtec.cat\/ceipalba\/wp-content\/uploads\/usu598\/2018\/06\/0002-1-724x1024.jpg 724w, https:\/\/agora.xtec.cat\/ceipalba\/wp-content\/uploads\/usu598\/2018\/06\/0002-1-212x300.jpg 212w, https:\/\/agora.xtec.cat\/ceipalba\/wp-content\/uploads\/usu598\/2018\/06\/0002-1-768x1086.jpg 768w\" sizes=\"auto, (max-width: 724px) 100vw, 724px\" \/><\/a><\/p>\n<p>&nbsp;<\/p>\n","protected":false},"excerpt":{"rendered":"<p>Informe de l&#8217;Ag\u00e8ncia de Salut P\u00fablica de Catalunya.<br \/>\n<a href=\"http:\/\/agora.xtec.cat\/ceipalba\/wp-content\/uploads\/usu598\/2018\/06\/revisi\u00f3-dels-men\u00fas-2018-ESCOLA-ALBA-1.pdf\">revisi\u00f3 dels men\u00fas 2018 ESCOLA ALBA (1)<\/a><br \/>\n<a href=\"http:\/\/agora.xtec.cat\/ceipalba\/wp-content\/uploads\/usu598\/2018\/06\/0001-30.jpg\"><\/a><br \/>\n<a href=\"http:\/\/agora.xtec.cat\/ceipalba\/wp-content\/uploads\/usu598\/2018\/06\/0002-1.jpg\"><\/a><br \/>\n&nbsp;<\/p>\n","protected":false},"author":24,"featured_media":0,"parent":73,"menu_order":0,"comment_status":"closed","ping_status":"closed","template":"page-templates\/side-menu.php","meta":{"_bbp_topic_count":0,"_bbp_reply_count":0,"_bbp_total_topic_count":0,"_bbp_total_reply_count":0,"_bbp_voice_count":0,"_bbp_anonymous_reply_count":0,"_bbp_topic_count_hidden":0,"_bbp_reply_count_hidden":0,"_bbp_forum_subforum_count":0,"footnotes":""},"class_list":["post-8951","page","type-page","status-publish","hentry"],"post_mailing_queue_ids":[],"_links":{"self":[{"href":"https:\/\/agora.xtec.cat\/ceipalba\/wp-json\/wp\/v2\/pages\/8951","targetHints":{"allow":["GET"]}}],"collection":[{"href":"https:\/\/agora.xtec.cat\/ceipalba\/wp-json\/wp\/v2\/pages"}],"about":[{"href":"https:\/\/agora.xtec.cat\/ceipalba\/wp-json\/wp\/v2\/types\/page"}],"author":[{"embeddable":true,"href":"https:\/\/agora.xtec.cat\/ceipalba\/wp-json\/wp\/v2\/users\/24"}],"replies":[{"embeddable":true,"href":"https:\/\/agora.xtec.cat\/ceipalba\/wp-json\/wp\/v2\/comments?post=8951"}],"version-history":[{"count":1,"href":"https:\/\/agora.xtec.cat\/ceipalba\/wp-json\/wp\/v2\/pages\/8951\/revisions"}],"predecessor-version":[{"id":8955,"href":"https:\/\/agora.xtec.cat\/ceipalba\/wp-json\/wp\/v2\/pages\/8951\/revisions\/8955"}],"up":[{"embeddable":true,"href":"https:\/\/agora.xtec.cat\/ceipalba\/wp-json\/wp\/v2\/pages\/73"}],"wp:attachment":[{"href":"https:\/\/agora.xtec.cat\/ceipalba\/wp-json\/wp\/v2\/media?parent=8951"}],"curies":[{"name":"wp","href":"https:\/\/api.w.org\/{rel}","templated":true}]}}