{"id":8620,"date":"2018-05-18T10:10:26","date_gmt":"2018-05-18T08:10:26","guid":{"rendered":"http:\/\/agora.xtec.cat\/ceipalba\/?page_id=8620"},"modified":"2025-05-29T14:00:45","modified_gmt":"2025-05-29T12:00:45","slug":"tallers-de-juny-2025","status":"publish","type":"page","link":"https:\/\/agora.xtec.cat\/ceipalba\/serveis\/tallers-de-juny-2025\/","title":{"rendered":"TALLERS DE JUNY 2025"},"content":{"rendered":"<p>&nbsp;<\/p>\n<p><a href=\"https:\/\/agora.xtec.cat\/ceipalba\/wp-content\/uploads\/usu598\/2025\/05\/capsula-del-temps.png\"><img loading=\"lazy\" decoding=\"async\" class=\"alignnone wp-image-19567\" src=\"https:\/\/agora.xtec.cat\/ceipalba\/wp-content\/uploads\/usu598\/2025\/05\/capsula-del-temps-300x73.png\" alt=\"\" width=\"695\" height=\"169\" srcset=\"https:\/\/agora.xtec.cat\/ceipalba\/wp-content\/uploads\/usu598\/2025\/05\/capsula-del-temps-300x73.png 300w, https:\/\/agora.xtec.cat\/ceipalba\/wp-content\/uploads\/usu598\/2025\/05\/capsula-del-temps.png 576w\" sizes=\"auto, (max-width: 695px) 100vw, 695px\" \/><\/a><\/p>\n<p>El dia <strong>9<\/strong> <strong>de juny<\/strong>\u00a0s\u2019inicia la jornada continuada a l\u2019escola, i des de l\u2019AFA, com cada any, s\u2019ofereixen els TALLERS\u00a0<span style=\"font-family: inherit; font-size: 1em;\">DE JUNY, de 15:00 h a 16:30 h, un espai de conciliaci\u00f3 familiar, per\u00f2 tamb\u00e9 un espai d\u2019aprenentatge l\u00fadic, din\u00e0mic i divertit on es<\/span> promou l&#8217;aprenentatge a trav\u00e9s de din\u00e0miques, jocs i activitats lligades a un mateix eix d&#8217;animaci\u00f3, on viurem experi\u00e8ncies molt diverses que ens ajudaran a treballar valors com la cohesi\u00f3, l&#8217;amistat, l&#8217;empatia i el respecte.<\/p>\n<p>Aquest any l&#8217;eix d&#8217;animaci\u00f3 dels tallers ser\u00e0 <strong>&#8220;LA C\u00c0PSULA DEL TEMPS&#8221;<\/strong>.<br \/>\n<b><br \/>\n<i>ENS ACOMPANYEU A DESCOBRIR QUE S&#8217;HI AMAGA EN AQUESTA C\u00c0PSULA?<\/i><\/b><\/p>\n<p>El temps passa i passa, nosaltres ens fem grans, creixem&#8230; per\u00f2, i els objectes?, tamb\u00e9 tenen un temps de vida limitat?<\/p>\n<div>\n<p>Alguns passen de forma espor\u00e0dica per la nostra vida, en canvi d&#8217;altres ens acompanyen durant molt i molt de temps, i quin disgust quan aquest es trenca o es perd.<\/p>\n<p>Per\u00f2, ens poden ensenyar alguna cosa?<\/p>\n<p>Per descomptat que s\u00ed, s\u00f3n els grans relators de la nostra hist\u00f2ria. Tot dependr\u00e0 de la seva conservaci\u00f3, per\u00f2 en ells podem veure reflectit el pas del temps, els costums i tradicions de diferents \u00e8poques i moments de la hist\u00f2ria, aix\u00f2 ens dona l&#8217;oportunitat de nodrir-nos de les seves viv\u00e8ncies, perqu\u00e8 no podran parlar, per\u00f2 tenen molt a explicar-nos!<\/p>\n<\/div>\n<div>Per sort, dins de la nostra c\u00e0psula es conserven objectes de temps inimaginables&#8230;<\/div>\n<div><\/div>\n<div>QUINS OBJECTES HI TROBAREM? AJUDA&#8217;NS A DESCOBRIR-HO!<\/div>\n<div><\/div>\n<p>Els tallers es duran a terme durant la jornada continuada, del<b>\u00a09 al 20 de juny\u00a0<\/b>de 15:00 h a 16:30 h. Es mant\u00e9 el servei de menjador i el d&#8217;autocar s&#8217;amplia en dos horaris: a les 15:00 h i a les 16:30\u202fh<\/p>\n<ul>\n<li><strong>ACTIVITATS COLLA PETITA:<\/strong><\/li>\n<\/ul>\n<p>L&#8217;alumat de I3 no fa activitats rotat\u00f2ries, \u00e9s a dir, el grup est\u00e0 sempre amb les mateixes monitores, qui desenvolupen les diferents din\u00e0miques amb els infants, aix\u00f2 ens facilita l&#8217;adaptaci\u00f3 de totes les activitats al grup, tant en el seu desenvolupament com en el ritme d&#8217;aquestes, tenint en compte l&#8217;estat d&#8217;\u00e0nim i la capacitat del conjunt de nens\/es.<\/p>\n<p>Durant aquelles setmanes no fan migdiada, sortiran al pati, i cada dia en entrar faran una estona de relaxaci\u00f3.<\/p>\n<p><a href=\"https:\/\/agora.xtec.cat\/ceipalba\/wp-content\/uploads\/usu598\/2025\/05\/ACTIVITATS-I-3.png\">ACTIVITATS I-3<\/a><\/p>\n<p><a href=\"https:\/\/agora.xtec.cat\/ceipalba\/wp-content\/uploads\/usu598\/2025\/05\/QUADRE-GRUPS-I-ACTIVITATS-COLLA-PETITA.pdf\">QUADRE GRUPS I ACTIVITATS COLLA PETITA<\/a><\/p>\n<p><a href=\"https:\/\/agora.xtec.cat\/ceipalba\/wp-content\/uploads\/usu598\/2025\/05\/DESCRIPCIO-ACTIVITATS-COLLA-PETITA-1.png\">ACTIVITATS COLLA PETITA 1<\/a><\/p>\n<p><a href=\"https:\/\/agora.xtec.cat\/ceipalba\/wp-content\/uploads\/usu598\/2025\/05\/DESCRIPCIO-ACTIVITATS-COLLA-PETITA-2.png\">ACTIVITATS COLLA PETITA 2<\/a><\/p>\n<ul>\n<li><strong>ACTIVITATS COLLA DEL MIG:<\/strong><\/li>\n<\/ul>\n<p><a href=\"https:\/\/agora.xtec.cat\/ceipalba\/wp-content\/uploads\/usu598\/2025\/05\/QUADRE-ACTIVITATS-COLLA-DEL-MIG-1.pdf\">QUADRE ACTIVITATS COLLA DEL MIG (1)<\/a><\/p>\n<p><a href=\"https:\/\/agora.xtec.cat\/ceipalba\/wp-content\/uploads\/usu598\/2025\/05\/QUADRE-ACTIVITATS-COLLA-DEL-MIG-2.pdf\">QUADRE ACTIVITATS COLLA DEL MIG (2)<\/a><\/p>\n<p><a href=\"https:\/\/agora.xtec.cat\/ceipalba\/wp-content\/uploads\/usu598\/2025\/05\/DESCRIPCIO-ACTIVITATS-COLLA-MIG-1.png\">ACTIVITATS COLLA DEL MIG 1<\/a><\/p>\n<p><a href=\"https:\/\/agora.xtec.cat\/ceipalba\/wp-content\/uploads\/usu598\/2025\/05\/DESCRIPCIO-ACTIVITATS-COLLA-MIG-2.png\">ACTIVITATS COLLA DEL MIG 2<\/a><\/p>\n<ul>\n<li><strong>ACTIVITATS COLLA GRAN:<\/strong><\/li>\n<\/ul>\n<p><a href=\"https:\/\/agora.xtec.cat\/ceipalba\/wp-content\/uploads\/usu598\/2025\/05\/QUADRE-ACTIVITATS-COLLA-GRAN-1.pdf\">QUADRE ACTIVITATS COLLA GRAN (1)<\/a><\/p>\n<p><a href=\"https:\/\/agora.xtec.cat\/ceipalba\/wp-content\/uploads\/usu598\/2025\/05\/QUADRE-ACTIVITATS-COLLA-GRAN-2.pdf\">QUADRE ACTIVITATS COLLA GRAN (2)<\/a><\/p>\n<p><a href=\"https:\/\/agora.xtec.cat\/ceipalba\/wp-content\/uploads\/usu598\/2025\/05\/DESCRIPCIO-ACTIVITATS-COLLA-GRAN-1.png\">ACTIVITATS COLLA GRAN 1<\/a><\/p>\n<p><a href=\"https:\/\/agora.xtec.cat\/ceipalba\/wp-content\/uploads\/usu598\/2025\/05\/DESCRIPCIO-ACTIVITATS-COLLA-GRAN-2.png\">ACTIVITATS COLLA GRAN 2<\/a><\/p>\n<p>&nbsp;<\/p>\n<p>&nbsp;<\/p>\n<p>&nbsp;<\/p>\n<p>&nbsp;<\/p>\n","protected":false},"excerpt":{"rendered":"<p>&nbsp;<br \/>\n<a href=\"https:\/\/agora.xtec.cat\/ceipalba\/wp-content\/uploads\/usu598\/2025\/05\/capsula-del-temps.png\"><\/a><br \/>\nEl dia 9 de juny\u00a0s\u2019inicia la jornada continuada a l\u2019escola, i des de l\u2019AFA, com cada any, s\u2019ofereixen els TALLERS\u00a0DE JUNY, de 15:00 h a 16:30 h, un espai de conciliaci\u00f3 familiar, per\u00f2 tamb\u00e9 un espai d\u2019aprenentatge l\u00fadic, din\u00e0mic i divertit on es promou&hellip;  <a href=\"https:\/\/agora.xtec.cat\/ceipalba\/serveis\/tallers-de-juny-2025\/\" title=\"Read TALLERS DE JUNY 2025\">Llegeix m\u00e9s\u00bb<\/a><\/p>\n","protected":false},"author":24,"featured_media":0,"parent":66,"menu_order":100,"comment_status":"closed","ping_status":"closed","template":"page-templates\/side-menu.php","meta":{"_bbp_topic_count":0,"_bbp_reply_count":0,"_bbp_total_topic_count":0,"_bbp_total_reply_count":0,"_bbp_voice_count":0,"_bbp_anonymous_reply_count":0,"_bbp_topic_count_hidden":0,"_bbp_reply_count_hidden":0,"_bbp_forum_subforum_count":0,"footnotes":""},"class_list":["post-8620","page","type-page","status-publish","hentry"],"post_mailing_queue_ids":[],"_links":{"self":[{"href":"https:\/\/agora.xtec.cat\/ceipalba\/wp-json\/wp\/v2\/pages\/8620","targetHints":{"allow":["GET"]}}],"collection":[{"href":"https:\/\/agora.xtec.cat\/ceipalba\/wp-json\/wp\/v2\/pages"}],"about":[{"href":"https:\/\/agora.xtec.cat\/ceipalba\/wp-json\/wp\/v2\/types\/page"}],"author":[{"embeddable":true,"href":"https:\/\/agora.xtec.cat\/ceipalba\/wp-json\/wp\/v2\/users\/24"}],"replies":[{"embeddable":true,"href":"https:\/\/agora.xtec.cat\/ceipalba\/wp-json\/wp\/v2\/comments?post=8620"}],"version-history":[{"count":6,"href":"https:\/\/agora.xtec.cat\/ceipalba\/wp-json\/wp\/v2\/pages\/8620\/revisions"}],"predecessor-version":[{"id":19572,"href":"https:\/\/agora.xtec.cat\/ceipalba\/wp-json\/wp\/v2\/pages\/8620\/revisions\/19572"}],"up":[{"embeddable":true,"href":"https:\/\/agora.xtec.cat\/ceipalba\/wp-json\/wp\/v2\/pages\/66"}],"wp:attachment":[{"href":"https:\/\/agora.xtec.cat\/ceipalba\/wp-json\/wp\/v2\/media?parent=8620"}],"curies":[{"name":"wp","href":"https:\/\/api.w.org\/{rel}","templated":true}]}}