{"id":845,"date":"2012-09-13T11:35:16","date_gmt":"2012-09-13T10:35:16","guid":{"rendered":"http:\/\/blocs.xtec.cat\/superioralba\/?page_id=845"},"modified":"2012-09-13T11:35:16","modified_gmt":"2012-09-13T10:35:16","slug":"raco-cinefil-2","status":"publish","type":"page","link":"https:\/\/agora.xtec.cat\/ceipalba\/raco-cinefil-2\/","title":{"rendered":"Rac\u00f3 cin\u00e8fil"},"content":{"rendered":"<p>En aquest rac\u00f3 cin\u00e8fil us proposem que opineu, recomaneu, critiqueu&#8230;.convertiu-vos en cr\u00edtics cinematogr\u00e0fiques de les pel\u00b7l\u00edcules que m\u00e9s us hagin agradat, o ben al contrari&#8230; aquelles que no us han agradat gens.<\/p>\n<p>Endavant participeu! aquest \u00e9s un espai d&#8217;intercanvi d&#8217;opinions, recordeu que totes mereixen el vostre respecte.<\/p>\n","protected":false},"excerpt":{"rendered":"<p>En aquest rac\u00f3 cin\u00e8fil us proposem que opineu, recomaneu, critiqueu&#8230;.convertiu-vos en cr\u00edtics cinematogr\u00e0fiques de les pel\u00b7l\u00edcules que m\u00e9s us hagin agradat, o ben al contrari&#8230; aquelles que no us han agradat gens.<br \/>\nEndavant participeu! aquest \u00e9s un espai d&#8217;intercanvi d&#8217;opinions, recordeu que totes mereixen el vostre&hellip;  <a href=\"https:\/\/agora.xtec.cat\/ceipalba\/raco-cinefil-2\/\" title=\"Read Rac\u00f3 cin\u00e8fil\">Llegeix m\u00e9s\u00bb<\/a><\/p>\n","protected":false},"author":1,"featured_media":0,"parent":0,"menu_order":0,"comment_status":"open","ping_status":"open","template":"","meta":{"_bbp_topic_count":0,"_bbp_reply_count":0,"_bbp_total_topic_count":0,"_bbp_total_reply_count":0,"_bbp_voice_count":0,"_bbp_anonymous_reply_count":0,"_bbp_topic_count_hidden":0,"_bbp_reply_count_hidden":0,"_bbp_forum_subforum_count":0,"footnotes":""},"class_list":["post-845","page","type-page","status-publish","hentry"],"post_mailing_queue_ids":[],"_links":{"self":[{"href":"https:\/\/agora.xtec.cat\/ceipalba\/wp-json\/wp\/v2\/pages\/845","targetHints":{"allow":["GET"]}}],"collection":[{"href":"https:\/\/agora.xtec.cat\/ceipalba\/wp-json\/wp\/v2\/pages"}],"about":[{"href":"https:\/\/agora.xtec.cat\/ceipalba\/wp-json\/wp\/v2\/types\/page"}],"author":[{"embeddable":true,"href":"https:\/\/agora.xtec.cat\/ceipalba\/wp-json\/wp\/v2\/users\/1"}],"replies":[{"embeddable":true,"href":"https:\/\/agora.xtec.cat\/ceipalba\/wp-json\/wp\/v2\/comments?post=845"}],"version-history":[{"count":0,"href":"https:\/\/agora.xtec.cat\/ceipalba\/wp-json\/wp\/v2\/pages\/845\/revisions"}],"wp:attachment":[{"href":"https:\/\/agora.xtec.cat\/ceipalba\/wp-json\/wp\/v2\/media?parent=845"}],"curies":[{"name":"wp","href":"https:\/\/api.w.org\/{rel}","templated":true}]}}