{"id":80,"date":"2014-09-18T14:09:48","date_gmt":"2014-09-18T12:09:48","guid":{"rendered":"http:\/\/agora.xtec.cat\/ceipalba\/?page_id=80"},"modified":"2026-02-16T10:42:52","modified_gmt":"2026-02-16T09:42:52","slug":"transport-escolar","status":"publish","type":"page","link":"https:\/\/agora.xtec.cat\/ceipalba\/serveis\/transport-escolar\/","title":{"rendered":"Transport Escolar"},"content":{"rendered":"<p><a href=\"https:\/\/agora.xtec.cat\/ceipalba\/wp-content\/uploads\/usu598\/2021\/10\/WhatsApp-Image-2021-10-28-at-10.33.38-e1635410489958.jpeg\"><img loading=\"lazy\" decoding=\"async\" class=\"wp-image-15833 alignnone\" src=\"https:\/\/agora.xtec.cat\/ceipalba\/wp-content\/uploads\/usu598\/2021\/10\/WhatsApp-Image-2021-10-28-at-10.33.38-e1635410489958.jpeg\" alt=\"\" width=\"442\" height=\"323\" srcset=\"https:\/\/agora.xtec.cat\/ceipalba\/wp-content\/uploads\/usu598\/2021\/10\/WhatsApp-Image-2021-10-28-at-10.33.38-e1635410489958.jpeg 1452w, https:\/\/agora.xtec.cat\/ceipalba\/wp-content\/uploads\/usu598\/2021\/10\/WhatsApp-Image-2021-10-28-at-10.33.38-e1635410489958-300x219.jpeg 300w, https:\/\/agora.xtec.cat\/ceipalba\/wp-content\/uploads\/usu598\/2021\/10\/WhatsApp-Image-2021-10-28-at-10.33.38-e1635410489958-1024x748.jpeg 1024w, https:\/\/agora.xtec.cat\/ceipalba\/wp-content\/uploads\/usu598\/2021\/10\/WhatsApp-Image-2021-10-28-at-10.33.38-e1635410489958-768x561.jpeg 768w\" sizes=\"auto, (max-width: 442px) 100vw, 442px\" \/><\/a><\/p>\n<ul>\n<li style=\"list-style-type: none;\">\n<ul>\n<li style=\"list-style-type: none;\">\n<ul>\n<li style=\"list-style-type: none;\">\n<ul style=\"list-style-type: square;\">\n<li style=\"list-style-type: none;\">\n<ul>\n<li><a href=\"https:\/\/docs.google.com\/forms\/d\/e\/1FAIpQLSeIOS6ic1TJNoH0ZkCwjaeN6QLW2dOzhEZy-exKwk7PuuHsqw\/viewform\">Sol\u00b7licituds<\/a><\/li>\n<li><a href=\"https:\/\/agora.xtec.cat\/ceipalba\/wp-content\/uploads\/usu598\/2025\/08\/NORMATIVA-AUTOCAR_25-26-1.pdf\">NORMATIVA AUTOCAR_25-26<\/a><\/li>\n<li><a href=\"https:\/\/agora.xtec.cat\/ceipalba\/wp-content\/uploads\/usu598\/2026\/02\/parades-i-horaris-25-26.pdf\">parades i horaris 25-26<\/a><\/li>\n<li><a style=\"font-family: inherit; font-size: 1em;\" href=\"https:\/\/inbus.app\/Rutes\/Alba\">Buscador de parades<\/a><\/li>\n<\/ul>\n<\/li>\n<\/ul>\n<\/li>\n<\/ul>\n<\/li>\n<\/ul>\n<\/li>\n<\/ul>\n<p><a href=\"https:\/\/agora.xtec.cat\/ceipalba\/wp-content\/uploads\/usu598\/2025\/09\/parades-i-horaris-25-26_page-0001.jpg\"><img loading=\"lazy\" decoding=\"async\" class=\"alignleft wp-image-19821 size-medium\" src=\"https:\/\/agora.xtec.cat\/ceipalba\/wp-content\/uploads\/usu598\/2025\/09\/parades-i-horaris-25-26_page-0001-212x300.jpg\" alt=\"\" width=\"212\" height=\"300\" srcset=\"https:\/\/agora.xtec.cat\/ceipalba\/wp-content\/uploads\/usu598\/2025\/09\/parades-i-horaris-25-26_page-0001-212x300.jpg 212w, https:\/\/agora.xtec.cat\/ceipalba\/wp-content\/uploads\/usu598\/2025\/09\/parades-i-horaris-25-26_page-0001-724x1024.jpg 724w, https:\/\/agora.xtec.cat\/ceipalba\/wp-content\/uploads\/usu598\/2025\/09\/parades-i-horaris-25-26_page-0001-768x1086.jpg 768w, https:\/\/agora.xtec.cat\/ceipalba\/wp-content\/uploads\/usu598\/2025\/09\/parades-i-horaris-25-26_page-0001-1086x1536.jpg 1086w, https:\/\/agora.xtec.cat\/ceipalba\/wp-content\/uploads\/usu598\/2025\/09\/parades-i-horaris-25-26_page-0001.jpg 1241w\" sizes=\"auto, (max-width: 212px) 100vw, 212px\" \/><\/a><a href=\"https:\/\/agora.xtec.cat\/ceipalba\/wp-content\/uploads\/usu598\/2026\/02\/bus-3_page-0001-3.jpg\"><img loading=\"lazy\" decoding=\"async\" class=\"alignnone wp-image-20227 size-medium\" src=\"https:\/\/agora.xtec.cat\/ceipalba\/wp-content\/uploads\/usu598\/2026\/02\/bus-3_page-0001-3-212x300.jpg\" alt=\"\" width=\"212\" height=\"300\" srcset=\"https:\/\/agora.xtec.cat\/ceipalba\/wp-content\/uploads\/usu598\/2026\/02\/bus-3_page-0001-3-212x300.jpg 212w, https:\/\/agora.xtec.cat\/ceipalba\/wp-content\/uploads\/usu598\/2026\/02\/bus-3_page-0001-3-724x1024.jpg 724w, https:\/\/agora.xtec.cat\/ceipalba\/wp-content\/uploads\/usu598\/2026\/02\/bus-3_page-0001-3-768x1086.jpg 768w, https:\/\/agora.xtec.cat\/ceipalba\/wp-content\/uploads\/usu598\/2026\/02\/bus-3_page-0001-3-1086x1536.jpg 1086w, https:\/\/agora.xtec.cat\/ceipalba\/wp-content\/uploads\/usu598\/2026\/02\/bus-3_page-0001-3.jpg 1241w\" sizes=\"auto, (max-width: 212px) 100vw, 212px\" \/><\/a><\/p>\n<p>&nbsp;<\/p>\n<p>&nbsp;<\/p>\n<p>&nbsp;<\/p>\n<p>&nbsp;<\/p>\n<p>&nbsp;<\/p>\n<p>&nbsp;<\/p>\n<p>&nbsp;<\/p>\n<p>&nbsp;<\/p>\n<p>&nbsp;<\/p>\n<p>L&#8217;<strong>AFA<\/strong> ofereix a tot l&#8217;alumnat el transport escolar de l&#8217;empresa autocars Gam\u00f3n Grup.<\/p>\n<p>Per tal d&#8217;adaptar aquest servei a totes les fam\u00edlies, disposem de <strong>diverses ofertes<\/strong>:<\/p>\n<ol>\n<li><strong>Servei anada <span style=\"color: #ff0000;\">i<\/span> tornada:<\/strong> Podeu escollir parades diferents en funci\u00f3 de les necessitats de cada alumne, \u00e9s a dir, al mat\u00ed es pot triar una parada i a la tarda una altra. O b\u00e9, una parada concreta un dia puntual a condici\u00f3 que sigui pel llarg de tot el curs. <strong>En cap cas, es faran canvis setmanals. <\/strong>El preu mensual \u00e9s de 93 \u20ac IVA i acompanyant incl\u00f2s.<\/li>\n<li><strong>Servei d\u2019anada <span style=\"color: #ff0000;\">o<\/span> tornada:<\/strong>\u00a0Si nom\u00e9s s\u2019utilitza el servei d\u2019autocar al mat\u00ed o a la tarda, el preu mensual \u00e9s de 70 \u20ac IVA i acompanyant incl\u00f2s.<\/li>\n<li><strong>Fam\u00edlies monoparentals: <\/strong>el preu mensual \u00e9s de 70 \u20ac IVA i acompanyant incl\u00f2s.<\/li>\n<li><strong>Servei per quinzenes:<\/strong> La utilitzaci\u00f3 del bus \u00e9s determinada per quinzenes (de l&#8217;1 al 15 o b\u00e9 del 15 al 30). El preu mensual \u00e9s de 70 \u20ac IVA i acompanyant incl\u00f2s. (S\u2019exclouen els mesos de setembre, desembre i juny).<\/li>\n<li><strong>Servei per setmanes alternes:<\/strong> s&#8217;utilitza el transport una setmana i la seg\u00fcent cadiretes (tot el curs). El preu mensual \u00e9s de 84 \u20ac IVA i acompanyant incl\u00f2s.<\/li>\n<li><strong>Cadiretes:<\/strong> Les fam\u00edlies que feu cadiretes, en cas excepcional i si ho necessiteu, podeu utilitzar el servei d\u2019autocar, sempre que hi hagi places disponibles. El preu per dia \u00e9s de 8 \u20ac IVA incl\u00f2s.<\/li>\n<li><strong>Bonificaci\u00f3<\/strong> del 50% de la quota al fill\/a menor dels 3 germans\/es matriculats a l\u2019escola.<\/li>\n<\/ol>\n<p><strong>Raons per utilitzar l&#8217;autocar<\/strong><\/p>\n<ul>\n<li>El cost del nostre servei \u00e9s dels m\u00e9s competitius del nostre entorn.<\/li>\n<li>El servei assegura proximitat a l&#8217;habitatge familiar elegida.<\/li>\n<li>El cost de l\u2019\u00fas del vehicle particular implica almenys 4 aspectes: temporal, econ\u00f2mic, mediambiental i de seguretat:<\/li>\n<li>Temporal: Suposant 20\u2019 per trajecte, implica m\u00e9s d\u20191 hora di\u00e0ria. Suposa m\u00e9s de 24 hores mensuals.<\/li>\n<li>Econ\u00f2mic: El consum de combustible en situaci\u00f3 de conducci\u00f3 urbana i manteniment del vehicle comporta, en un vehicle de consum mitj\u00e0, un cost aproximat dels 120\u202f\u20ac mensuals.<\/li>\n<li>Mediambiental: En aquestes condicions la reducci\u00f3 d\u2019emissions de CO\u2082 \u00e9s evident.<\/li>\n<\/ul>\n<p>&nbsp;<\/p>\n","protected":false},"excerpt":{"rendered":"<p><a href=\"https:\/\/agora.xtec.cat\/ceipalba\/wp-content\/uploads\/usu598\/2021\/10\/WhatsApp-Image-2021-10-28-at-10.33.38-e1635410489958.jpeg\"><\/a><\/p>\n<ul>\n<li style=\"list-style-type: none;\">\n<ul>\n<li style=\"list-style-type: none;\">\n<ul>\n<li style=\"list-style-type: none;\">\n<ul style=\"list-style-type: square;\">\n<li style=\"list-style-type: none;\">\n<ul>\n<li><a href=\"https:\/\/docs.google.com\/forms\/d\/e\/1FAIpQLSeIOS6ic1TJNoH0ZkCwjaeN6QLW2dOzhEZy-exKwk7PuuHsqw\/viewform\">Sol\u00b7licituds<\/a><\/li>\n<li><a href=\"https:\/\/agora.xtec.cat\/ceipalba\/wp-content\/uploads\/usu598\/2025\/08\/NORMATIVA-AUTOCAR_25-26-1.pdf\">NORMATIVA AUTOCAR_25-26<\/a><\/li>\n<li><a href=\"https:\/\/agora.xtec.cat\/ceipalba\/wp-content\/uploads\/usu598\/2026\/02\/parades-i-horaris-25-26.pdf\">parades i horaris 25-26<\/a><\/li>\n<li><a style=\"font-family: inherit; font-size: 1em;\" href=\"https:\/\/inbus.app\/Rutes\/Alba\">Buscador de parades<\/a><\/li>\n<\/ul>\n<\/li>\n<\/ul>\n<\/li>\n<\/ul>\n<\/li>\n<\/ul>\n<\/li>\n<\/ul>\n<p><a href=\"https:\/\/agora.xtec.cat\/ceipalba\/wp-content\/uploads\/usu598\/2025\/09\/parades-i-horaris-25-26_page-0001.jpg\"><\/a><a href=\"https:\/\/agora.xtec.cat\/ceipalba\/wp-content\/uploads\/usu598\/2026\/02\/bus-3_page-0001-3.jpg\"><\/a><br \/>\n&nbsp;<br \/>\n&nbsp;<br \/>\n&nbsp;<br \/>\n&nbsp;<br \/>\n&nbsp;<br \/>\n&nbsp;<br \/>\n&nbsp;<br \/>\n&nbsp;<br \/>\n&nbsp;<br \/>\nL&#8217;AFA ofereix a tot l&#8217;alumnat el transport escolar de l&#8217;empresa autocars Gam\u00f3n Grup.<br \/>\nPer tal d&#8217;adaptar aquest servei a&hellip;  <a href=\"https:\/\/agora.xtec.cat\/ceipalba\/serveis\/transport-escolar\/\" title=\"Read Transport Escolar\">Llegeix m\u00e9s\u00bb<\/a><\/p>\n","protected":false},"author":1,"featured_media":0,"parent":66,"menu_order":41,"comment_status":"closed","ping_status":"closed","template":"page-templates\/side-menu.php","meta":{"_bbp_topic_count":0,"_bbp_reply_count":0,"_bbp_total_topic_count":0,"_bbp_total_reply_count":0,"_bbp_voice_count":0,"_bbp_anonymous_reply_count":0,"_bbp_topic_count_hidden":0,"_bbp_reply_count_hidden":0,"_bbp_forum_subforum_count":0,"footnotes":""},"class_list":["post-80","page","type-page","status-publish","hentry"],"post_mailing_queue_ids":[],"_links":{"self":[{"href":"https:\/\/agora.xtec.cat\/ceipalba\/wp-json\/wp\/v2\/pages\/80","targetHints":{"allow":["GET"]}}],"collection":[{"href":"https:\/\/agora.xtec.cat\/ceipalba\/wp-json\/wp\/v2\/pages"}],"about":[{"href":"https:\/\/agora.xtec.cat\/ceipalba\/wp-json\/wp\/v2\/types\/page"}],"author":[{"embeddable":true,"href":"https:\/\/agora.xtec.cat\/ceipalba\/wp-json\/wp\/v2\/users\/1"}],"replies":[{"embeddable":true,"href":"https:\/\/agora.xtec.cat\/ceipalba\/wp-json\/wp\/v2\/comments?post=80"}],"version-history":[{"count":8,"href":"https:\/\/agora.xtec.cat\/ceipalba\/wp-json\/wp\/v2\/pages\/80\/revisions"}],"predecessor-version":[{"id":20228,"href":"https:\/\/agora.xtec.cat\/ceipalba\/wp-json\/wp\/v2\/pages\/80\/revisions\/20228"}],"up":[{"embeddable":true,"href":"https:\/\/agora.xtec.cat\/ceipalba\/wp-json\/wp\/v2\/pages\/66"}],"wp:attachment":[{"href":"https:\/\/agora.xtec.cat\/ceipalba\/wp-json\/wp\/v2\/media?parent=80"}],"curies":[{"name":"wp","href":"https:\/\/api.w.org\/{rel}","templated":true}]}}