{"id":77,"date":"2014-09-18T14:05:08","date_gmt":"2014-09-18T12:05:08","guid":{"rendered":"http:\/\/agora.xtec.cat\/ceipalba\/?page_id=77"},"modified":"2025-08-22T12:05:18","modified_gmt":"2025-08-22T10:05:18","slug":"acollida","status":"publish","type":"page","link":"https:\/\/agora.xtec.cat\/ceipalba\/serveis\/acollida\/","title":{"rendered":"Servei d&#8217;acollida"},"content":{"rendered":"<p>El servei d\u2019acollida de mat\u00ed i\/o tarda s\u2019ha creat per a donar resposta a les fam\u00edlies per tal de facilitar la conciliaci\u00f3 hor\u00e0ria entre l&#8217;escola i la feina. El qual ofereix un espai de ludoteca amb activitats organitzades i dinamitzades per monitors i monitores o joc lliure.<\/p>\n<p>Horari:<\/p>\n<ul>\n<li>de 07:45 a 09:00<\/li>\n<li>de 16:30 a 18:00<\/li>\n<\/ul>\n<p>Els espais de l\u2019escola que s\u2019utilitza per al servei d\u2019acollida s\u00f3n:<\/p>\n<ul>\n<li>mat\u00ed:<br \/>\n&#8211; Colla Petita a l\u2019aula viva<br \/>\n&#8211; Colla Mitjana i Gran al menjador<\/li>\n<li>tarda:<br \/>\n&#8211; Al menjador (part dreta)<\/li>\n<\/ul>\n<p><strong><em>Tant al mat\u00ed com a la tarda, l&#8217;espai d\u2019acollida \u00e9s per l\u2019\u00fas exclusiu de l\u2019alumnat, les fam\u00edlies han de romandre a les instal\u00b7lacions el moment de deixar o recollir a l&#8217;infant. Preguem a totes les fam\u00edlies que davant qualsevol dubte, incid\u00e8ncia, comentari&#8230;, ho comuniqueu a la secretaria de l\u2019AFA.\u00a0<\/em><\/strong><\/p>\n<p><strong>Preu curs 24-25:<br \/>\n<\/strong><\/p>\n<ul>\n<li>mat\u00ed: 11,50 \u20ac mensuals<\/li>\n<li>tarda: 13 \u20ac mensuals<\/li>\n<li>mat\u00ed i tarda: 19 \u20ac mensuals<\/li>\n<\/ul>\n<p><strong>&#8211; <\/strong>L\u2019alumne que arriba a l\u2019escola abans de les 9.00 h, ha d\u2019anar a l\u2019acollida matinal o b\u00e9, cal que estigui supervisat\/da per a adults\/es tant al pati, al porxo i sobretot a l\u2019aparcament. \u00a0<strong><br \/>\n&#8211; <\/strong>En aquest espai no es permet menjar. Recordeu que a l\u2019escola l\u2019alumnat pot esmorzar a l\u2019estona d\u2019esbarjo (colla petita entre 10:30\/11:00 h i colles mitjana i gran a les 11:00 h).<br \/>\n<strong>&#8211; <\/strong>A l\u2019acollida de tarda l\u2019alumnat disposen d\u2019un espai per berenar. Cal que el berenar el portin de casa (des de l\u2019AFA no es facilitar\u00e0 cap mena d\u2019aliment).<strong><br \/>\n&#8211; <\/strong>L\u2019horari de tancament de l\u2019acollida de tarda s\u00f3n les 18:00 h, <strong>preguem puntualitat.<\/strong> En el cas de retard reiterat en la recollida de l\u2019alumne, a partir de la 3a vegada, els familiars hauran d\u2019assumir la despesa ocasionada per la compensaci\u00f3 econ\u00f2mica al\/la monitor\/a (15 \u20ac).<\/p>\n<h3 style=\"text-align: justify;\">NORMATIVA<\/h3>\n<p><strong><a href=\"https:\/\/agora.xtec.cat\/ceipalba\/wp-content\/uploads\/usu598\/2025\/08\/NORMATIVA-ACOLLIDA-MATI-I-TARDA-25_26.pdf\">NORMATIVA ACOLLIDA MAT\u00cd I TARDA 25_26<\/a><\/strong><\/p>\n<p style=\"text-align: justify;\">\n","protected":false},"excerpt":{"rendered":"<p>El servei d\u2019acollida de mat\u00ed i\/o tarda s\u2019ha creat per a donar resposta a les fam\u00edlies per tal de facilitar la conciliaci\u00f3 hor\u00e0ria entre l&#8217;escola i la feina. El qual ofereix un espai de ludoteca amb activitats organitzades i dinamitzades per monitors i monitores o&hellip;  <a href=\"https:\/\/agora.xtec.cat\/ceipalba\/serveis\/acollida\/\" title=\"Read Servei d&#8217;acollida\">Llegeix m\u00e9s\u00bb<\/a><\/p>\n","protected":false},"author":1,"featured_media":0,"parent":66,"menu_order":45,"comment_status":"closed","ping_status":"closed","template":"page-templates\/side-menu.php","meta":{"_bbp_topic_count":0,"_bbp_reply_count":0,"_bbp_total_topic_count":0,"_bbp_total_reply_count":0,"_bbp_voice_count":0,"_bbp_anonymous_reply_count":0,"_bbp_topic_count_hidden":0,"_bbp_reply_count_hidden":0,"_bbp_forum_subforum_count":0,"footnotes":""},"class_list":["post-77","page","type-page","status-publish","hentry"],"post_mailing_queue_ids":[],"_links":{"self":[{"href":"https:\/\/agora.xtec.cat\/ceipalba\/wp-json\/wp\/v2\/pages\/77","targetHints":{"allow":["GET"]}}],"collection":[{"href":"https:\/\/agora.xtec.cat\/ceipalba\/wp-json\/wp\/v2\/pages"}],"about":[{"href":"https:\/\/agora.xtec.cat\/ceipalba\/wp-json\/wp\/v2\/types\/page"}],"author":[{"embeddable":true,"href":"https:\/\/agora.xtec.cat\/ceipalba\/wp-json\/wp\/v2\/users\/1"}],"replies":[{"embeddable":true,"href":"https:\/\/agora.xtec.cat\/ceipalba\/wp-json\/wp\/v2\/comments?post=77"}],"version-history":[{"count":6,"href":"https:\/\/agora.xtec.cat\/ceipalba\/wp-json\/wp\/v2\/pages\/77\/revisions"}],"predecessor-version":[{"id":19796,"href":"https:\/\/agora.xtec.cat\/ceipalba\/wp-json\/wp\/v2\/pages\/77\/revisions\/19796"}],"up":[{"embeddable":true,"href":"https:\/\/agora.xtec.cat\/ceipalba\/wp-json\/wp\/v2\/pages\/66"}],"wp:attachment":[{"href":"https:\/\/agora.xtec.cat\/ceipalba\/wp-json\/wp\/v2\/media?parent=77"}],"curies":[{"name":"wp","href":"https:\/\/api.w.org\/{rel}","templated":true}]}}