{"id":73,"date":"2014-09-18T14:01:51","date_gmt":"2014-09-18T12:01:51","guid":{"rendered":"http:\/\/agora.xtec.cat\/ceipalba\/?page_id=73"},"modified":"2026-01-26T10:34:02","modified_gmt":"2026-01-26T09:34:02","slug":"menjador-escolar","status":"publish","type":"page","link":"https:\/\/agora.xtec.cat\/ceipalba\/serveis\/menjador-escolar\/","title":{"rendered":"Menjador escolar"},"content":{"rendered":"<p><a style=\"color: #2795b6;\" href=\"https:\/\/scientiasalut.gencat.cat\/bitstream\/handle\/11351\/1986.2\/acompanyar-apats-infants-consells-families-menjadors-escolars-2024.pdf?sequence=21&amp;isAllowed=y\" target=\"_blank\" rel=\"noopener\" data-saferedirecturl=\"https:\/\/www.google.com\/url?q=https:\/\/scientiasalut.gencat.cat\/bitstream\/handle\/11351\/1986.2\/acompanyar-apats-infants-consells-families-menjadors-escolars-2024.pdf?sequence%3D21%26isAllowed%3Dy&amp;source=gmail&amp;ust=1738754969374000&amp;usg=AOvVaw3LkFXpPtBu1FZZoEqLg-X5\"><b><i><span lang=\"CA\">Guia \u201cAcompanyar els \u00e0pats dels infants\u201d<\/span><\/i><\/b><\/a><\/p>\n<p>Des de l\u2019AFA de l\u2019Escola Alba continuem implicats per millorar i adequar els nostres men\u00fas amb les recomanacions que\u00a0<a style=\"color: #2795b6;\" href=\"https:\/\/salutpublica.gencat.cat\/ca\/detalls\/Article\/Lalimentacio-saludable-en-letapa-escolar.-Edicio-2020\" target=\"_blank\" rel=\"noopener\" data-saferedirecturl=\"https:\/\/www.google.com\/url?q=https:\/\/salutpublica.gencat.cat\/ca\/detalls\/Article\/Lalimentacio-saludable-en-letapa-escolar.-Edicio-2020&amp;source=gmail&amp;ust=1738754969374000&amp;usg=AOvVaw347S7iHp-rERBr58uekTnH\"><b><i><span lang=\"CA\">l\u2019Ag\u00e8ncia de Salut P\u00fablica\u00a0<\/span><\/i><\/b><\/a><i><span lang=\"CA\">i\u00a0<\/span><\/i><a href=\"https:\/\/salutpublica.gencat.cat\/ca\/ambits\/promocio\/alimentacio-saludable\/preme\/index.html\"><b><i><span lang=\"CA\">el\u00a0Programa\u00a0de\u00a0Revisi\u00f3\u00a0de\u00a0Men\u00fas\u00a0Escolars\u00a0a\u00a0Catalunya\u00a0(PReME)<\/span><\/i><\/b><\/a><span style=\"font-family: inherit; font-size: 1em;\">\u00a0fixa en q\u00fcesti\u00f3 de seguretat aliment\u00e0ria i nutrici\u00f3. Les m\u00e9s importants s\u00f3n:<\/span><\/p>\n<p><span lang=\"CA\">Tamb\u00e9 tenim molt en compte la guia<b>\u00a0<\/b><\/span><\/p>\n<ul>\n<li>Les freq\u00fc\u00e8ncies dels aliments en els primers plats han de ser: hortalisses, 1-2 vegades\/setmana; llegum, 1-2 vegades\/setmana (\u22656 vegades\/mes); arr\u00f2s, 1 vegada\/setmana; pasta, 1 vegada\/setmana, i altres cereals, 0-1 vegades\/setmana.<\/li>\n<li>Cal que s\u2019hi incloguin almenys 1 cop per setmana o b\u00e9 la pasta integral o b\u00e9 l\u2019arr\u00f2s integral.<\/li>\n<li>Si el primer plat inclou carn, peix o ou, el segon ja no n\u2019ha de dur.<\/li>\n<li>Les freq\u00fc\u00e8ncies dels aliments en els segons plats han de ser les seg\u00fcents: aliments proteics vegetals (llegum i derivats), 1-2 vegades\/setmana (\u22656 vegades\/mes); carns, 1-2 vegades\/setmana (\u22646 vegades\/mes; carns blanques, 1-2 vegades\/setmana; carns vermelles i processades, 0-1 vegades\/setmana); peixos 1 vegada\/setmana, i ous 1 vegada\/setmana.<\/li>\n<\/ul>\n<p><em>Aquest curs, implantem:<br \/>\n<\/em><\/p>\n<ul>\n<li><strong><em>tota la pasta ser\u00e0 integral<\/em><\/strong><\/li>\n<li><strong><em>l\u2019arr\u00f2s en algunes ocasions, tamb\u00e9 ser\u00e0 integral<\/em><\/strong><\/li>\n<li><strong><em>dos cops a la setmana, pa integral <\/em><\/strong><\/li>\n<\/ul>\n<p><strong>i, continuem introduint petits canvis per assolir totes les recomanacions.<\/strong><\/p>\n<h1><em><a style=\"color: #2795b6;\" href=\"https:\/\/agora.xtec.cat\/ceipalba\/wp-content\/uploads\/usu598\/2023\/10\/Parlem-del-menu-escolar-dubtes-Per-Naila-Martinez.pdf\">Parlem del men\u00fa escolar (dubtes) Per Naila Mart\u00ednez<\/a><\/em><\/h1>\n<p>Us deixem l\u2019enlla\u00e7 per si voleu ampliar la informaci\u00f3 <a href=\"http:\/\/salutpublica.gencat.cat\/web\/.content\/minisite\/aspcat\/promocio_salut\/alimentacio_saludable\/02Publicacions\/pub_alim_inf\/guia_alimentacio_saludable_etapa_escolar\/guia_alimentacio_etapa_escolar.pdf\">http:\/\/salutpublica.gencat.cat\/web\/.content\/minisite\/aspcat\/promocio_salut\/alimentacio_saludable\/02Publicacions\/pub_alim_inf\/guia_alimentacio_saludable_etapa_escolar\/guia_alimentacio_etapa_escolar.pdf<\/a><\/p>\n<p><strong>Gramatges:\u00a0<a href=\"https:\/\/agora.xtec.cat\/ceipalba\/wp-content\/uploads\/usu598\/2018\/10\/gramatges-infantils-1.pdf\">gramatges-infantils <\/a><a href=\"https:\/\/agora.xtec.cat\/ceipalba\/wp-content\/uploads\/usu598\/2018\/10\/0001-43.jpg\"><img loading=\"lazy\" decoding=\"async\" class=\"size-thumbnail wp-image-9623 aligncenter\" src=\"https:\/\/agora.xtec.cat\/ceipalba\/wp-content\/uploads\/usu598\/2018\/10\/0001-43-150x150.jpg\" alt=\"\" width=\"150\" height=\"150\" \/><\/a><\/strong><\/p>\n<p>Creiem convenient donar als pares els men\u00fas compensatoris per als sopars, d\u2019aquesta manera, poder gaudir d\u2019un equilibri i una varietat nutricional adequada.<\/p>\n<p>El centre disposa de cuina pr\u00f2pia que gestiona la nostra cap de cuina la M\u00f2nica Mart\u00ednez juntament amb 4 ajudants de cuina i amb el suport de la <strong>Naila Mart\u00ednez<\/strong>\u00a0diplomada en <strong>nutrici\u00f3 i diet\u00e8tica<\/strong>.<\/p>\n<p>Les mares\/pares\/tutors\/es, podeu dinar a l&#8217;escola sempre que vulgueu (de 14.45 a 15.15). Per fer-ho cal avisar abans de les 10.00 h, trucant a l&#8217;<strong>Esther<\/strong> al <strong><i>973 225 013<\/i><\/strong>. El preu del men\u00fa, en aquest cas, \u00e9s de 6,00 euros.<\/p>\n<p><strong>R\u00e8gims alimentaris <\/strong><\/p>\n<p>Per a l&#8217;alumnat que necessiti fer un r\u00e8gim alimentari especial per ra\u00f3 de salut, cal que seguiu les indicacions seg\u00fcents:<\/p>\n<ul>\n<li>Per als\/les alumnes que el necessitin d\u2019una forma puntual un dia determinat avisar a la secretaria de l\u2019AFA (973 225 013), abans de les 10.00 hores.<\/li>\n<li>Per als\/les alumnes que el necessitin seguir durant un temps heu de presentar la sol\u00b7licitud a la secretaria de l\u2019AFA, juntament amb la prescripci\u00f3 m\u00e8dica.<\/li>\n<\/ul>\n<p><a href=\"https:\/\/agora.xtec.cat\/ceipalba\/wp-content\/uploads\/usu598\/2020\/01\/RECOMENDACIONES_consumo_pescado_MERCURIO_AESAN_WEB.pdf\">RECOMENDACIONES_consumo_pescado_MERCURIO_AESAN_WEB<\/a><\/p>\n<p><a href=\"https:\/\/agora.xtec.cat\/ceipalba\/wp-content\/uploads\/usu598\/2020\/01\/0001-76.jpg\"><img loading=\"lazy\" decoding=\"async\" class=\"aligncenter size-large wp-image-12888\" src=\"https:\/\/agora.xtec.cat\/ceipalba\/wp-content\/uploads\/usu598\/2020\/01\/0001-76-410x1024.jpg\" alt=\"\" width=\"410\" height=\"1024\" srcset=\"https:\/\/agora.xtec.cat\/ceipalba\/wp-content\/uploads\/usu598\/2020\/01\/0001-76-410x1024.jpg 410w, https:\/\/agora.xtec.cat\/ceipalba\/wp-content\/uploads\/usu598\/2020\/01\/0001-76-120x300.jpg 120w, https:\/\/agora.xtec.cat\/ceipalba\/wp-content\/uploads\/usu598\/2020\/01\/0001-76-768x1920.jpg 768w\" sizes=\"auto, (max-width: 410px) 100vw, 410px\" \/><\/a><\/p>\n<p>&nbsp;<\/p>\n<p>&nbsp;<\/p>\n","protected":false},"excerpt":{"rendered":"<p><a style=\"color: #2795b6;\" href=\"https:\/\/scientiasalut.gencat.cat\/bitstream\/handle\/11351\/1986.2\/acompanyar-apats-infants-consells-families-menjadors-escolars-2024.pdf?sequence=21&amp;isAllowed=y\" target=\"_blank\" rel=\"noopener\" data-saferedirecturl=\"https:\/\/www.google.com\/url?q=https:\/\/scientiasalut.gencat.cat\/bitstream\/handle\/11351\/1986.2\/acompanyar-apats-infants-consells-families-menjadors-escolars-2024.pdf?sequence%3D21%26isAllowed%3Dy&amp;source=gmail&amp;ust=1738754969374000&amp;usg=AOvVaw3LkFXpPtBu1FZZoEqLg-X5\">Guia \u201cAcompanyar els \u00e0pats dels infants\u201d<\/a><br \/>\nDes de l\u2019AFA de l\u2019Escola Alba continuem implicats per millorar i adequar els nostres men\u00fas amb les recomanacions que\u00a0<a style=\"color: #2795b6;\" href=\"https:\/\/salutpublica.gencat.cat\/ca\/detalls\/Article\/Lalimentacio-saludable-en-letapa-escolar.-Edicio-2020\" target=\"_blank\" rel=\"noopener\" data-saferedirecturl=\"https:\/\/www.google.com\/url?q=https:\/\/salutpublica.gencat.cat\/ca\/detalls\/Article\/Lalimentacio-saludable-en-letapa-escolar.-Edicio-2020&amp;source=gmail&amp;ust=1738754969374000&amp;usg=AOvVaw347S7iHp-rERBr58uekTnH\">l\u2019Ag\u00e8ncia de Salut P\u00fablica\u00a0<\/a>i\u00a0<a href=\"https:\/\/salutpublica.gencat.cat\/ca\/ambits\/promocio\/alimentacio-saludable\/preme\/index.html\">el\u00a0Programa\u00a0de\u00a0Revisi\u00f3\u00a0de\u00a0Men\u00fas\u00a0Escolars\u00a0a\u00a0Catalunya\u00a0(PReME)<\/a>\u00a0fixa en q\u00fcesti\u00f3 de seguretat aliment\u00e0ria&hellip;  <a href=\"https:\/\/agora.xtec.cat\/ceipalba\/serveis\/menjador-escolar\/\" title=\"Read Menjador escolar\">Llegeix m\u00e9s\u00bb<\/a><\/p>\n","protected":false},"author":1,"featured_media":0,"parent":66,"menu_order":30,"comment_status":"closed","ping_status":"closed","template":"page-templates\/side-menu.php","meta":{"_bbp_topic_count":0,"_bbp_reply_count":0,"_bbp_total_topic_count":0,"_bbp_total_reply_count":0,"_bbp_voice_count":0,"_bbp_anonymous_reply_count":0,"_bbp_topic_count_hidden":0,"_bbp_reply_count_hidden":0,"_bbp_forum_subforum_count":0,"footnotes":""},"class_list":["post-73","page","type-page","status-publish","hentry"],"post_mailing_queue_ids":[],"_links":{"self":[{"href":"https:\/\/agora.xtec.cat\/ceipalba\/wp-json\/wp\/v2\/pages\/73","targetHints":{"allow":["GET"]}}],"collection":[{"href":"https:\/\/agora.xtec.cat\/ceipalba\/wp-json\/wp\/v2\/pages"}],"about":[{"href":"https:\/\/agora.xtec.cat\/ceipalba\/wp-json\/wp\/v2\/types\/page"}],"author":[{"embeddable":true,"href":"https:\/\/agora.xtec.cat\/ceipalba\/wp-json\/wp\/v2\/users\/1"}],"replies":[{"embeddable":true,"href":"https:\/\/agora.xtec.cat\/ceipalba\/wp-json\/wp\/v2\/comments?post=73"}],"version-history":[{"count":6,"href":"https:\/\/agora.xtec.cat\/ceipalba\/wp-json\/wp\/v2\/pages\/73\/revisions"}],"predecessor-version":[{"id":20133,"href":"https:\/\/agora.xtec.cat\/ceipalba\/wp-json\/wp\/v2\/pages\/73\/revisions\/20133"}],"up":[{"embeddable":true,"href":"https:\/\/agora.xtec.cat\/ceipalba\/wp-json\/wp\/v2\/pages\/66"}],"wp:attachment":[{"href":"https:\/\/agora.xtec.cat\/ceipalba\/wp-json\/wp\/v2\/media?parent=73"}],"curies":[{"name":"wp","href":"https:\/\/api.w.org\/{rel}","templated":true}]}}