{"id":4567,"date":"2016-09-14T10:28:49","date_gmt":"2016-09-14T09:28:49","guid":{"rendered":"http:\/\/agora.xtec.cat\/ceipalba\/?page_id=4567"},"modified":"2024-02-21T14:05:03","modified_gmt":"2024-02-21T13:05:03","slug":"relacions-familia-escola","status":"publish","type":"page","link":"https:\/\/agora.xtec.cat\/ceipalba\/lescola\/relacions-familia-escola\/","title":{"rendered":"Relacions fam\u00edlia escola"},"content":{"rendered":"<h5>Visites i comunicacions telef\u00f2niques a l\u2019escola<\/h5>\n<ul>\n<li>Tel\u00e8fon 973 225 013\n<ul>\n<li>Pr\u00e9mer l&#8217;1 per parlar amb els\/les mestres o consultar alguna cosa de l\u2019escola, podeu trucar a la secretaria de l\u2019escola:\u00a0 (M\u00edriam o Aurora).<\/li>\n<li>Pr\u00e9mer el 2 per temes referents al menjador, transport escolar o activitats extraescolars i qualsevol aspecte concernent a l\u2019AFA, podeu adre\u00e7ar-vos a la secretaria de l\u2019AFA (Esther i Aida)<\/li>\n<\/ul>\n<\/li>\n<\/ul>\n<h5>Reuni\u00f3 informativa fam\u00edlies EI 3 anys<\/h5>\n<p>S\u2019informa del funcionament general de l\u2019escola i en concret, de l\u2019organitzaci\u00f3 de les aules d\u2019EI 3 (juny de 2023)<\/p>\n<h5>Reunions de curs<\/h5>\n<p>Tenen lloc entre els mesos de setembre\/octubre i \u00e9s una reuni\u00f3 entre els mestres tutors i especialistes amb totes les fam\u00edlies del nivell.<\/p>\n<p>En aquesta reuni\u00f3 s&#8217;expliquen els continguts i objectius del curs, la metodologia, organitzaci\u00f3,&#8230;<\/p>\n<p>M\u00e9s endavant us informarem de les dates previstes per a les diferents reunions.<\/p>\n<h5>Entrevistes fam\u00edlia escola<\/h5>\n<p>\u00c9s la reuni\u00f3 entre les fam\u00edlies i tutors\/mestres especialistes, per parlar de manera formal i programada sobre l\u2019evoluci\u00f3 de l\u2019alumne\/a, aix\u00ed com per fer un seguiment del seu aprenentatge.<\/p>\n<p>La demanda \u00e9s indistinta per ambdues parts.<\/p>\n<h5>Si heu de venir a buscar el vostre fill\/a a l\u2019escola<\/h5>\n<p>o veniu a fer una tutoria us preguem que primer us adreceu a secretaria, de l\u2019edifici xalet -planta baixa-, i des d\u2019aqu\u00ed us donarem les indicacions adients.<\/p>\n<h5>Informes escrits<\/h5>\n<p>A educaci\u00f3 infantil es donen, per escrit, dos informes al llarg del curs. El primer al mes de gener i el segon al mes de juny. A educaci\u00f3 prim\u00e0ria es lliuren tres informes, un al final de cada trimestre.<\/p>\n<p>Aquests informes d\u2019avaluaci\u00f3 serveixen per tot el curs\/cicle; per tant, cada vegada que us l&#8217;entreguem l&#8217;haureu de retornar signat a l\u2019escola.<\/p>\n<h5>Agenda escolar<\/h5>\n<p>A tota l\u2019educaci\u00f3 prim\u00e0ria, es sistematitza l\u2019\u00fas de l\u2019agenda escolar que es reparteix el primer dia de classe. La il\u00b7lustraci\u00f3 de la portada ha estat elaborada per l\u2019alumnat de 5\u00e8 del curs passat.<\/p>\n","protected":false},"excerpt":{"rendered":"<p>Visites i comunicacions telef\u00f2niques a l\u2019escola<\/p>\n<ul>\n<li>Tel\u00e8fon 973 225 013\n<ul>\n<li>Pr\u00e9mer l&#8217;1 per parlar amb els\/les mestres o consultar alguna cosa de l\u2019escola, podeu trucar a la secretaria de l\u2019escola:\u00a0 (M\u00edriam o Aurora).<\/li>\n<li>Pr\u00e9mer el 2 per temes referents al menjador, transport escolar o activitats extraescolars i qualsevol&hellip;  <a href=\"https:\/\/agora.xtec.cat\/ceipalba\/lescola\/relacions-familia-escola\/\" title=\"Read Relacions fam\u00edlia escola\">Llegeix m\u00e9s\u00bb<\/a><br \/>\n","protected":false},"author":3,"featured_media":0,"parent":22,"menu_order":0,"comment_status":"closed","ping_status":"closed","template":"page-templates\/side-menu.php","meta":{"_bbp_topic_count":0,"_bbp_reply_count":0,"_bbp_total_topic_count":0,"_bbp_total_reply_count":0,"_bbp_voice_count":0,"_bbp_anonymous_reply_count":0,"_bbp_topic_count_hidden":0,"_bbp_reply_count_hidden":0,"_bbp_forum_subforum_count":0,"footnotes":""},"class_list":["post-4567","page","type-page","status-publish","hentry"],"post_mailing_queue_ids":[],"_links":{"self":[{"href":"https:\/\/agora.xtec.cat\/ceipalba\/wp-json\/wp\/v2\/pages\/4567","targetHints":{"allow":["GET"]}}],"collection":[{"href":"https:\/\/agora.xtec.cat\/ceipalba\/wp-json\/wp\/v2\/pages"}],"about":[{"href":"https:\/\/agora.xtec.cat\/ceipalba\/wp-json\/wp\/v2\/types\/page"}],"author":[{"embeddable":true,"href":"https:\/\/agora.xtec.cat\/ceipalba\/wp-json\/wp\/v2\/users\/3"}],"replies":[{"embeddable":true,"href":"https:\/\/agora.xtec.cat\/ceipalba\/wp-json\/wp\/v2\/comments?post=4567"}],"version-history":[{"count":5,"href":"https:\/\/agora.xtec.cat\/ceipalba\/wp-json\/wp\/v2\/pages\/4567\/revisions"}],"predecessor-version":[{"id":18468,"href":"https:\/\/agora.xtec.cat\/ceipalba\/wp-json\/wp\/v2\/pages\/4567\/revisions\/18468"}],"up":[{"embeddable":true,"href":"https:\/\/agora.xtec.cat\/ceipalba\/wp-json\/wp\/v2\/pages\/22"}],"wp:attachment":[{"href":"https:\/\/agora.xtec.cat\/ceipalba\/wp-json\/wp\/v2\/media?parent=4567"}],"curies":[{"name":"wp","href":"https:\/\/api.w.org\/{rel}","templated":true}]}}