{"id":36,"date":"2014-09-18T12:33:11","date_gmt":"2014-09-18T11:33:11","guid":{"rendered":"http:\/\/agora.xtec.cat\/ceipalba\/?page_id=36"},"modified":"2021-09-06T21:04:41","modified_gmt":"2021-09-06T19:04:41","slug":"material-escolar","status":"publish","type":"page","link":"https:\/\/agora.xtec.cat\/ceipalba\/lescola\/material-escolar\/","title":{"rendered":"Material escolar"},"content":{"rendered":"<p style=\"text-align: justify;\"><strong>Programa de sostenibilitat\u00a0 de recursos pedag\u00f2gics i material did\u00e0ctic<\/strong><\/p>\n<p style=\"text-align: justify;\">Tot l&#8217;alumnat d&#8217;educaci\u00f3 infantil i d&#8217;educaci\u00f3 prim\u00e0ria que estigui acollit a aquest programa trobar\u00e0 el material preparat a la classe i\/o el lot de llibres. Nom\u00e9s cal que portin part del material d&#8217;aula que ja us v\u00e0rem detallar a finals del curs passat.<\/p>\n<p style=\"text-align: justify;\">La quota d&#8217;aquest programa es destina a la compra de material necessari perqu\u00e8 el vostre fill\/a realitzi, a l\u2019escola, diferents manualitats, treballs pl\u00e0stics, guarniments, decoracions, murals, el llibre de Sant Jordi&#8230;, i tamb\u00e9 per a material inventariable: recursos digitals, mobiliari, llibres de biblioteca&#8230;<\/p>\n<p>L\u2019import d\u2019aquesta quota \u00e9s de 130 euros i la seva domiciliaci\u00f3 es far\u00e0 a trav\u00e9s de l&#8217;AFA de l&#8217;escola.<\/p>\n<p>&nbsp;<\/p>\n<p style=\"text-align: justify;\"><strong>Material per a les classe d\u2019educaci\u00f3 f\u00edsica<\/strong><\/p>\n<p style=\"text-align: justify;\">L\u2019alumnat d\u2019educaci\u00f3 infantil far\u00e0 psicomotricitat i caldr\u00e0 que porti roba i sabates d\u2019esport.<\/p>\n<p style=\"text-align: justify;\">A les classes d\u2019educaci\u00f3 f\u00edsica, els alumnes d\u2019educaci\u00f3 prim\u00e0ria han de portar el xandall de l\u2019escola.<\/p>\n<p style=\"text-align: justify;\"><span style=\"text-decoration: underline;\">En ambd\u00f2s casos\u00a0s&#8217;haur\u00e0 de portar l&#8217;equipament\u00a0marcat amb el nom de l\u2019alumne\/a<\/span>.<\/p>\n<p style=\"text-align: justify;\">En cas de no poder fer educaci\u00f3 f\u00edsica, cal que portin un justificant m\u00e8dic.<\/p>\n","protected":false},"excerpt":{"rendered":"<p>Programa de sostenibilitat\u00a0 de recursos pedag\u00f2gics i material did\u00e0ctic<br \/>\nTot l&#8217;alumnat d&#8217;educaci\u00f3 infantil i d&#8217;educaci\u00f3 prim\u00e0ria que estigui acollit a aquest programa trobar\u00e0 el material preparat a la classe i\/o el lot de llibres. Nom\u00e9s cal que portin part del material d&#8217;aula que ja us v\u00e0rem&hellip;  <a href=\"https:\/\/agora.xtec.cat\/ceipalba\/lescola\/material-escolar\/\" title=\"Read Material escolar\">Llegeix m\u00e9s\u00bb<\/a><\/p>\n","protected":false},"author":1,"featured_media":0,"parent":22,"menu_order":70,"comment_status":"closed","ping_status":"closed","template":"page-templates\/side-menu.php","meta":{"_bbp_topic_count":0,"_bbp_reply_count":0,"_bbp_total_topic_count":0,"_bbp_total_reply_count":0,"_bbp_voice_count":0,"_bbp_anonymous_reply_count":0,"_bbp_topic_count_hidden":0,"_bbp_reply_count_hidden":0,"_bbp_forum_subforum_count":0,"footnotes":""},"class_list":["post-36","page","type-page","status-publish","hentry"],"post_mailing_queue_ids":[],"_links":{"self":[{"href":"https:\/\/agora.xtec.cat\/ceipalba\/wp-json\/wp\/v2\/pages\/36","targetHints":{"allow":["GET"]}}],"collection":[{"href":"https:\/\/agora.xtec.cat\/ceipalba\/wp-json\/wp\/v2\/pages"}],"about":[{"href":"https:\/\/agora.xtec.cat\/ceipalba\/wp-json\/wp\/v2\/types\/page"}],"author":[{"embeddable":true,"href":"https:\/\/agora.xtec.cat\/ceipalba\/wp-json\/wp\/v2\/users\/1"}],"replies":[{"embeddable":true,"href":"https:\/\/agora.xtec.cat\/ceipalba\/wp-json\/wp\/v2\/comments?post=36"}],"version-history":[{"count":4,"href":"https:\/\/agora.xtec.cat\/ceipalba\/wp-json\/wp\/v2\/pages\/36\/revisions"}],"predecessor-version":[{"id":15563,"href":"https:\/\/agora.xtec.cat\/ceipalba\/wp-json\/wp\/v2\/pages\/36\/revisions\/15563"}],"up":[{"embeddable":true,"href":"https:\/\/agora.xtec.cat\/ceipalba\/wp-json\/wp\/v2\/pages\/22"}],"wp:attachment":[{"href":"https:\/\/agora.xtec.cat\/ceipalba\/wp-json\/wp\/v2\/media?parent=36"}],"curies":[{"name":"wp","href":"https:\/\/api.w.org\/{rel}","templated":true}]}}