{"id":303,"date":"2015-11-09T22:30:17","date_gmt":"2015-11-09T21:30:17","guid":{"rendered":"http:\/\/agora.xtec.cat\/ceipalba\/?page_id=303"},"modified":"2020-04-25T09:49:20","modified_gmt":"2020-04-25T07:49:20","slug":"escoltam","status":"publish","type":"page","link":"https:\/\/agora.xtec.cat\/ceipalba\/projectes\/escoltam\/","title":{"rendered":"Escolta&#8217;m"},"content":{"rendered":"<p style=\"text-align: justify;\"><strong>PROJECTE ESCOLTA&#8217;M<\/strong><\/p>\n<p style=\"text-align: justify;\">Escoltar-nos \u00e9s la base de la proposta de tutoria personalitzada que presentem, basada en el desig d\u2019escoltar, de comprendre, de no jutjar, i poder transmetre a cadascun dels nostres alumnes: \u201ctu m\u2019importes\u201d. Un projecte ordinari on l&#8217;alumnat pren el protagonisme en la conversa en petit grup i el docent desenvolupa l&#8217;art de la conversa per ajudar a l&#8217;alumnat a construir i organitzar el seu pensament des de la vinculaci\u00f3 emocional.<\/p>\n<p style=\"text-align: justify;\"><strong>EL PROJECTE ESCOLTA\u2019M A LA NOSTRA ESCOLA<\/strong><\/p>\n<p><strong>QU\u00c8 \u00c9S?<a href=\"https:\/\/agora.xtec.cat\/ceipalba\/wp-content\/uploads\/usu598\/2018\/11\/IMG_0468.jpg\"><img loading=\"lazy\" decoding=\"async\" class=\"size-medium wp-image-9922 alignright\" src=\"https:\/\/agora.xtec.cat\/ceipalba\/wp-content\/uploads\/usu598\/2018\/11\/IMG_0468-300x225.jpg\" alt=\"\" width=\"300\" height=\"225\" srcset=\"https:\/\/agora.xtec.cat\/ceipalba\/wp-content\/uploads\/usu598\/2018\/11\/IMG_0468-300x225.jpg 300w, https:\/\/agora.xtec.cat\/ceipalba\/wp-content\/uploads\/usu598\/2018\/11\/IMG_0468-768x576.jpg 768w, https:\/\/agora.xtec.cat\/ceipalba\/wp-content\/uploads\/usu598\/2018\/11\/IMG_0468-1024x768.jpg 1024w, https:\/\/agora.xtec.cat\/ceipalba\/wp-content\/uploads\/usu598\/2018\/11\/IMG_0468-200x150.jpg 200w\" sizes=\"auto, (max-width: 300px) 100vw, 300px\" \/><\/a><\/strong><\/p>\n<ul>\n<li>\u00c9s un projecte de centre que treballa la tutoria i l\u2019atenci\u00f3 als nens i nenes (joves) de manera m\u00e9s individual. En grups de 3 o 4 alumnes com a m\u00e0xim i el tutor\/a es parla de qualsevol tema que sigui interessant per ell i elles.<\/li>\n<li>\u00c9s un espai de trobada de mitja hora setmanal que facilita la relaci\u00f3 entre ells i tamb\u00e9 amb el tutor.<\/li>\n<li>\u00c9s un espai per treballar les emocions.<\/li>\n<li>El projecte treballa des de les potencialitats i fortaleses de l\u2019alumnat, i els ajuda a creure en si mateixos.<\/li>\n<\/ul>\n<p><strong>OBJECTIUS:<\/strong><\/p>\n<ul>\n<li>Fer que l\u2019alumnat senti l\u2019escola o institut com un espai segur on es pugui reflexionar i compartir idees i sentiments.<\/li>\n<li>Centrar la mirada en els elements que afavoreixen el progr\u00e9s dels alumnes m\u00e9s que en les causes dels seus problemes.<\/li>\n<li>Desenvolupar habilitats de comunicaci\u00f3 i relaci\u00f3 entre iguals.<\/li>\n<li>Proporcionar al grup-classe un bon clima emocional i la motivaci\u00f3 per voler aprendre i treballar al centre educatiu.<\/li>\n<li>Promoure el di\u00e0leg i el respecte a les difer\u00e8ncies individuals.<\/li>\n<li>Establir un vincle positiu entre el tutor\/a i l\u2019alumnat.<\/li>\n<\/ul>\n<p><strong>FONTS DE L&#8217;ESCOLTA&#8217;M:<a href=\"https:\/\/agora.xtec.cat\/ceipalba\/wp-content\/uploads\/usu598\/2020\/04\/descarga-1.png\"><img loading=\"lazy\" decoding=\"async\" class=\"alignright wp-image-13830\" src=\"https:\/\/agora.xtec.cat\/ceipalba\/wp-content\/uploads\/usu598\/2020\/04\/descarga-1.png\" alt=\"\" width=\"297\" height=\"297\" srcset=\"https:\/\/agora.xtec.cat\/ceipalba\/wp-content\/uploads\/usu598\/2020\/04\/descarga-1.png 225w, https:\/\/agora.xtec.cat\/ceipalba\/wp-content\/uploads\/usu598\/2020\/04\/descarga-1-150x150.png 150w\" sizes=\"auto, (max-width: 297px) 100vw, 297px\" \/><\/a><\/strong><\/p>\n<ul>\n<li>L&#8217;educaci\u00f3 Emocional<\/li>\n<li>Teoria de la Comunicaci\u00f3<\/li>\n<li>Teoria de l&#8217;aferrament, la vinculaci\u00f3.<\/li>\n<li>La resili\u00e8ncia<\/li>\n<li>Coaching Educatiu.<\/li>\n<\/ul>\n<p><strong>Altres fonts:<\/strong><\/p>\n<ul>\n<li>PNL<\/li>\n<li>Ontologia del llenguatge<\/li>\n<li>Teoria de les intel\u00b7lig\u00e8ncies m\u00faltiples.<\/li>\n<\/ul>\n<p>&nbsp;<\/p>\n<p><a href=\"https:\/\/sites.google.com\/a\/xtec.cat\/escoltamsegria\/\">M\u00e9s informaci\u00f3\u00a0 \u00a0 \u00a0(CRP DEL SEGRI\u00c0)<\/a><\/p>\n<p>&nbsp;<\/p>\n","protected":false},"excerpt":{"rendered":"<p>PROJECTE ESCOLTA&#8217;M<br \/>\nEscoltar-nos \u00e9s la base de la proposta de tutoria personalitzada que presentem, basada en el desig d\u2019escoltar, de comprendre, de no jutjar, i poder transmetre a cadascun dels nostres alumnes: \u201ctu m\u2019importes\u201d. Un projecte ordinari on l&#8217;alumnat pren el protagonisme en la conversa en&hellip;  <a href=\"https:\/\/agora.xtec.cat\/ceipalba\/projectes\/escoltam\/\" title=\"Read Escolta&#8217;m\">Llegeix m\u00e9s\u00bb<\/a><\/p>\n","protected":false},"author":1,"featured_media":0,"parent":270,"menu_order":0,"comment_status":"closed","ping_status":"closed","template":"page-templates\/side-menu.php","meta":{"_bbp_topic_count":0,"_bbp_reply_count":0,"_bbp_total_topic_count":0,"_bbp_total_reply_count":0,"_bbp_voice_count":0,"_bbp_anonymous_reply_count":0,"_bbp_topic_count_hidden":0,"_bbp_reply_count_hidden":0,"_bbp_forum_subforum_count":0,"footnotes":""},"class_list":["post-303","page","type-page","status-publish","hentry"],"post_mailing_queue_ids":[],"_links":{"self":[{"href":"https:\/\/agora.xtec.cat\/ceipalba\/wp-json\/wp\/v2\/pages\/303","targetHints":{"allow":["GET"]}}],"collection":[{"href":"https:\/\/agora.xtec.cat\/ceipalba\/wp-json\/wp\/v2\/pages"}],"about":[{"href":"https:\/\/agora.xtec.cat\/ceipalba\/wp-json\/wp\/v2\/types\/page"}],"author":[{"embeddable":true,"href":"https:\/\/agora.xtec.cat\/ceipalba\/wp-json\/wp\/v2\/users\/1"}],"replies":[{"embeddable":true,"href":"https:\/\/agora.xtec.cat\/ceipalba\/wp-json\/wp\/v2\/comments?post=303"}],"version-history":[{"count":3,"href":"https:\/\/agora.xtec.cat\/ceipalba\/wp-json\/wp\/v2\/pages\/303\/revisions"}],"predecessor-version":[{"id":9923,"href":"https:\/\/agora.xtec.cat\/ceipalba\/wp-json\/wp\/v2\/pages\/303\/revisions\/9923"}],"up":[{"embeddable":true,"href":"https:\/\/agora.xtec.cat\/ceipalba\/wp-json\/wp\/v2\/pages\/270"}],"wp:attachment":[{"href":"https:\/\/agora.xtec.cat\/ceipalba\/wp-json\/wp\/v2\/media?parent=303"}],"curies":[{"name":"wp","href":"https:\/\/api.w.org\/{rel}","templated":true}]}}