{"id":300,"date":"2015-11-09T22:21:21","date_gmt":"2015-11-09T21:21:21","guid":{"rendered":"http:\/\/agora.xtec.cat\/ceipalba\/?page_id=300"},"modified":"2016-02-16T09:40:31","modified_gmt":"2016-02-16T08:40:31","slug":"agenda-21","status":"publish","type":"page","link":"https:\/\/agora.xtec.cat\/ceipalba\/projectes\/agenda-21\/","title":{"rendered":"Agenda 21"},"content":{"rendered":"<p style=\"text-align: justify;\">L&#8217;Agenda21E \u00e9s un projecte que implica, diferents escoles de la ciutat de Lleida, a construir un m\u00f3n m\u00e9s sostenible comen\u00e7ant pel nostre entorn m\u00e9s proper que \u00e9s l&#8217;escola.<\/p>\n<p style=\"text-align: justify;\">Per aquest curs, alumnes i mestres, durem a terme el projecte <em>&#8220;Redu\u00efm, reutilitzem i reciclem&#8221;<\/em>, en el qual ens proposem reduir el consum de material fungible implicant a tota la comunitat escolar en el projecte mediambiental.<\/p>\n<p style=\"text-align: justify;\">Algunes de les accions que s&#8217;estan duent a terme s\u00f3n:<\/p>\n<p style=\"text-align: justify;\">-Dotar les classes de contenidors de paper i pl\u00e0stic, aix\u00ed com vetllar pel correcte abocament dels residus.<\/p>\n<p>-Recollida de dades del tipus d&#8217;embolcall que\u00a0 fa servir\u00a0 l&#8217;alumnat. Promoure l&#8217;\u00fas de carmanyoles o embolcalls de roba o altres materials sostenibles.<\/p>\n<p>-Juntament amb l&#8217;activitat establerta de menjar fruita els dimecres per esmorzar, ha sorgit la proposta de fer una recollida selectiva dels materials org\u00e0nics.<\/p>\n<p>-Realitzar al llarg del tercer trimestre tallers de pl\u00e0stica relacionats amb el reciclatge fent fent servir materials de rebuig.<\/p>\n","protected":false},"excerpt":{"rendered":"<p>L&#8217;Agenda21E \u00e9s un projecte que implica, diferents escoles de la ciutat de Lleida, a construir un m\u00f3n m\u00e9s sostenible comen\u00e7ant pel nostre entorn m\u00e9s proper que \u00e9s l&#8217;escola.<br \/>\nPer aquest curs, alumnes i mestres, durem a terme el projecte &#8220;Redu\u00efm, reutilitzem i reciclem&#8221;, en el qual&hellip;  <a href=\"https:\/\/agora.xtec.cat\/ceipalba\/projectes\/agenda-21\/\" title=\"Read Agenda 21\">Llegeix m\u00e9s\u00bb<\/a><\/p>\n","protected":false},"author":1,"featured_media":0,"parent":270,"menu_order":0,"comment_status":"closed","ping_status":"closed","template":"page-templates\/side-menu.php","meta":{"_bbp_topic_count":0,"_bbp_reply_count":0,"_bbp_total_topic_count":0,"_bbp_total_reply_count":0,"_bbp_voice_count":0,"_bbp_anonymous_reply_count":0,"_bbp_topic_count_hidden":0,"_bbp_reply_count_hidden":0,"_bbp_forum_subforum_count":0,"footnotes":""},"class_list":["post-300","page","type-page","status-publish","hentry"],"post_mailing_queue_ids":[],"_links":{"self":[{"href":"https:\/\/agora.xtec.cat\/ceipalba\/wp-json\/wp\/v2\/pages\/300","targetHints":{"allow":["GET"]}}],"collection":[{"href":"https:\/\/agora.xtec.cat\/ceipalba\/wp-json\/wp\/v2\/pages"}],"about":[{"href":"https:\/\/agora.xtec.cat\/ceipalba\/wp-json\/wp\/v2\/types\/page"}],"author":[{"embeddable":true,"href":"https:\/\/agora.xtec.cat\/ceipalba\/wp-json\/wp\/v2\/users\/1"}],"replies":[{"embeddable":true,"href":"https:\/\/agora.xtec.cat\/ceipalba\/wp-json\/wp\/v2\/comments?post=300"}],"version-history":[{"count":3,"href":"https:\/\/agora.xtec.cat\/ceipalba\/wp-json\/wp\/v2\/pages\/300\/revisions"}],"predecessor-version":[{"id":3348,"href":"https:\/\/agora.xtec.cat\/ceipalba\/wp-json\/wp\/v2\/pages\/300\/revisions\/3348"}],"up":[{"embeddable":true,"href":"https:\/\/agora.xtec.cat\/ceipalba\/wp-json\/wp\/v2\/pages\/270"}],"wp:attachment":[{"href":"https:\/\/agora.xtec.cat\/ceipalba\/wp-json\/wp\/v2\/media?parent=300"}],"curies":[{"name":"wp","href":"https:\/\/api.w.org\/{rel}","templated":true}]}}