{"id":2862,"date":"2015-12-29T17:47:49","date_gmt":"2015-12-29T16:47:49","guid":{"rendered":"http:\/\/agora.xtec.cat\/ceipalba\/?page_id=2862"},"modified":"2025-09-03T12:45:10","modified_gmt":"2025-09-03T10:45:10","slug":"natacio","status":"publish","type":"page","link":"https:\/\/agora.xtec.cat\/ceipalba\/serveis\/extraescolars-tarda-25-26\/natacio\/","title":{"rendered":"Nataci\u00f3"},"content":{"rendered":"<p>Dins de les activitats organitzades per l\u2019AFA, hi ha el curset de nataci\u00f3 per a tots els alumnes d&#8217;I-3 fins a 6\u00e8 nivell que volunt\u00e0riament hi vulguin assistir.<\/p>\n<p>Aquest curs els cursets de nataci\u00f3 es duran a terme a les instal\u00b7lacions del <strong>Club Nataci\u00f3 Lleida<\/strong>, per petici\u00f3 de les fam\u00edlies. Aquests tenen una durada de 45 minuts cada sessi\u00f3. L\u2019activitat la porten a terme els professors i monitors que el CNLL t\u00e9 per aquesta finalitat, s\u00f3n les fam\u00edlies les responsables de portar i recollir els\/les nens\/es a la piscina.<\/p>\n<p>Aquest curs 25\/26 tenim dues franges hor\u00e0ries per fer nataci\u00f3:<\/p>\n<ul>\n<li>Dilluns, de 17:15 a 18:00 h.<\/li>\n<\/ul>\n<p><a href=\"https:\/\/agora.xtec.cat\/ceipalba\/wp-content\/uploads\/usu598\/2025\/09\/CALENDARI-NATACIO-DILLUNS.png\">CALENDARI CURSETS NATACI\u00d3 GRUP DILLUNS.<\/a><\/p>\n<ul>\n<li>Dissabte, de 9:00 a 9:45 h.<\/li>\n<\/ul>\n<p><a href=\"https:\/\/agora.xtec.cat\/ceipalba\/wp-content\/uploads\/usu598\/2025\/09\/CALENDARI-NATACIO-DISSABTES.png\">CALENDARI CURSETS DE NATACI\u00d3 GRUP DISSABTES.\u00a0<\/a><\/p>\n<p>Tots els trimestres podeu entrar a veure els vostres fills\/es els dies assignats:<\/p>\n<p><a href=\"https:\/\/agora.xtec.cat\/ceipalba\/wp-content\/uploads\/usu598\/2025\/09\/CALENDARI-PORTES-OBERTES-NATACIO.png\">CALENDARI DIES PORTES OBERTES.<\/a><\/p>\n<p>Per veure la web de la piscina feu clic <a href=\"https:\/\/www.clubnataciolleida.com\/ca\/club\/clubnataciolleida\/natacio\/r-40723\" target=\"_blank\" rel=\"noopener noreferrer\">aqu\u00ed<\/a>.<\/p>\n<p><img loading=\"lazy\" decoding=\"async\" class=\" wp-image-2966 alignnone\" src=\"http:\/\/agora.xtec.cat\/ceipalba\/wp-content\/uploads\/usu598\/2015\/12\/swim.jpg\" alt=\"swim\" width=\"389\" height=\"164\" srcset=\"https:\/\/agora.xtec.cat\/ceipalba\/wp-content\/uploads\/usu598\/2015\/12\/swim.jpg 700w, https:\/\/agora.xtec.cat\/ceipalba\/wp-content\/uploads\/usu598\/2015\/12\/swim-300x126.jpg 300w\" sizes=\"auto, (max-width: 389px) 100vw, 389px\" \/><\/p>\n<p>Per qualsevol dubte o inscripcions podeu posar-vos en contacte amb l&#8217;AFA a trav\u00e9s dels seg\u00fcents correus: afa@escolaalba.cat o coordinaciomigdia@escolaalbat.cat.<\/p>\n","protected":false},"excerpt":{"rendered":"<p>Dins de les activitats organitzades per l\u2019AFA, hi ha el curset de nataci\u00f3 per a tots els alumnes d&#8217;I-3 fins a 6\u00e8 nivell que volunt\u00e0riament hi vulguin assistir.<br \/>\nAquest curs els cursets de nataci\u00f3 es duran a terme a les instal\u00b7lacions del Club Nataci\u00f3 Lleida, per&hellip;  <a href=\"https:\/\/agora.xtec.cat\/ceipalba\/serveis\/extraescolars-tarda-25-26\/natacio\/\" title=\"Read Nataci\u00f3\">Llegeix m\u00e9s\u00bb<\/a><\/p>\n","protected":false},"author":3,"featured_media":0,"parent":16587,"menu_order":13,"comment_status":"closed","ping_status":"closed","template":"page-templates\/side-menu.php","meta":{"_bbp_topic_count":0,"_bbp_reply_count":0,"_bbp_total_topic_count":0,"_bbp_total_reply_count":0,"_bbp_voice_count":0,"_bbp_anonymous_reply_count":0,"_bbp_topic_count_hidden":0,"_bbp_reply_count_hidden":0,"_bbp_forum_subforum_count":0,"footnotes":""},"class_list":["post-2862","page","type-page","status-publish","hentry"],"post_mailing_queue_ids":[],"_links":{"self":[{"href":"https:\/\/agora.xtec.cat\/ceipalba\/wp-json\/wp\/v2\/pages\/2862","targetHints":{"allow":["GET"]}}],"collection":[{"href":"https:\/\/agora.xtec.cat\/ceipalba\/wp-json\/wp\/v2\/pages"}],"about":[{"href":"https:\/\/agora.xtec.cat\/ceipalba\/wp-json\/wp\/v2\/types\/page"}],"author":[{"embeddable":true,"href":"https:\/\/agora.xtec.cat\/ceipalba\/wp-json\/wp\/v2\/users\/3"}],"replies":[{"embeddable":true,"href":"https:\/\/agora.xtec.cat\/ceipalba\/wp-json\/wp\/v2\/comments?post=2862"}],"version-history":[{"count":6,"href":"https:\/\/agora.xtec.cat\/ceipalba\/wp-json\/wp\/v2\/pages\/2862\/revisions"}],"predecessor-version":[{"id":19812,"href":"https:\/\/agora.xtec.cat\/ceipalba\/wp-json\/wp\/v2\/pages\/2862\/revisions\/19812"}],"up":[{"embeddable":true,"href":"https:\/\/agora.xtec.cat\/ceipalba\/wp-json\/wp\/v2\/pages\/16587"}],"wp:attachment":[{"href":"https:\/\/agora.xtec.cat\/ceipalba\/wp-json\/wp\/v2\/media?parent=2862"}],"curies":[{"name":"wp","href":"https:\/\/api.w.org\/{rel}","templated":true}]}}