{"id":2856,"date":"2015-12-29T17:46:46","date_gmt":"2015-12-29T16:46:46","guid":{"rendered":"http:\/\/agora.xtec.cat\/ceipalba\/?page_id=2856"},"modified":"2020-01-09T14:54:51","modified_gmt":"2020-01-09T13:54:51","slug":"teatre","status":"publish","type":"page","link":"https:\/\/agora.xtec.cat\/ceipalba\/serveis\/activitats-extraescolars-migdia25-26\/teatre\/","title":{"rendered":"Teatre"},"content":{"rendered":"<p>El teatre permet desenvolupar les capacitats creatives i interactives dels nens i nenes a trav\u00e9s del joc simb\u00f2lic, el joc dram\u00e0tic i el joc teatral.<\/p>\n<p>Aquesta activitat t\u00e9 com a objectiu promoure la confian\u00e7a, desenvolupar la participaci\u00f3 dels nens i nenes, per mitj\u00e0 del llenguatge oral i corporal i sobretot divertir-se mentre aprenen d&#8217;ells mateixos i dels altres a trav\u00e9s del teatre. Finalment amb aquesta activitat es mostra tot el que els nens i nenes han treballat a trav\u00e9s d&#8217;una petita obra a final del curs.<\/p>\n<p><a href=\"https:\/\/agora.xtec.cat\/ceipalba\/wp-content\/uploads\/usu598\/2020\/01\/48.jpg\"><img loading=\"lazy\" decoding=\"async\" class=\"aligncenter size-full wp-image-12869\" src=\"https:\/\/agora.xtec.cat\/ceipalba\/wp-content\/uploads\/usu598\/2020\/01\/48.jpg\" alt=\"\" width=\"640\" height=\"473\" srcset=\"https:\/\/agora.xtec.cat\/ceipalba\/wp-content\/uploads\/usu598\/2020\/01\/48.jpg 640w, https:\/\/agora.xtec.cat\/ceipalba\/wp-content\/uploads\/usu598\/2020\/01\/48-300x222.jpg 300w\" sizes=\"auto, (max-width: 640px) 100vw, 640px\" \/><\/a><\/p>\n<p><a href=\"https:\/\/agora.xtec.cat\/ceipalba\/wp-content\/uploads\/usu598\/2020\/01\/49.jpg\"><img loading=\"lazy\" decoding=\"async\" class=\"aligncenter size-large wp-image-12870\" src=\"https:\/\/agora.xtec.cat\/ceipalba\/wp-content\/uploads\/usu598\/2020\/01\/49.jpg\" alt=\"\" width=\"640\" height=\"480\" srcset=\"https:\/\/agora.xtec.cat\/ceipalba\/wp-content\/uploads\/usu598\/2020\/01\/49.jpg 640w, https:\/\/agora.xtec.cat\/ceipalba\/wp-content\/uploads\/usu598\/2020\/01\/49-300x225.jpg 300w, https:\/\/agora.xtec.cat\/ceipalba\/wp-content\/uploads\/usu598\/2020\/01\/49-200x150.jpg 200w\" sizes=\"auto, (max-width: 640px) 100vw, 640px\" \/><\/a><\/p>\n<p><a href=\"https:\/\/agora.xtec.cat\/ceipalba\/wp-content\/uploads\/usu598\/2020\/01\/50.jpg\"><img loading=\"lazy\" decoding=\"async\" class=\"aligncenter size-large wp-image-12871\" src=\"https:\/\/agora.xtec.cat\/ceipalba\/wp-content\/uploads\/usu598\/2020\/01\/50.jpg\" alt=\"\" width=\"640\" height=\"480\" srcset=\"https:\/\/agora.xtec.cat\/ceipalba\/wp-content\/uploads\/usu598\/2020\/01\/50.jpg 640w, https:\/\/agora.xtec.cat\/ceipalba\/wp-content\/uploads\/usu598\/2020\/01\/50-300x225.jpg 300w, https:\/\/agora.xtec.cat\/ceipalba\/wp-content\/uploads\/usu598\/2020\/01\/50-200x150.jpg 200w\" sizes=\"auto, (max-width: 640px) 100vw, 640px\" \/><\/a><\/p>\n<p><span style=\"color: #ff6600;\"><strong>Activitats extraescolars<\/strong><\/span><\/p>\n<ul>\n<li><a href=\"http:\/\/agora.xtec.cat\/ceipalba\/serveis\/activitats-extraescolars\/activitats-ei4-i-ei5\/\">Activitats Ei4 i Ei5<\/a><\/li>\n<li><a href=\"http:\/\/agora.xtec.cat\/ceipalba\/serveis\/activitats-extraescolars\/activitats-cicle-inicial-mitja-i-superior\/\">Activitats cicle inicial, mitj\u00e0 i superior<\/a><\/li>\n<li><a href=\"http:\/\/agora.xtec.cat\/ceipalba\/serveis\/activitats-extraescolars\/iniciacio-esportiva\/\">Iniciaci\u00f3 esportiva<\/a><\/li>\n<li><a href=\"http:\/\/agora.xtec.cat\/ceipalba\/serveis\/activitats-extraescolars\/futbol-i-basquet\/\">Futbol i b\u00e0squet<\/a><\/li>\n<li><a href=\"http:\/\/agora.xtec.cat\/ceipalba\/serveis\/activitats-extraescolars\/plastica\/\">Pl\u00e0stica<\/a><\/li>\n<li><a href=\"http:\/\/agora.xtec.cat\/ceipalba\/serveis\/activitats-extraescolars\/dansa-hip-hop\/\">Dansa Hip Hop<\/a><\/li>\n<li><a href=\"http:\/\/agora.xtec.cat\/ceipalba\/serveis\/activitats-extraescolars\/batucada\/\">Batucada<\/a><\/li>\n<li><a href=\"http:\/\/agora.xtec.cat\/ceipalba\/serveis\/activitats-extraescolars\/teatre\/\">Teatre<\/a><\/li>\n<li><a href=\"http:\/\/agora.xtec.cat\/ceipalba\/serveis\/activitats-extraescolars\/jocs-daventura\/\">Jocs d&#8217;aventura<\/a><\/li>\n<li><a href=\"http:\/\/agora.xtec.cat\/ceipalba\/serveis\/activitats-extraescolars\/informatica\/\">Inform\u00e0tica<\/a><\/li>\n<li><a href=\"http:\/\/agora.xtec.cat\/ceipalba\/serveis\/activitats-extraescolars\/natacio\/\">Nataci\u00f3<\/a><\/li>\n<\/ul>\n","protected":false},"excerpt":{"rendered":"<p>El teatre permet desenvolupar les capacitats creatives i interactives dels nens i nenes a trav\u00e9s del joc simb\u00f2lic, el joc dram\u00e0tic i el joc teatral.<br \/>\nAquesta activitat t\u00e9 com a objectiu promoure la confian\u00e7a, desenvolupar la participaci\u00f3 dels nens i nenes, per mitj\u00e0 del llenguatge oral&hellip;  <a href=\"https:\/\/agora.xtec.cat\/ceipalba\/serveis\/activitats-extraescolars-migdia25-26\/teatre\/\" title=\"Read Teatre\">Llegeix m\u00e9s\u00bb<\/a><\/p>\n","protected":false},"author":3,"featured_media":0,"parent":84,"menu_order":7,"comment_status":"closed","ping_status":"closed","template":"page-templates\/side-menu.php","meta":{"_bbp_topic_count":0,"_bbp_reply_count":0,"_bbp_total_topic_count":0,"_bbp_total_reply_count":0,"_bbp_voice_count":0,"_bbp_anonymous_reply_count":0,"_bbp_topic_count_hidden":0,"_bbp_reply_count_hidden":0,"_bbp_forum_subforum_count":0,"footnotes":""},"class_list":["post-2856","page","type-page","status-publish","hentry"],"post_mailing_queue_ids":[],"_links":{"self":[{"href":"https:\/\/agora.xtec.cat\/ceipalba\/wp-json\/wp\/v2\/pages\/2856","targetHints":{"allow":["GET"]}}],"collection":[{"href":"https:\/\/agora.xtec.cat\/ceipalba\/wp-json\/wp\/v2\/pages"}],"about":[{"href":"https:\/\/agora.xtec.cat\/ceipalba\/wp-json\/wp\/v2\/types\/page"}],"author":[{"embeddable":true,"href":"https:\/\/agora.xtec.cat\/ceipalba\/wp-json\/wp\/v2\/users\/3"}],"replies":[{"embeddable":true,"href":"https:\/\/agora.xtec.cat\/ceipalba\/wp-json\/wp\/v2\/comments?post=2856"}],"version-history":[{"count":3,"href":"https:\/\/agora.xtec.cat\/ceipalba\/wp-json\/wp\/v2\/pages\/2856\/revisions"}],"predecessor-version":[{"id":12872,"href":"https:\/\/agora.xtec.cat\/ceipalba\/wp-json\/wp\/v2\/pages\/2856\/revisions\/12872"}],"up":[{"embeddable":true,"href":"https:\/\/agora.xtec.cat\/ceipalba\/wp-json\/wp\/v2\/pages\/84"}],"wp:attachment":[{"href":"https:\/\/agora.xtec.cat\/ceipalba\/wp-json\/wp\/v2\/media?parent=2856"}],"curies":[{"name":"wp","href":"https:\/\/api.w.org\/{rel}","templated":true}]}}