{"id":2852,"date":"2015-12-29T17:46:02","date_gmt":"2015-12-29T16:46:02","guid":{"rendered":"http:\/\/agora.xtec.cat\/ceipalba\/?page_id=2852"},"modified":"2020-01-09T14:53:41","modified_gmt":"2020-01-09T13:53:41","slug":"dansa-hip-hop","status":"publish","type":"page","link":"https:\/\/agora.xtec.cat\/ceipalba\/serveis\/activitats-extraescolars-migdia25-26\/dansa-hip-hop\/","title":{"rendered":"Dansa Hip Hop"},"content":{"rendered":"<p style=\"text-align: justify;\">Aquesta activitat pret\u00e9n recon\u00e8ixer el ritme i poder-lo traslladar en moviment, treballant la motricitat i l\u2019o\u00efda musical.<br \/>\nEs buscar\u00e0 augmentar la mem\u00f2ria coreogr\u00e0fica i una millora en l&#8217;expressi\u00f3 corporal, lateralitats i funcions motrius.<\/p>\n<p style=\"text-align: justify;\">L&#8217;activitat de Dansa t\u00e9 com a objectiu apropar-nos una mica al Hip Hop, ballant diverses coreografies que mostren fusi\u00f3 d\u2019estils i tend\u00e8ncies, d\u2019elements i energies diferents. Una classe plena de for\u00e7a i energia on l\u2019alumnat pot millorar la seva expressivitat, capacitat de memoritzaci\u00f3 i pres\u00e8ncia esc\u00e8nica.<\/p>\n<p><a href=\"https:\/\/agora.xtec.cat\/ceipalba\/wp-content\/uploads\/usu598\/2020\/01\/23.jpg\"><img loading=\"lazy\" decoding=\"async\" class=\"aligncenter size-full wp-image-12866\" src=\"https:\/\/agora.xtec.cat\/ceipalba\/wp-content\/uploads\/usu598\/2020\/01\/23.jpg\" alt=\"\" width=\"640\" height=\"445\" srcset=\"https:\/\/agora.xtec.cat\/ceipalba\/wp-content\/uploads\/usu598\/2020\/01\/23.jpg 640w, https:\/\/agora.xtec.cat\/ceipalba\/wp-content\/uploads\/usu598\/2020\/01\/23-300x209.jpg 300w\" sizes=\"auto, (max-width: 640px) 100vw, 640px\" \/><\/a><\/p>\n<p><a href=\"https:\/\/agora.xtec.cat\/ceipalba\/wp-content\/uploads\/usu598\/2020\/01\/24.jpg\"><img loading=\"lazy\" decoding=\"async\" class=\"aligncenter size-large wp-image-12867\" src=\"https:\/\/agora.xtec.cat\/ceipalba\/wp-content\/uploads\/usu598\/2020\/01\/24.jpg\" alt=\"\" width=\"640\" height=\"414\" srcset=\"https:\/\/agora.xtec.cat\/ceipalba\/wp-content\/uploads\/usu598\/2020\/01\/24.jpg 640w, https:\/\/agora.xtec.cat\/ceipalba\/wp-content\/uploads\/usu598\/2020\/01\/24-300x194.jpg 300w\" sizes=\"auto, (max-width: 640px) 100vw, 640px\" \/><\/a><\/p>\n<p>&nbsp;<\/p>\n<p><span style=\"color: #ff6600;\"><strong>Activitats extraescolars<\/strong><\/span><\/p>\n<ul>\n<li><a href=\"http:\/\/agora.xtec.cat\/ceipalba\/serveis\/activitats-extraescolars\/activitats-ei4-i-ei5\/\">Activitats Ei4 i Ei5<\/a><\/li>\n<li><a href=\"http:\/\/agora.xtec.cat\/ceipalba\/serveis\/activitats-extraescolars\/activitats-cicle-inicial-mitja-i-superior\/\">Activitats cicle inicial, mitj\u00e0 i superior<\/a><\/li>\n<li><a href=\"http:\/\/agora.xtec.cat\/ceipalba\/serveis\/activitats-extraescolars\/iniciacio-esportiva\/\">Iniciaci\u00f3 esportiva<\/a><\/li>\n<li><a href=\"http:\/\/agora.xtec.cat\/ceipalba\/serveis\/activitats-extraescolars\/futbol-i-basquet\/\">Futbol i b\u00e0squet<\/a><\/li>\n<li><a href=\"http:\/\/agora.xtec.cat\/ceipalba\/serveis\/activitats-extraescolars\/plastica\/\">Pl\u00e0stica<\/a><\/li>\n<li><a href=\"http:\/\/agora.xtec.cat\/ceipalba\/serveis\/activitats-extraescolars\/dansa-hip-hop\/\">Dansa Hip Hop<\/a><\/li>\n<li><a href=\"http:\/\/agora.xtec.cat\/ceipalba\/serveis\/activitats-extraescolars\/batucada\/\">Batucada<\/a><\/li>\n<li><a href=\"http:\/\/agora.xtec.cat\/ceipalba\/serveis\/activitats-extraescolars\/teatre\/\">Teatre<\/a><\/li>\n<li><a href=\"http:\/\/agora.xtec.cat\/ceipalba\/serveis\/activitats-extraescolars\/jocs-daventura\/\">Jocs d&#8217;aventura<\/a><\/li>\n<li><a href=\"http:\/\/agora.xtec.cat\/ceipalba\/serveis\/activitats-extraescolars\/informatica\/\">Inform\u00e0tica<\/a><\/li>\n<li><a href=\"http:\/\/agora.xtec.cat\/ceipalba\/serveis\/activitats-extraescolars\/natacio\/\">Nataci\u00f3<\/a><\/li>\n<\/ul>\n","protected":false},"excerpt":{"rendered":"<p>Aquesta activitat pret\u00e9n recon\u00e8ixer el ritme i poder-lo traslladar en moviment, treballant la motricitat i l\u2019o\u00efda musical.<br \/>\nEs buscar\u00e0 augmentar la mem\u00f2ria coreogr\u00e0fica i una millora en l&#8217;expressi\u00f3 corporal, lateralitats i funcions motrius.<br \/>\nL&#8217;activitat de Dansa t\u00e9 com a objectiu apropar-nos una mica al Hip Hop, ballant&hellip;  <a href=\"https:\/\/agora.xtec.cat\/ceipalba\/serveis\/activitats-extraescolars-migdia25-26\/dansa-hip-hop\/\" title=\"Read Dansa Hip Hop\">Llegeix m\u00e9s\u00bb<\/a><\/p>\n","protected":false},"author":3,"featured_media":0,"parent":84,"menu_order":6,"comment_status":"closed","ping_status":"closed","template":"page-templates\/side-menu.php","meta":{"_bbp_topic_count":0,"_bbp_reply_count":0,"_bbp_total_topic_count":0,"_bbp_total_reply_count":0,"_bbp_voice_count":0,"_bbp_anonymous_reply_count":0,"_bbp_topic_count_hidden":0,"_bbp_reply_count_hidden":0,"_bbp_forum_subforum_count":0,"footnotes":""},"class_list":["post-2852","page","type-page","status-publish","hentry"],"post_mailing_queue_ids":[],"_links":{"self":[{"href":"https:\/\/agora.xtec.cat\/ceipalba\/wp-json\/wp\/v2\/pages\/2852","targetHints":{"allow":["GET"]}}],"collection":[{"href":"https:\/\/agora.xtec.cat\/ceipalba\/wp-json\/wp\/v2\/pages"}],"about":[{"href":"https:\/\/agora.xtec.cat\/ceipalba\/wp-json\/wp\/v2\/types\/page"}],"author":[{"embeddable":true,"href":"https:\/\/agora.xtec.cat\/ceipalba\/wp-json\/wp\/v2\/users\/3"}],"replies":[{"embeddable":true,"href":"https:\/\/agora.xtec.cat\/ceipalba\/wp-json\/wp\/v2\/comments?post=2852"}],"version-history":[{"count":4,"href":"https:\/\/agora.xtec.cat\/ceipalba\/wp-json\/wp\/v2\/pages\/2852\/revisions"}],"predecessor-version":[{"id":14537,"href":"https:\/\/agora.xtec.cat\/ceipalba\/wp-json\/wp\/v2\/pages\/2852\/revisions\/14537"}],"up":[{"embeddable":true,"href":"https:\/\/agora.xtec.cat\/ceipalba\/wp-json\/wp\/v2\/pages\/84"}],"wp:attachment":[{"href":"https:\/\/agora.xtec.cat\/ceipalba\/wp-json\/wp\/v2\/media?parent=2852"}],"curies":[{"name":"wp","href":"https:\/\/api.w.org\/{rel}","templated":true}]}}