{"id":2850,"date":"2015-12-29T17:45:44","date_gmt":"2015-12-29T16:45:44","guid":{"rendered":"http:\/\/agora.xtec.cat\/ceipalba\/?page_id=2850"},"modified":"2020-01-09T15:04:58","modified_gmt":"2020-01-09T14:04:58","slug":"plastica","status":"publish","type":"page","link":"https:\/\/agora.xtec.cat\/ceipalba\/serveis\/activitats-extraescolars-migdia25-26\/plastica\/","title":{"rendered":"Pl\u00e0stica"},"content":{"rendered":"<p style=\"text-align: justify;\">L&#8217;activitat de pl\u00e0stica ens permet crear lliurement i experimentar amb diferents t\u00e8cniques i materials. A m\u00e9s, ens ofereix un espai per a la invenci\u00f3 i la creaci\u00f3 de produccions pl\u00e0stiques.<\/p>\n<p style=\"text-align: justify;\">El que es pret\u00e9n en aquesta activitat \u00e9s que els nens i nens puguin es expressar mitjan\u00e7ant les seves creacions art\u00edstiques, puguin plasmar sobre un paper o qualsevol material el que senten, el que veuen o el que desitgen i imaginen, utilitzant els seus tra\u00e7os com a forma de comunicaci\u00f3. La pintura o qualsevol altra forma d&#8217;art, com l&#8217;escultura, permeten als infants desenvolupar la seva imaginaci\u00f3. Per aix\u00f2 \u00e9s molt important per al desenvolupament i formaci\u00f3 dels m\u00e9s joves el tenir aquesta oportunitat de poder expressar-se gr\u00e0cies a alguna pr\u00e0ctica art\u00edstica o manual.<\/p>\n<p><a href=\"https:\/\/agora.xtec.cat\/ceipalba\/wp-content\/uploads\/usu598\/2020\/01\/1.jpg\"><img loading=\"lazy\" decoding=\"async\" class=\"aligncenter size-full wp-image-12873\" src=\"https:\/\/agora.xtec.cat\/ceipalba\/wp-content\/uploads\/usu598\/2020\/01\/1.jpg\" alt=\"\" width=\"640\" height=\"480\" srcset=\"https:\/\/agora.xtec.cat\/ceipalba\/wp-content\/uploads\/usu598\/2020\/01\/1.jpg 640w, https:\/\/agora.xtec.cat\/ceipalba\/wp-content\/uploads\/usu598\/2020\/01\/1-300x225.jpg 300w, https:\/\/agora.xtec.cat\/ceipalba\/wp-content\/uploads\/usu598\/2020\/01\/1-200x150.jpg 200w\" sizes=\"auto, (max-width: 640px) 100vw, 640px\" \/><\/a><\/p>\n<p><a href=\"https:\/\/agora.xtec.cat\/ceipalba\/wp-content\/uploads\/usu598\/2020\/01\/2.jpg\"><img loading=\"lazy\" decoding=\"async\" class=\"aligncenter size-large wp-image-12874\" src=\"https:\/\/agora.xtec.cat\/ceipalba\/wp-content\/uploads\/usu598\/2020\/01\/2.jpg\" alt=\"\" width=\"640\" height=\"480\" srcset=\"https:\/\/agora.xtec.cat\/ceipalba\/wp-content\/uploads\/usu598\/2020\/01\/2.jpg 640w, https:\/\/agora.xtec.cat\/ceipalba\/wp-content\/uploads\/usu598\/2020\/01\/2-300x225.jpg 300w, https:\/\/agora.xtec.cat\/ceipalba\/wp-content\/uploads\/usu598\/2020\/01\/2-200x150.jpg 200w\" sizes=\"auto, (max-width: 640px) 100vw, 640px\" \/><\/a><\/p>\n<p><a href=\"https:\/\/agora.xtec.cat\/ceipalba\/wp-content\/uploads\/usu598\/2020\/01\/3.jpg\"><img loading=\"lazy\" decoding=\"async\" class=\"aligncenter size-large wp-image-12875\" src=\"https:\/\/agora.xtec.cat\/ceipalba\/wp-content\/uploads\/usu598\/2020\/01\/3.jpg\" alt=\"\" width=\"640\" height=\"480\" srcset=\"https:\/\/agora.xtec.cat\/ceipalba\/wp-content\/uploads\/usu598\/2020\/01\/3.jpg 640w, https:\/\/agora.xtec.cat\/ceipalba\/wp-content\/uploads\/usu598\/2020\/01\/3-300x225.jpg 300w, https:\/\/agora.xtec.cat\/ceipalba\/wp-content\/uploads\/usu598\/2020\/01\/3-200x150.jpg 200w\" sizes=\"auto, (max-width: 640px) 100vw, 640px\" \/><\/a><\/p>\n<p><a href=\"https:\/\/agora.xtec.cat\/ceipalba\/wp-content\/uploads\/usu598\/2020\/01\/4.jpg\"><img loading=\"lazy\" decoding=\"async\" class=\"aligncenter size-large wp-image-12876\" src=\"https:\/\/agora.xtec.cat\/ceipalba\/wp-content\/uploads\/usu598\/2020\/01\/4.jpg\" alt=\"\" width=\"640\" height=\"480\" srcset=\"https:\/\/agora.xtec.cat\/ceipalba\/wp-content\/uploads\/usu598\/2020\/01\/4.jpg 640w, https:\/\/agora.xtec.cat\/ceipalba\/wp-content\/uploads\/usu598\/2020\/01\/4-300x225.jpg 300w, https:\/\/agora.xtec.cat\/ceipalba\/wp-content\/uploads\/usu598\/2020\/01\/4-200x150.jpg 200w\" sizes=\"auto, (max-width: 640px) 100vw, 640px\" \/><\/a><\/p>\n<p><a href=\"https:\/\/agora.xtec.cat\/ceipalba\/wp-content\/uploads\/usu598\/2020\/01\/WhatsApp-Image-2020-01-08-at-12.29.57-e1578578378429.jpeg\"><img loading=\"lazy\" decoding=\"async\" class=\"aligncenter wp-image-12881 size-full\" src=\"https:\/\/agora.xtec.cat\/ceipalba\/wp-content\/uploads\/usu598\/2020\/01\/WhatsApp-Image-2020-01-08-at-12.29.57-e1578578378429.jpeg\" alt=\"\" width=\"600\" height=\"450\" \/><\/a><\/p>\n<p><a href=\"https:\/\/agora.xtec.cat\/ceipalba\/wp-content\/uploads\/usu598\/2020\/01\/WhatsApp-Image-2019-11-13-at-12.18.04-e1578578366500.jpeg\"><img loading=\"lazy\" decoding=\"async\" class=\"aligncenter wp-image-12880 size-full\" src=\"https:\/\/agora.xtec.cat\/ceipalba\/wp-content\/uploads\/usu598\/2020\/01\/WhatsApp-Image-2019-11-13-at-12.18.04-e1578578366500.jpeg\" alt=\"\" width=\"535\" height=\"487\" \/><\/a><\/p>\n<p><a href=\"https:\/\/agora.xtec.cat\/ceipalba\/wp-content\/uploads\/usu598\/2020\/01\/WhatsApp-Image-2019-11-13-at-12.15.43-e1578578325106.jpeg\"><img loading=\"lazy\" decoding=\"async\" class=\"aligncenter wp-image-12879 size-full\" src=\"https:\/\/agora.xtec.cat\/ceipalba\/wp-content\/uploads\/usu598\/2020\/01\/WhatsApp-Image-2019-11-13-at-12.15.43-e1578578325106.jpeg\" alt=\"\" width=\"536\" height=\"715\" \/><\/a><\/p>\n<p><a href=\"https:\/\/agora.xtec.cat\/ceipalba\/wp-content\/uploads\/usu598\/2020\/01\/WhatsApp-Image-2019-11-13-at-12.13.49-e1578578299539.jpeg\"><img loading=\"lazy\" decoding=\"async\" class=\"aligncenter wp-image-12878 size-full\" src=\"https:\/\/agora.xtec.cat\/ceipalba\/wp-content\/uploads\/usu598\/2020\/01\/WhatsApp-Image-2019-11-13-at-12.13.49-e1578578299539.jpeg\" alt=\"\" width=\"536\" height=\"715\" \/><\/a><\/p>\n<p>&nbsp;<\/p>\n<p><span style=\"color: #ff6600;\"><strong>Activitats extraescolars<\/strong><\/span><\/p>\n<ul>\n<li><a href=\"http:\/\/agora.xtec.cat\/ceipalba\/serveis\/activitats-extraescolars\/activitats-ei4-i-ei5\/\">Activitats Ei4 i Ei5<\/a><\/li>\n<li><a href=\"http:\/\/agora.xtec.cat\/ceipalba\/serveis\/activitats-extraescolars\/activitats-cicle-inicial-mitja-i-superior\/\">Activitats cicle inicial, mitj\u00e0 i superior<\/a><\/li>\n<li><a href=\"http:\/\/agora.xtec.cat\/ceipalba\/serveis\/activitats-extraescolars\/iniciacio-esportiva\/\">Iniciaci\u00f3 esportiva<\/a><\/li>\n<li><a href=\"http:\/\/agora.xtec.cat\/ceipalba\/serveis\/activitats-extraescolars\/futbol-i-basquet\/\">Futbol i b\u00e0squet<\/a><\/li>\n<li><a href=\"http:\/\/agora.xtec.cat\/ceipalba\/serveis\/activitats-extraescolars\/plastica\/\">Pl\u00e0stica<\/a><\/li>\n<li><a href=\"http:\/\/agora.xtec.cat\/ceipalba\/serveis\/activitats-extraescolars\/dansa-hip-hop\/\">Dansa Hip Hop<\/a><\/li>\n<li><a href=\"http:\/\/agora.xtec.cat\/ceipalba\/serveis\/activitats-extraescolars\/batucada\/\">Batucada<\/a><\/li>\n<li><a href=\"http:\/\/agora.xtec.cat\/ceipalba\/serveis\/activitats-extraescolars\/teatre\/\">Teatre<\/a><\/li>\n<li><a href=\"http:\/\/agora.xtec.cat\/ceipalba\/serveis\/activitats-extraescolars\/jocs-daventura\/\">Jocs d&#8217;aventura<\/a><\/li>\n<li><a href=\"http:\/\/agora.xtec.cat\/ceipalba\/serveis\/activitats-extraescolars\/informatica\/\">Inform\u00e0tica<\/a><\/li>\n<li><a href=\"http:\/\/agora.xtec.cat\/ceipalba\/serveis\/activitats-extraescolars\/natacio\/\">Nataci\u00f3<\/a><\/li>\n<\/ul>\n","protected":false},"excerpt":{"rendered":"<p>L&#8217;activitat de pl\u00e0stica ens permet crear lliurement i experimentar amb diferents t\u00e8cniques i materials. A m\u00e9s, ens ofereix un espai per a la invenci\u00f3 i la creaci\u00f3 de produccions pl\u00e0stiques.<br \/>\nEl que es pret\u00e9n en aquesta activitat \u00e9s que els nens i nens puguin es expressar&hellip;  <a href=\"https:\/\/agora.xtec.cat\/ceipalba\/serveis\/activitats-extraescolars-migdia25-26\/plastica\/\" title=\"Read Pl\u00e0stica\">Llegeix m\u00e9s\u00bb<\/a><\/p>\n","protected":false},"author":3,"featured_media":0,"parent":84,"menu_order":5,"comment_status":"closed","ping_status":"closed","template":"page-templates\/side-menu.php","meta":{"_bbp_topic_count":0,"_bbp_reply_count":0,"_bbp_total_topic_count":0,"_bbp_total_reply_count":0,"_bbp_voice_count":0,"_bbp_anonymous_reply_count":0,"_bbp_topic_count_hidden":0,"_bbp_reply_count_hidden":0,"_bbp_forum_subforum_count":0,"footnotes":""},"class_list":["post-2850","page","type-page","status-publish","hentry"],"post_mailing_queue_ids":[],"_links":{"self":[{"href":"https:\/\/agora.xtec.cat\/ceipalba\/wp-json\/wp\/v2\/pages\/2850","targetHints":{"allow":["GET"]}}],"collection":[{"href":"https:\/\/agora.xtec.cat\/ceipalba\/wp-json\/wp\/v2\/pages"}],"about":[{"href":"https:\/\/agora.xtec.cat\/ceipalba\/wp-json\/wp\/v2\/types\/page"}],"author":[{"embeddable":true,"href":"https:\/\/agora.xtec.cat\/ceipalba\/wp-json\/wp\/v2\/users\/3"}],"replies":[{"embeddable":true,"href":"https:\/\/agora.xtec.cat\/ceipalba\/wp-json\/wp\/v2\/comments?post=2850"}],"version-history":[{"count":3,"href":"https:\/\/agora.xtec.cat\/ceipalba\/wp-json\/wp\/v2\/pages\/2850\/revisions"}],"predecessor-version":[{"id":12883,"href":"https:\/\/agora.xtec.cat\/ceipalba\/wp-json\/wp\/v2\/pages\/2850\/revisions\/12883"}],"up":[{"embeddable":true,"href":"https:\/\/agora.xtec.cat\/ceipalba\/wp-json\/wp\/v2\/pages\/84"}],"wp:attachment":[{"href":"https:\/\/agora.xtec.cat\/ceipalba\/wp-json\/wp\/v2\/media?parent=2850"}],"curies":[{"name":"wp","href":"https:\/\/api.w.org\/{rel}","templated":true}]}}