{"id":2840,"date":"2015-12-29T17:40:59","date_gmt":"2015-12-29T16:40:59","guid":{"rendered":"http:\/\/agora.xtec.cat\/ceipalba\/?page_id=2840"},"modified":"2025-08-22T13:02:22","modified_gmt":"2025-08-22T11:02:22","slug":"normativa","status":"publish","type":"page","link":"https:\/\/agora.xtec.cat\/ceipalba\/serveis\/transport-escolar\/normativa\/","title":{"rendered":"Normativa"},"content":{"rendered":"<p><strong>NORMATIVA D\u2019AUTOCAR<\/strong><\/p>\n<p><strong><u>Dels usuaris:<br \/>\n<\/u><\/strong><\/p>\n<ul>\n<li><u>Estar 5 minuts abans<\/u> de l&#8217;hora prevista a la parada, tant al mat\u00ed com a la tarda. <strong><em>En el cas de retard reiterat en la recollida de l\u2019alumne, a partir de la 3a vegada, les fam\u00edlies hauran d\u2019assumir la despesa ocasionada per la compensaci\u00f3 econ\u00f2mica al\/la monitor\/a (15<\/em><\/strong><strong><em>\u202f<\/em><\/strong><strong><em>\u20ac).<\/em><\/strong><\/li>\n<li>En el cas que <strong>puntualment<\/strong>, l\u2019alumne no hagi d&#8217;agafar l&#8217;autocar de tornada o b\u00e9, hagi de canviar de parada, cal que ho comuniqui <strong>abans de les 15.00<\/strong><strong>\u202f<\/strong><strong>h a la Secretaria de l&#8217;AFA<\/strong>. \u00c9s imprescindible comunicar <strong>qualsevol <\/strong>canvi en la recollida del nen\/a; en cas contrari el nen\/a no baixar\u00e0 de l\u2019autocar.<\/li>\n<li>L\u2019alumne podr\u00e0 canviar d\u2019autocar durant la setmana a condici\u00f3 que s&#8217;estableixi per a tot el curs. <strong>N<\/strong><strong>\u200b<\/strong><strong>o<\/strong><strong>\u00a0s\u2019admeten els canvis per setmana. <\/strong><u>Els canvis puntuals cal que siguin per motius justificables.<\/u><\/li>\n<li>Pujar i baixar dels vehicles amb ordre i celeritat, a les parades i a l\u2019escola.<\/li>\n<li>S&#8217;ha de respectar, en tot moment, les instruccions i les decisions del vigilant de l&#8217;autocar, essent aquesta qui organitza la pujada i baixada dels\/les alumnes, pel qual us demanem que <strong>no obstaculitzeu la porta <\/strong>ni l&#8217;acc\u00e9s\u00a0\u00a0al mateix.<\/li>\n<li>\u00c9s obligatori tenir un comportament correcte a l\u2019interior de l\u2019autocar.<\/li>\n<li>Cal respectar el material, seients i altres mecanismes del vehicle.<\/li>\n<li>Queda totalment prohibit beure o menjar a l&#8217;autocar.<\/li>\n<li>L\u2019alumnat no pot aixecar-se durant el trajecte.<\/li>\n<li>Cap alumne pot seure al seient del mig de l&#8217;\u00faltima fila.<\/li>\n<li>Les motxilles escolars aniran a dalt de l&#8217;autocar acompanyant l\u2019infant. <strong>Per motius de seguretat, <\/strong>no es permet l\u2019\u00fas de les motxilles de rodetes.<\/li>\n<li>En arribar a l&#8217;escola, s&#8217;ha d&#8217;anar al lloc assenyalat per l&#8217;entrada a les classes.<\/li>\n<li>En sortir de l&#8217;escola, s&#8217;ha de pujar igualment, amb ordre, a l&#8217;autocar corresponent.<\/li>\n<li>Durant l\u2019estona que duri el recorregut de l\u2019autocar, <strong>no podran treure cap mena d\u2019estris de la motxilla<\/strong>. No es poden fer deures en el trajecte.<\/li>\n<li>S\u2019ha de donar a l\u2019acompanyant de l\u2019autocar qualsevol classe de medicament, en el cas que l\u2019alumne n\u2019hagi de prendre.<\/li>\n<li><strong>Preguem a totes les fam\u00edlies que davant qualsevol dubte, incid\u00e8ncia, comentari, etc. ho comuniqueu a la secretaria de l\u2019AFA, perque l\u2019autocar ha de continuar el seu trajecte per tal que tot l\u2019alumnat arribi a les seves parades a l\u2019hora indicada.<\/strong><\/li>\n<\/ul>\n<p><strong><u>Del vigilant\/a:<br \/>\n<\/u><\/strong><\/p>\n<ul>\n<li>Ha de tenir el m\u00f2bil disponible, durant els trajectes, en tot moment.<\/li>\n<li>Vigilar que tots els\/les alumnes tinguin un bon comportament.<\/li>\n<li>Distribuir els seients.<\/li>\n<li>Controlar la puntualitat dels autocars a les parades.<\/li>\n<li>Controlar que, de tornada, porti els\/les alumnes que li corresponen.<\/li>\n<li>Assegurar-se que cada alumne\/a baixi a la seva parada, sempre que hi hagi la persona que se sap que l&#8217;espera.<\/li>\n<li>Donar compte de totes les incid\u00e8ncies a la comissi\u00f3.<\/li>\n<li>Si un nen\/a no ha estat recollit\/da a la parada, caldr\u00e0 trucar a la fam\u00edlia de l\u2019alumne. En cas de contactar, ser\u00e0 la fam\u00edlia la responsable de recollir l\u2019alumne en el lloc acordat; per a qualsevol trasllat que hagi d\u2019efectuar el monitor\/a es realitzar\u00e0 en taxi (aquesta despesa es carregar\u00e0 en el rebut mensual de la fam\u00edlia). <strong>En cas que despr\u00e9s de 15 minuts no hagi pogut contactar amb cap familiar, s\u2019avisar\u00e0 als mossos d\u2019esquadra, els quals es responsabilitzaran de contactar amb la fam\u00edlia.<\/strong><\/li>\n<\/ul>\n<p><strong><a href=\"https:\/\/agora.xtec.cat\/ceipalba\/wp-content\/uploads\/usu598\/2025\/08\/NORMATIVA-AUTOCAR_25-26-1.pdf\">NORMATIVA AUTOCAR_25-26<\/a><\/strong><\/p>\n<h3>A tenir en compte!<\/h3>\n<ul>\n<li>Si \u00e9s un <span style=\"color: #ff6600;\"><strong>canvi per tot el curs<\/strong><\/span>, s\u2019ha de comunicar a la secretaria de l&#8217;AFA\u00a0 i a Autocars Gam\u00f3n, mitjan\u00e7ant el correu electr\u00f2nic: afa@escolaalba.cat \/ <a href=\"transportescolaalba@gmail.com\">transportescolaalba@gmail.com<\/a><\/li>\n<li>Si \u00e9s un <span style=\"color: #ff6600;\"><strong>canvi d\u2019un dia espor\u00e0dic<\/strong><\/span> s\u2019ha de comunicar a la secretaria de l\u2019AFA abans de les 15.00 h (973 225 013 ext. 2).<\/li>\n<li><span style=\"color: #ff6600;\"><strong>Altes durant el curs<\/strong><\/span>, s\u2019ha d&#8217;omplir el seg\u00fcent formulari <a href=\"https:\/\/docs.google.com\/forms\/d\/e\/1FAIpQLSeIOS6ic1TJNoH0ZkCwjaeN6QLW2dOzhEZy-exKwk7PuuHsqw\/viewform\">(clic aqu\u00ed)<\/a><\/li>\n<\/ul>\n","protected":false},"excerpt":{"rendered":"<p>NORMATIVA D\u2019AUTOCAR<br \/>\nDels usuaris:<\/p>\n<ul>\n<li>Estar 5 minuts abans de l&#8217;hora prevista a la parada, tant al mat\u00ed com a la tarda. En el cas de retard reiterat en la recollida de l\u2019alumne, a partir de la 3a vegada, les fam\u00edlies hauran d\u2019assumir la despesa ocasionada per la&hellip;  <a href=\"https:\/\/agora.xtec.cat\/ceipalba\/serveis\/transport-escolar\/normativa\/\" title=\"Read Normativa\">Llegeix m\u00e9s\u00bb<\/a><br \/>\n","protected":false},"author":3,"featured_media":0,"parent":80,"menu_order":1,"comment_status":"closed","ping_status":"closed","template":"page-templates\/side-menu.php","meta":{"_bbp_topic_count":0,"_bbp_reply_count":0,"_bbp_total_topic_count":0,"_bbp_total_reply_count":0,"_bbp_voice_count":0,"_bbp_anonymous_reply_count":0,"_bbp_topic_count_hidden":0,"_bbp_reply_count_hidden":0,"_bbp_forum_subforum_count":0,"footnotes":""},"class_list":["post-2840","page","type-page","status-publish","hentry"],"post_mailing_queue_ids":[],"_links":{"self":[{"href":"https:\/\/agora.xtec.cat\/ceipalba\/wp-json\/wp\/v2\/pages\/2840","targetHints":{"allow":["GET"]}}],"collection":[{"href":"https:\/\/agora.xtec.cat\/ceipalba\/wp-json\/wp\/v2\/pages"}],"about":[{"href":"https:\/\/agora.xtec.cat\/ceipalba\/wp-json\/wp\/v2\/types\/page"}],"author":[{"embeddable":true,"href":"https:\/\/agora.xtec.cat\/ceipalba\/wp-json\/wp\/v2\/users\/3"}],"replies":[{"embeddable":true,"href":"https:\/\/agora.xtec.cat\/ceipalba\/wp-json\/wp\/v2\/comments?post=2840"}],"version-history":[{"count":8,"href":"https:\/\/agora.xtec.cat\/ceipalba\/wp-json\/wp\/v2\/pages\/2840\/revisions"}],"predecessor-version":[{"id":19799,"href":"https:\/\/agora.xtec.cat\/ceipalba\/wp-json\/wp\/v2\/pages\/2840\/revisions\/19799"}],"up":[{"embeddable":true,"href":"https:\/\/agora.xtec.cat\/ceipalba\/wp-json\/wp\/v2\/pages\/80"}],"wp:attachment":[{"href":"https:\/\/agora.xtec.cat\/ceipalba\/wp-json\/wp\/v2\/media?parent=2840"}],"curies":[{"name":"wp","href":"https:\/\/api.w.org\/{rel}","templated":true}]}}