{"id":2833,"date":"2015-12-29T17:39:15","date_gmt":"2015-12-29T16:39:15","guid":{"rendered":"http:\/\/agora.xtec.cat\/ceipalba\/?page_id=2833"},"modified":"2026-03-27T09:38:36","modified_gmt":"2026-03-27T08:38:36","slug":"proposta-sopar-compensatori","status":"publish","type":"page","link":"https:\/\/agora.xtec.cat\/ceipalba\/serveis\/menjador-escolar\/proposta-sopar-compensatori\/","title":{"rendered":"Proposta sopar compensatori"},"content":{"rendered":"<ul>\n<li><a href=\"https:\/\/agora.xtec.cat\/ceipalba\/wp-content\/uploads\/usu598\/2026\/03\/sopar-abril.pdf\">sopar-abril<\/a><\/li>\n<li><a href=\"https:\/\/agora.xtec.cat\/ceipalba\/wp-content\/uploads\/usu598\/2026\/03\/sopar-abril_vega.pdf\">sopar-abril_veg\u00e0<\/a><\/li>\n<li><a href=\"https:\/\/agora.xtec.cat\/ceipalba\/wp-content\/uploads\/usu598\/2026\/03\/sopar-abril_no-carn.pdf\">sopar-abril_no carn<\/a><\/li>\n<li><a href=\"https:\/\/agora.xtec.cat\/ceipalba\/wp-content\/uploads\/usu598\/2026\/03\/sopar-abril_no-protina-llet-lactic.pdf\">sopar-abril_no prot\u00efna llet-l\u00e0ctic<\/a><br \/>\n<a href=\"https:\/\/agora.xtec.cat\/ceipalba\/wp-content\/uploads\/usu598\/2026\/03\/sopar-abril_page-0001.jpg\"><img loading=\"lazy\" decoding=\"async\" class=\"alignnone size-large wp-image-20447\" src=\"https:\/\/agora.xtec.cat\/ceipalba\/wp-content\/uploads\/usu598\/2026\/03\/sopar-abril_page-0001-724x1024.jpg\" alt=\"\" width=\"724\" height=\"1024\" srcset=\"https:\/\/agora.xtec.cat\/ceipalba\/wp-content\/uploads\/usu598\/2026\/03\/sopar-abril_page-0001-724x1024.jpg 724w, https:\/\/agora.xtec.cat\/ceipalba\/wp-content\/uploads\/usu598\/2026\/03\/sopar-abril_page-0001-212x300.jpg 212w, https:\/\/agora.xtec.cat\/ceipalba\/wp-content\/uploads\/usu598\/2026\/03\/sopar-abril_page-0001-768x1086.jpg 768w, https:\/\/agora.xtec.cat\/ceipalba\/wp-content\/uploads\/usu598\/2026\/03\/sopar-abril_page-0001-1086x1536.jpg 1086w, https:\/\/agora.xtec.cat\/ceipalba\/wp-content\/uploads\/usu598\/2026\/03\/sopar-abril_page-0001.jpg 1241w\" sizes=\"auto, (max-width: 724px) 100vw, 724px\" \/><\/a><\/li>\n<li><a style=\"color: #2795b6;\" href=\"https:\/\/agora.xtec.cat\/ceipalba\/wp-content\/uploads\/usu598\/2026\/02\/SOPAR-Menu-marc-1.pdf\">SOPAR-Men\u00fa mar\u00e7<\/a><\/li>\n<li><a href=\"https:\/\/agora.xtec.cat\/ceipalba\/wp-content\/uploads\/usu598\/2026\/02\/SOPAR-Menu-marc-no-proteina-llet-lactics-1.pdf\">SOPAR-Men\u00fa mar\u00e7-no prote\u00efna llet-l\u00e0ctics<\/a><\/li>\n<li><a href=\"https:\/\/agora.xtec.cat\/ceipalba\/wp-content\/uploads\/usu598\/2026\/02\/SOPAR-Menu-marc-no-carn-1.pdf\">SOPAR-Men\u00fa mar\u00e7-no carn<\/a><\/li>\n<li><a href=\"https:\/\/agora.xtec.cat\/ceipalba\/wp-content\/uploads\/usu598\/2026\/02\/SOPAR-Menu-marc-vega-1.pdf\">SOPAR-Men\u00fa mar\u00e7-veg\u00e0<\/a><\/li>\n<\/ul>\n<p>&nbsp;<\/p>\n<p>&nbsp;<\/p>\n<p>&nbsp;<\/p>\n<p>&nbsp;<\/p>\n<p>&nbsp;<\/p>\n<p>&nbsp;<\/p>\n<p>&nbsp;<\/p>\n<p>&nbsp;<\/p>\n<p>&nbsp;<\/p>\n<p>&nbsp;<\/p>\n<p>&nbsp;<\/p>\n<p>&nbsp;<\/p>\n","protected":false},"excerpt":{"rendered":"<ul>\n<li><a href=\"https:\/\/agora.xtec.cat\/ceipalba\/wp-content\/uploads\/usu598\/2026\/03\/sopar-abril.pdf\">sopar-abril<\/a><\/li>\n<li><a href=\"https:\/\/agora.xtec.cat\/ceipalba\/wp-content\/uploads\/usu598\/2026\/03\/sopar-abril_vega.pdf\">sopar-abril_veg\u00e0<\/a><\/li>\n<li><a href=\"https:\/\/agora.xtec.cat\/ceipalba\/wp-content\/uploads\/usu598\/2026\/03\/sopar-abril_no-carn.pdf\">sopar-abril_no carn<\/a><\/li>\n<li><a href=\"https:\/\/agora.xtec.cat\/ceipalba\/wp-content\/uploads\/usu598\/2026\/03\/sopar-abril_no-protina-llet-lactic.pdf\">sopar-abril_no prot\u00efna llet-l\u00e0ctic<\/a><br \/>\n<a href=\"https:\/\/agora.xtec.cat\/ceipalba\/wp-content\/uploads\/usu598\/2026\/03\/sopar-abril_page-0001.jpg\"><\/a><\/li>\n<li><a style=\"color: #2795b6;\" href=\"https:\/\/agora.xtec.cat\/ceipalba\/wp-content\/uploads\/usu598\/2026\/02\/SOPAR-Menu-marc-1.pdf\">SOPAR-Men\u00fa mar\u00e7<\/a><\/li>\n<li><a href=\"https:\/\/agora.xtec.cat\/ceipalba\/wp-content\/uploads\/usu598\/2026\/02\/SOPAR-Menu-marc-no-proteina-llet-lactics-1.pdf\">SOPAR-Men\u00fa mar\u00e7-no prote\u00efna llet-l\u00e0ctics<\/a><\/li>\n<li><a href=\"https:\/\/agora.xtec.cat\/ceipalba\/wp-content\/uploads\/usu598\/2026\/02\/SOPAR-Menu-marc-no-carn-1.pdf\">SOPAR-Men\u00fa mar\u00e7-no carn<\/a><\/li>\n<li><a href=\"https:\/\/agora.xtec.cat\/ceipalba\/wp-content\/uploads\/usu598\/2026\/02\/SOPAR-Menu-marc-vega-1.pdf\">SOPAR-Men\u00fa mar\u00e7-veg\u00e0<\/a><\/li>\n<\/ul>\n<p>&nbsp;<br \/>\n&nbsp;<br \/>\n&nbsp;<br \/>\n&nbsp;<br \/>\n&nbsp;<br \/>\n&nbsp;<br \/>\n&nbsp;<br \/>\n&nbsp;<br \/>\n&nbsp;<br \/>\n&nbsp;<br \/>\n&nbsp;<br \/>\n&nbsp;<\/p>\n","protected":false},"author":3,"featured_media":0,"parent":73,"menu_order":2,"comment_status":"closed","ping_status":"closed","template":"page-templates\/side-menu.php","meta":{"_bbp_topic_count":0,"_bbp_reply_count":0,"_bbp_total_topic_count":0,"_bbp_total_reply_count":0,"_bbp_voice_count":0,"_bbp_anonymous_reply_count":0,"_bbp_topic_count_hidden":0,"_bbp_reply_count_hidden":0,"_bbp_forum_subforum_count":0,"footnotes":""},"class_list":["post-2833","page","type-page","status-publish","hentry"],"post_mailing_queue_ids":[],"_links":{"self":[{"href":"https:\/\/agora.xtec.cat\/ceipalba\/wp-json\/wp\/v2\/pages\/2833","targetHints":{"allow":["GET"]}}],"collection":[{"href":"https:\/\/agora.xtec.cat\/ceipalba\/wp-json\/wp\/v2\/pages"}],"about":[{"href":"https:\/\/agora.xtec.cat\/ceipalba\/wp-json\/wp\/v2\/types\/page"}],"author":[{"embeddable":true,"href":"https:\/\/agora.xtec.cat\/ceipalba\/wp-json\/wp\/v2\/users\/3"}],"replies":[{"embeddable":true,"href":"https:\/\/agora.xtec.cat\/ceipalba\/wp-json\/wp\/v2\/comments?post=2833"}],"version-history":[{"count":7,"href":"https:\/\/agora.xtec.cat\/ceipalba\/wp-json\/wp\/v2\/pages\/2833\/revisions"}],"predecessor-version":[{"id":20458,"href":"https:\/\/agora.xtec.cat\/ceipalba\/wp-json\/wp\/v2\/pages\/2833\/revisions\/20458"}],"up":[{"embeddable":true,"href":"https:\/\/agora.xtec.cat\/ceipalba\/wp-json\/wp\/v2\/pages\/73"}],"wp:attachment":[{"href":"https:\/\/agora.xtec.cat\/ceipalba\/wp-json\/wp\/v2\/media?parent=2833"}],"curies":[{"name":"wp","href":"https:\/\/api.w.org\/{rel}","templated":true}]}}