{"id":2831,"date":"2015-12-29T17:38:53","date_gmt":"2015-12-29T16:38:53","guid":{"rendered":"http:\/\/agora.xtec.cat\/ceipalba\/?page_id=2831"},"modified":"2026-03-27T09:37:42","modified_gmt":"2026-03-27T08:37:42","slug":"menu","status":"publish","type":"page","link":"https:\/\/agora.xtec.cat\/ceipalba\/serveis\/menjador-escolar\/menu\/","title":{"rendered":"Men\u00fa"},"content":{"rendered":"<p><span style=\"color: #ff0000;\"><b>En tots els \u00e0pats hi haur\u00e0 di\u00e0riament <\/b><\/span><b style=\"color: #ff0000;\">enciam que juntament amb l<strong>es guarnicions s\u2019oferiran al mig de la taula. L\u2019alumnat podr\u00e0 servir-se la quantitat que li apeteixi, supervisat pel monitor\/a.<br \/>\n<\/strong><\/b><\/p>\n<p><b style=\"color: #ff0000;\"><strong><span style=\"color: #000000;\">A m\u00e9s a m\u00e9s:<\/span><\/strong><br \/>\n<\/b><\/p>\n<ul>\n<li><strong><em>tota la pasta ser\u00e0 integral<\/em><\/strong><\/li>\n<li><strong><em>l\u2019arr\u00f2s en algunes ocasions, tamb\u00e9 ser\u00e0 integral<\/em><\/strong><\/li>\n<li><strong><em>dos cops a la setmana, pa integral<\/em><\/strong><\/li>\n<li><strong><em>i, continuem introduint petits canvis per assolir totes les recomanacions.<\/em><\/strong><\/li>\n<\/ul>\n<p style=\"text-align: justify;\">Es disposa de men\u00fa adequat per intoler\u00e0ncies, celiaquies, al\u00b7l\u00e8rgies&#8230; sempre que portin la prescripci\u00f3 m\u00e8dica. Tret d&#8217;aquestes patologies, que estan certificades per un metge, <span style=\"color: #0000ff;\"><strong>no es far\u00e0 cap excepci\u00f3 dels aliments del que consta el men\u00fa<\/strong> <\/span>(abstenir-vos notes com: \u201cno li doneu tomata que no li agrada\u201d, per exemple). Als alumnes intolerants als llegums se&#8217;ls substitueix per arr\u00f2s bullit. Els alumnes cel\u00edacs tenen el mateix men\u00fa, per\u00f2 sense gluten; pot contenir traces de gluten, ja que s&#8217;elabora en la mateixa cuina que s&#8217;elabora el men\u00fa amb gluten.<\/p>\n<p>Els estofats de llegums s\u2019elaboren amb triturat de verdures de temporada.<\/p>\n<p>Els men\u00fas estan elaborats per la <strong><span style=\"color: #0000ff;\">Dietista-Nutricionista Naila<\/span> <span style=\"color: #0000ff;\">Mart\u00ednez<\/span><\/strong> (n\u00fam. col\u00b7legiada\u00a0\u00a0CAT000919) juntament amb la M\u00f2nica Mart\u00ednez, cap de cuina i la comissi\u00f3 de menjador de l\u2019AFA, seguint les recomanacions de <a href=\"https:\/\/salutpublica.gencat.cat\/ca\/detalls\/Article\/Lalimentacio-saludable-en-letapa-escolar.-Edicio-2020\">l&#8217;Ag\u00e8ncia de Salut P\u00fablica<\/a> seguint el <a href=\"https:\/\/salutpublica.gencat.cat\/ca\/ambits\/promocio_salut\/alimentacio_saludable\/PREME\/\">Programa de Revisi\u00f3 de Men\u00fas Escolars a Catalunya (PReME).<\/a><\/p>\n<p><span style=\"color: #000000;\">Podeu consultar els men\u00fas RECOMANEM per sopar a<\/span><strong><span style=\"color: #0000ff;\"><a style=\"color: #0000ff;\" href=\"https:\/\/agora.xtec.cat\/ceipalba\/serveis\/menjador-escolar\/proposta-sopar-compensatori\/\"><span style=\"color: #000000;\"> https:\/\/agora.xtec.cat\/ceipalba\/serveis\/menjador-escolar\/proposta-sopar-compensatori\/<\/span><\/a><\/span><\/strong><\/p>\n<p><span style=\"color: #0000ff;\"><em><strong>De vegades, per motius aliens al servei, ens podem veure obligats a fer canvis en el men\u00fa. Us demanem disculpes.<\/strong><\/em><\/span><\/p>\n<ul>\n<li><a style=\"color: #2795b6;\" href=\"https:\/\/agora.xtec.cat\/ceipalba\/wp-content\/uploads\/usu598\/2026\/03\/abril.pdf\">abril<\/a><\/li>\n<li><a href=\"https:\/\/agora.xtec.cat\/ceipalba\/wp-content\/uploads\/usu598\/2026\/03\/abril_no-protina-llet-lactic.pdf\">abril_no prot\u00efna llet-l\u00e0ctic<\/a><\/li>\n<li><a href=\"https:\/\/agora.xtec.cat\/ceipalba\/wp-content\/uploads\/usu598\/2026\/03\/abril_no-carn.pdf\">abril_no carn<\/a><\/li>\n<li><a href=\"https:\/\/agora.xtec.cat\/ceipalba\/wp-content\/uploads\/usu598\/2026\/03\/abril_vega.pdf\">abril_veg\u00e0<\/a><\/li>\n<li><a href=\"https:\/\/agora.xtec.cat\/ceipalba\/wp-content\/uploads\/usu598\/2026\/03\/abril_page-0001-1.jpg\"><img loading=\"lazy\" decoding=\"async\" class=\"alignnone size-large wp-image-20448\" src=\"https:\/\/agora.xtec.cat\/ceipalba\/wp-content\/uploads\/usu598\/2026\/03\/abril_page-0001-1-724x1024.jpg\" alt=\"\" width=\"724\" height=\"1024\" srcset=\"https:\/\/agora.xtec.cat\/ceipalba\/wp-content\/uploads\/usu598\/2026\/03\/abril_page-0001-1-724x1024.jpg 724w, https:\/\/agora.xtec.cat\/ceipalba\/wp-content\/uploads\/usu598\/2026\/03\/abril_page-0001-1-212x300.jpg 212w, https:\/\/agora.xtec.cat\/ceipalba\/wp-content\/uploads\/usu598\/2026\/03\/abril_page-0001-1-768x1086.jpg 768w, https:\/\/agora.xtec.cat\/ceipalba\/wp-content\/uploads\/usu598\/2026\/03\/abril_page-0001-1-1086x1536.jpg 1086w, https:\/\/agora.xtec.cat\/ceipalba\/wp-content\/uploads\/usu598\/2026\/03\/abril_page-0001-1.jpg 1241w\" sizes=\"auto, (max-width: 724px) 100vw, 724px\" \/><\/a><\/li>\n<li><a style=\"color: #2795b6;\" href=\"https:\/\/agora.xtec.cat\/ceipalba\/wp-content\/uploads\/usu598\/2026\/02\/Menu-marc.pdf\">Men\u00fa mar\u00e7<\/a><\/li>\n<li><a href=\"https:\/\/agora.xtec.cat\/ceipalba\/wp-content\/uploads\/usu598\/2026\/02\/Menu-marc-vega.pdf\">Men\u00fa mar\u00e7-veg\u00e0<\/a><\/li>\n<li><a href=\"https:\/\/agora.xtec.cat\/ceipalba\/wp-content\/uploads\/usu598\/2026\/02\/Menu-marc-no-proteina-llet-lactics.pdf\">Men\u00fa mar\u00e7-no prote\u00efna llet-l\u00e0ctics<\/a><\/li>\n<li><a href=\"https:\/\/agora.xtec.cat\/ceipalba\/wp-content\/uploads\/usu598\/2026\/02\/Menu-marc-no-carn.pdf\">Men\u00fa mar\u00e7-no carn<\/a><\/li>\n<li><a style=\"font-family: inherit; font-size: 1em;\" href=\"http:\/\/agora.xtec.cat\/ceipalba\/wp-content\/uploads\/usu598\/2015\/12\/Llegenda-s\u00edmbols.jpg\"><span style=\"color: #222222;\">Llegenda s\u00edmbols: <\/span><\/a><a style=\"font-family: inherit; font-size: 1em;\" href=\"http:\/\/agora.xtec.cat\/ceipalba\/wp-content\/uploads\/usu598\/2015\/12\/Llegenda-s\u00edmbols.pdf\">Llegenda s\u00edmbols<\/a><\/li>\n<\/ul>\n<p><img loading=\"lazy\" decoding=\"async\" class=\"aligncenter size-full wp-image-7553\" src=\"http:\/\/agora.xtec.cat\/ceipalba\/wp-content\/uploads\/usu598\/2015\/12\/Llegenda-s\u00edmbols.jpg\" alt=\"\" width=\"1684\" height=\"1190\" srcset=\"https:\/\/agora.xtec.cat\/ceipalba\/wp-content\/uploads\/usu598\/2015\/12\/Llegenda-s\u00edmbols.jpg 1684w, https:\/\/agora.xtec.cat\/ceipalba\/wp-content\/uploads\/usu598\/2015\/12\/Llegenda-s\u00edmbols-300x212.jpg 300w, https:\/\/agora.xtec.cat\/ceipalba\/wp-content\/uploads\/usu598\/2015\/12\/Llegenda-s\u00edmbols-768x543.jpg 768w, https:\/\/agora.xtec.cat\/ceipalba\/wp-content\/uploads\/usu598\/2015\/12\/Llegenda-s\u00edmbols-1024x724.jpg 1024w\" sizes=\"auto, (max-width: 1684px) 100vw, 1684px\" \/><\/p>\n<p>&nbsp;<\/p>\n","protected":false},"excerpt":{"rendered":"<p>En tots els \u00e0pats hi haur\u00e0 di\u00e0riament enciam que juntament amb les guarnicions s\u2019oferiran al mig de la taula. L\u2019alumnat podr\u00e0 servir-se la quantitat que li apeteixi, supervisat pel monitor\/a.<\/p>\n<p>A m\u00e9s a m\u00e9s:<\/p>\n<ul>\n<li>tota la pasta ser\u00e0 integral<\/li>\n<li>l\u2019arr\u00f2s en algunes ocasions, tamb\u00e9 ser\u00e0 integral<\/li>\n<li>dos cops a&hellip;  <a href=\"https:\/\/agora.xtec.cat\/ceipalba\/serveis\/menjador-escolar\/menu\/\" title=\"Read Men\u00fa\">Llegeix m\u00e9s\u00bb<\/a><br \/>\n","protected":false},"author":3,"featured_media":0,"parent":73,"menu_order":1,"comment_status":"closed","ping_status":"closed","template":"page-templates\/side-menu.php","meta":{"_bbp_topic_count":0,"_bbp_reply_count":0,"_bbp_total_topic_count":0,"_bbp_total_reply_count":0,"_bbp_voice_count":0,"_bbp_anonymous_reply_count":0,"_bbp_topic_count_hidden":0,"_bbp_reply_count_hidden":0,"_bbp_forum_subforum_count":0,"footnotes":""},"class_list":["post-2831","page","type-page","status-publish","hentry"],"post_mailing_queue_ids":[],"_links":{"self":[{"href":"https:\/\/agora.xtec.cat\/ceipalba\/wp-json\/wp\/v2\/pages\/2831","targetHints":{"allow":["GET"]}}],"collection":[{"href":"https:\/\/agora.xtec.cat\/ceipalba\/wp-json\/wp\/v2\/pages"}],"about":[{"href":"https:\/\/agora.xtec.cat\/ceipalba\/wp-json\/wp\/v2\/types\/page"}],"author":[{"embeddable":true,"href":"https:\/\/agora.xtec.cat\/ceipalba\/wp-json\/wp\/v2\/users\/3"}],"replies":[{"embeddable":true,"href":"https:\/\/agora.xtec.cat\/ceipalba\/wp-json\/wp\/v2\/comments?post=2831"}],"version-history":[{"count":7,"href":"https:\/\/agora.xtec.cat\/ceipalba\/wp-json\/wp\/v2\/pages\/2831\/revisions"}],"predecessor-version":[{"id":20457,"href":"https:\/\/agora.xtec.cat\/ceipalba\/wp-json\/wp\/v2\/pages\/2831\/revisions\/20457"}],"up":[{"embeddable":true,"href":"https:\/\/agora.xtec.cat\/ceipalba\/wp-json\/wp\/v2\/pages\/73"}],"wp:attachment":[{"href":"https:\/\/agora.xtec.cat\/ceipalba\/wp-json\/wp\/v2\/media?parent=2831"}],"curies":[{"name":"wp","href":"https:\/\/api.w.org\/{rel}","templated":true}]}}