{"id":2823,"date":"2015-12-29T17:35:21","date_gmt":"2015-12-29T16:35:21","guid":{"rendered":"http:\/\/agora.xtec.cat\/ceipalba\/?page_id=2823"},"modified":"2016-01-07T09:51:34","modified_gmt":"2016-01-07T08:51:34","slug":"bicicletada","status":"publish","type":"page","link":"https:\/\/agora.xtec.cat\/ceipalba\/serveis\/fem-comunitat\/bicicletada\/","title":{"rendered":"Bicicletada"},"content":{"rendered":"<p><span style=\"color: #ff6600;\"><strong><img loading=\"lazy\" decoding=\"async\" class=\" size-full wp-image-2888 alignleft\" src=\"http:\/\/agora.xtec.cat\/ceipalba\/wp-content\/uploads\/usu598\/2015\/12\/images-bici.png\" alt=\"images-bici\" width=\"210\" height=\"240\" \/>La Bicicletada<\/strong><\/span> \u00e9s una marxa esportiva no competitiva amb la finalitat de passar un dia gaudint de l&#8217;esport en fam\u00edlia, juntament amb tota la comunitat educativa de l&#8217;escola.<\/p>\n<p>Ens concentrem a l\u2019escola un dissabte d&#8217;octubre.<\/p>\n<p>Tothom qui vulgui pot agafar la bici i preparar-se per pedalar plegats fins al Parc del Riu de Corbins. Despr\u00e9s de mitja hora de descans, tornarem cap a l\u2019escola per dinar, juntament amb la resta de fam\u00edlies que vulgueu venir, independentment de si heu anat en bici o no.<\/p>\n<p>A la bicicletada hi ha tres circuits:<\/p>\n<p><span style=\"color: #008000;\"><strong>CIRCUIT A:<\/strong><\/span> Es realitzar\u00e0 a l\u2019interior del recinte de l \u2018escola. \u00c9s un circuit per als m\u00e9s petits i comen\u00e7a a les 12 h.<\/p>\n<p><span style=\"color: #008000;\"><strong>CIRCUIT B:<\/strong> <\/span>Se surt de l\u2019escola a les 10,30 h. en direcci\u00f3 al Parc del Riu de Corbins (on es fa un descans). El recorregut \u00e9s d\u2019uns 11 km.<\/p>\n<p><span style=\"color: #008000;\"><strong>CIRCUIT C:<\/strong><\/span> Tamb\u00e9 se surt de l\u2019escola a les 10,30 h. en direcci\u00f3 al mateix Parc del Riu de Corbins, per\u00f2 fent un tomb m\u00e9s llarg. En total uns 13 km. En els dos primers km d\u2019aquest recorregut hi ha una pujada d\u2019uns 300 m.<\/p>\n<p>Una part del circuits B i C es fan conjuntament, i la tornada dels dos circuits es fa pel cam\u00ed m\u00e9s curt.<\/p>\n<p>A l\u2019hora d\u2019escollir un recorregut, cal tenir en compte les condicions f\u00edsiques i personals dels vostres fills\/es i si aquests aniran acompanyats pels pares\/mares i germans\/es.<\/p>\n<p>Les fam\u00edlies us heu de fer c\u00e0rrec del trasllat dels participants i de les bicicletes del vostre domicili a l \u2018escola i a l\u2019inrev\u00e9s.<\/p>\n<p>A la tarda hi ha berenar per a les nenes i nens (pa amb xocolata) i tamb\u00e9 s\u2019organitzen jocs tradicionals, als quals tothom hi est\u00e0 convidat.<\/p>\n<p><img loading=\"lazy\" decoding=\"async\" class=\" size-full wp-image-2900 aligncenter\" src=\"http:\/\/agora.xtec.cat\/ceipalba\/wp-content\/uploads\/usu598\/2015\/12\/bici-1.jpg\" alt=\"bici 1\" width=\"556\" height=\"417\" srcset=\"https:\/\/agora.xtec.cat\/ceipalba\/wp-content\/uploads\/usu598\/2015\/12\/bici-1.jpg 556w, https:\/\/agora.xtec.cat\/ceipalba\/wp-content\/uploads\/usu598\/2015\/12\/bici-1-300x225.jpg 300w, https:\/\/agora.xtec.cat\/ceipalba\/wp-content\/uploads\/usu598\/2015\/12\/bici-1-200x150.jpg 200w\" sizes=\"auto, (max-width: 556px) 100vw, 556px\" \/><\/p>\n<p>&nbsp;<\/p>\n<p><span style=\"color: #ff6600;\"><strong>Fem comunitat<\/strong><\/span><\/p>\n<ul>\n<li><a href=\"http:\/\/agora.xtec.cat\/ceipalba\/serveis\/fem-comunitat\/xerrades-i-conferencies\/\">Xerrades i confer\u00e8ncies<\/a><\/li>\n<li><a href=\"http:\/\/agora.xtec.cat\/ceipalba\/serveis\/fem-comunitat\/bicicletada\/\">Bicicletada<\/a><\/li>\n<li><a href=\"http:\/\/agora.xtec.cat\/ceipalba\/serveis\/fem-comunitat\/acampada\/\">Acampada a l&#8217;escola<\/a><\/li>\n<li><a href=\"http:\/\/agora.xtec.cat\/ceipalba\/serveis\/fem-comunitat\/fira-de-lalba\/\">Fira de l&#8217;Alba<\/a><\/li>\n<li><a href=\"http:\/\/agora.xtec.cat\/ceipalba\/serveis\/fem-comunitat\/escamot-per-lescola-publica\/\">Escamot per l&#8217;escola p\u00fablica<\/a><\/li>\n<li><a href=\"http:\/\/agora.xtec.cat\/ceipalba\/serveis\/fem-comunitat\/compra-de-xandall-i-bata\/\">Compra de xandall i bata<\/a><\/li>\n<li><a href=\"http:\/\/agora.xtec.cat\/ceipalba\/serveis\/fem-comunitat\/socialitzacio-de-llibres-i-material\/\">Socialitzaci\u00f3 de llibres i material<\/a><\/li>\n<\/ul>\n","protected":false},"excerpt":{"rendered":"<p>La Bicicletada \u00e9s una marxa esportiva no competitiva amb la finalitat de passar un dia gaudint de l&#8217;esport en fam\u00edlia, juntament amb tota la comunitat educativa de l&#8217;escola.<br \/>\nEns concentrem a l\u2019escola un dissabte d&#8217;octubre.<br \/>\nTothom qui vulgui pot agafar la bici i preparar-se per pedalar plegats&hellip;  <a href=\"https:\/\/agora.xtec.cat\/ceipalba\/serveis\/fem-comunitat\/bicicletada\/\" title=\"Read Bicicletada\">Llegeix m\u00e9s\u00bb<\/a><\/p>\n","protected":false},"author":3,"featured_media":0,"parent":2818,"menu_order":1,"comment_status":"closed","ping_status":"closed","template":"page-templates\/side-menu.php","meta":{"_bbp_topic_count":0,"_bbp_reply_count":0,"_bbp_total_topic_count":0,"_bbp_total_reply_count":0,"_bbp_voice_count":0,"_bbp_anonymous_reply_count":0,"_bbp_topic_count_hidden":0,"_bbp_reply_count_hidden":0,"_bbp_forum_subforum_count":0,"footnotes":""},"class_list":["post-2823","page","type-page","status-publish","hentry"],"post_mailing_queue_ids":[],"_links":{"self":[{"href":"https:\/\/agora.xtec.cat\/ceipalba\/wp-json\/wp\/v2\/pages\/2823","targetHints":{"allow":["GET"]}}],"collection":[{"href":"https:\/\/agora.xtec.cat\/ceipalba\/wp-json\/wp\/v2\/pages"}],"about":[{"href":"https:\/\/agora.xtec.cat\/ceipalba\/wp-json\/wp\/v2\/types\/page"}],"author":[{"embeddable":true,"href":"https:\/\/agora.xtec.cat\/ceipalba\/wp-json\/wp\/v2\/users\/3"}],"replies":[{"embeddable":true,"href":"https:\/\/agora.xtec.cat\/ceipalba\/wp-json\/wp\/v2\/comments?post=2823"}],"version-history":[{"count":3,"href":"https:\/\/agora.xtec.cat\/ceipalba\/wp-json\/wp\/v2\/pages\/2823\/revisions"}],"predecessor-version":[{"id":2971,"href":"https:\/\/agora.xtec.cat\/ceipalba\/wp-json\/wp\/v2\/pages\/2823\/revisions\/2971"}],"up":[{"embeddable":true,"href":"https:\/\/agora.xtec.cat\/ceipalba\/wp-json\/wp\/v2\/pages\/2818"}],"wp:attachment":[{"href":"https:\/\/agora.xtec.cat\/ceipalba\/wp-json\/wp\/v2\/media?parent=2823"}],"curies":[{"name":"wp","href":"https:\/\/api.w.org\/{rel}","templated":true}]}}