{"id":2818,"date":"2015-12-29T17:32:40","date_gmt":"2015-12-29T16:32:40","guid":{"rendered":"http:\/\/agora.xtec.cat\/ceipalba\/?page_id=2818"},"modified":"2023-11-20T09:43:12","modified_gmt":"2023-11-20T08:43:12","slug":"fem-comunitat","status":"publish","type":"page","link":"https:\/\/agora.xtec.cat\/ceipalba\/serveis\/fem-comunitat\/","title":{"rendered":"Fem comunitat"},"content":{"rendered":"<p><img loading=\"lazy\" decoding=\"async\" class=\"aligncenter size-full wp-image-2880\" src=\"http:\/\/agora.xtec.cat\/ceipalba\/wp-content\/uploads\/usu598\/2015\/12\/fem-comunitat.png\" alt=\"fem-comunitat\" width=\"380\" height=\"206\" srcset=\"https:\/\/agora.xtec.cat\/ceipalba\/wp-content\/uploads\/usu598\/2015\/12\/fem-comunitat.png 380w, https:\/\/agora.xtec.cat\/ceipalba\/wp-content\/uploads\/usu598\/2015\/12\/fem-comunitat-300x163.png 300w\" sizes=\"auto, (max-width: 380px) 100vw, 380px\" \/><\/p>\n<p>Una escola com la nostra: viva, en permanent proc\u00e9s de millora, creixement i transformaci\u00f3, i implicada amb la societat i amb els canvis que aquesta genera no es pot entendre sense el concepte de comunitat educativa.<\/p>\n<p>A partir de la programaci\u00f3 de diferents activitats (l\u00fadiques, formatives, de debat, etc.), &#8220;Fem Comunitat&#8221; pret\u00e9n ser un punt de trobada on pares, mares, nens, nenes, personal docent i no docent puguin dir la seva, fer aportacions, intercanviar opinions i idees o, simplement, gaudir d\u2019una bona estona de lleure mentre parlen i comparteixen experi\u00e8ncies. Tot plegat al servei d\u2019un projecte com\u00fa: l\u2019Escola Alba i d\u2019un model educatiu catal\u00e0, p\u00fablic i de qualitat per als nostres fills i filles.<\/p>\n<p><strong>Si tots i totes fem Comunitat tamb\u00e9 farem Escola<\/strong>.<\/p>\n<ul>\n<li><a href=\"http:\/\/agora.xtec.cat\/ceipalba\/serveis\/fem-comunitat\/xerrades-i-conferencies\/\">Xerrades i confer\u00e8ncies<\/a><\/li>\n<li><a href=\"http:\/\/agora.xtec.cat\/ceipalba\/serveis\/fem-comunitat\/bicicletada\/\">Bicicletada<\/a><\/li>\n<li>Passejada de primavera<\/li>\n<li><a href=\"http:\/\/agora.xtec.cat\/ceipalba\/serveis\/fem-comunitat\/acampada\/\">Acampada a l&#8217;escola<\/a><\/li>\n<li><a href=\"http:\/\/agora.xtec.cat\/ceipalba\/serveis\/fem-comunitat\/fira-de-lalba\/\">Fira de l&#8217;Alba<\/a><\/li>\n<li><a href=\"http:\/\/agora.xtec.cat\/ceipalba\/serveis\/fem-comunitat\/compra-de-xandall-i-bata\/\">Compra de xandall i bata<\/a><\/li>\n<li><a href=\"http:\/\/agora.xtec.cat\/ceipalba\/serveis\/fem-comunitat\/socialitzacio-de-llibres-i-material\/\">Programa de sostenibilitat de recursos pedag\u00f2gics i material did\u00e0ctic<\/a><\/li>\n<\/ul>\n","protected":false},"excerpt":{"rendered":"<p>Una escola com la nostra: viva, en permanent proc\u00e9s de millora, creixement i transformaci\u00f3, i implicada amb la societat i amb els canvis que aquesta genera no es pot entendre sense el concepte de comunitat educativa.<br \/>\nA partir de la programaci\u00f3 de diferents activitats (l\u00fadiques, formatives,&hellip;  <a href=\"https:\/\/agora.xtec.cat\/ceipalba\/serveis\/fem-comunitat\/\" title=\"Read Fem comunitat\">Llegeix m\u00e9s\u00bb<\/a><\/p>\n","protected":false},"author":3,"featured_media":0,"parent":66,"menu_order":48,"comment_status":"closed","ping_status":"closed","template":"page-templates\/side-menu.php","meta":{"_bbp_topic_count":0,"_bbp_reply_count":0,"_bbp_total_topic_count":0,"_bbp_total_reply_count":0,"_bbp_voice_count":0,"_bbp_anonymous_reply_count":0,"_bbp_topic_count_hidden":0,"_bbp_reply_count_hidden":0,"_bbp_forum_subforum_count":0,"footnotes":""},"class_list":["post-2818","page","type-page","status-publish","hentry"],"post_mailing_queue_ids":[],"_links":{"self":[{"href":"https:\/\/agora.xtec.cat\/ceipalba\/wp-json\/wp\/v2\/pages\/2818","targetHints":{"allow":["GET"]}}],"collection":[{"href":"https:\/\/agora.xtec.cat\/ceipalba\/wp-json\/wp\/v2\/pages"}],"about":[{"href":"https:\/\/agora.xtec.cat\/ceipalba\/wp-json\/wp\/v2\/types\/page"}],"author":[{"embeddable":true,"href":"https:\/\/agora.xtec.cat\/ceipalba\/wp-json\/wp\/v2\/users\/3"}],"replies":[{"embeddable":true,"href":"https:\/\/agora.xtec.cat\/ceipalba\/wp-json\/wp\/v2\/comments?post=2818"}],"version-history":[{"count":5,"href":"https:\/\/agora.xtec.cat\/ceipalba\/wp-json\/wp\/v2\/pages\/2818\/revisions"}],"predecessor-version":[{"id":18305,"href":"https:\/\/agora.xtec.cat\/ceipalba\/wp-json\/wp\/v2\/pages\/2818\/revisions\/18305"}],"up":[{"embeddable":true,"href":"https:\/\/agora.xtec.cat\/ceipalba\/wp-json\/wp\/v2\/pages\/66"}],"wp:attachment":[{"href":"https:\/\/agora.xtec.cat\/ceipalba\/wp-json\/wp\/v2\/media?parent=2818"}],"curies":[{"name":"wp","href":"https:\/\/api.w.org\/{rel}","templated":true}]}}