{"id":2812,"date":"2015-12-29T17:20:50","date_gmt":"2015-12-29T16:20:50","guid":{"rendered":"http:\/\/agora.xtec.cat\/ceipalba\/?page_id=2812"},"modified":"2025-11-13T12:07:33","modified_gmt":"2025-11-13T11:07:33","slug":"que-es-lampa","status":"publish","type":"page","link":"https:\/\/agora.xtec.cat\/ceipalba\/serveis\/que-es-lampa\/","title":{"rendered":"Qu\u00e8 \u00e9s i qui som"},"content":{"rendered":"<p style=\"font-family: 'Helvetica Neue', Helvetica, Helvetica, Arial, sans-serif; font-size: 16px;\"><img loading=\"lazy\" decoding=\"async\" class=\"wp-image-15981 alignright\" src=\"https:\/\/agora.xtec.cat\/ceipalba\/wp-content\/uploads\/usu598\/2021\/11\/Imagen1-1-e1638269517500.jpg\" alt=\"\" width=\"613\" height=\"341\" srcset=\"https:\/\/agora.xtec.cat\/ceipalba\/wp-content\/uploads\/usu598\/2021\/11\/Imagen1-1-e1638269517500.jpg 1533w, https:\/\/agora.xtec.cat\/ceipalba\/wp-content\/uploads\/usu598\/2021\/11\/Imagen1-1-e1638269517500-300x167.jpg 300w, https:\/\/agora.xtec.cat\/ceipalba\/wp-content\/uploads\/usu598\/2021\/11\/Imagen1-1-e1638269517500-1024x570.jpg 1024w, https:\/\/agora.xtec.cat\/ceipalba\/wp-content\/uploads\/usu598\/2021\/11\/Imagen1-1-e1638269517500-768x427.jpg 768w\" sizes=\"auto, (max-width: 613px) 100vw, 613px\" \/><\/p>\n<p>So<span style=\"font-family: inherit; font-size: 1em;\">m el conjunt de fam\u00edlies de l\u2019escola que ens impliquem volunt\u00e0riament i de forma conjunta amb tots els agents educatius de l\u2019escola, per fer que aquest proc\u00e9s educatiu sigui molt m\u00e9s ric per a tothom.<\/span><\/p>\n<p><span style=\"font-family: inherit; font-size: 1em;\">Fomentem el vincle entre les fam\u00edlies fent un seguit d\u2019activitats durant el curs que serveixen com a punt de trobada i coneixen\u00e7a entre aquestes.<\/span><\/p>\n<p>Formar part de l\u2019AFA ens perme<span style=\"font-family: inherit; font-size: 1em;\">t compartir les diferents inquietuds i motivacions sobre l\u2019educaci\u00f3 dels nostres infants i per aix\u00f2, com m\u00e9s fam\u00edlies ens impliquem en aquest projecte, m\u00e9s rica farem la nostra associaci\u00f3.<\/span><\/p>\n<p>Ens organitzem en diferents comissions, aquestes tenen la finalitat de treballar en \u00e0mbits concrets de l\u2019escola, les diferents comissions que tenim son:<\/p>\n<p><strong>Cuina i menjador:<\/strong> Encarregada del bon funcionament tant de cuina com del menjador, fent aix\u00ed conjuntament amb la cap de cuina, coordinadora, i nutricionista el men\u00fa mensual, en el qual tamb\u00e9 hi participa l&#8217;alumnat per decidir el men\u00fa tem\u00e0tic.<\/p>\n<p><strong>Extraescolars:<\/strong> Encarregada de dissenyar i planificar les diferents activitats que es duran a terme durant el curs en l\u2019espai del migdia i tarda.<\/p>\n<p><strong>Transport:<\/strong> S\u2019encarrega de fer el seguiment del servei de transport escolar.<\/p>\n<p><strong>Sostenibilitat, Recursos Pedag\u00f2gics i material did\u00e0ctic: <\/strong>Comissi\u00f3 encarregada de la gesti\u00f3 d\u2019alguns dels recursos pedag\u00f2gics i material did\u00e0ctic fent les compres amb m\u00e9s sostenibilitat i que aquest material tingui m\u00e9s vida \u00fatil. Centralitzar la compra de la roba esportiva.<\/p>\n<p><strong>Xarxes socials:<\/strong> Comissi\u00f3 encarregada de fer difusi\u00f3 de les activitats dutes a terme per les fam\u00edlies de l&#8217;escola.<\/p>\n<p><strong>Mobilitzacions:<\/strong> Comissi\u00f3 encarregada d&#8217;aconseguir millores per a la comunitat educativa de l&#8217;escola.<\/p>\n<p><strong>Comunitat: <\/strong>Comissi\u00f3 encarregada de fer actes per tal de generar llocs i punts de trobada entre les fam\u00edlies.<\/p>\n<p><span style=\"color: #339966;\"><strong>Totes les fam\u00edlies sou benvingudes a formar part de les diferents comissions. Us animem a participar-hi!!!<\/strong><\/span><\/p>\n<p><span style=\"color: #ff6600;\"><strong>Si voleu formar-hi part, o us voleu informar millor, nom\u00e9s cal que ho notifiqueu a la secretaria de l\u2019AFA, Tf. 973 225 013 o b\u00e9 envieu un correu a afa@escolaalba.cat<\/strong><\/span><\/p>\n<p>Membres de la junta actual de l\u2019AFA (junta renovada al novembre 2024);<\/p>\n<p><strong>President\/a<\/strong>:\u00a0<span style=\"caret-color: rgba(0, 0, 0, 0);\">Bea Aquilu\u00e9<\/span><\/p>\n<p><strong>Vicepresident\/a:<\/strong> Anna Serrano<\/p>\n<p><strong>Secretari\/a:<\/strong> Romina Masip<\/p>\n<p><strong>Tresorer\/a<\/strong>: Gerard Fontanals<\/p>\n<p><strong>Vocals:<\/strong> Judit Castell\u00e0, Toni Pu\u00e9rtolas, Marta Casals, Ares S\u00e1nchez, Noem\u00ed Romero, Daniel Labadia, Merc\u00e8 Sans, Anna Alba.<\/p>\n<p><strong>Representant al Consell Escolar<\/strong>: Romina Masip<\/p>\n<p><strong>Representant al Consell de delegats\/des de classe<\/strong>: Marta Casals<\/p>\n<p>Els objectius i funcions de l\u2019Associaci\u00f3 de Fam\u00edlies (AFA) de l\u2019Escola Alba s\u00f3n:<\/p>\n<ol>\n<li>Treballar conjuntament amb l\u2019Escola per contribuir a la millora de la qualitat de l\u2019ensenyament que rep l\u2019alumnat.<\/li>\n<li>Reflexionar i opinar sobre el funcionament quotidi\u00e0 de l\u2019escola i sobre temes educatius que influeixen en l\u2019educaci\u00f3 de l\u2019alumnat.<\/li>\n<li>Promoure la col\u00b7laboraci\u00f3 i la participaci\u00f3 de les fam\u00edlies a la comunitat educativa.<\/li>\n<li>Fomentar activitats d\u2019inter\u00e8s per a la comunitat escolar.<\/li>\n<li>Participar en la presa de decisions i en el govern del centre mitjan\u00e7ant el representant al consell escolar de centre.<\/li>\n<li>Orientar les fam\u00edlies en l\u2019exercici dels seus drets i obligacions com a membres d\u2019un centre educatiu.<\/li>\n<li>Donar suport econ\u00f2mic, quan conv\u00e9, per facilitar el bon funcionament de l\u2019Escola.<\/li>\n<\/ol>\n<p><a href=\"https:\/\/agora.xtec.cat\/ceipalba\/wp-content\/uploads\/usu598\/2023\/05\/14157725_Estatuts_diligenciats_2023-1.pdf\">PODEU CONSULTAR AQU\u00cd ELS ESTATUTS DE L&#8217;AFA ESCOLA ALBA<\/a><\/p>\n","protected":false},"excerpt":{"rendered":"<p>Som el conjunt de fam\u00edlies de l\u2019escola que ens impliquem volunt\u00e0riament i de forma conjunta amb tots els agents educatius de l\u2019escola, per fer que aquest proc\u00e9s educatiu sigui molt m\u00e9s ric per a tothom.<br \/>\nFomentem el vincle entre les fam\u00edlies fent un seguit d\u2019activitats durant&hellip;  <a href=\"https:\/\/agora.xtec.cat\/ceipalba\/serveis\/que-es-lampa\/\" title=\"Read Qu\u00e8 \u00e9s i qui som\">Llegeix m\u00e9s\u00bb<\/a><\/p>\n","protected":false},"author":3,"featured_media":0,"parent":66,"menu_order":20,"comment_status":"closed","ping_status":"closed","template":"page-templates\/side-menu.php","meta":{"_bbp_topic_count":0,"_bbp_reply_count":0,"_bbp_total_topic_count":0,"_bbp_total_reply_count":0,"_bbp_voice_count":0,"_bbp_anonymous_reply_count":0,"_bbp_topic_count_hidden":0,"_bbp_reply_count_hidden":0,"_bbp_forum_subforum_count":0,"footnotes":""},"class_list":["post-2812","page","type-page","status-publish","hentry"],"post_mailing_queue_ids":[],"_links":{"self":[{"href":"https:\/\/agora.xtec.cat\/ceipalba\/wp-json\/wp\/v2\/pages\/2812","targetHints":{"allow":["GET"]}}],"collection":[{"href":"https:\/\/agora.xtec.cat\/ceipalba\/wp-json\/wp\/v2\/pages"}],"about":[{"href":"https:\/\/agora.xtec.cat\/ceipalba\/wp-json\/wp\/v2\/types\/page"}],"author":[{"embeddable":true,"href":"https:\/\/agora.xtec.cat\/ceipalba\/wp-json\/wp\/v2\/users\/3"}],"replies":[{"embeddable":true,"href":"https:\/\/agora.xtec.cat\/ceipalba\/wp-json\/wp\/v2\/comments?post=2812"}],"version-history":[{"count":7,"href":"https:\/\/agora.xtec.cat\/ceipalba\/wp-json\/wp\/v2\/pages\/2812\/revisions"}],"predecessor-version":[{"id":19970,"href":"https:\/\/agora.xtec.cat\/ceipalba\/wp-json\/wp\/v2\/pages\/2812\/revisions\/19970"}],"up":[{"embeddable":true,"href":"https:\/\/agora.xtec.cat\/ceipalba\/wp-json\/wp\/v2\/pages\/66"}],"wp:attachment":[{"href":"https:\/\/agora.xtec.cat\/ceipalba\/wp-json\/wp\/v2\/media?parent=2812"}],"curies":[{"name":"wp","href":"https:\/\/api.w.org\/{rel}","templated":true}]}}