{"id":250,"date":"2015-11-04T13:08:20","date_gmt":"2015-11-04T12:08:20","guid":{"rendered":"http:\/\/agora.xtec.cat\/ceipalba\/?page_id=250"},"modified":"2025-06-23T10:34:16","modified_gmt":"2025-06-23T08:34:16","slug":"preinscripcions","status":"publish","type":"page","link":"https:\/\/agora.xtec.cat\/ceipalba\/lescola\/preinscripcions\/","title":{"rendered":"Preinscripcions i matr\u00edcula"},"content":{"rendered":"<h3><span style=\"font-size: 2.125em;\">PREINSCRIPCI\u00d3 I MATR\u00cdCULA<\/span><\/h3>\n<div>\n<div>\n<div>\n<div><\/div>\n<\/div>\n<\/div>\n<\/div>\n<div class=\"FW_sArticleFoto\">\n<div class=\"FW_sEditPro\">\n<p>Et guiem pas a pas durant tot el proc\u00e9s de preinscripci\u00f3, perqu\u00e8 entenguis com funciona el sistema d&#8217;assignaci\u00f3 de pla\u00e7a als <strong>infants que accedeixen per primera vegada a l&#8217;escolaritzaci\u00f3<\/strong>\u00a0en un centre educatiu determinat.\u00a0De manera general, per a aquest any,\u00a0s\u00f3n els nens i nenes que fan els\u00a0<strong>3 anys durant el 2025<\/strong>. \u00c9s el cas del teu fill o filla? Doncs comencem&#8230;<\/p>\n<\/div>\n<p>El proper dimecres, dia 25 de juny s\u2019obre el termini per formalitzar la matr\u00edcula del vostre fill\/filla a l\u2019escola assignada pel proper curs escolar 2025\/2026<br \/>\nEl termini finalitza el dijous, dia 03 de juliol, aix\u00ed doncs, podreu passar per la nostra escola del dimecres dia 25 al dijous 03 de juliol, ambd\u00f3s inclosos en horari de 09:00 a 13.00 hores.<br \/>\nLa documentaci\u00f3 necess\u00e0ria per la matr\u00edcula \u00e9s la seg\u00fcent:<br \/>\n\u2013 DNI o NIE del pare (original i fotoc\u00f2pia),<br \/>\n\u2013 DNI o NIE de la mare (original i fotoc\u00f2pia),<br \/>\n\u2013 DNI o NIE de l\u2019alumne\/a, si en t\u00e9 (original i fotoc\u00f2pia),<br \/>\n\u2013 Llibre de Fam\u00edlia (original i fotoc\u00f2pia),<br \/>\n\u2013 Vacunes de l\u2019alumne\/a (original i fotoc\u00f2pia. Pot ser el llibre blau o certificat m\u00e8dic on consti la relaci\u00f3 de vacunes subministrades),<br \/>\n\u2013 Targeta de la Seguretat Social de l\u2019alumne\/a (original i fotoc\u00f2pia),<br \/>\n\u2013 1 foto mida carnet de l\u2019alumne\/a,<br \/>\nSi ja v\u00e0reu adjuntar algun document de l\u2019anterior relaci\u00f3 a la preinscripci\u00f3, nom\u00e9s caldr\u00e0 presentar l\u2019original del mateix per si calgu\u00e9s fer alguna fotocopia.<br \/>\nPosteriorment a la formalitzaci\u00f3 de la matr\u00edcula escolar haureu de passar per l\u2019AFA per informar si es far\u00e0 \u00fas del menjador escolar, del transport, acollida, extraescolars, etc\u2026 Se us demanar\u00e0 un n\u00famero de compte bancari per girar-vos els rebuts corresponents.<br \/>\nSi teniu qualsevol dubte o necessiteu ampliar aquesta informaci\u00f3 us podeu posar en contacte amb l\u2019escola al 973 22 50 13 i preguntar per M\u00edriam.<\/p>\n<div class=\"FW_sEditPro\">\n<p><a href=\"https:\/\/preinscripcio.gencat.cat\/ca\/estudis\/infantil-3-6\/inici\/\">PREINSCRIPCI\u00d3 2025-2026<\/a><\/p>\n<p><a href=\"https:\/\/preinscripcio.gencat.cat\/ca\/estudis\/infantil-3-6\/informat\/calendari\/\">Coneix les dates clau del calendari i les accions associades<\/a><\/p>\n<p><a href=\"https:\/\/preinscripcio.gencat.cat\/ca\/estudis\/infantil-3-6\/informat\/criteris-assignacio\/\">Ent\u00e9n els criteris de selecci\u00f3, prioritzaci\u00f3 i desempata (clica aqu\u00ed)<\/a><\/p>\n<p><a href=\"https:\/\/preinscripcio.gencat.cat\/ca\/estudis\/infantil-3-6\/informat\/busca-centre\/\">Busca l&#8217;escola o centre educatiu (clica aqu\u00ed)<\/a><\/p>\n<p><a href=\"https:\/\/preinscripcio.gencat.cat\/ca\/estudis\/infantil-3-6\/informat\/prepara-documentacio\/\">Prepara la documentaci\u00f3 que, si escau, haur\u00e0s d&#8217;adjuntar a la sol\u00b7licitud <\/a><a href=\"https:\/\/preinscripcio.gencat.cat\/ca\/estudis\/infantil-3-6\/informat\/prepara-documentacio\/\">(clica aqu\u00ed)<\/a><\/p>\n<p><a href=\"https:\/\/preinscripcio.gencat.cat\/ca\/estudis\/infantil-3-6\/ajuda\/pindoles-multimedia\/\">Per ajudar-te hem creat aquestes p\u00edndoles multim\u00e8dia, amb v\u00eddeos i podcasts que et serviran per aclarir dubtes en els moments clau del proc\u00e9s. (clica aqu\u00ed)<\/a><\/p>\n<\/div>\n<h3><strong>Publicaci\u00f3 de l&#8217;oferta inicial de places <\/strong><strong>a 11\/03\/2025<\/strong><\/h3>\n<h6><a href=\"https:\/\/agora.xtec.cat\/ceipalba\/wp-content\/uploads\/usu598\/2025\/03\/INFORME_OFERTA_OME_INFORME_OFERTA.pdf\">Publicaci\u00f3 de l&#8217;oferta inicial de places a 11\/03\/2025<\/a><\/h6>\n<p>&nbsp;<\/p>\n<\/div>\n<h3>Publicaci\u00f3 de la llista de sol\u00b7licituds que han demanat el centre i l&#8217;ensenyament en primera<br \/>\npetici\u00f3 amb la puntuaci\u00f3 provisional a 24\/04\/2025<\/h3>\n<p><a href=\"https:\/\/agora.xtec.cat\/ceipalba\/wp-content\/uploads\/usu598\/2025\/04\/INFORME_BAREM_PROVISIONAL_BAREM.pdf\">INFORME_BAREM_PROVISIONAL_BAREM<\/a><\/p>\n<p>&nbsp;<\/p>\n<h3>Publicaci\u00f3 de la llista de sol\u00b7licituds que han demanat el centre i l&#8217;ensenyament en primera<br \/>\npetici\u00f3 amb la puntuaci\u00f3 resoltes les reclamacions a 05\/05\/2025<\/h3>\n<p><a href=\"https:\/\/agora.xtec.cat\/ceipalba\/wp-content\/uploads\/usu598\/2025\/03\/INFORME_BAREM_RESOLTES_BAREM.pdf\">INFORME_BAREM_RESOLTES_BAREM<\/a><\/p>\n<p>&nbsp;<\/p>\n<h3>Publicaci\u00f3 de la llista de sol\u00b7licituds que han demanat el centre i l&#8217;ensenyament en primera<br \/>\npetici\u00f3 ordenada a 09\/05\/2025<\/h3>\n<p><a href=\"https:\/\/agora.xtec.cat\/ceipalba\/wp-content\/uploads\/usu598\/2025\/03\/INFORME_BAREM_DEFINITIU_BAREM.pdf\">INFORME_BAREM_DEFINITIU_BAREM<\/a><\/p>\n<div>\n<div>\n<div>\n<div><\/div>\n<\/div>\n<\/div>\n<\/div>\n<div class=\"FW_sArticleFoto\">\n<div class=\"FW_sEditPro\">\n<p>&nbsp;<\/p>\n<\/div>\n<\/div>\n","protected":false},"excerpt":{"rendered":"<p>PREINSCRIPCI\u00d3 I MATR\u00cdCULA<\/p>\n<p>Et guiem pas a pas durant tot el proc\u00e9s de preinscripci\u00f3, perqu\u00e8 entenguis com funciona el sistema d&#8217;assignaci\u00f3 de pla\u00e7a als infants que accedeixen per primera vegada a l&#8217;escolaritzaci\u00f3\u00a0en un centre educatiu determinat.\u00a0De manera general, per a aquest any,\u00a0s\u00f3n els nens i nenes&hellip;  <a href=\"https:\/\/agora.xtec.cat\/ceipalba\/lescola\/preinscripcions\/\" title=\"Read Preinscripcions i matr\u00edcula\">Llegeix m\u00e9s\u00bb<\/a><\/p>\n","protected":false},"author":3,"featured_media":0,"parent":22,"menu_order":0,"comment_status":"closed","ping_status":"closed","template":"page-templates\/side-menu.php","meta":{"_bbp_topic_count":0,"_bbp_reply_count":0,"_bbp_total_topic_count":0,"_bbp_total_reply_count":0,"_bbp_voice_count":0,"_bbp_anonymous_reply_count":0,"_bbp_topic_count_hidden":0,"_bbp_reply_count_hidden":0,"_bbp_forum_subforum_count":0,"footnotes":""},"class_list":["post-250","page","type-page","status-publish","hentry"],"post_mailing_queue_ids":[],"_links":{"self":[{"href":"https:\/\/agora.xtec.cat\/ceipalba\/wp-json\/wp\/v2\/pages\/250","targetHints":{"allow":["GET"]}}],"collection":[{"href":"https:\/\/agora.xtec.cat\/ceipalba\/wp-json\/wp\/v2\/pages"}],"about":[{"href":"https:\/\/agora.xtec.cat\/ceipalba\/wp-json\/wp\/v2\/types\/page"}],"author":[{"embeddable":true,"href":"https:\/\/agora.xtec.cat\/ceipalba\/wp-json\/wp\/v2\/users\/3"}],"replies":[{"embeddable":true,"href":"https:\/\/agora.xtec.cat\/ceipalba\/wp-json\/wp\/v2\/comments?post=250"}],"version-history":[{"count":7,"href":"https:\/\/agora.xtec.cat\/ceipalba\/wp-json\/wp\/v2\/pages\/250\/revisions"}],"predecessor-version":[{"id":19748,"href":"https:\/\/agora.xtec.cat\/ceipalba\/wp-json\/wp\/v2\/pages\/250\/revisions\/19748"}],"up":[{"embeddable":true,"href":"https:\/\/agora.xtec.cat\/ceipalba\/wp-json\/wp\/v2\/pages\/22"}],"wp:attachment":[{"href":"https:\/\/agora.xtec.cat\/ceipalba\/wp-json\/wp\/v2\/media?parent=250"}],"curies":[{"name":"wp","href":"https:\/\/api.w.org\/{rel}","templated":true}]}}