{"id":246,"date":"2015-11-04T12:40:39","date_gmt":"2015-11-04T11:40:39","guid":{"rendered":"http:\/\/agora.xtec.cat\/ceipalba\/?page_id=246"},"modified":"2024-02-21T14:16:25","modified_gmt":"2024-02-21T13:16:25","slug":"normes-generals","status":"publish","type":"page","link":"https:\/\/agora.xtec.cat\/ceipalba\/lescola\/normes-generals\/","title":{"rendered":"Normes generals"},"content":{"rendered":"<p><strong>La puntualitat \u00e9s imprescindible per al bon funcionament del centre<\/strong>. La falta de puntualitat o assist\u00e8ncia a classe caldr\u00e0 que sigui justificada per les fam\u00edlies. <span style=\"text-decoration: underline;\">En cas de retard, cal que acompanyeu als vostres fills a la secretaria de l\u2019escola<\/span>.<\/p>\n<p>Si un alumne\/a ha de sortir de l\u2019escola durant l\u2019horari lectiu, caldr\u00e0 que les fam\u00edlies o persones autoritzades vinguin a recollir-lo i avisin al seu tutor\/a pr\u00e8viament a trav\u00e9s de l\u2019agenda escolar. En el cas de l\u2019alumnat d\u2019educaci\u00f3 infantil, podeu deixar una nota a la motxilla del vostre fill\/a o b\u00e9 trucar a la secretaria de l\u2019escola (973 22 50 13).<\/p>\n<p><strong>Sortides, visites i excursions:<\/strong> No es faran sortides amb menys de dos acompanyants i en tot moment es tindr\u00e0 en compte la relaci\u00f3 nombre d&#8217;alumnes\/acompanyants establerta pel Departament.<br \/>\nEn el sup\u00f2sit que algun\/s dels acompanyant\/s no siguin mestres, el cost d&#8217;aquesta\/es persona\/es es repartir\u00e0 entre el grup d&#8217;alumnes que faci la sortida.<\/p>\n<p><strong>Celebraci\u00f3 dels aniversaris:<\/strong> Us recordem que no es pot portar cap tipus de menjar o llaminadura. Els\/les alumnes que vulguin celebrar-los (\u00e9s totalment voluntari) amb els companys\/es poden dur un regal per a la classe (llibre, joc educatiu&#8230;).<\/p>\n<p><strong>\u00c9s necessari posar el nom de l\u2019alumne\/a a totes les peces de roba<\/strong> (bates, xandalls, anoracs, abrics, jaquetes, pantalons, samarretes d\u2019esport&#8230;) per facilitar-ne la\u00a0 identificaci\u00f3 en cas de p\u00e8rdua. Les peces extraviades es guarden al cistell del bany de l\u2019entrada posterior del xalet. Les que tenen nom es retornen als nens\/es. Les que no van marcades, en cas de no recollir-se, es lliuren a una ONG.<\/p>\n<p><strong>\u00c9s recomanable<\/strong> no utilitzar motxilles de rodetes<\/p>\n<h3><span style=\"color: #008000;\"><strong>Alumnes que utilitzen el transport escolar<\/strong><\/span><\/h3>\n<p>Per al millor funcionament del servei cal que tingueu en compte les seg\u00fcents recomanacions:<\/p>\n<ul>\n<li>Es prega la m\u00e0xima puntualitat en portar i recollir els vostres fills\/es a les parades. <strong>\u00c9s convenient arribar-hi cinc minuts abans de l\u2019hora indicada<\/strong>.<\/li>\n<li>Eviteu donar enc\u00e0rrecs als acompanyants. Cal telefonar a la secretaria de l&#8217;AFA (973 225 013 opci\u00f3 1).<\/li>\n<li>L\u2019autocar no pot parar fora de les parades marcades. Preguem que ho respecteu.<\/li>\n<li>Us demanem d\u2019evitar aglomeracions davant de la porta de l\u2019autocar a l\u2019hora de recollir els vostres fills\/es per tal que l\u2019acompanyant pugui lliurar-los controlant qui els recull. L\u2019alumnat que faci \u00fas del servei d\u2019autocar, <strong>no pot utilitzar motxilles de rodetes<\/strong>.<\/li>\n<\/ul>\n<h3><span style=\"color: #008000;\"><strong> Alumnes que no utilitzen el transport escolar<\/strong><\/span><\/h3>\n<p>Les fam\u00edlies que utilitzeu vehicle particular cal que:<\/p>\n<ul>\n<li>Feu servir el nou aparcament per portar o recollir els vostres fills\/es i, procureu no deixar els vehicles en un lloc que dificulti la mobilitat i\/o visibilitat dels autocars o dels altres cotxes.<\/li>\n<li>La porta de l\u2019aparcament es tancar\u00e0 a les 9.10h.<\/li>\n<li>Recordeu que queda<strong> prohibit entrar i aparcar el vehicle dins del recinte escolar<\/strong>, ja que \u00e9s d\u2019\u00fas exclusiu d\u2019autocars i personal que treballa al centre.<\/li>\n<li>Espereu els vostres fills en l&#8217;espai reservat a cadiretes, a fi de no interceptar la sortida dels nens.<\/li>\n<li><strong>Comuniqueu a la persona responsable de cadiretes que us emporteu el\/la nen\/a<\/strong>.<\/li>\n<\/ul>\n<p><strong>Es prega la <span style=\"color: #ff6600;\">m\u00e0xima puntualitat<\/span> en recollir els vostres fills\/es al sortir de l\u2019escola.\u00a0<\/strong><b>Recordeu que l\u2019escola ofereix el servei d\u2019acollida de tarda. En cas de no poder acudir, els nens aniran a l\u2019acollida.<\/b><\/p>\n<h3><span style=\"color: #008000;\"><strong>R\u00e8gims alimentaris<\/strong><\/span><\/h3>\n<p>Per als alumnes que necessitin fer un r\u00e8gim alimentari especial per ra\u00f3 de salut, cal que seguiu les indicacions seg\u00fcents:<\/p>\n<ol>\n<li>Per als alumnes que el necessitin d\u2019una forma puntual un dia determinat Avisar a la secretaria de l\u2019AFA (973 225 013 opci\u00f3 2), abans de les 10.00 hores.<\/li>\n<li>Per als alumnes que el necessitin seguir durant un temps Heu de presentar la sol\u00b7licitud a la secretaria de l\u2019AFA, juntament amb la prescripci\u00f3 m\u00e8dica.<\/li>\n<\/ol>\n<h3><span style=\"color: #008000;\"><strong>Medi ambient i h\u00e0bits saludables<\/strong><\/span><\/h3>\n<p>La nostra escola est\u00e0 ubicada en un entorn natural privilegiat i un dels nostres objectius \u00e9s treballar la sensibilitzaci\u00f3 en el respecte al medi ambient. Per aix\u00f2, i amb la finalitat que els alumnes prenguin consci\u00e8ncia de la import\u00e0ncia de generar menys deixalles, us demanem que els vostres fills i filles <strong>portin l\u2019esmorzar <span style=\"text-decoration: underline;\">sense embolcalls<\/span><\/strong>, dins una carmanyola que retornaran cada dia a casa per fer-la servir l\u2019endem\u00e0. Creiem que \u00e9s una manera senzilla de treballar plegats per un objectiu com\u00fa i for\u00e7a important en la societat actual.<\/p>\n<p>Tamb\u00e9 aquest curs <strong>continuarem amb <span style=\"color: #339966;\">l\u2019esmorzar saludable<\/span><\/strong>: <strong>Cada DIMECRES, petits i grans, portarem fruita per esmorzar!<\/strong><\/p>\n<h3><span style=\"color: #008000;\"><strong>Informaci\u00f3 general i h\u00e0bits<\/strong><\/span><\/h3>\n<h4><strong>Educaci\u00f3 infantil<\/strong><\/h4>\n<p>Recordeu que els nens de I-4 ja NO fan la migdiada, aix\u00ed que no cal llen\u00e7ol.<\/p>\n<p>A tota l\u2019etapa d&#8217;infantil <strong>s\u2019enduen la <span style=\"text-decoration: underline;\">bata i el tovall\u00f3<\/span> els <span style=\"color: #ff6600;\">dimecres<\/span><\/strong>.<\/p>\n<p><strong>Els <span style=\"color: #ff6600;\">divendres<\/span> s\u2019emporten a casa<\/strong>:<\/p>\n<ul>\n<li><strong>I-3<\/strong>: la bata, el tovall\u00f3, la tovallola i el llen\u00e7ol.<\/li>\n<li><strong>I-4 i I-5<\/strong>: la bata, el tovall\u00f3 i, la tovallola.<\/li>\n<\/ul>\n<p>A Educaci\u00f3 Infantil <span style=\"text-decoration: underline;\">no es fa \u00fas del xandall escolar<\/span>, tot i aix\u00ed, cal que portin roba i sabates d\u2019esport els dies que faran psicomotricitat.<\/p>\n<p>Si desitgeu que els vostres nens\/es d\u2019I-4 i I-5 anys facin <strong>higiene bucal<\/strong> <strong>despr\u00e9s del dinar<\/strong>, cal que els poseu un <span style=\"text-decoration: underline;\"><strong>petit necesser amb pasta dent\u00edfrica i raspall de dents<\/strong><\/span>.<\/p>\n<h4>Educaci\u00f3 prim\u00e0ria<\/h4>\n<p>L\u2019alumnat de prim\u00e0ria <strong>portaran la<\/strong> <strong><span style=\"text-decoration: underline;\">bata i el tovall\u00f3<\/span><\/strong> el <span style=\"color: #ff6600;\"><strong>dilluns<\/strong><\/span>, i <strong>el retornaran el\u00a0<span style=\"color: #ff6600;\">divendres<\/span><\/strong> cap a casa per rentar-los.<\/p>\n<h3><span style=\"color: #008000;\">Acollida matinal i de tarda<\/span><\/h3>\n<h5>Acollida matinal<\/h5>\n<p>L\u2019acollida matinal es realitza <strong>de 8.00 h a 9.00 hores<\/strong>.<\/p>\n<p>Les fam\u00edlies que desitgeu fer \u00fas d&#8217;aquest servei cal que us poseu en contacte, de l\u20191 al 5 de setembre, amb la secretaria de l&#8217;AFA per tal de fer la previsi\u00f3 de monitors (973 225 013 opci\u00f3 2).<\/p>\n<p>Per motius de seguretat, cal que acompanyeu els vostres fills\/es fins al porxo. No els podeu deixar sols a la reixa d&#8217;entrada.<\/p>\n<p>Tot i que als efectes de la responsabilitat civil derivada de l&#8217;activitat docent i directiva, l\u2019horari del centre \u00e9s de 9.00 h a 16.30 hores, i per tal de facilitar la flu\u00efdesa en l\u2019entrada, l\u2019escola obre les portes a les 8.50 h. Us preguem que feu \u00fas d\u2019aquest marge de temps per deixar els vostres fills\/es, evitant aix\u00ed els embussos de darrera hora.<\/p>\n<h5>Acollida de tarda<\/h5>\n<p>L\u2019acollida de tarda es realitza <strong>de 16.30 h a 18.00 hores<\/strong>.<\/p>\n","protected":false},"excerpt":{"rendered":"<p>La puntualitat \u00e9s imprescindible per al bon funcionament del centre. La falta de puntualitat o assist\u00e8ncia a classe caldr\u00e0 que sigui justificada per les fam\u00edlies. En cas de retard, cal que acompanyeu als vostres fills a la secretaria de l\u2019escola.<br \/>\nSi un alumne\/a ha de sortir&hellip;  <a href=\"https:\/\/agora.xtec.cat\/ceipalba\/lescola\/normes-generals\/\" title=\"Read Normes generals\">Llegeix m\u00e9s\u00bb<\/a><\/p>\n","protected":false},"author":3,"featured_media":0,"parent":22,"menu_order":0,"comment_status":"closed","ping_status":"closed","template":"page-templates\/side-menu.php","meta":{"_bbp_topic_count":0,"_bbp_reply_count":0,"_bbp_total_topic_count":0,"_bbp_total_reply_count":0,"_bbp_voice_count":0,"_bbp_anonymous_reply_count":0,"_bbp_topic_count_hidden":0,"_bbp_reply_count_hidden":0,"_bbp_forum_subforum_count":0,"footnotes":""},"class_list":["post-246","page","type-page","status-publish","hentry"],"post_mailing_queue_ids":[],"_links":{"self":[{"href":"https:\/\/agora.xtec.cat\/ceipalba\/wp-json\/wp\/v2\/pages\/246","targetHints":{"allow":["GET"]}}],"collection":[{"href":"https:\/\/agora.xtec.cat\/ceipalba\/wp-json\/wp\/v2\/pages"}],"about":[{"href":"https:\/\/agora.xtec.cat\/ceipalba\/wp-json\/wp\/v2\/types\/page"}],"author":[{"embeddable":true,"href":"https:\/\/agora.xtec.cat\/ceipalba\/wp-json\/wp\/v2\/users\/3"}],"replies":[{"embeddable":true,"href":"https:\/\/agora.xtec.cat\/ceipalba\/wp-json\/wp\/v2\/comments?post=246"}],"version-history":[{"count":5,"href":"https:\/\/agora.xtec.cat\/ceipalba\/wp-json\/wp\/v2\/pages\/246\/revisions"}],"predecessor-version":[{"id":18472,"href":"https:\/\/agora.xtec.cat\/ceipalba\/wp-json\/wp\/v2\/pages\/246\/revisions\/18472"}],"up":[{"embeddable":true,"href":"https:\/\/agora.xtec.cat\/ceipalba\/wp-json\/wp\/v2\/pages\/22"}],"wp:attachment":[{"href":"https:\/\/agora.xtec.cat\/ceipalba\/wp-json\/wp\/v2\/media?parent=246"}],"curies":[{"name":"wp","href":"https:\/\/api.w.org\/{rel}","templated":true}]}}