{"id":19533,"date":"2025-05-20T17:33:09","date_gmt":"2025-05-20T15:33:09","guid":{"rendered":"https:\/\/agora.xtec.cat\/ceipalba\/?page_id=19533"},"modified":"2025-05-22T09:04:40","modified_gmt":"2025-05-22T07:04:40","slug":"sensei","status":"publish","type":"page","link":"https:\/\/agora.xtec.cat\/ceipalba\/projectes\/sensei\/","title":{"rendered":"SENSEI"},"content":{"rendered":"<p>El Programa de resid\u00e8ncia inicial docent a Catalunya, Sensei, \u00e9s una experi\u00e8ncia professional de capacitaci\u00f3 anual pensada per als docents novells que s\u2019inicien en la professi\u00f3. \u00c9s un programa dissenyat amb cura, altament enriquidor, pr\u00e0ctic i reflexiu, que els prepara per ser m\u00e9s aut\u00f2noms, i els aporta les eines clau per desenvolupar la tasca docent amb m\u00e9s impacte i qualitat a partir d\u2019una estrat\u00e8gia progressiva de desplegament d\u2019iniciaci\u00f3 a la doc\u00e8ncia. Es focalitza en assentar de manera pr\u00e0ctica compet\u00e8ncies i aprenentatges considerats essencials per poder cr\u00e9ixer al llarg de la seva traject\u00f2ria professional.<\/p>\n<p>Els objectius del Programa s\u00f3n els seg\u00fcents:<\/p>\n<p>1. Acompanyar i donar suport al docent novell en el desenvolupament de la pr\u00e0ctica educativa en el marc d\u2019una cultura d\u2019aprenentatge competencial, col\u00b7laborativa i cont\u00ednua basada en l\u2019equitat, la innovaci\u00f3 i la transformaci\u00f3 social.<\/p>\n<p>2. Assignar valor al centre com entorn d\u2019aprenentatge professionalitzador.<\/p>\n<p>3. Recon\u00e8ixer i professionalitzar la tasca d\u2019acompanyament en la mentoria.<\/p>\n<p>4. Promoure l\u2019avaluaci\u00f3 autoreguladora de l\u2019aprenentatge docent.<\/p>\n<p>5. Impulsar la col\u00b7laboraci\u00f3 entre els agents implicats en el desenvolupament professional del professorat.<\/p>\n<p>Aquest Programa est\u00e0 cofinan\u00e7at pel Fons Social Europeu Plus (FSE+).<\/p>\n<p><a href=\"https:\/\/agora.xtec.cat\/ceipalba\/wp-content\/uploads\/usu598\/2025\/05\/Plantilla-cartell-A3-FSE-2021_2027-externs_-ESCOLA-ALBA-1_page-0001.jpg\"><img loading=\"lazy\" decoding=\"async\" class=\"aligncenter size-large wp-image-19521\" src=\"https:\/\/agora.xtec.cat\/ceipalba\/wp-content\/uploads\/usu598\/2025\/05\/Plantilla-cartell-A3-FSE-2021_2027-externs_-ESCOLA-ALBA-1_page-0001-1024x724.jpg\" alt=\"\" width=\"1024\" height=\"724\" srcset=\"https:\/\/agora.xtec.cat\/ceipalba\/wp-content\/uploads\/usu598\/2025\/05\/Plantilla-cartell-A3-FSE-2021_2027-externs_-ESCOLA-ALBA-1_page-0001-1024x724.jpg 1024w, https:\/\/agora.xtec.cat\/ceipalba\/wp-content\/uploads\/usu598\/2025\/05\/Plantilla-cartell-A3-FSE-2021_2027-externs_-ESCOLA-ALBA-1_page-0001-300x212.jpg 300w, https:\/\/agora.xtec.cat\/ceipalba\/wp-content\/uploads\/usu598\/2025\/05\/Plantilla-cartell-A3-FSE-2021_2027-externs_-ESCOLA-ALBA-1_page-0001-768x543.jpg 768w, https:\/\/agora.xtec.cat\/ceipalba\/wp-content\/uploads\/usu598\/2025\/05\/Plantilla-cartell-A3-FSE-2021_2027-externs_-ESCOLA-ALBA-1_page-0001-1536x1087.jpg 1536w, https:\/\/agora.xtec.cat\/ceipalba\/wp-content\/uploads\/usu598\/2025\/05\/Plantilla-cartell-A3-FSE-2021_2027-externs_-ESCOLA-ALBA-1_page-0001-2048x1449.jpg 2048w\" sizes=\"auto, (max-width: 1024px) 100vw, 1024px\" \/><\/a><\/p>\n<p>Extret del dossier 4 del Pla de treball del docent novell i del docent mentor.<\/p>\n","protected":false},"excerpt":{"rendered":"<p>El Programa de resid\u00e8ncia inicial docent a Catalunya, Sensei, \u00e9s una experi\u00e8ncia professional de capacitaci\u00f3 anual pensada per als docents novells que s\u2019inicien en la professi\u00f3. \u00c9s un programa dissenyat amb cura, altament enriquidor, pr\u00e0ctic i reflexiu, que els prepara per ser m\u00e9s aut\u00f2noms, i&hellip;  <a href=\"https:\/\/agora.xtec.cat\/ceipalba\/projectes\/sensei\/\" title=\"Read SENSEI\">Llegeix m\u00e9s\u00bb<\/a><\/p>\n","protected":false},"author":1,"featured_media":0,"parent":270,"menu_order":0,"comment_status":"closed","ping_status":"closed","template":"","meta":{"_bbp_topic_count":0,"_bbp_reply_count":0,"_bbp_total_topic_count":0,"_bbp_total_reply_count":0,"_bbp_voice_count":0,"_bbp_anonymous_reply_count":0,"_bbp_topic_count_hidden":0,"_bbp_reply_count_hidden":0,"_bbp_forum_subforum_count":0,"footnotes":""},"class_list":["post-19533","page","type-page","status-publish","hentry"],"post_mailing_queue_ids":[],"_links":{"self":[{"href":"https:\/\/agora.xtec.cat\/ceipalba\/wp-json\/wp\/v2\/pages\/19533","targetHints":{"allow":["GET"]}}],"collection":[{"href":"https:\/\/agora.xtec.cat\/ceipalba\/wp-json\/wp\/v2\/pages"}],"about":[{"href":"https:\/\/agora.xtec.cat\/ceipalba\/wp-json\/wp\/v2\/types\/page"}],"author":[{"embeddable":true,"href":"https:\/\/agora.xtec.cat\/ceipalba\/wp-json\/wp\/v2\/users\/1"}],"replies":[{"embeddable":true,"href":"https:\/\/agora.xtec.cat\/ceipalba\/wp-json\/wp\/v2\/comments?post=19533"}],"version-history":[{"count":5,"href":"https:\/\/agora.xtec.cat\/ceipalba\/wp-json\/wp\/v2\/pages\/19533\/revisions"}],"predecessor-version":[{"id":19540,"href":"https:\/\/agora.xtec.cat\/ceipalba\/wp-json\/wp\/v2\/pages\/19533\/revisions\/19540"}],"up":[{"embeddable":true,"href":"https:\/\/agora.xtec.cat\/ceipalba\/wp-json\/wp\/v2\/pages\/270"}],"wp:attachment":[{"href":"https:\/\/agora.xtec.cat\/ceipalba\/wp-json\/wp\/v2\/media?parent=19533"}],"curies":[{"name":"wp","href":"https:\/\/api.w.org\/{rel}","templated":true}]}}