{"id":16595,"date":"2022-05-24T11:49:25","date_gmt":"2022-05-24T09:49:25","guid":{"rendered":"https:\/\/agora.xtec.cat\/ceipalba\/?page_id=16595"},"modified":"2026-03-25T17:53:29","modified_gmt":"2026-03-25T16:53:29","slug":"casals-destiu","status":"publish","type":"page","link":"https:\/\/agora.xtec.cat\/ceipalba\/serveis\/casals-destiu\/","title":{"rendered":"CASALS D&#8217;ESTIU"},"content":{"rendered":"<p><em><strong>CASAL DE SETEMBRE 2025 <\/strong><\/em>del 2 al 6.<\/p>\n<p>Arriba la tornada a la rutina, i \u00e9s un bon moment per acomiadar l&#8217;estiu, i amb qui millor que amb els companys i companyes de l&#8217;escola?<\/p>\n<p>Vine a gaudir d&#8217;un CASAL EMOCIO-NANT l&#8217;\u00faltima setmana de vacances a l&#8217;escola.<\/p>\n<p>En aquest casal farem tota mena d&#8217;activitats, jocs, din\u00e0miques i algunes remullades!<br \/>\nI si no n&#8217;hi hagu\u00e9s prou, tindrem la missi\u00f3 d&#8217;ajudar a la Tina, que resulta que est\u00e0 molt trista i no sabem a qu\u00e8 \u00e9s degut, per aix\u00f2 haurem d&#8217;investigar d&#8217;on prov\u00e9 aquesta tristesa i aix\u00ed ficar-li remei, per\u00f2&#8230; com ho farem?<\/p>\n<p>Aquest casal va lligat a l\u2019eix d\u2019animaci\u00f3 de les emocions, aix\u00f2 no vol dir que totes les activitats siguin de gesti\u00f3 emocional, sin\u00f3, que tindrem una missi\u00f3 molt important. Cada dia de la setmana es presentar\u00e0 una emoci\u00f3 nova que ens reptar\u00e0 i ficar\u00e0 a prova, el nostre objectiu ser\u00e0 ajudar-la a tornar amb la Tina, fins a aconseguir reunir-les totes de nou.<\/p>\n<p>Per tal que sapigueu que faran durant el\u00a0casal\u00a0us volem fer cinc c\u00e8ntims de l&#8217;organitzaci\u00f3 d&#8217;aquest:<\/p>\n<p><strong><a href=\"https:\/\/agora.xtec.cat\/ceipalba\/wp-content\/uploads\/usu598\/2024\/07\/QUADRE-HORARI-I-ACT-CASAL-SETEMBRE.pdf\">QUADRE HORARI I ACT, CASAL SETEMBRE<\/a><\/strong><\/p>\n<p><a href=\"https:\/\/agora.xtec.cat\/ceipalba\/wp-content\/uploads\/usu598\/2024\/07\/HORARI-CASAL-SETEMBRE-24_page-0001.jpg\"><img loading=\"lazy\" decoding=\"async\" class=\"size-medium wp-image-18896 alignleft\" src=\"https:\/\/agora.xtec.cat\/ceipalba\/wp-content\/uploads\/usu598\/2024\/07\/HORARI-CASAL-SETEMBRE-24_page-0001-300x212.jpg\" alt=\"\" width=\"300\" height=\"212\" srcset=\"https:\/\/agora.xtec.cat\/ceipalba\/wp-content\/uploads\/usu598\/2024\/07\/HORARI-CASAL-SETEMBRE-24_page-0001-300x212.jpg 300w, https:\/\/agora.xtec.cat\/ceipalba\/wp-content\/uploads\/usu598\/2024\/07\/HORARI-CASAL-SETEMBRE-24_page-0001-1024x724.jpg 1024w, https:\/\/agora.xtec.cat\/ceipalba\/wp-content\/uploads\/usu598\/2024\/07\/HORARI-CASAL-SETEMBRE-24_page-0001-768x543.jpg 768w, https:\/\/agora.xtec.cat\/ceipalba\/wp-content\/uploads\/usu598\/2024\/07\/HORARI-CASAL-SETEMBRE-24_page-0001-1536x1086.jpg 1536w, https:\/\/agora.xtec.cat\/ceipalba\/wp-content\/uploads\/usu598\/2024\/07\/HORARI-CASAL-SETEMBRE-24_page-0001.jpg 1755w\" sizes=\"auto, (max-width: 300px) 100vw, 300px\" \/><\/a><\/p>\n<p>&nbsp;<\/p>\n<p>&nbsp;<\/p>\n<p>&nbsp;<\/p>\n<p>&nbsp;<\/p>\n<p><strong><a style=\"color: #2795b6;\" href=\"https:\/\/agora.xtec.cat\/ceipalba\/wp-content\/uploads\/usu598\/2024\/07\/casal-setembre-dinar-i-sopars.pdf\">MEN\u00da casal setembre<\/a><\/strong><\/p>\n<p><a href=\"https:\/\/agora.xtec.cat\/ceipalba\/wp-content\/uploads\/usu598\/2024\/07\/casal-setembre-dinar-i-sopars_page-0001.jpg\"><img loading=\"lazy\" decoding=\"async\" class=\"alignnone size-medium wp-image-18897\" src=\"https:\/\/agora.xtec.cat\/ceipalba\/wp-content\/uploads\/usu598\/2024\/07\/casal-setembre-dinar-i-sopars_page-0001-212x300.jpg\" alt=\"\" width=\"212\" height=\"300\" srcset=\"https:\/\/agora.xtec.cat\/ceipalba\/wp-content\/uploads\/usu598\/2024\/07\/casal-setembre-dinar-i-sopars_page-0001-212x300.jpg 212w, https:\/\/agora.xtec.cat\/ceipalba\/wp-content\/uploads\/usu598\/2024\/07\/casal-setembre-dinar-i-sopars_page-0001-724x1024.jpg 724w, https:\/\/agora.xtec.cat\/ceipalba\/wp-content\/uploads\/usu598\/2024\/07\/casal-setembre-dinar-i-sopars_page-0001-768x1086.jpg 768w, https:\/\/agora.xtec.cat\/ceipalba\/wp-content\/uploads\/usu598\/2024\/07\/casal-setembre-dinar-i-sopars_page-0001-1086x1536.jpg 1086w, https:\/\/agora.xtec.cat\/ceipalba\/wp-content\/uploads\/usu598\/2024\/07\/casal-setembre-dinar-i-sopars_page-0001.jpg 1241w\" sizes=\"auto, (max-width: 212px) 100vw, 212px\" \/><\/a><\/p>\n<p><u><strong>Els horaris seran:<\/strong><\/u><\/p>\n<ul>\n<li><strong>8:00\u202fh a 9:00 h:<\/strong>\u00a0Acollida (acompanyem l&#8217;infant fins al menjador)<\/li>\n<li><strong>9:00 h:<\/strong>\u00a0Arribada general (esperem a la porta a qu\u00e8 el\/la monitor\/a vingui a buscar al grup).<\/li>\n<li><strong>9:30 h:<\/strong>\u00a0Activitat 1<\/li>\n<li><strong>11:00 h:<\/strong>\u00a0Esmorzar<\/li>\n<li><strong>11:30 h<\/strong>: Activitat 2<\/li>\n<li><strong>13:00 h<\/strong>:<br \/>\n&#8211; Sortida dels\/les participants que no es queden a dinar (esperem a la porta a qu\u00e8 el\/la monitor\/a vingui amb el grup).<br \/>\n&#8211; Dinar i joc lliure. Us adjuntem el men\u00fa i els sopars compensatoris.<\/li>\n<li><strong>15:00 h:<\/strong>\u00a0Sortida de la resta de participants (esperem a la porta a qu\u00e8 el\/la monitor\/a vingui amb el grup).<\/li>\n<\/ul>\n<p><strong><u>Material:<\/u><\/strong><\/p>\n<ul>\n<li><strong>Motxilla\/bossa d&#8217;aigua:<\/strong><\/li>\n<\/ul>\n<p><strong>&#8211;\u00a0<\/strong>Xancletes o cal\u00e7at que es pugui mullar (c\u00f2modes)<br \/>\n&#8211; Roba amb la qual es puguin mullar \/ banyador\u00a0i una tovallola.<br \/>\n&#8211; Crema solar\u00a0i una gorra.<\/p>\n<p>Aquesta motxilla l&#8217;han de dur el primer dia, es quedar\u00e0 al\u00a0casal, els dies que la fem servir, tornar\u00e0 i agrair\u00edem que l&#8217;endem\u00e0, tornes tot de nou.<\/p>\n<ul>\n<li><strong>Una samarreta blanca o de colors clars.\u00a0<\/strong><\/li>\n<li><strong>Una bata\/samarreta o similar\u00a0per a quan\u00a0pintem, sobretot els\u00a0m\u00e9s\u00a0petits (opcional).<\/strong><\/li>\n<\/ul>\n<p>* El\u00a0<strong>DIMECRES 5<\/strong>\u00a0anirem d&#8217;excursi\u00f3 al riu i els voltants, per aix\u00f2\u00a0\u00e9s\u00a0necessari que aquell dia, portin a la motxilla amb l&#8217;aigua, l&#8217;esmorzar com sempre i sobretot el\u00a0<strong><u>repel\u00b7lent\u00a0de mosquits<\/u><\/strong>, la gorra i la crema solar.<\/p>\n<p><strong><u>Que cal portar cada dia:<\/u><\/strong><\/p>\n<p>-Esmorzar\/ Ampolla d&#8217;aigua<br \/>\n-Roba c\u00f2moda<\/p>\n<p><strong><em>RECORDEU de marcar-ho tot amb el seu nom i cognom.<\/em><\/strong><\/p>\n","protected":false},"excerpt":{"rendered":"<p>CASAL DE SETEMBRE 2025 del 2 al 6.<br \/>\nArriba la tornada a la rutina, i \u00e9s un bon moment per acomiadar l&#8217;estiu, i amb qui millor que amb els companys i companyes de l&#8217;escola?<br \/>\nVine a gaudir d&#8217;un CASAL EMOCIO-NANT l&#8217;\u00faltima setmana de vacances a l&#8217;escola.<br \/>\nEn aquest&hellip;  <a href=\"https:\/\/agora.xtec.cat\/ceipalba\/serveis\/casals-destiu\/\" title=\"Read CASALS D&#8217;ESTIU\">Llegeix m\u00e9s\u00bb<\/a><\/p>\n","protected":false},"author":24,"featured_media":0,"parent":66,"menu_order":34,"comment_status":"closed","ping_status":"closed","template":"page-templates\/side-menu.php","meta":{"_bbp_topic_count":0,"_bbp_reply_count":0,"_bbp_total_topic_count":0,"_bbp_total_reply_count":0,"_bbp_voice_count":0,"_bbp_anonymous_reply_count":0,"_bbp_topic_count_hidden":0,"_bbp_reply_count_hidden":0,"_bbp_forum_subforum_count":0,"footnotes":""},"class_list":["post-16595","page","type-page","status-publish","hentry"],"post_mailing_queue_ids":[],"_links":{"self":[{"href":"https:\/\/agora.xtec.cat\/ceipalba\/wp-json\/wp\/v2\/pages\/16595","targetHints":{"allow":["GET"]}}],"collection":[{"href":"https:\/\/agora.xtec.cat\/ceipalba\/wp-json\/wp\/v2\/pages"}],"about":[{"href":"https:\/\/agora.xtec.cat\/ceipalba\/wp-json\/wp\/v2\/types\/page"}],"author":[{"embeddable":true,"href":"https:\/\/agora.xtec.cat\/ceipalba\/wp-json\/wp\/v2\/users\/24"}],"replies":[{"embeddable":true,"href":"https:\/\/agora.xtec.cat\/ceipalba\/wp-json\/wp\/v2\/comments?post=16595"}],"version-history":[{"count":6,"href":"https:\/\/agora.xtec.cat\/ceipalba\/wp-json\/wp\/v2\/pages\/16595\/revisions"}],"predecessor-version":[{"id":20442,"href":"https:\/\/agora.xtec.cat\/ceipalba\/wp-json\/wp\/v2\/pages\/16595\/revisions\/20442"}],"up":[{"embeddable":true,"href":"https:\/\/agora.xtec.cat\/ceipalba\/wp-json\/wp\/v2\/pages\/66"}],"wp:attachment":[{"href":"https:\/\/agora.xtec.cat\/ceipalba\/wp-json\/wp\/v2\/media?parent=16595"}],"curies":[{"name":"wp","href":"https:\/\/api.w.org\/{rel}","templated":true}]}}