{"id":16587,"date":"2022-05-24T10:31:17","date_gmt":"2022-05-24T08:31:17","guid":{"rendered":"https:\/\/agora.xtec.cat\/ceipalba\/?page_id=16587"},"modified":"2025-09-15T12:57:29","modified_gmt":"2025-09-15T10:57:29","slug":"extraescolars-tarda-25-26","status":"publish","type":"page","link":"https:\/\/agora.xtec.cat\/ceipalba\/serveis\/extraescolars-tarda-25-26\/","title":{"rendered":"Extraescolars tarda 25\/26"},"content":{"rendered":"<p>Despr\u00e9s de l&#8217;\u00e8xit d&#8217;aquests tres \u00faltims anys, reprenem les activitats amb moltes ganes de cara al curs 25\/26 amb propostes que esperem que siguin de l&#8217;inter\u00e8s de l&#8217;alumnat.<\/p>\n<p>Les activitats es realitzen en <u>l&#8217;horari de\u00a017<\/u><u>\u202f<\/u><u>h\u00a0a\u00a018<\/u><u>\u202f<\/u><u>h<\/u> , amb una durada d&#8217;una hora, i es duen a terme de dilluns a dijous.<\/p>\n<p>Aquestes activitats romanen obertes durant tot el curs, motiu pel qual us podeu apuntar en qualsevol moment si aix\u00ed ho desitgeu, sempre que el volum d\u2019alumnes ho permeti.<\/p>\n<p>Abans de l&#8217;activitat els infants disposen d&#8217;un espai amb monitoratge, per tal que els i les alumnes que es quedin a fer extraescolars puguin menjar el berenar que porten des de casa (aquests 30 minuts d\u2019acollida estan inclosos en el preu de l\u2019extraescolar).<\/p>\n<p>Si el nombre d&#8217;inscrits no arriba al m\u00ednim establert, l&#8217;activitat no es podr\u00e0 dur a terme.<\/p>\n<p><b>Recordem que aquest curs no hi ha servei d&#8217;autocar de tarda a les 18 h per les extraescolars, <\/b>per tant, tothom ha de venir a recollir el seu fill\/a en finalitzar l&#8217;activitat.<\/p>\n<p><strong>INSCRIPCIONS DURANT EL CURS:\u00a0<\/strong><\/p>\n<p>Heu d&#8217;enviar un correu amb c\u00f2pia a: coordinaciomigdia@escolaalba.cat i afa@escolaalba.cat<\/p>\n<p><strong>QUADRE AMB ELS DIES DE LES ACTIVITATS:<\/strong><\/p>\n<p><a href=\"https:\/\/agora.xtec.cat\/ceipalba\/wp-content\/uploads\/usu598\/2025\/09\/HORARI-EXTRESCOLARS-TARDA.png\"><img loading=\"lazy\" decoding=\"async\" class=\"alignnone size-large wp-image-19804\" src=\"https:\/\/agora.xtec.cat\/ceipalba\/wp-content\/uploads\/usu598\/2025\/09\/HORARI-EXTRESCOLARS-TARDA-1024x724.png\" alt=\"\" width=\"1024\" height=\"724\" srcset=\"https:\/\/agora.xtec.cat\/ceipalba\/wp-content\/uploads\/usu598\/2025\/09\/HORARI-EXTRESCOLARS-TARDA-1024x724.png 1024w, https:\/\/agora.xtec.cat\/ceipalba\/wp-content\/uploads\/usu598\/2025\/09\/HORARI-EXTRESCOLARS-TARDA-300x212.png 300w, https:\/\/agora.xtec.cat\/ceipalba\/wp-content\/uploads\/usu598\/2025\/09\/HORARI-EXTRESCOLARS-TARDA-768x543.png 768w, https:\/\/agora.xtec.cat\/ceipalba\/wp-content\/uploads\/usu598\/2025\/09\/HORARI-EXTRESCOLARS-TARDA-1536x1086.png 1536w, https:\/\/agora.xtec.cat\/ceipalba\/wp-content\/uploads\/usu598\/2025\/09\/HORARI-EXTRESCOLARS-TARDA.png 2000w\" sizes=\"auto, (max-width: 1024px) 100vw, 1024px\" \/><\/a><\/p>\n<p style=\"font-weight: 400;\"><u>ACTIVITATS EXTRAESCOLARS<\/u><\/p>\n<p>A continuaci\u00f3 trobareu detallades totes les extraescolars de tarda que s&#8217;ofereixen per al curs 2025\/2026 juntament amb les empreses que les duran a terme.<\/p>\n<p>Per obtenir m\u00e9s informaci\u00f3 sobre l&#8217;activitat feu clic sobre el nom de la que desitgeu.<\/p>\n<ul>\n<li style=\"font-weight: 400;\"><u><strong><a href=\"https:\/\/agora.xtec.cat\/ceipalba\/wp-content\/uploads\/usu598\/2023\/05\/sensibilitzacio-musical.png\">SENSIBILITZACI\u00d3 MUSICAL<\/a><\/strong><br \/>\n<\/u><a href=\"https:\/\/centrenovaclau.com\/\"><img loading=\"lazy\" decoding=\"async\" class=\"wp-image-17793 alignnone\" src=\"https:\/\/agora.xtec.cat\/ceipalba\/wp-content\/uploads\/usu598\/2023\/05\/images.png\" alt=\"\" width=\"61\" height=\"61\" srcset=\"https:\/\/agora.xtec.cat\/ceipalba\/wp-content\/uploads\/usu598\/2023\/05\/images.png 225w, https:\/\/agora.xtec.cat\/ceipalba\/wp-content\/uploads\/usu598\/2023\/05\/images-150x150.png 150w\" sizes=\"auto, (max-width: 61px) 100vw, 61px\" \/><\/a><br \/>\n<a href=\"https:\/\/aulateatre.com\/es\/\">\u00a0<\/a>.<\/li>\n<li><strong><a href=\"https:\/\/agora.xtec.cat\/ceipalba\/wp-content\/uploads\/usu598\/2023\/05\/URBAN-DANCE-2.png\"><span style=\"text-decoration: underline;\">DANSA URBANA\u00a0<\/span><\/a><\/strong><br \/>\n<a href=\"https:\/\/www.dancescape.es\/\"><img loading=\"lazy\" decoding=\"async\" class=\"wp-image-17787 alignnone\" src=\"https:\/\/agora.xtec.cat\/ceipalba\/wp-content\/uploads\/usu598\/2023\/05\/logo-dance-vectorizado-1024x328.jpg\" alt=\"\" width=\"137\" height=\"44\" srcset=\"https:\/\/agora.xtec.cat\/ceipalba\/wp-content\/uploads\/usu598\/2023\/05\/logo-dance-vectorizado-1024x328.jpg 1024w, https:\/\/agora.xtec.cat\/ceipalba\/wp-content\/uploads\/usu598\/2023\/05\/logo-dance-vectorizado-300x96.jpg 300w, https:\/\/agora.xtec.cat\/ceipalba\/wp-content\/uploads\/usu598\/2023\/05\/logo-dance-vectorizado-768x246.jpg 768w, https:\/\/agora.xtec.cat\/ceipalba\/wp-content\/uploads\/usu598\/2023\/05\/logo-dance-vectorizado.jpg 1181w\" sizes=\"auto, (max-width: 137px) 100vw, 137px\" \/><\/a><br \/>\n<a style=\"font-family: inherit; font-size: 1em;\" href=\"https:\/\/agora.xtec.cat\/ceipalba\/wp-content\/uploads\/usu598\/2023\/05\/Dossier-Dancescape-School.pdf\">* Projecte Dansa Urbana<\/a><br \/>\n.<\/li>\n<li><strong><a href=\"https:\/\/agora.xtec.cat\/ceipalba\/wp-content\/uploads\/usu598\/2024\/04\/G.Ritmica.jpg\"><u>GIMN\u00c0STICA R\u00cdTMICA<\/u> <\/a><\/strong><br \/>\n<a href=\"https:\/\/agora.xtec.cat\/ceipalba\/wp-content\/uploads\/usu598\/2024\/04\/LOGO-SICORIS-CLUB.jpg\"><img loading=\"lazy\" decoding=\"async\" class=\"alignnone wp-image-18707\" src=\"https:\/\/agora.xtec.cat\/ceipalba\/wp-content\/uploads\/usu598\/2024\/04\/LOGO-SICORIS-CLUB.jpg\" alt=\"\" width=\"80\" height=\"80\" \/><\/a><br \/>\n.<\/li>\n<li><a href=\"https:\/\/agora.xtec.cat\/ceipalba\/wp-content\/uploads\/usu598\/2023\/05\/Taekwondo.png\"><span style=\"text-decoration: underline;\"><strong>TAEKWONDO<\/strong><\/span><\/a> (a partir de EI4)\u00a0<strong><strong><br \/>\n<a href=\"https:\/\/agora.xtec.cat\/ceipalba\/wp-content\/uploads\/usu598\/2025\/09\/gimnas-bordeta-logoweb-117001-160427094007.webp\"><img loading=\"lazy\" decoding=\"async\" class=\"alignnone wp-image-19805\" src=\"https:\/\/agora.xtec.cat\/ceipalba\/wp-content\/uploads\/usu598\/2025\/09\/gimnas-bordeta-logoweb-117001-160427094007.webp\" alt=\"\" width=\"88\" height=\"87\" \/><\/a><br \/>\n<\/strong><\/strong>.<\/li>\n<li><strong><a href=\"https:\/\/agora.xtec.cat\/ceipalba\/wp-content\/uploads\/usu598\/2023\/05\/angles.png\"><span style=\"text-decoration: underline;\">AN<\/span><\/a><a href=\"https:\/\/agora.xtec.cat\/ceipalba\/wp-content\/uploads\/usu598\/2025\/05\/Dossier-Extraescolars-MY-English-House.pdf\">GL\u00c8S,<\/a><a href=\"https:\/\/agora.xtec.cat\/ceipalba\/wp-content\/uploads\/usu598\/2025\/05\/Dossier-Extraescolars-MY-English-House.pdf\"> MY English House.<\/a><\/strong><br \/>\n<a href=\"https:\/\/agora.xtec.cat\/ceipalba\/wp-content\/uploads\/usu598\/2025\/05\/LOGO-MY-ENGLISH-HOUSE.png\"><img loading=\"lazy\" decoding=\"async\" class=\"alignnone size-full wp-image-19546\" src=\"https:\/\/agora.xtec.cat\/ceipalba\/wp-content\/uploads\/usu598\/2025\/05\/LOGO-MY-ENGLISH-HOUSE.png\" alt=\"\" width=\"103\" height=\"103\" \/><\/a><br \/>\n.<\/li>\n<li><strong><u>FUTBOL SALA\u00a0<\/u><\/strong>(a partir de EI5).<\/li>\n<li><strong><a href=\"https:\/\/agora.xtec.cat\/ceipalba\/wp-content\/uploads\/usu598\/2024\/04\/TENNIS-TAULA.jpg\">TENIS TAULA<\/a><\/strong><br \/>\n<a href=\"https:\/\/agora.xtec.cat\/ceipalba\/wp-content\/uploads\/usu598\/2024\/04\/LOGO-CTTPardinyes.jpg\"><img loading=\"lazy\" decoding=\"async\" class=\"alignnone wp-image-18723\" src=\"https:\/\/agora.xtec.cat\/ceipalba\/wp-content\/uploads\/usu598\/2024\/04\/LOGO-CTTPardinyes.jpg\" alt=\"\" width=\"93\" height=\"95\" \/><\/a><br \/>\n.<\/li>\n<li style=\"font-family: 'Helvetica Neue', Helvetica, Helvetica, Arial, sans-serif; font-size: 16px;\"><strong><a href=\"https:\/\/agora.xtec.cat\/ceipalba\/wp-content\/uploads\/usu598\/2023\/05\/Aula-destudi.png\"><span style=\"text-decoration: underline;\">AULA D&#8217;ESTUDI<\/span><\/a><\/strong><\/li>\n<\/ul>\n","protected":false},"excerpt":{"rendered":"<p>Despr\u00e9s de l&#8217;\u00e8xit d&#8217;aquests tres \u00faltims anys, reprenem les activitats amb moltes ganes de cara al curs 25\/26 amb propostes que esperem que siguin de l&#8217;inter\u00e8s de l&#8217;alumnat.<br \/>\nLes activitats es realitzen en l&#8217;horari de\u00a017\u202fh\u00a0a\u00a018\u202fh , amb una durada d&#8217;una hora, i es duen a terme&hellip;  <a href=\"https:\/\/agora.xtec.cat\/ceipalba\/serveis\/extraescolars-tarda-25-26\/\" title=\"Read Extraescolars tarda 25\/26\">Llegeix m\u00e9s\u00bb<\/a><\/p>\n","protected":false},"author":24,"featured_media":0,"parent":66,"menu_order":18,"comment_status":"closed","ping_status":"closed","template":"page-templates\/side-menu.php","meta":{"_bbp_topic_count":0,"_bbp_reply_count":0,"_bbp_total_topic_count":0,"_bbp_total_reply_count":0,"_bbp_voice_count":0,"_bbp_anonymous_reply_count":0,"_bbp_topic_count_hidden":0,"_bbp_reply_count_hidden":0,"_bbp_forum_subforum_count":0,"footnotes":""},"class_list":["post-16587","page","type-page","status-publish","hentry"],"post_mailing_queue_ids":[],"_links":{"self":[{"href":"https:\/\/agora.xtec.cat\/ceipalba\/wp-json\/wp\/v2\/pages\/16587","targetHints":{"allow":["GET"]}}],"collection":[{"href":"https:\/\/agora.xtec.cat\/ceipalba\/wp-json\/wp\/v2\/pages"}],"about":[{"href":"https:\/\/agora.xtec.cat\/ceipalba\/wp-json\/wp\/v2\/types\/page"}],"author":[{"embeddable":true,"href":"https:\/\/agora.xtec.cat\/ceipalba\/wp-json\/wp\/v2\/users\/24"}],"replies":[{"embeddable":true,"href":"https:\/\/agora.xtec.cat\/ceipalba\/wp-json\/wp\/v2\/comments?post=16587"}],"version-history":[{"count":6,"href":"https:\/\/agora.xtec.cat\/ceipalba\/wp-json\/wp\/v2\/pages\/16587\/revisions"}],"predecessor-version":[{"id":19816,"href":"https:\/\/agora.xtec.cat\/ceipalba\/wp-json\/wp\/v2\/pages\/16587\/revisions\/19816"}],"up":[{"embeddable":true,"href":"https:\/\/agora.xtec.cat\/ceipalba\/wp-json\/wp\/v2\/pages\/66"}],"wp:attachment":[{"href":"https:\/\/agora.xtec.cat\/ceipalba\/wp-json\/wp\/v2\/media?parent=16587"}],"curies":[{"name":"wp","href":"https:\/\/api.w.org\/{rel}","templated":true}]}}