{"id":14597,"date":"2021-09-26T19:15:53","date_gmt":"2021-09-26T17:15:53","guid":{"rendered":"http:\/\/agora.xtec.cat\/ceipalba\/?page_id=14597"},"modified":"2021-09-26T19:17:38","modified_gmt":"2021-09-26T17:17:38","slug":"projecte-steamcat","status":"publish","type":"page","link":"https:\/\/agora.xtec.cat\/ceipalba\/projectes\/projecte-steamcat\/","title":{"rendered":"PROJECTE STEAMCAT"},"content":{"rendered":"<p>L&#8217;Escola Alba \u00e9s un dels centres que participa en el PROJECTE STEAM del Departament d&#8217;Educaci\u00f3.<\/p>\n<p>Dins d&#8217;aquest projecte s&#8217;engloben diferents iniciatives per portar a terme projectes relacionats amb les matem\u00e0tiques, ci\u00e8ncia, tecnologia, enginyeria i art.<\/p>\n<p>Alguns dels projectes duts a terme son la construcci\u00f3 de dos laboratoris de ci\u00e8ncia, un per la colla petits i un altre per a les colles mitjans i grans i la sistematitzaci\u00f3 dels tallers STEAM a les diferents colles.<\/p>\n<p>&nbsp;<\/p>\n","protected":false},"excerpt":{"rendered":"<p>L&#8217;Escola Alba \u00e9s un dels centres que participa en el PROJECTE STEAM del Departament d&#8217;Educaci\u00f3.<br \/>\nDins d&#8217;aquest projecte s&#8217;engloben diferents iniciatives per portar a terme projectes relacionats amb les matem\u00e0tiques, ci\u00e8ncia, tecnologia, enginyeria i art.<br \/>\nAlguns dels projectes duts a terme son la construcci\u00f3 de dos laboratoris&hellip;  <a href=\"https:\/\/agora.xtec.cat\/ceipalba\/projectes\/projecte-steamcat\/\" title=\"Read PROJECTE STEAMCAT\">Llegeix m\u00e9s\u00bb<\/a><\/p>\n","protected":false},"author":1,"featured_media":0,"parent":270,"menu_order":0,"comment_status":"closed","ping_status":"closed","template":"","meta":{"_bbp_topic_count":0,"_bbp_reply_count":0,"_bbp_total_topic_count":0,"_bbp_total_reply_count":0,"_bbp_voice_count":0,"_bbp_anonymous_reply_count":0,"_bbp_topic_count_hidden":0,"_bbp_reply_count_hidden":0,"_bbp_forum_subforum_count":0,"footnotes":""},"class_list":["post-14597","page","type-page","status-publish","hentry"],"post_mailing_queue_ids":[],"_links":{"self":[{"href":"https:\/\/agora.xtec.cat\/ceipalba\/wp-json\/wp\/v2\/pages\/14597","targetHints":{"allow":["GET"]}}],"collection":[{"href":"https:\/\/agora.xtec.cat\/ceipalba\/wp-json\/wp\/v2\/pages"}],"about":[{"href":"https:\/\/agora.xtec.cat\/ceipalba\/wp-json\/wp\/v2\/types\/page"}],"author":[{"embeddable":true,"href":"https:\/\/agora.xtec.cat\/ceipalba\/wp-json\/wp\/v2\/users\/1"}],"replies":[{"embeddable":true,"href":"https:\/\/agora.xtec.cat\/ceipalba\/wp-json\/wp\/v2\/comments?post=14597"}],"version-history":[{"count":2,"href":"https:\/\/agora.xtec.cat\/ceipalba\/wp-json\/wp\/v2\/pages\/14597\/revisions"}],"predecessor-version":[{"id":15609,"href":"https:\/\/agora.xtec.cat\/ceipalba\/wp-json\/wp\/v2\/pages\/14597\/revisions\/15609"}],"up":[{"embeddable":true,"href":"https:\/\/agora.xtec.cat\/ceipalba\/wp-json\/wp\/v2\/pages\/270"}],"wp:attachment":[{"href":"https:\/\/agora.xtec.cat\/ceipalba\/wp-json\/wp\/v2\/media?parent=14597"}],"curies":[{"name":"wp","href":"https:\/\/api.w.org\/{rel}","templated":true}]}}