{"id":12383,"date":"2019-11-06T15:33:14","date_gmt":"2019-11-06T14:33:14","guid":{"rendered":"http:\/\/agora.xtec.cat\/ceipalba\/?page_id=12383"},"modified":"2019-11-06T15:33:54","modified_gmt":"2019-11-06T14:33:54","slug":"emocions","status":"publish","type":"page","link":"https:\/\/agora.xtec.cat\/ceipalba\/serveis\/activitats-extraescolars-migdia25-26\/emocions\/","title":{"rendered":"Emocions"},"content":{"rendered":"<p>L&#8217;activitat d&#8217;Emocions la realitzen des del centre <em>&#8220;Espai Triada&#8221;<\/em> , i la duen a terme amb els i les alumnes des de 1r fins a 6\u00e8 de prim\u00e0ria.<\/p>\n<p>A trav\u00e9s del taller \u201cEMOCIONA\u2019T\u201d proporcionen l&#8217;alumnat l&#8217;oportunitat de con\u00e8ixer i recon\u00e8ixer el llenguatge del seu propi cos, a trav\u00e9s d\u2019un treball continuat i progressiu, amb la combinaci\u00f3 de diferents t\u00e8cniques.<\/p>\n<p>Mitjan\u00e7ant un enfocament de treball INNOVADOR que relaciona el seu estat f\u00edsic i el seu estat emocional: un treball integral i terap\u00e8utic entre cos, cor i ment. UNA GRAN EINA DE PREVENCI\u00d3.<\/p>\n<p>Facilitar que els nens gaudeixin durant el proc\u00e9s de con\u00e8ixer com funciona el seu cos, com es senten i on es senten les emocions, per tal de poder-les aprendre a regular.<\/p>\n<p>Recolzar el desenvolupament i benestar personal dels infants treballant el seu empoderament, descobrint les seves fortaleses, aix\u00ed com respectant la seva vulnerabilitat i la dels altres.<\/p>\n<p>Proporcionar una tasca preventiva en les seves relacions personals refor\u00e7ant el seu \u00e0mbit d\u2019habilitats socials.<\/p>\n<p>L&#8217;activitat combina diferents t\u00e8cniques englobant tots els \u00e0mbits de desenvolupament. S\u2019organitzar\u00e0 en 3 blocs:<\/p>\n<p>\u2022 <strong>Treball corporal<\/strong>: exercicis de Ioga terap\u00e8utic, activitats de llenguatge corporal,, activitats de Mindfullnes (pr\u00e0ctica de l\u2019atenci\u00f3, respiraci\u00f3, relaxaci\u00f3), reeducaci\u00f3 postural, etc.<br \/>\n\u2022 <strong>Treball musical:<\/strong> Din\u00e0miques de musicoterapia.<br \/>\n\u2022 <strong>Treball creatiu:<\/strong> Din\u00e0miques d\u2019arter\u00e0pia.<\/p>\n<p>&nbsp;<\/p>\n","protected":false},"excerpt":{"rendered":"<p>L&#8217;activitat d&#8217;Emocions la realitzen des del centre &#8220;Espai Triada&#8221; , i la duen a terme amb els i les alumnes des de 1r fins a 6\u00e8 de prim\u00e0ria.<br \/>\nA trav\u00e9s del taller \u201cEMOCIONA\u2019T\u201d proporcionen l&#8217;alumnat l&#8217;oportunitat de con\u00e8ixer i recon\u00e8ixer el llenguatge del seu propi cos,&hellip;  <a href=\"https:\/\/agora.xtec.cat\/ceipalba\/serveis\/activitats-extraescolars-migdia25-26\/emocions\/\" title=\"Read Emocions\">Llegeix m\u00e9s\u00bb<\/a><\/p>\n","protected":false},"author":24,"featured_media":0,"parent":84,"menu_order":12,"comment_status":"closed","ping_status":"closed","template":"page-templates\/side-menu.php","meta":{"_bbp_topic_count":0,"_bbp_reply_count":0,"_bbp_total_topic_count":0,"_bbp_total_reply_count":0,"_bbp_voice_count":0,"_bbp_anonymous_reply_count":0,"_bbp_topic_count_hidden":0,"_bbp_reply_count_hidden":0,"_bbp_forum_subforum_count":0,"footnotes":""},"class_list":["post-12383","page","type-page","status-publish","hentry"],"post_mailing_queue_ids":[],"_links":{"self":[{"href":"https:\/\/agora.xtec.cat\/ceipalba\/wp-json\/wp\/v2\/pages\/12383","targetHints":{"allow":["GET"]}}],"collection":[{"href":"https:\/\/agora.xtec.cat\/ceipalba\/wp-json\/wp\/v2\/pages"}],"about":[{"href":"https:\/\/agora.xtec.cat\/ceipalba\/wp-json\/wp\/v2\/types\/page"}],"author":[{"embeddable":true,"href":"https:\/\/agora.xtec.cat\/ceipalba\/wp-json\/wp\/v2\/users\/24"}],"replies":[{"embeddable":true,"href":"https:\/\/agora.xtec.cat\/ceipalba\/wp-json\/wp\/v2\/comments?post=12383"}],"version-history":[{"count":1,"href":"https:\/\/agora.xtec.cat\/ceipalba\/wp-json\/wp\/v2\/pages\/12383\/revisions"}],"predecessor-version":[{"id":12386,"href":"https:\/\/agora.xtec.cat\/ceipalba\/wp-json\/wp\/v2\/pages\/12383\/revisions\/12386"}],"up":[{"embeddable":true,"href":"https:\/\/agora.xtec.cat\/ceipalba\/wp-json\/wp\/v2\/pages\/84"}],"wp:attachment":[{"href":"https:\/\/agora.xtec.cat\/ceipalba\/wp-json\/wp\/v2\/media?parent=12383"}],"curies":[{"name":"wp","href":"https:\/\/api.w.org\/{rel}","templated":true}]}}