{"id":10319,"date":"2018-11-30T13:48:25","date_gmt":"2018-11-30T12:48:25","guid":{"rendered":"http:\/\/agora.xtec.cat\/ceipalba\/?page_id=10319"},"modified":"2021-11-18T14:57:13","modified_gmt":"2021-11-18T13:57:13","slug":"noticies-fapac","status":"publish","type":"page","link":"https:\/\/agora.xtec.cat\/ceipalba\/serveis\/noticies-fapac\/","title":{"rendered":"NOTICIES FAPAC"},"content":{"rendered":"<h5>FaPaC\u00a0juntament amb l&#8217;associaci\u00f3 Llavors de Vincle\u00a0 hem presentat a l&#8217;Ajuntament de Lleida aquest Manifest per tal de poder treballar en un aspecte que considerem essencial per a la formaci\u00f3 i l&#8217; educaci\u00f3 dels nostres fills;\u00a0<b>els patis de les escoles<\/b>.<\/h5>\n<p><a href=\"https:\/\/agora.xtec.cat\/ceipalba\/wp-content\/uploads\/usu598\/2018\/12\/Manifest-patis-escolars-a-Lleida-1.pdf\">Manifest patis escolars a Lleida (1)<\/a><\/p>\n<div>Tant les associacions, entitats, federeacions i particulars, esteu convidats a adherir-vos a la iniciativa.<\/div>\n<div><\/div>\n<div><\/div>\n<div>Salutacions,<\/div>\n<div>\n<p>&nbsp;<\/p>\n<div>\n<div class=\"m_6086696688312149309m_-5279888567854671320gmail_signature\" dir=\"ltr\" data-smartmail=\"gmail_signature\">\n<div dir=\"ltr\">\n<div dir=\"ltr\">\n<div dir=\"ltr\">\n<div dir=\"ltr\">\n<div dir=\"ltr\">\n<div dir=\"ltr\">\n<div dir=\"ltr\">\n<div dir=\"ltr\">\n<div dir=\"ltr\">Elisa\u00a0<b>SOL\u00c9 VELANDO<\/b><br \/>\nPresidenta Territorial de Lleida<\/div>\n<\/div>\n<\/div>\n<\/div>\n<\/div>\n<div dir=\"ltr\"><\/div>\n<\/div>\n<\/div>\n<\/div>\n<\/div>\n<\/div>\n<\/div>\n<\/div>\n<h5><\/h5>\n<h5>ARRIBA\u00a02019&#8230;I ESTRENEM TELEGRAM DE\u00a0LA\u00a0<span class=\"il\">FaPaC<\/span>!<\/h5>\n<p><img loading=\"lazy\" decoding=\"async\" class=\"CToWUd\" src=\"https:\/\/ci5.googleusercontent.com\/proxy\/ujg6nBaGttFHO2do1giaHiZjBj-mJ_n7XxbUYPqFufBt9EwVr8Tc-uH9v-KT5dp4C968QF6N2zSLbPMPqWFLJA7Jz-bEMtgUJL6ceoZvuxPkVS_U2KFEFI7-5Ox2KOUDsO9wJLFzDRa2Y12lEtOo-P8UR4Rl9tqwu5s=s0-d-e1-ft#https:\/\/gallery.mailchimp.com\/2edeb21234a467f53bf4d1426\/images\/3262c292-9cbc-4c33-8475-5ba86ab8c380.png\" width=\"80\" height=\"80\" \/><\/p>\n<p><span style=\"color: #000000;\">Benvolgudes AMPA\/AFA,<\/span><\/p>\n<p>Us fem arribar aquest correu per informar-vos de qu\u00e8\u00a0<strong>la\u00a0<span class=\"il\">FaPaC<\/span>\u00a0estrena un nou canal de comunicaci\u00f3: Telegram<\/strong>. Aquest nou canal ens permetr\u00e0 fer-vos arribar tota aquella informaci\u00f3 relativa a la federaci\u00f3, les associacions federades, all\u00f2 que passa als territoris i l\u2019actualitat sobre l\u2019educaci\u00f3 p\u00fablica a Catalunya amb l\u2019objectiu\u00a0que puguem estar informades a temps real, i de manera r\u00e0pida i efica\u00e7.<\/p>\n<p>Es tracta d\u2019un canal d\u2019informaci\u00f3, no de comunicaci\u00f3, de totes les not\u00edcies generades per la\u00a0<span class=\"il\">FaPaC<\/span>\u00a0que poden ser d\u2019inter\u00e8s per fam\u00edlies, AMPA\/AFA i altres agents educatius.<br \/>\n<strong><img loading=\"lazy\" decoding=\"async\" class=\"CToWUd\" src=\"https:\/\/ci3.googleusercontent.com\/proxy\/jRbpcBweBtR0b1YZL7r2HCySypKqY7hZCQuwD1lXPR6mWyrgycvL_K-vOV4MBXqL5-Cwln2zHSMp4SAd4Xr9XR3j8JfD6x0OfR0b4po9T1IYBakNyzLBy-nSXo1c5umWTAuU63M-CNx1LPDJ541l-gkc-DQ3uJfcenuL=s0-d-e1-ft#https:\/\/gallery.mailchimp.com\/2edeb21234a467f53bf4d1426\/images\/46848dd1-cbe7-4686-958f-c263b74510fc.jpeg\" width=\"120\" height=\"240\" \/><\/strong><br \/>\n<strong>Qualsevol persona pot afegir-se al canal nom\u00e9s buscant el nom del grup \u201c<span class=\"il\">FaPaC<\/span>\u201d a la plataforma Telegram (com surt a la imatge).\u00a0<\/strong><\/p>\n<p><strong>Com accedir a Telegram<\/strong><br \/>\nPer utilitzar Telegram al dispositiu m\u00f2bil, cal descarregar-se l\u2019aplicaci\u00f3. Nom\u00e9s cal indicar el n\u00famero de tel\u00e8fon i un alies (nom amb el qual et trobaran a l\u2019aplicaci\u00f3). L\u2019aplicaci\u00f3 \u00e9s gratu\u00efta.<br \/>\nEt poden escriure les persones que estan a la teva llista de contactes i que tenen Telegram. Tamb\u00e9, a difer\u00e8ncia de Whatsapp, pots seleccionar un alies p\u00fablic pel teu compte de Telegram on altres persones et poden trobar sense con\u00e8ixer o accedir al teu tel\u00e8fon.<br \/>\nEs pot utilitzar tamb\u00e9 a tablets i ordinadors (Telegram web) de forma simult\u00e0nia nom\u00e9s indicant el n\u00famero de tel\u00e8fon m\u00f2bil.<\/p>\n<p><strong>En qu\u00e8 es diferencia de WhatsApp?\u00a0<\/strong><br \/>\nA difer\u00e8ncia de WhatsApp, es pot accedir als missatges des de diferents dispositius a la vegada, com tablets, ordinadors; i compartir un nombre\u00a0il\u00b7limitat de fotos, v\u00eddeos i arxius. Si no es vol guardar totes les dades al dispositiu, es poden mantenir al n\u00favol.<\/p>\n<p><strong>Qui pot accedir al canal<\/strong><br \/>\nQualsevol persona interessada a\u00a0afegir-se al grup de la\u00a0<span class=\"il\">FaPaC<\/span>\u00a0a Telegram. Les audi\u00e8ncies s\u00f3n il\u00b7limitades i no es fan p\u00fablics els contactes de les persones que integren el canal. \u00c9s a dir, no es pot veure ni el tel\u00e8fon ni el nom de les persones que integren el canal de la\u00a0<span class=\"il\">FaPaC<\/span>\u00a0a Telegram.<br \/>\nEls integrants que es van afegint al canal poden veure tot l\u2019historial de missatges quan s\u2019uneixen al canal.<br \/>\nEl canal p\u00fablic t\u00e9 un alies. En aquest cas, \u201c<span class=\"il\">FaPaC<\/span>\u201d. Qualsevol el pot trobar a trav\u00e9s de la cerca a Telegram i afegir-se. Tamb\u00e9 es pot sortir del canal en qualsevol moment.<br \/>\nTamb\u00e9 es pot accedir al canal a trav\u00e9s del seg\u00fcent enlla\u00e7:\u00a0<a href=\"https:\/\/fapac.us13.list-manage.com\/track\/click?u=2edeb21234a467f53bf4d1426&amp;id=f08aed8abf&amp;e=0c8eb86c4e\" target=\"_blank\" rel=\"noopener\" data-saferedirecturl=\"https:\/\/www.google.com\/url?q=https:\/\/fapac.us13.list-manage.com\/track\/click?u%3D2edeb21234a467f53bf4d1426%26id%3Df08aed8abf%26e%3D0c8eb86c4e&amp;source=gmail&amp;ust=1545135834455000&amp;usg=AFQjCNF-VwW8K8BOgMvde0OcA2FONxdl8g\">https:\/\/t.me\/<span class=\"il\">FaPaC<\/span><\/a><\/p>\n<p><strong>Normes de conviv\u00e8ncia<\/strong><br \/>\nNo existeix possibilitat de retroalimentaci\u00f3. Tampoc de comunicaci\u00f3 entre les persones subscriptores al canal. \u00c9s nom\u00e9s un canal d\u2019informaci\u00f3 sense possibilitat de resposta.<\/p>\n<p><strong><em>IMPORTANT: Nom\u00e9s afegirem els contactes de 200 AMPA\/AFA (el m\u00e0xim que ens permet el canal p\u00fablic de Telegram). A partir dels 200 contactes, s\u2019hauran d\u2019anar afegint les persones interessades al canal de Telegram buscant-lo a la plataforma (nom\u00e9s buscant \u201c<span class=\"il\">FaPaC<\/span>\u201d) o a trav\u00e9s de l\u2019enlla\u00e7\u00a0<a href=\"https:\/\/fapac.us13.list-manage.com\/track\/click?u=2edeb21234a467f53bf4d1426&amp;id=b40d0685e7&amp;e=0c8eb86c4e\" target=\"_blank\" rel=\"noopener\" data-saferedirecturl=\"https:\/\/www.google.com\/url?q=https:\/\/fapac.us13.list-manage.com\/track\/click?u%3D2edeb21234a467f53bf4d1426%26id%3Db40d0685e7%26e%3D0c8eb86c4e&amp;source=gmail&amp;ust=1545135834455000&amp;usg=AFQjCNGd8wmJXV727w4XD0agh_xmXwCLNg\">https:\/\/t.me\/<span class=\"il\">FaPaC<\/span><\/a>\u00a0\u00a0<\/em><\/strong><\/p>\n<p>El butllet\u00ed de la FaPaC<br \/>\nDesembre 2018<\/p>\n<p>Manifest per aturar el Decret de Menjador<\/p>\n<p>AMPA\/AFA i altres col\u00b7lectius:<br \/>\nSumeu-vos al MANIFEST impulsat per la FaPaC amb altres entitats per tombar l&#8217;actual proposta de decret de menjador del Departament d&#8217;Ensenyament. Accediu i adheriu-vos al MANIFEST en el seg\u00fcent enlla\u00e7.<\/p>\n<p>JA SOM M\u00c9S DE 300 ADHERIDES!<\/p>\n<p>#tombemdecretmenjador<\/p>\n<p>NOT\u00cdCIES<br \/>\nAssemblea General<br \/>\nde la FaPaC 2018<br \/>\nDissabte 24 de novembre la FaPaC es va trobar amb un centenar d&#8217;AMPA\/AFA federades durant la celebraci\u00f3 de la seva 41 Assemblea anual. Al llarg de la jornada, es van aprovar uns nous estatuts per la federaci\u00f3 i es van debatre temes com el Decret de menjador d&#8217;Ensenyament i el Pacte contra la segregaci\u00f3.<\/p>\n<p>La FaPaC participa a la manifestaci\u00f3 en defensa de l&#8217;educaci\u00f3 p\u00fablica del 17N<br \/>\nEl passat dissabte 17 de novembre, la FaPaC va sortir als carrers de Barcelona amb fam\u00edlies i AMPA\/AFA de l&#8217;escola p\u00fablica per demanar el 6% en inversi\u00f3 p\u00fablica. Tamb\u00e9 vam aprofitar per reivindicar que el temps de migdia tamb\u00e9 forma part del temps educatiu, i per continuar demanant uns menjadors universals, gratu\u00efts, inclusius i de proximitat.<\/p>\n<p>La FaPaC s&#8217;adhereix al manifest &#8220;No consento&#8221; per defensar les dones i v\u00edctimes de viol\u00e8ncia sexual<br \/>\nAprofitant el Dia Internacional contra la viol\u00e8ncia masclista, el passat 25 de novembre, la FaPaC es va sumar al manifest &#8220;No consento&#8221; d&#8217;Amnistia Internacional per denunciar els obstacles que enfronten les dones i v\u00edctimes de viol\u00e8ncia sexual quan denuncien a l&#8217;Estat espanyol. AMPA\/AFA podeu sumar-vos al manifest aqu\u00ed.<\/p>\n<p>La FaPaC participa a la vaga i manifestaci\u00f3 en defensa de l&#8217;Ensenyament p\u00fablic del 29N<br \/>\nLa FaPaC va recolzar la vaga del 29 de novembre contra les retallades en el sistema educatiu p\u00fablic i va participar a la manifestaci\u00f3 de tota la comunitat educativa que va rec\u00f3rrer els carrers de Barcelona, des de Pla\u00e7a Universitat fins el Parlament de Catalunya. Durant la protesta, es va portar el lema &#8220;el temps de migdia tamb\u00e9 \u00e9s educaci\u00f3 p\u00fablica&#8221; en contra del decret de menjador del Departament d&#8217;Ensenyament.<\/p>\n<p>V\u00eddeo de sensibilitzaci\u00f3 de la Plataforma per una Educaci\u00f3 en Economia Cr\u00edtica (PLEEC) per demanar al Departament d\u2019Ensenyament que finalitzi el programa EFEC (Educaci\u00f3 Financera a les Escoles de Catalunya) i per demanar als centres educatius que no el sol\u00b7licitin.<br \/>\n1 DE DESEMBRE: COMENCEN ELS CURSOS DE FORMACI\u00d3 ONLINE<\/p>\n<p>Aquest dissabte 1 de desembre s&#8217;obre el per\u00edode d&#8217;inscripci\u00f3 per les AMPA\/AFA que vulguin accedir als cursos de formaci\u00f3 online que oferir\u00e0 la FaPaC:<\/p>\n<p>1) Curs de gesti\u00f3 b\u00e0sica per a les AMPA\/AFA<br \/>\n2) Curs sobre els consells escolars<\/p>\n<p>La durada dels cursos online ser\u00e0 de dos mesos a partir de la inscripci\u00f3 a cada curs.<\/p>\n<p>En aquest ENLLA\u00c7 podeu accedir al formulari d&#8217;inscripcions.<\/p>\n<p>AGENDA<\/p>\n<p>1 de desembre, 10-12H<br \/>\nLa FaPaC al Baix Llobregat us convida a la presentaci\u00f3 dels tallers &#8220;Comunitat educativa: Transformem la mirada davant la realitat LGTBI&#8221; que organitzem conjuntament amb CCOO per incloure la perspectiva LGTBI dins la comunitat educativa. La presentaci\u00f3 dels tallers tindr\u00e0 lloc dissabte 1 de desembre, de 10 a 12h, a la sala d&#8217;actes de CCOO a Cornell\u00e0 de Llobregat (ctra. d&#8217;Esplugues 68).<br \/>\n1 de desembre, 10.30-13.30<br \/>\nLa FaPaC d\u00f3na suport a les segones jornades &#8220;Educant per a la vida&#8221; que se celebren dissabte 1 de desembre a Cerdanyola del Vall\u00e8s, a l&#8217;Institut Ban\u00fas. Totes les AMPA\/AFA esteu convidades a gaudir d&#8217;aquestes jornades per debatre sobre els aspectes que afecten a l&#8217;educaci\u00f3 p\u00fablica catalana i, en particular, sobre la cultura del consum.<br \/>\n3-4 de desembre<br \/>\nLes AMPA\/AFA de Tarragona es mobilitzen els pr\u00f2xims 3 i 4 de desembre en defensa d&#8217;uns menjadors de qualitat a les escoles p\u00fabliques. Per aix\u00f2, penjaran plats de cartr\u00f3 als diferents centres escolars expressant el model de menjador que volen les fam\u00edlies.<br \/>\n8 de desembre, 22H<br \/>\nLa presidenta de la FaPaC, Bel\u00e9n Tasc\u00f3n, participa al programa &#8220;Solidaris&#8221; de Catalunya R\u00e0dio en un debat radiof\u00f2nic sobre el decret de menjador d&#8217;Ensenyament. El programa s&#8217;emetr\u00e0 de 22 a 23h.<\/p>\n<p>MOCIONS ALS TERRITORIS CONTRA EL DECRET DE MENJADOR<\/p>\n<p>Durant els \u00faltims mesos, gr\u00e0cies a la demanda de la FaPaC, la pressi\u00f3 de les AMPA\/AFA i altres col\u00b7lectius als diferents territoris de Catalunya, s&#8217;han impulsat i aprovat mocions per aturar la proposta de decret de menjador del Departament d&#8217;Ensenyament als Ajuntaments de:<\/p>\n<p>Vilafranca del Pened\u00e8s, Sant Pere de Ribes, Vendrell, Banyoles, Lleida, Olot, Olesa, T\u00e0rrega, Cerdanyola del Vall\u00e8s, Poliny\u00e0&#8230;i continuem!<br \/>\nALTRES ACTES<br \/>\n1 de desembre, 10-14H<br \/>\nLa Fundaci\u00f3 Ferrer i Gu\u00e0rdia organitza un espai de debat i formaci\u00f3 per a fam\u00edlies i professionals del m\u00f3n de l&#8217;educaci\u00f3 sobre com gestionar les TIC en l&#8217;aprenentatge el pr\u00f2xim 1 de Desembre, al Centre Cultural Albareda.<br \/>\nDel 27 de novembre al 2 de desembre<br \/>\nArriba la sisena edici\u00f3 del Festival Internacional de Cine i Discapacitat al CaixaF\u00f2rum de Barcelona. Podeu consultar la programaci\u00f3 en aquest enlla\u00e7.<br \/>\nFins el 10 de desembre<br \/>\nConvocat\u00f2ria Premi Solidaritat 2018, guard\u00f3 que atorga anualment l&#8217;Institut de Drets Humans de Catalunya per recon\u00e8ixer a persones, col\u00b7lectius i entitats per la seva lluita en defensa dels drets humans a Catalunya. M\u00e9s informaci\u00f3 a l&#8217;enlla\u00e7.<\/p>\n<p>11 de desembre, 18H<br \/>\nDebat Avan\u00e7ant cap a l&#8217;educaci\u00f3 comunit\u00e0ria a Barcelona organitzat en motiu de la nova edici\u00f3 del Mapa d&#8217;Educaci\u00f3 comunit\u00e0ria de la ciutat a les 18h a la Sala d\u2019actes de l\u2019Institut Municipal d\u2019Educaci\u00f3, Pla\u00e7a Espanya, 5.<\/p>\n<p>Ha comen\u00e7at el per\u00edode d&#8217;inscripci\u00f3 a la 7a edici\u00f3 dels Premis FaPaC! Del 24 de novembre al 31 de gener 2019<\/p>\n<p>Accediu a la nova WEB dels Premis 2019 per trobar tota la informaci\u00f3: www.premisfapac.cat<br \/>\nELECCIONS ALS CONSELLS ESCOLARS<\/p>\n<p>PARTICIPEU DEL 5 DE NOVEMBRE<br \/>\nAL 21 DE DESEMBRE DE 2018<\/p>\n<p>ESBRINEU COM PARTICIPAR-HI EN AQUEST ENLLA\u00c7<\/p>\n","protected":false},"excerpt":{"rendered":"<p>FaPaC\u00a0juntament amb l&#8217;associaci\u00f3 Llavors de Vincle\u00a0 hem presentat a l&#8217;Ajuntament de Lleida aquest Manifest per tal de poder treballar en un aspecte que considerem essencial per a la formaci\u00f3 i l&#8217; educaci\u00f3 dels nostres fills;\u00a0els patis de les escoles.<br \/>\n<a href=\"https:\/\/agora.xtec.cat\/ceipalba\/wp-content\/uploads\/usu598\/2018\/12\/Manifest-patis-escolars-a-Lleida-1.pdf\">Manifest patis escolars a Lleida (1)<\/a><br \/>\nTant&hellip;  <a href=\"https:\/\/agora.xtec.cat\/ceipalba\/serveis\/noticies-fapac\/\" title=\"Read NOTICIES FAPAC\">Llegeix m\u00e9s\u00bb<\/a><\/p>\n","protected":false},"author":24,"featured_media":0,"parent":66,"menu_order":50,"comment_status":"closed","ping_status":"closed","template":"page-templates\/side-menu.php","meta":{"_bbp_topic_count":0,"_bbp_reply_count":0,"_bbp_total_topic_count":0,"_bbp_total_reply_count":0,"_bbp_voice_count":0,"_bbp_anonymous_reply_count":0,"_bbp_topic_count_hidden":0,"_bbp_reply_count_hidden":0,"_bbp_forum_subforum_count":0,"footnotes":""},"class_list":["post-10319","page","type-page","status-publish","hentry"],"post_mailing_queue_ids":[],"_links":{"self":[{"href":"https:\/\/agora.xtec.cat\/ceipalba\/wp-json\/wp\/v2\/pages\/10319","targetHints":{"allow":["GET"]}}],"collection":[{"href":"https:\/\/agora.xtec.cat\/ceipalba\/wp-json\/wp\/v2\/pages"}],"about":[{"href":"https:\/\/agora.xtec.cat\/ceipalba\/wp-json\/wp\/v2\/types\/page"}],"author":[{"embeddable":true,"href":"https:\/\/agora.xtec.cat\/ceipalba\/wp-json\/wp\/v2\/users\/24"}],"replies":[{"embeddable":true,"href":"https:\/\/agora.xtec.cat\/ceipalba\/wp-json\/wp\/v2\/comments?post=10319"}],"version-history":[{"count":3,"href":"https:\/\/agora.xtec.cat\/ceipalba\/wp-json\/wp\/v2\/pages\/10319\/revisions"}],"predecessor-version":[{"id":10414,"href":"https:\/\/agora.xtec.cat\/ceipalba\/wp-json\/wp\/v2\/pages\/10319\/revisions\/10414"}],"up":[{"embeddable":true,"href":"https:\/\/agora.xtec.cat\/ceipalba\/wp-json\/wp\/v2\/pages\/66"}],"wp:attachment":[{"href":"https:\/\/agora.xtec.cat\/ceipalba\/wp-json\/wp\/v2\/media?parent=10319"}],"curies":[{"name":"wp","href":"https:\/\/api.w.org\/{rel}","templated":true}]}}