{"id":84,"date":"2014-09-18T14:11:31","date_gmt":"2014-09-18T13:11:31","guid":{"rendered":"http:\/\/agora.xtec.cat\/ceipacastells\/?page_id=84"},"modified":"2024-10-02T15:51:35","modified_gmt":"2024-10-02T13:51:35","slug":"activitats-extraescolars","status":"publish","type":"page","link":"https:\/\/agora.xtec.cat\/ceipacastells\/serveis\/activitats-extraescolars\/","title":{"rendered":"Activitats extraescolars"},"content":{"rendered":"<p style=\"color: #444444;\">\n<p>&nbsp;<\/p>\n<ul>\n<li>\n<h3><strong>ALGUNES Q\u00dcESTIONS QUE US PODEU FER ABANS D&#8217;INSCRIURE EL VOSTRE FILL\/A &#8230;<\/strong><\/h3>\n<\/li>\n<\/ul>\n<h3><strong>1.\u00a0 Quantes activitats extraescolars ha de fer un infant o jove?<\/strong><\/h3>\n<p>No hi ha una resposta \u00fanica. En general podem considerar que \u00e9s una bona opci\u00f3 fer servir les activitats extraescolars per garantir un entorn educatiu, de relaci\u00f3 i l\u00fadic per als infants. Cal tenir en compte, per\u00f2, de <strong>no sobrecarregar-los<\/strong>. Les activitats extraescolars no haurien de superar les 3-4 hores setmanals. Recordeu que els vostres fills necessiten temps lliure i tamb\u00e9 temps per estar amb vosaltres.<\/p>\n<h3><strong>2.\u00a0 Quins avantatges comporta una activitat d&#8217;aquest tipus per als vostres fills, a banda d&#8217;una estona de diversi\u00f3?<\/strong><\/h3>\n<p>Alguns avantatges significatius s\u00f3n:<\/p>\n<ul>\n<li>La possibilitat de socialitzaci\u00f3: \u00e9s a dir, l&#8217;oportunitat d&#8217;aprendre, d&#8217;altres maneres i amb altres persones, normes, valors i pautes socials.<\/li>\n<li>Trobar nous amics.<\/li>\n<li>La relaci\u00f3 amb nous referents: noves persones de qui aprendre coses, de qui rebre orientacions.<\/li>\n<li>La possibilitat de descobrir nous interessos i habilitats.<\/li>\n<\/ul>\n<h3><strong>3.\u00a0 Com triar les activitats?<\/strong><\/h3>\n<p>Tenint en compte que les activitats extraescolars es fan en el temps lliure de l&#8217;infant, aquestes han de ser prou atractives i interessants per a ells. Una bona manera d&#8217;encertar l&#8217;activitat extraescolar dels vostres fills \u00e9s preguntar-los directament quina activitat volen fer. No \u00e9s aconsellable obligar-los a escollir una activitat. \u00c9s m\u00e9s profit\u00f3s escoltar les seves prefer\u00e8ncies i motivar-los per fer l&#8217;activitat.<\/p>\n<p>El car\u00e0cter i les habilitats de l&#8217;infant o del jove ens poden servir de refer\u00e8ncia a l&#8217;hora de triar una activitat per a ells. De vegades tenim tend\u00e8ncia a intentar que el nostre fill o filla destaqui en una activitat que nosaltres no vam poder fer. A l&#8217;hora d&#8217;escollir heu de centrar-vos nom\u00e9s en els interessos dels vostres fills. Tamb\u00e9 heu d&#8217;evitar escollir una activitat per raons de g\u00e8nere, ja que ni sempre els nois s\u00f3n millors que les noies en esports, ni sempre les noies s\u00f3n millors que els nois en dansa. D&#8217;altra banda, recordeu que les activitats extraescolars tamb\u00e9 s\u00f3n espais educatius i d&#8217;influ\u00e8ncia. Cal mostrar inter\u00e8s per les activitats que fan els nois o joves i amb qui es relacionen, siguin adults o de la seva mateixa edat.<\/p>\n<p>Heu de tenir en compte que hi ha activitats que poden afavorir la personalitat de l&#8217;infant o del jove. Per exemple:<\/p>\n<ul>\n<li>Si els vostres fills s\u00f3n m\u00e9s aviat t\u00edmids i introvertits, les activitats m\u00e9s adequades, seran les que es practiquen en grup, ja que els ajudaran a relacionar-se amb d&#8217;altres companys i a v\u00e8ncer les seves pors i temors.<\/li>\n<li>Si els vostres fills s\u00f3n una mica mandrosos poden practicar activitats individuals, que els obliguin a esfor\u00e7ar-se i no es puguin escudar en el grup, com per exemple: tocar algun instrument musical, l&#8217;esqu\u00ed, el tennis, el patinatge, la pintura\u2026<\/li>\n<li>Si tenen tend\u00e8ncia al nerviosisme o a l&#8217;agressivitat, les activitats m\u00e9s adequades s\u00f3n aquelles que els obliguin a dominar-se en situacions en qu\u00e8 hi ha una certa tensi\u00f3, com ara les arts marcials, la nataci\u00f3, l&#8217;h\u00edpica, els escacs\u2026<\/li>\n<\/ul>\n<p>*\u00a0<em>INFORMACI\u00d3 DONADA PEL DEPARTAMENT D&#8217;EDUCACI\u00d3 DE LA GENERALITAT DE CATALUNYA*<\/em><\/p>\n","protected":false},"excerpt":{"rendered":"<p>&nbsp; ALGUNES Q\u00dcESTIONS QUE US PODEU FER ABANS D&#8217;INSCRIURE EL VOSTRE FILL\/A &#8230; 1.\u00a0 Quantes activitats extraescolars ha de fer un infant o jove? No hi ha una resposta \u00fanica. En general podem considerar que \u00e9s una bona opci\u00f3 fer servir les activitats extraescolars per garantir un entorn educatiu, de relaci\u00f3 i l\u00fadic per als [&hellip;]<\/p>\n","protected":false},"author":1,"featured_media":0,"parent":66,"menu_order":60,"comment_status":"closed","ping_status":"closed","template":"page-templates\/side-menu.php","meta":{"_bbp_topic_count":0,"_bbp_reply_count":0,"_bbp_total_topic_count":0,"_bbp_total_reply_count":0,"_bbp_voice_count":0,"_bbp_anonymous_reply_count":0,"_bbp_topic_count_hidden":0,"_bbp_reply_count_hidden":0,"_bbp_forum_subforum_count":0,"site-sidebar-layout":"default","site-content-layout":"","ast-site-content-layout":"","site-content-style":"default","site-sidebar-style":"default","ast-global-header-display":"","ast-banner-title-visibility":"","ast-main-header-display":"","ast-hfb-above-header-display":"","ast-hfb-below-header-display":"","ast-hfb-mobile-header-display":"","site-post-title":"","ast-breadcrumbs-content":"","ast-featured-img":"","footer-sml-layout":"","theme-transparent-header-meta":"","adv-header-id-meta":"","stick-header-meta":"","header-above-stick-meta":"","header-main-stick-meta":"","header-below-stick-meta":"","astra-migrate-meta-layouts":"default","ast-page-background-enabled":"default","ast-page-background-meta":{"desktop":{"background-color":"var(--ast-global-color-4)","background-image":"","background-repeat":"repeat","background-position":"center center","background-size":"auto","background-attachment":"scroll","background-type":"","background-media":"","overlay-type":"","overlay-color":"","overlay-opacity":"","overlay-gradient":""},"tablet":{"background-color":"","background-image":"","background-repeat":"repeat","background-position":"center center","background-size":"auto","background-attachment":"scroll","background-type":"","background-media":"","overlay-type":"","overlay-color":"","overlay-opacity":"","overlay-gradient":""},"mobile":{"background-color":"","background-image":"","background-repeat":"repeat","background-position":"center center","background-size":"auto","background-attachment":"scroll","background-type":"","background-media":"","overlay-type":"","overlay-color":"","overlay-opacity":"","overlay-gradient":""}},"ast-content-background-meta":{"desktop":{"background-color":"var(--ast-global-color-5)","background-image":"","background-repeat":"repeat","background-position":"center center","background-size":"auto","background-attachment":"scroll","background-type":"","background-media":"","overlay-type":"","overlay-color":"","overlay-opacity":"","overlay-gradient":""},"tablet":{"background-color":"var(--ast-global-color-5)","background-image":"","background-repeat":"repeat","background-position":"center center","background-size":"auto","background-attachment":"scroll","background-type":"","background-media":"","overlay-type":"","overlay-color":"","overlay-opacity":"","overlay-gradient":""},"mobile":{"background-color":"var(--ast-global-color-5)","background-image":"","background-repeat":"repeat","background-position":"center center","background-size":"auto","background-attachment":"scroll","background-type":"","background-media":"","overlay-type":"","overlay-color":"","overlay-opacity":"","overlay-gradient":""}},"footnotes":""},"class_list":["post-84","page","type-page","status-publish","hentry"],"post_mailing_queue_ids":[],"_links":{"self":[{"href":"https:\/\/agora.xtec.cat\/ceipacastells\/wp-json\/wp\/v2\/pages\/84","targetHints":{"allow":["GET"]}}],"collection":[{"href":"https:\/\/agora.xtec.cat\/ceipacastells\/wp-json\/wp\/v2\/pages"}],"about":[{"href":"https:\/\/agora.xtec.cat\/ceipacastells\/wp-json\/wp\/v2\/types\/page"}],"author":[{"embeddable":true,"href":"https:\/\/agora.xtec.cat\/ceipacastells\/wp-json\/wp\/v2\/users\/1"}],"replies":[{"embeddable":true,"href":"https:\/\/agora.xtec.cat\/ceipacastells\/wp-json\/wp\/v2\/comments?post=84"}],"version-history":[{"count":5,"href":"https:\/\/agora.xtec.cat\/ceipacastells\/wp-json\/wp\/v2\/pages\/84\/revisions"}],"predecessor-version":[{"id":7085,"href":"https:\/\/agora.xtec.cat\/ceipacastells\/wp-json\/wp\/v2\/pages\/84\/revisions\/7085"}],"up":[{"embeddable":true,"href":"https:\/\/agora.xtec.cat\/ceipacastells\/wp-json\/wp\/v2\/pages\/66"}],"wp:attachment":[{"href":"https:\/\/agora.xtec.cat\/ceipacastells\/wp-json\/wp\/v2\/media?parent=84"}],"curies":[{"name":"wp","href":"https:\/\/api.w.org\/{rel}","templated":true}]}}