{"id":8036,"date":"2026-03-05T11:40:46","date_gmt":"2026-03-05T10:40:46","guid":{"rendered":"https:\/\/agora.xtec.cat\/ceipacastells\/?page_id=8036"},"modified":"2026-04-15T11:42:32","modified_gmt":"2026-04-15T09:42:32","slug":"preinscripcio-curs-2026-2027","status":"publish","type":"page","link":"https:\/\/agora.xtec.cat\/ceipacastells\/preinscripcio-curs-2026-2027\/","title":{"rendered":"PREINSCRIPCI\u00d3 CURS 2026-2027"},"content":{"rendered":"<p><a href=\"https:\/\/drive.google.com\/file\/d\/1InSJXhIG35Wpu3lqD39pBHBz-d-dG4pm\/view?usp=sharing\">OFERTA INICIAL: INFANTIL \u2013 PRIM\u00c0RIA<\/a><\/p>\n<p><a href=\"https:\/\/preinscripcio.gencat.cat\/ca\/inici\" target=\"_blank\" rel=\"noopener\" data-saferedirecturl=\"https:\/\/www.google.com\/url?q=https:\/\/preinscripcio.gencat.cat\/ca\/inici&amp;source=gmail&amp;ust=1772792741658000&amp;usg=AOvVaw2ddXoihF5joJLQi_m0R0FP\">ENLLA\u00c7 PER ENTRAR A LA PREINSCRIPCI\u00d3 TELEM\u00c0TICA<\/a><\/p>\n<p><a href=\"https:\/\/drive.google.com\/file\/d\/16xYxCjk-LbCKcYvQKj8TDfLHYeOMEqLh\/view?usp=sharing\">LLISTAT DE SOL\u00b7LICITUDS AMB PUNTUACI\u00d3 PROVISIONAL<\/a><\/p>\n<p>LLISTAT AMB EL BAREM UN COP RESOLTES LES RECLAMACIONS<\/p>\n<p>N\u00daMERO DE DESEMPAT PREINSCRIPCIONS:<\/p>\n<p>LLISTAT ORDENAT UNA VEGADA FET EL SORTEIG<\/p>\n<p>OFERTA DEFINITIVA<\/p>\n<p>ALUMNES PREINSCRITS<\/p>\n<p>ALUMNES ASSIGNATS AL CENTRE<\/p>\n<p>ALUMNES LLISTA D\u2019ESPERA<\/p>\n<p>RECLAMACI\u00d3 A LA PREINSCRIPCI\u00d3<\/p>\n<h4><a href=\"https:\/\/agora.xtec.cat\/ceipacastells\/preguntes-frequents-sobre-el-proces-de-preinscripcio-i-matricula\/\">PREGUNTES FREQ\u00dcENTS (sobre el proc\u00e9s de preinscripci\u00f3 i matr\u00edcula):<\/a><\/h4>\n","protected":false},"excerpt":{"rendered":"<p>OFERTA INICIAL: INFANTIL \u2013 PRIM\u00c0RIA ENLLA\u00c7 PER ENTRAR A LA PREINSCRIPCI\u00d3 TELEM\u00c0TICA LLISTAT DE SOL\u00b7LICITUDS AMB PUNTUACI\u00d3 PROVISIONAL LLISTAT AMB EL BAREM UN COP RESOLTES LES RECLAMACIONS N\u00daMERO DE DESEMPAT PREINSCRIPCIONS: LLISTAT ORDENAT UNA VEGADA FET EL SORTEIG OFERTA DEFINITIVA ALUMNES PREINSCRITS ALUMNES ASSIGNATS AL CENTRE ALUMNES LLISTA D\u2019ESPERA RECLAMACI\u00d3 A LA PREINSCRIPCI\u00d3 PREGUNTES FREQ\u00dcENTS [&hellip;]<\/p>\n","protected":false},"author":1,"featured_media":0,"parent":0,"menu_order":0,"comment_status":"closed","ping_status":"closed","template":"","meta":{"_bbp_topic_count":0,"_bbp_reply_count":0,"_bbp_total_topic_count":0,"_bbp_total_reply_count":0,"_bbp_voice_count":0,"_bbp_anonymous_reply_count":0,"_bbp_topic_count_hidden":0,"_bbp_reply_count_hidden":0,"_bbp_forum_subforum_count":0,"site-sidebar-layout":"default","site-content-layout":"","ast-site-content-layout":"default","site-content-style":"default","site-sidebar-style":"default","ast-global-header-display":"","ast-banner-title-visibility":"","ast-main-header-display":"","ast-hfb-above-header-display":"","ast-hfb-below-header-display":"","ast-hfb-mobile-header-display":"","site-post-title":"","ast-breadcrumbs-content":"","ast-featured-img":"","footer-sml-layout":"","theme-transparent-header-meta":"default","adv-header-id-meta":"","stick-header-meta":"","header-above-stick-meta":"","header-main-stick-meta":"","header-below-stick-meta":"","astra-migrate-meta-layouts":"set","ast-page-background-enabled":"default","ast-page-background-meta":{"desktop":{"background-color":"var(--ast-global-color-4)","background-image":"","background-repeat":"repeat","background-position":"center center","background-size":"auto","background-attachment":"scroll","background-type":"","background-media":"","overlay-type":"","overlay-color":"","overlay-opacity":"","overlay-gradient":""},"tablet":{"background-color":"","background-image":"","background-repeat":"repeat","background-position":"center center","background-size":"auto","background-attachment":"scroll","background-type":"","background-media":"","overlay-type":"","overlay-color":"","overlay-opacity":"","overlay-gradient":""},"mobile":{"background-color":"","background-image":"","background-repeat":"repeat","background-position":"center center","background-size":"auto","background-attachment":"scroll","background-type":"","background-media":"","overlay-type":"","overlay-color":"","overlay-opacity":"","overlay-gradient":""}},"ast-content-background-meta":{"desktop":{"background-color":"var(--ast-global-color-5)","background-image":"","background-repeat":"repeat","background-position":"center center","background-size":"auto","background-attachment":"scroll","background-type":"","background-media":"","overlay-type":"","overlay-color":"","overlay-opacity":"","overlay-gradient":""},"tablet":{"background-color":"var(--ast-global-color-5)","background-image":"","background-repeat":"repeat","background-position":"center center","background-size":"auto","background-attachment":"scroll","background-type":"","background-media":"","overlay-type":"","overlay-color":"","overlay-opacity":"","overlay-gradient":""},"mobile":{"background-color":"var(--ast-global-color-5)","background-image":"","background-repeat":"repeat","background-position":"center center","background-size":"auto","background-attachment":"scroll","background-type":"","background-media":"","overlay-type":"","overlay-color":"","overlay-opacity":"","overlay-gradient":""}},"footnotes":""},"class_list":["post-8036","page","type-page","status-publish","hentry"],"post_mailing_queue_ids":[],"_links":{"self":[{"href":"https:\/\/agora.xtec.cat\/ceipacastells\/wp-json\/wp\/v2\/pages\/8036","targetHints":{"allow":["GET"]}}],"collection":[{"href":"https:\/\/agora.xtec.cat\/ceipacastells\/wp-json\/wp\/v2\/pages"}],"about":[{"href":"https:\/\/agora.xtec.cat\/ceipacastells\/wp-json\/wp\/v2\/types\/page"}],"author":[{"embeddable":true,"href":"https:\/\/agora.xtec.cat\/ceipacastells\/wp-json\/wp\/v2\/users\/1"}],"replies":[{"embeddable":true,"href":"https:\/\/agora.xtec.cat\/ceipacastells\/wp-json\/wp\/v2\/comments?post=8036"}],"version-history":[{"count":5,"href":"https:\/\/agora.xtec.cat\/ceipacastells\/wp-json\/wp\/v2\/pages\/8036\/revisions"}],"predecessor-version":[{"id":8080,"href":"https:\/\/agora.xtec.cat\/ceipacastells\/wp-json\/wp\/v2\/pages\/8036\/revisions\/8080"}],"wp:attachment":[{"href":"https:\/\/agora.xtec.cat\/ceipacastells\/wp-json\/wp\/v2\/media?parent=8036"}],"curies":[{"name":"wp","href":"https:\/\/api.w.org\/{rel}","templated":true}]}}