{"id":7554,"date":"2025-05-09T10:30:59","date_gmt":"2025-05-09T08:30:59","guid":{"rendered":"https:\/\/agora.xtec.cat\/ceipacastells\/?page_id=7554"},"modified":"2025-05-09T10:39:11","modified_gmt":"2025-05-09T08:39:11","slug":"informacions-sobre-la-beca-mec-2025-2026","status":"publish","type":"page","link":"https:\/\/agora.xtec.cat\/ceipacastells\/informacions-sobre-la-beca-mec-2025-2026\/","title":{"rendered":"INFORMACIONS SOBRE LA BECA MEC 2025\/2026"},"content":{"rendered":"<p>Us informen que ja es poden demanar les beques MEC 2024\/2025. S\u00f3n beques destinades nom\u00e9s per a alumnes amb <strong>Necessitat Espec\u00edfica de Suport Educatiu (NEAE)<\/strong>, \u00e9s a dir, estan dirigides a persones que presenten una necessitat espec\u00edfica de rebre suport educatiu derivat d&#8217;alguna de les situacions seg\u00fcents:<\/p>\n<ul>\n<li>Discapacitat<\/li>\n<li>Trastorn greu de conducta<\/li>\n<li>Trastorn greu de la comunicaci\u00f3 i del llenguatge<\/li>\n<li>Trastorn de l\u2019espectre autista (TEA)<\/li>\n<li>Altes capacitats<\/li>\n<\/ul>\n<h3 class=\"\" data-start=\"163\" data-end=\"186\"><span style=\"color: #000000;\">\ud83d\udcc5 <strong data-start=\"170\" data-end=\"186\">Convocat\u00f2ria<\/strong><\/span><\/h3>\n<ul data-start=\"187\" data-end=\"305\">\n<li class=\"\" data-start=\"187\" data-end=\"225\"><span style=\"color: #000000;\"><strong data-start=\"228\" data-end=\"255\">Termini de sol\u00b7licitud:<\/strong> del <strong data-start=\"260\" data-end=\"274\">30 d\u2019abril<\/strong> a l\u2019<strong data-start=\"279\" data-end=\"305\">11 de setembre de 2025<\/strong><\/span><\/li>\n<\/ul>\n<p><span style=\"color: #000000;\">En el seg\u00fcent enlla\u00e7 teniu tota la informaci\u00f3:<\/span><\/p>\n<p><span style=\"color: #000000;\"><a style=\"color: #000000;\" href=\"https:\/\/www.becaseducacion.gob.es\/becas-y-ayudas\/ayudas-apoyo-educativo\/tipos-de-becas.html\">https:\/\/www.becaseducacion.gob.es\/becas-y-ayudas\/ayudas-apoyo-educativo\/tipos-de-becas.html<\/a><\/span><\/p>\n<p>&nbsp;<\/p>\n<h3><span style=\"color: #000000;\"><strong>Enlla\u00e7 per accedir a la sol\u00b7licitud:<\/strong><\/span><\/h3>\n<p><span style=\"color: #000000;\"><a style=\"color: #000000;\" href=\"https:\/\/sede.educacion.gob.es\/sede\/login\/inicio.jjsp?idConvocatoria=2286\">https:\/\/sede.educacion.gob.es\/sede\/login\/inicio.jjsp?idConvocatoria=2286<\/a><\/span><\/p>\n<p>Si teniu qualsevol dubte, podeu contactar amb l\u2019escola i us ajudarem.<\/p>\n","protected":false},"excerpt":{"rendered":"<p>Us informen que ja es poden demanar les beques MEC 2024\/2025. S\u00f3n beques destinades nom\u00e9s per a alumnes amb Necessitat Espec\u00edfica de Suport Educatiu (NEAE), \u00e9s a dir, estan dirigides a persones que presenten una necessitat espec\u00edfica de rebre suport educatiu derivat d&#8217;alguna de les situacions seg\u00fcents: Discapacitat Trastorn greu de conducta Trastorn greu de [&hellip;]<\/p>\n","protected":false},"author":1,"featured_media":0,"parent":0,"menu_order":0,"comment_status":"closed","ping_status":"closed","template":"","meta":{"_bbp_topic_count":0,"_bbp_reply_count":0,"_bbp_total_topic_count":0,"_bbp_total_reply_count":0,"_bbp_voice_count":0,"_bbp_anonymous_reply_count":0,"_bbp_topic_count_hidden":0,"_bbp_reply_count_hidden":0,"_bbp_forum_subforum_count":0,"site-sidebar-layout":"default","site-content-layout":"","ast-site-content-layout":"","site-content-style":"default","site-sidebar-style":"default","ast-global-header-display":"","ast-banner-title-visibility":"","ast-main-header-display":"","ast-hfb-above-header-display":"","ast-hfb-below-header-display":"","ast-hfb-mobile-header-display":"","site-post-title":"","ast-breadcrumbs-content":"","ast-featured-img":"","footer-sml-layout":"","theme-transparent-header-meta":"","adv-header-id-meta":"","stick-header-meta":"","header-above-stick-meta":"","header-main-stick-meta":"","header-below-stick-meta":"","astra-migrate-meta-layouts":"default","ast-page-background-enabled":"default","ast-page-background-meta":{"desktop":{"background-color":"var(--ast-global-color-4)","background-image":"","background-repeat":"repeat","background-position":"center center","background-size":"auto","background-attachment":"scroll","background-type":"","background-media":"","overlay-type":"","overlay-color":"","overlay-opacity":"","overlay-gradient":""},"tablet":{"background-color":"","background-image":"","background-repeat":"repeat","background-position":"center center","background-size":"auto","background-attachment":"scroll","background-type":"","background-media":"","overlay-type":"","overlay-color":"","overlay-opacity":"","overlay-gradient":""},"mobile":{"background-color":"","background-image":"","background-repeat":"repeat","background-position":"center center","background-size":"auto","background-attachment":"scroll","background-type":"","background-media":"","overlay-type":"","overlay-color":"","overlay-opacity":"","overlay-gradient":""}},"ast-content-background-meta":{"desktop":{"background-color":"var(--ast-global-color-5)","background-image":"","background-repeat":"repeat","background-position":"center center","background-size":"auto","background-attachment":"scroll","background-type":"","background-media":"","overlay-type":"","overlay-color":"","overlay-opacity":"","overlay-gradient":""},"tablet":{"background-color":"var(--ast-global-color-5)","background-image":"","background-repeat":"repeat","background-position":"center center","background-size":"auto","background-attachment":"scroll","background-type":"","background-media":"","overlay-type":"","overlay-color":"","overlay-opacity":"","overlay-gradient":""},"mobile":{"background-color":"var(--ast-global-color-5)","background-image":"","background-repeat":"repeat","background-position":"center center","background-size":"auto","background-attachment":"scroll","background-type":"","background-media":"","overlay-type":"","overlay-color":"","overlay-opacity":"","overlay-gradient":""}},"footnotes":""},"class_list":["post-7554","page","type-page","status-publish","hentry"],"post_mailing_queue_ids":[],"_links":{"self":[{"href":"https:\/\/agora.xtec.cat\/ceipacastells\/wp-json\/wp\/v2\/pages\/7554","targetHints":{"allow":["GET"]}}],"collection":[{"href":"https:\/\/agora.xtec.cat\/ceipacastells\/wp-json\/wp\/v2\/pages"}],"about":[{"href":"https:\/\/agora.xtec.cat\/ceipacastells\/wp-json\/wp\/v2\/types\/page"}],"author":[{"embeddable":true,"href":"https:\/\/agora.xtec.cat\/ceipacastells\/wp-json\/wp\/v2\/users\/1"}],"replies":[{"embeddable":true,"href":"https:\/\/agora.xtec.cat\/ceipacastells\/wp-json\/wp\/v2\/comments?post=7554"}],"version-history":[{"count":6,"href":"https:\/\/agora.xtec.cat\/ceipacastells\/wp-json\/wp\/v2\/pages\/7554\/revisions"}],"predecessor-version":[{"id":7564,"href":"https:\/\/agora.xtec.cat\/ceipacastells\/wp-json\/wp\/v2\/pages\/7554\/revisions\/7564"}],"wp:attachment":[{"href":"https:\/\/agora.xtec.cat\/ceipacastells\/wp-json\/wp\/v2\/media?parent=7554"}],"curies":[{"name":"wp","href":"https:\/\/api.w.org\/{rel}","templated":true}]}}