{"id":735,"date":"2019-07-02T23:54:05","date_gmt":"2019-07-02T21:54:05","guid":{"rendered":"http:\/\/agora.xtec.cat\/ceipacastells\/?page_id=735"},"modified":"2026-03-10T16:18:57","modified_gmt":"2026-03-10T15:18:57","slug":"ampa","status":"publish","type":"page","link":"https:\/\/agora.xtec.cat\/ceipacastells\/activa\/ampa\/","title":{"rendered":"AFI"},"content":{"rendered":"<h2 style=\"text-align: center;\"><span style=\"text-decoration: underline; color: #000000;\"><strong>ATENCI\u00d3 A LES FAM\u00cdLIES<\/strong><\/span><\/h2>\n<h3 style=\"text-align: center;\"><span style=\"color: #000000;\"><strong>MAIL<\/strong>:<\/span> <span style=\"color: #3366ff;\"><a style=\"color: #3366ff;\" href=\"mailto:afiandreucastells@gmail.com\">afiandreucastells<span class=\"\">@gmail.co<\/span>m<\/a><\/span><\/h3>\n<h3 style=\"text-align: center;\"><span style=\"color: #000000;\"><strong>TEL\u00c8FONS<\/strong>: 93.723.88.09 &#8212;\u00a0 620.151.784<\/span><\/h3>\n<p>&nbsp;<\/p>\n<h4><\/h4>\n<h4><strong>INFORMA\u2019T I PARTICIPA ACTIVAMENT DEL DIA A DIA DE L\u2019ESCOLA<br \/>\n<\/strong><\/h4>\n<p>&nbsp;<\/p>\n<h5><strong>QUI SOM?<\/strong><\/h5>\n<p>L&#8217;AFI (Associaci\u00f3 de fam\u00edlies d&#8217;alumnes de l\u2019Andreu Castells) \u00e9s una entitat pensada i creada per col\u00b7laborar estretament amb l\u2019equip educatiu del centre i per ajudar a millorar en tot el que es pugui la qualitat educativa.<\/p>\n<p>Amb la col\u00b7laboraci\u00f3 de tots els pares i mares, fem possible que a l\u2019escola es puguin fer activitats m\u00e9s enll\u00e0 el curr\u00edculum educatiu establert, fent que els nostres fills i filles puguin gaudir d\u2019uns coneixements i recursos que, gr\u00e0cies al nostre suport, s\u00f3n possibles.<\/p>\n<p>&nbsp;<\/p>\n<h5><strong>QU\u00c8 FEM?<\/strong><\/h5>\n<ul>\n<li style=\"list-style-type: none;\">\n<ul>\n<li>Organitzem i gestionem les activitats extraescolars.<\/li>\n<li>Organitzem festes per als nens<\/li>\n<li>Ajudem a mantenir el material del centre i les seves instal\u00b7lacions.<\/li>\n<li>Fem arribar a l\u2019escola les vostres suggeriments.<\/li>\n<\/ul>\n<\/li>\n<\/ul>\n<p>&nbsp;<\/p>\n<h4><strong>ESTEM OBERTS A LA PARTICIPACI\u00d3 I COL\u00b7LABORACI\u00d3 DE TOTES LES FAM\u00cdLIES<\/strong><\/h4>\n<h5><strong>QUI POT PARTICIPAR?<\/strong><\/h5>\n<p>Totes les fam\u00edlies de l\u2019escola es poden fer s\u00f2cies de l\u2019AFI.<br \/>\n\u00c9s important la vostra participaci\u00f3 i implicaci\u00f3 en reunions, votacions, organitzaci\u00f3 de activitats\u2026<\/p>\n<h5><strong>D\u2019ON SURTEN ELS RECURSOS DE L\u2019AFI?<\/strong><\/h5>\n<ul>\n<li>Principalment, de les quotes (25 \u20ac anuals per fam\u00edlia) ens permeten organitzar diferents activitats.<\/li>\n<li>Dels beneficis que generen altres activitats: venda de loteria, sorteigs,\u2026<\/li>\n<\/ul>\n<h5><strong>COM ENS PODEM FER SOCIS?<\/strong><\/h5>\n<ul>\n<li>Anant a l\u2019oficina de l\u2019AFI on facilitareu les vostres dades familiars (trobareu l\u2019horari m\u00e9s endavant).Fent el pagament de la quota\u00e7<\/li>\n<li>Amb targeta a la mateixa oficina i horari.<\/li>\n<li>Amb transfer\u00e8ncia o ingr\u00e9s bancari al n\u00famero de compte:<strong style=\"font-size: 1.125em;\">HORARI D&#8217;ATENCI\u00d3:<\/strong><\/li>\n<\/ul>\n<ul>\n<li>Dilluns: de 10:00h a 11:00h (Via telef\u00f2nica)<\/li>\n<li>Divendres de 16:00h a 17:00h (Presencial)<\/li>\n<\/ul>\n<p>&nbsp;<\/p>\n<p><strong>BANC SABADELL: ES62 0081 5126 1000 0117 8222<\/strong><\/p>\n","protected":false},"excerpt":{"rendered":"<p>ATENCI\u00d3 A LES FAM\u00cdLIES MAIL: afiandreucastells@gmail.com TEL\u00c8FONS: 93.723.88.09 &#8212;\u00a0 620.151.784 &nbsp; INFORMA\u2019T I PARTICIPA ACTIVAMENT DEL DIA A DIA DE L\u2019ESCOLA &nbsp; QUI SOM? L&#8217;AFI (Associaci\u00f3 de fam\u00edlies d&#8217;alumnes de l\u2019Andreu Castells) \u00e9s una entitat pensada i creada per col\u00b7laborar estretament amb l\u2019equip educatiu del centre i per ajudar a millorar en tot el que [&hellip;]<\/p>\n","protected":false},"author":1,"featured_media":0,"parent":436,"menu_order":0,"comment_status":"closed","ping_status":"closed","template":"","meta":{"_bbp_topic_count":0,"_bbp_reply_count":0,"_bbp_total_topic_count":0,"_bbp_total_reply_count":0,"_bbp_voice_count":0,"_bbp_anonymous_reply_count":0,"_bbp_topic_count_hidden":0,"_bbp_reply_count_hidden":0,"_bbp_forum_subforum_count":0,"site-sidebar-layout":"left-sidebar","site-content-layout":"","ast-site-content-layout":"default","site-content-style":"default","site-sidebar-style":"default","ast-global-header-display":"","ast-banner-title-visibility":"","ast-main-header-display":"","ast-hfb-above-header-display":"","ast-hfb-below-header-display":"","ast-hfb-mobile-header-display":"","site-post-title":"","ast-breadcrumbs-content":"","ast-featured-img":"","footer-sml-layout":"","theme-transparent-header-meta":"default","adv-header-id-meta":"","stick-header-meta":"","header-above-stick-meta":"","header-main-stick-meta":"","header-below-stick-meta":"","astra-migrate-meta-layouts":"set","ast-page-background-enabled":"default","ast-page-background-meta":{"desktop":{"background-color":"var(--ast-global-color-4)","background-image":"","background-repeat":"repeat","background-position":"center center","background-size":"auto","background-attachment":"scroll","background-type":"","background-media":"","overlay-type":"","overlay-color":"","overlay-opacity":"","overlay-gradient":""},"tablet":{"background-color":"","background-image":"","background-repeat":"repeat","background-position":"center center","background-size":"auto","background-attachment":"scroll","background-type":"","background-media":"","overlay-type":"","overlay-color":"","overlay-opacity":"","overlay-gradient":""},"mobile":{"background-color":"","background-image":"","background-repeat":"repeat","background-position":"center center","background-size":"auto","background-attachment":"scroll","background-type":"","background-media":"","overlay-type":"","overlay-color":"","overlay-opacity":"","overlay-gradient":""}},"ast-content-background-meta":{"desktop":{"background-color":"var(--ast-global-color-5)","background-image":"","background-repeat":"repeat","background-position":"center center","background-size":"auto","background-attachment":"scroll","background-type":"","background-media":"","overlay-type":"","overlay-color":"","overlay-opacity":"","overlay-gradient":""},"tablet":{"background-color":"var(--ast-global-color-5)","background-image":"","background-repeat":"repeat","background-position":"center center","background-size":"auto","background-attachment":"scroll","background-type":"","background-media":"","overlay-type":"","overlay-color":"","overlay-opacity":"","overlay-gradient":""},"mobile":{"background-color":"var(--ast-global-color-5)","background-image":"","background-repeat":"repeat","background-position":"center center","background-size":"auto","background-attachment":"scroll","background-type":"","background-media":"","overlay-type":"","overlay-color":"","overlay-opacity":"","overlay-gradient":""}},"footnotes":""},"class_list":["post-735","page","type-page","status-publish","hentry"],"post_mailing_queue_ids":[],"_links":{"self":[{"href":"https:\/\/agora.xtec.cat\/ceipacastells\/wp-json\/wp\/v2\/pages\/735","targetHints":{"allow":["GET"]}}],"collection":[{"href":"https:\/\/agora.xtec.cat\/ceipacastells\/wp-json\/wp\/v2\/pages"}],"about":[{"href":"https:\/\/agora.xtec.cat\/ceipacastells\/wp-json\/wp\/v2\/types\/page"}],"author":[{"embeddable":true,"href":"https:\/\/agora.xtec.cat\/ceipacastells\/wp-json\/wp\/v2\/users\/1"}],"replies":[{"embeddable":true,"href":"https:\/\/agora.xtec.cat\/ceipacastells\/wp-json\/wp\/v2\/comments?post=735"}],"version-history":[{"count":6,"href":"https:\/\/agora.xtec.cat\/ceipacastells\/wp-json\/wp\/v2\/pages\/735\/revisions"}],"predecessor-version":[{"id":8062,"href":"https:\/\/agora.xtec.cat\/ceipacastells\/wp-json\/wp\/v2\/pages\/735\/revisions\/8062"}],"up":[{"embeddable":true,"href":"https:\/\/agora.xtec.cat\/ceipacastells\/wp-json\/wp\/v2\/pages\/436"}],"wp:attachment":[{"href":"https:\/\/agora.xtec.cat\/ceipacastells\/wp-json\/wp\/v2\/media?parent=735"}],"curies":[{"name":"wp","href":"https:\/\/api.w.org\/{rel}","templated":true}]}}