{"id":71,"date":"2014-09-18T12:44:56","date_gmt":"2014-09-18T11:44:56","guid":{"rendered":"http:\/\/agora.xtec.cat\/ceipacastells\/?page_id=71"},"modified":"2023-01-11T15:34:34","modified_gmt":"2023-01-11T14:34:34","slug":"serveis-digitals","status":"publish","type":"page","link":"https:\/\/agora.xtec.cat\/ceipacastells\/serveis\/serveis-digitals\/","title":{"rendered":"Serveis digitals"},"content":{"rendered":"<p>La nostra p\u00e0gina web s&#8217;emmarca dins la <strong>xarxa Nodes <\/strong>que ofereix el Departament d&#8217;Educaci\u00f3 de la Generalitat de Catalunya.<\/p>\n<p>Recordeu que els <strong>serveis\u00a0digitals<\/strong> constitueixen elements molt importants de l&#8217;engranatge del nostre centre. Per aix\u00f2, el centre ara dispossa de\u00a0 <strong>tauletes, portatils, chromebooks, pissarres digitals EBEAM i els canons,<\/strong>\u00a0per poder treballar individualment els conceptes i aprenentatges propis de cada curs.<\/p>\n<p>A m\u00e9s, la nostra via de comunicaci\u00f3 m\u00e9s immediata amb les fam\u00edlies \u00e9s el <strong>TOKAPP<\/strong>, que us l&#8217;heu de descarregar dins el GOOGLE PLAY o APPLE STORE per poder rebre les informacions i comunicacions que fem des de l&#8217;escola. Si teniu qualsevol problema a l&#8217;hora de rebre els Tokapp, heu d&#8217;enviar un mail a la direcci\u00f3 soporte@tokapp.com o trucar al n\u00famero de tel\u00e8fon <a href=\"tel:+34886080996\">886 08 09 96<\/a><\/p>\n<p><a href=\"https:\/\/agora.xtec.cat\/ceipacastells\/wp-content\/uploads\/usu1708\/2019\/09\/penjar-serveis-digitals.png\"><img loading=\"lazy\" decoding=\"async\" class=\"aligncenter wp-image-891 size-full\" src=\"https:\/\/agora.xtec.cat\/ceipacastells\/wp-content\/uploads\/usu1708\/2019\/09\/penjar-serveis-digitals.png\" alt=\"\" width=\"524\" height=\"427\" srcset=\"https:\/\/agora.xtec.cat\/ceipacastells\/wp-content\/uploads\/usu1708\/2019\/09\/penjar-serveis-digitals.png 524w, https:\/\/agora.xtec.cat\/ceipacastells\/wp-content\/uploads\/usu1708\/2019\/09\/penjar-serveis-digitals-300x244.png 300w\" sizes=\"auto, (max-width: 524px) 100vw, 524px\" \/><\/a><\/p>\n","protected":false},"excerpt":{"rendered":"<p>La nostra p\u00e0gina web s&#8217;emmarca dins la xarxa Nodes que ofereix el Departament d&#8217;Educaci\u00f3 de la Generalitat de Catalunya. Recordeu que els serveis\u00a0digitals constitueixen elements molt importants de l&#8217;engranatge del nostre centre. Per aix\u00f2, el centre ara dispossa de\u00a0 tauletes, portatils, chromebooks, pissarres digitals EBEAM i els canons,\u00a0per poder treballar individualment els conceptes i aprenentatges [&hellip;]<\/p>\n","protected":false},"author":1,"featured_media":0,"parent":66,"menu_order":10,"comment_status":"closed","ping_status":"closed","template":"page-templates\/side-menu.php","meta":{"_bbp_topic_count":0,"_bbp_reply_count":0,"_bbp_total_topic_count":0,"_bbp_total_reply_count":0,"_bbp_voice_count":0,"_bbp_anonymous_reply_count":0,"_bbp_topic_count_hidden":0,"_bbp_reply_count_hidden":0,"_bbp_forum_subforum_count":0,"site-sidebar-layout":"default","site-content-layout":"","ast-site-content-layout":"","site-content-style":"default","site-sidebar-style":"default","ast-global-header-display":"","ast-banner-title-visibility":"","ast-main-header-display":"","ast-hfb-above-header-display":"","ast-hfb-below-header-display":"","ast-hfb-mobile-header-display":"","site-post-title":"","ast-breadcrumbs-content":"","ast-featured-img":"","footer-sml-layout":"","theme-transparent-header-meta":"","adv-header-id-meta":"","stick-header-meta":"","header-above-stick-meta":"","header-main-stick-meta":"","header-below-stick-meta":"","astra-migrate-meta-layouts":"default","ast-page-background-enabled":"default","ast-page-background-meta":{"desktop":{"background-color":"var(--ast-global-color-4)","background-image":"","background-repeat":"repeat","background-position":"center center","background-size":"auto","background-attachment":"scroll","background-type":"","background-media":"","overlay-type":"","overlay-color":"","overlay-opacity":"","overlay-gradient":""},"tablet":{"background-color":"","background-image":"","background-repeat":"repeat","background-position":"center center","background-size":"auto","background-attachment":"scroll","background-type":"","background-media":"","overlay-type":"","overlay-color":"","overlay-opacity":"","overlay-gradient":""},"mobile":{"background-color":"","background-image":"","background-repeat":"repeat","background-position":"center center","background-size":"auto","background-attachment":"scroll","background-type":"","background-media":"","overlay-type":"","overlay-color":"","overlay-opacity":"","overlay-gradient":""}},"ast-content-background-meta":{"desktop":{"background-color":"var(--ast-global-color-5)","background-image":"","background-repeat":"repeat","background-position":"center center","background-size":"auto","background-attachment":"scroll","background-type":"","background-media":"","overlay-type":"","overlay-color":"","overlay-opacity":"","overlay-gradient":""},"tablet":{"background-color":"var(--ast-global-color-5)","background-image":"","background-repeat":"repeat","background-position":"center center","background-size":"auto","background-attachment":"scroll","background-type":"","background-media":"","overlay-type":"","overlay-color":"","overlay-opacity":"","overlay-gradient":""},"mobile":{"background-color":"var(--ast-global-color-5)","background-image":"","background-repeat":"repeat","background-position":"center center","background-size":"auto","background-attachment":"scroll","background-type":"","background-media":"","overlay-type":"","overlay-color":"","overlay-opacity":"","overlay-gradient":""}},"footnotes":""},"class_list":["post-71","page","type-page","status-publish","hentry"],"post_mailing_queue_ids":[],"_links":{"self":[{"href":"https:\/\/agora.xtec.cat\/ceipacastells\/wp-json\/wp\/v2\/pages\/71","targetHints":{"allow":["GET"]}}],"collection":[{"href":"https:\/\/agora.xtec.cat\/ceipacastells\/wp-json\/wp\/v2\/pages"}],"about":[{"href":"https:\/\/agora.xtec.cat\/ceipacastells\/wp-json\/wp\/v2\/types\/page"}],"author":[{"embeddable":true,"href":"https:\/\/agora.xtec.cat\/ceipacastells\/wp-json\/wp\/v2\/users\/1"}],"replies":[{"embeddable":true,"href":"https:\/\/agora.xtec.cat\/ceipacastells\/wp-json\/wp\/v2\/comments?post=71"}],"version-history":[{"count":3,"href":"https:\/\/agora.xtec.cat\/ceipacastells\/wp-json\/wp\/v2\/pages\/71\/revisions"}],"predecessor-version":[{"id":5896,"href":"https:\/\/agora.xtec.cat\/ceipacastells\/wp-json\/wp\/v2\/pages\/71\/revisions\/5896"}],"up":[{"embeddable":true,"href":"https:\/\/agora.xtec.cat\/ceipacastells\/wp-json\/wp\/v2\/pages\/66"}],"wp:attachment":[{"href":"https:\/\/agora.xtec.cat\/ceipacastells\/wp-json\/wp\/v2\/media?parent=71"}],"curies":[{"name":"wp","href":"https:\/\/api.w.org\/{rel}","templated":true}]}}