{"id":64,"date":"2014-09-18T12:39:08","date_gmt":"2014-09-18T11:39:08","guid":{"rendered":"http:\/\/agora.xtec.cat\/ceipacastells\/?page_id=64"},"modified":"2026-01-20T10:12:45","modified_gmt":"2026-01-20T09:12:45","slug":"projecte-educatiu","status":"publish","type":"page","link":"https:\/\/agora.xtec.cat\/ceipacastells\/projecte-educatiu\/","title":{"rendered":"Projecte educatiu de Centre"},"content":{"rendered":"<p>El projecte educatiu de centre (PEC) \u00e9s un document que inclou els trets d&#8217;identitat del centre, els principis pedag\u00f2gics, els principis organitzatius i el projecte ling\u00fc\u00edstic d&#8217;acord amb el que estableix la Llei d&#8217;Educaci\u00f3 12\/2009, del 10 de juliol.<\/p>\n<p>En aquest document s&#8217;especifiquen els valors, els objectius i les prioritats d&#8217;actuaci\u00f3 del centre, la concreci\u00f3 dels curr\u00edculums que s&#8217;imparteixen i el tractament transversal en les \u00e0rees, mat\u00e8ries o m\u00f2duls de l&#8217;educaci\u00f3 en valors i altres ensenyaments.<\/p>\n<p>El Departament d&#8217;Educaci\u00f3\u00a0considera la innovaci\u00f3 com un dels motors de canvi del sistema educatiu i un element important per millorar-ne la qualitat i la progressiva adequaci\u00f3 als reptes que l&#8217;evoluci\u00f3 social planteja. Una educaci\u00f3 innovadora \u00e9s aquella que incideix en all\u00f2 que s&#8217;ensenya i en com s&#8217;apr\u00e8n, que prioritza el gust per aprendre, l&#8217;est\u00edmul a pensar i l&#8217;esfor\u00e7 per entendre i que ajuda a despertar el sentit cr\u00edtic de l&#8217;alumnat i del professorat. Les finalitats b\u00e0siques de qualsevol innovaci\u00f3 han de ser millorar l&#8217;\u00e8xit escolar de tot l&#8217;alumnat, i promoure l&#8217;esfor\u00e7 de tots per aconseguir l&#8217;excel\u00b7l\u00e8ncia educativa.<\/p>\n<p><a href=\"https:\/\/drive.google.com\/file\/d\/1J5FTA-uWk9RPwDhxW7ddj-gWuGFTYXMS\/view?usp=sharing\" rel=\"attachment wp-att-7701\"><img loading=\"lazy\" decoding=\"async\" class=\"wp-image-7909 aligncenter\" src=\"https:\/\/agora.xtec.cat\/ceipacastells\/wp-content\/uploads\/usu1708\/2026\/01\/Captura-de-pantalla-2026-01-20-100838.png\" alt=\"\" width=\"246\" height=\"316\" srcset=\"https:\/\/agora.xtec.cat\/ceipacastells\/wp-content\/uploads\/usu1708\/2026\/01\/Captura-de-pantalla-2026-01-20-100838.png 590w, https:\/\/agora.xtec.cat\/ceipacastells\/wp-content\/uploads\/usu1708\/2026\/01\/Captura-de-pantalla-2026-01-20-100838-234x300.png 234w\" sizes=\"auto, (max-width: 246px) 100vw, 246px\" \/><\/a><\/p>\n<h3 style=\"text-align: center;\"><a href=\"https:\/\/drive.google.com\/file\/d\/1J5FTA-uWk9RPwDhxW7ddj-gWuGFTYXMS\/view?usp=sharing\">PROJECTE EDUCATIU DE CENTRE<\/a><\/h3>\n<h3><\/h3>\n<p>&nbsp;<\/p>\n<p>&nbsp;<\/p>\n<div style=\"text-align: center;\">\n<div style=\"margin: 4px 0px 8px;\"><\/div>\n<\/div>\n","protected":false},"excerpt":{"rendered":"<p>El projecte educatiu de centre (PEC) \u00e9s un document que inclou els trets d&#8217;identitat del centre, els principis pedag\u00f2gics, els principis organitzatius i el projecte ling\u00fc\u00edstic d&#8217;acord amb el que estableix la Llei d&#8217;Educaci\u00f3 12\/2009, del 10 de juliol. En aquest document s&#8217;especifiquen els valors, els objectius i les prioritats d&#8217;actuaci\u00f3 del centre, la concreci\u00f3 [&hellip;]<\/p>\n","protected":false},"author":1,"featured_media":0,"parent":0,"menu_order":0,"comment_status":"closed","ping_status":"closed","template":"","meta":{"_bbp_topic_count":0,"_bbp_reply_count":0,"_bbp_total_topic_count":0,"_bbp_total_reply_count":0,"_bbp_voice_count":0,"_bbp_anonymous_reply_count":0,"_bbp_topic_count_hidden":0,"_bbp_reply_count_hidden":0,"_bbp_forum_subforum_count":0,"site-sidebar-layout":"default","site-content-layout":"","ast-site-content-layout":"default","site-content-style":"default","site-sidebar-style":"default","ast-global-header-display":"","ast-banner-title-visibility":"","ast-main-header-display":"","ast-hfb-above-header-display":"","ast-hfb-below-header-display":"","ast-hfb-mobile-header-display":"","site-post-title":"","ast-breadcrumbs-content":"","ast-featured-img":"","footer-sml-layout":"","theme-transparent-header-meta":"default","adv-header-id-meta":"","stick-header-meta":"","header-above-stick-meta":"","header-main-stick-meta":"","header-below-stick-meta":"","astra-migrate-meta-layouts":"set","ast-page-background-enabled":"default","ast-page-background-meta":{"desktop":{"background-color":"var(--ast-global-color-4)","background-image":"","background-repeat":"repeat","background-position":"center center","background-size":"auto","background-attachment":"scroll","background-type":"","background-media":"","overlay-type":"","overlay-color":"","overlay-opacity":"","overlay-gradient":""},"tablet":{"background-color":"","background-image":"","background-repeat":"repeat","background-position":"center center","background-size":"auto","background-attachment":"scroll","background-type":"","background-media":"","overlay-type":"","overlay-color":"","overlay-opacity":"","overlay-gradient":""},"mobile":{"background-color":"","background-image":"","background-repeat":"repeat","background-position":"center center","background-size":"auto","background-attachment":"scroll","background-type":"","background-media":"","overlay-type":"","overlay-color":"","overlay-opacity":"","overlay-gradient":""}},"ast-content-background-meta":{"desktop":{"background-color":"var(--ast-global-color-5)","background-image":"","background-repeat":"repeat","background-position":"center center","background-size":"auto","background-attachment":"scroll","background-type":"","background-media":"","overlay-type":"","overlay-color":"","overlay-opacity":"","overlay-gradient":""},"tablet":{"background-color":"var(--ast-global-color-5)","background-image":"","background-repeat":"repeat","background-position":"center center","background-size":"auto","background-attachment":"scroll","background-type":"","background-media":"","overlay-type":"","overlay-color":"","overlay-opacity":"","overlay-gradient":""},"mobile":{"background-color":"var(--ast-global-color-5)","background-image":"","background-repeat":"repeat","background-position":"center center","background-size":"auto","background-attachment":"scroll","background-type":"","background-media":"","overlay-type":"","overlay-color":"","overlay-opacity":"","overlay-gradient":""}},"footnotes":""},"class_list":["post-64","page","type-page","status-publish","hentry"],"post_mailing_queue_ids":[],"_links":{"self":[{"href":"https:\/\/agora.xtec.cat\/ceipacastells\/wp-json\/wp\/v2\/pages\/64","targetHints":{"allow":["GET"]}}],"collection":[{"href":"https:\/\/agora.xtec.cat\/ceipacastells\/wp-json\/wp\/v2\/pages"}],"about":[{"href":"https:\/\/agora.xtec.cat\/ceipacastells\/wp-json\/wp\/v2\/types\/page"}],"author":[{"embeddable":true,"href":"https:\/\/agora.xtec.cat\/ceipacastells\/wp-json\/wp\/v2\/users\/1"}],"replies":[{"embeddable":true,"href":"https:\/\/agora.xtec.cat\/ceipacastells\/wp-json\/wp\/v2\/comments?post=64"}],"version-history":[{"count":6,"href":"https:\/\/agora.xtec.cat\/ceipacastells\/wp-json\/wp\/v2\/pages\/64\/revisions"}],"predecessor-version":[{"id":7910,"href":"https:\/\/agora.xtec.cat\/ceipacastells\/wp-json\/wp\/v2\/pages\/64\/revisions\/7910"}],"wp:attachment":[{"href":"https:\/\/agora.xtec.cat\/ceipacastells\/wp-json\/wp\/v2\/media?parent=64"}],"curies":[{"name":"wp","href":"https:\/\/api.w.org\/{rel}","templated":true}]}}